

{"id":1705,"date":"2018-11-21T14:52:04","date_gmt":"2018-11-21T14:52:04","guid":{"rendered":"http:\/\/develop.docbarcelona.com\/mon\/producto\/gel-champu-arbol-del-te\/"},"modified":"2026-04-07T09:46:37","modified_gmt":"2026-04-07T07:46:37","slug":"tea-tree-gel-shampoo","status":"publish","type":"product","link":"https:\/\/mon.es\/en\/product\/tea-tree-gel-shampoo\/","title":{"rendered":"Tea Tree gel-shampoo"},"content":{"rendered":"<p>Certified organic Tea Tree Shampoo Gel is a practical 2-in-1 solution for your daily hygiene and that of the whole family. Daily use of this tea tree body gel\/shampoo protects us from a host of skin and capillary problems, and prevents head lice. Highly recommended for including in the daily hygiene routine for people who often visit the gym or\u00a0 public swimming pools, and as a shampoo for children.<\/p>\n","protected":false},"excerpt":{"rendered":"<p>Certified organic Tea Tree Shampoo Gel is a practical 2-in-1 solution for your daily hygiene and that of the whole family. Daily use of this tea tree body gel\/shampoo protects us from a host of skin and capillary problems, and prevents head lice. Highly recommended for including in the daily hygiene routine for people who [&hellip;]<\/p>\n","protected":false},"featured_media":14512,"comment_status":"open","ping_status":"closed","template":"","meta":{"inline_featured_image":false},"product_brand":[],"product_cat":[95,310,315,651],"product_tag":[339],"producte_categoria":[670,666],"class_list":{"0":"post-1705","1":"product","2":"type-product","3":"status-publish","4":"has-post-thumbnail","6":"product_cat-natural-body-cosmetic","7":"product_cat-hair","8":"product_cat-hygiene","9":"product_cat-shampoo","10":"product_tag-natural-antiseptic","11":"producte_categoria-frescura-diaria-en","12":"producte_categoria-champus-para-la-descamacion-del-cuero-cabelludo-en","14":"first","15":"instock","16":"shipping-taxable","17":"purchasable","18":"product-type-simple"},"yoast_head":"<!-- This site is optimized with the Yoast SEO plugin v27.1.1 - https:\/\/yoast.com\/product\/yoast-seo-wordpress\/ -->\n<title>Tea Tree gel-shampoo - Cosm\u00e9tica natural y sostenible MON<\/title>\n<meta name=\"description\" content=\"El Gel-champ\u00fa de \u00c1rbol del t\u00e9 ecol\u00f3gico es una soluci\u00f3n pr\u00e1ctica 2 en 1 para tu higiene diaria y la de toda la familia. Su f\u00f3rmula lo convierte en un aliado especial que te mantiene limpio y protege si a menudo acudes a gimnasios, piscinas o sitios p\u00fablicos donde estamos m\u00e1s expuestos a peligro de infecciones.\" \/>\n<meta name=\"robots\" content=\"index, follow, max-snippet:-1, max-image-preview:large, max-video-preview:-1\" \/>\n<link rel=\"canonical\" href=\"https:\/\/mon.es\/en\/product\/tea-tree-gel-shampoo\/\" \/>\n<meta property=\"og:locale\" content=\"en_US\" \/>\n<meta property=\"og:type\" content=\"article\" \/>\n<meta property=\"og:title\" content=\"Tea Tree gel-shampoo - Cosm\u00e9tica natural y sostenible MON\" \/>\n<meta property=\"og:description\" content=\"El Gel-champ\u00fa de \u00c1rbol del t\u00e9 ecol\u00f3gico es una soluci\u00f3n pr\u00e1ctica 2 en 1 para tu higiene diaria y la de toda la familia. Su f\u00f3rmula lo convierte en un aliado especial que te mantiene limpio y protege si a menudo acudes a gimnasios, piscinas o sitios p\u00fablicos donde estamos m\u00e1s expuestos a peligro de infecciones.\" \/>\n<meta property=\"og:url\" content=\"https:\/\/mon.es\/en\/product\/tea-tree-gel-shampoo\/\" \/>\n<meta property=\"og:site_name\" content=\"MON\" \/>\n<meta property=\"article:modified_time\" content=\"2026-04-07T07:46:37+00:00\" \/>\n<meta property=\"og:image\" content=\"http:\/\/mon.es\/wp-content\/uploads\/2018\/11\/ChampuArbolTe.jpg\" \/>\n\t<meta property=\"og:image:width\" content=\"683\" \/>\n\t<meta property=\"og:image:height\" content=\"1024\" \/>\n\t<meta property=\"og:image:type\" content=\"image\/jpeg\" \/>\n<meta name=\"twitter:card\" content=\"summary_large_image\" \/>\n<meta name=\"twitter:label1\" content=\"Est. reading time\" \/>\n\t<meta name=\"twitter:data1\" content=\"1 minute\" \/>\n<script type=\"application\/ld+json\" class=\"yoast-schema-graph\">{\"@context\":\"https:\/\/schema.org\",\"@graph\":[{\"@type\":\"WebPage\",\"@id\":\"https:\/\/mon.es\/en\/product\/tea-tree-gel-shampoo\/\",\"url\":\"https:\/\/mon.es\/en\/product\/tea-tree-gel-shampoo\/\",\"name\":\"Tea Tree gel-shampoo - Cosm\u00e9tica natural y sostenible MON\",\"isPartOf\":{\"@id\":\"https:\/\/mon.es\/#website\"},\"primaryImageOfPage\":{\"@id\":\"https:\/\/mon.es\/en\/product\/tea-tree-gel-shampoo\/#primaryimage\"},\"image\":{\"@id\":\"https:\/\/mon.es\/en\/product\/tea-tree-gel-shampoo\/#primaryimage\"},\"thumbnailUrl\":\"https:\/\/mon.es\/wp-content\/uploads\/2018\/11\/ChampuArbolTe.jpg\",\"datePublished\":\"2018-11-21T14:52:04+00:00\",\"dateModified\":\"2026-04-07T07:46:37+00:00\",\"description\":\"El Gel-champ\u00fa de \u00c1rbol del t\u00e9 ecol\u00f3gico es una soluci\u00f3n pr\u00e1ctica 2 en 1 para tu higiene diaria y la de toda la familia. Su f\u00f3rmula lo convierte en un aliado especial que te mantiene limpio y protege si a menudo acudes a gimnasios, piscinas o sitios p\u00fablicos donde estamos m\u00e1s expuestos a peligro de infecciones.\",\"breadcrumb\":{\"@id\":\"https:\/\/mon.es\/en\/product\/tea-tree-gel-shampoo\/#breadcrumb\"},\"inLanguage\":\"en-US\",\"potentialAction\":[{\"@type\":\"ReadAction\",\"target\":[\"https:\/\/mon.es\/en\/product\/tea-tree-gel-shampoo\/\"]}]},{\"@type\":\"ImageObject\",\"inLanguage\":\"en-US\",\"@id\":\"https:\/\/mon.es\/en\/product\/tea-tree-gel-shampoo\/#primaryimage\",\"url\":\"https:\/\/mon.es\/wp-content\/uploads\/2018\/11\/ChampuArbolTe.jpg\",\"contentUrl\":\"https:\/\/mon.es\/wp-content\/uploads\/2018\/11\/ChampuArbolTe.jpg\",\"width\":683,\"height\":1024},{\"@type\":\"BreadcrumbList\",\"@id\":\"https:\/\/mon.es\/en\/product\/tea-tree-gel-shampoo\/#breadcrumb\",\"itemListElement\":[{\"@type\":\"ListItem\",\"position\":1,\"name\":\"Portada\",\"item\":\"https:\/\/mon.es\/en\/\"},{\"@type\":\"ListItem\",\"position\":2,\"name\":\"Store\",\"item\":\"https:\/\/mon.es\/en\/store\/\"},{\"@type\":\"ListItem\",\"position\":3,\"name\":\"Tea Tree gel-shampoo\"}]},{\"@type\":\"WebSite\",\"@id\":\"https:\/\/mon.es\/#website\",\"url\":\"https:\/\/mon.es\/\",\"name\":\"MON\",\"description\":\"Natural cosmetics\",\"publisher\":{\"@id\":\"https:\/\/mon.es\/#organization\"},\"potentialAction\":[{\"@type\":\"SearchAction\",\"target\":{\"@type\":\"EntryPoint\",\"urlTemplate\":\"https:\/\/mon.es\/?s={search_term_string}\"},\"query-input\":{\"@type\":\"PropertyValueSpecification\",\"valueRequired\":true,\"valueName\":\"search_term_string\"}}],\"inLanguage\":\"en-US\"},{\"@type\":\"Organization\",\"@id\":\"https:\/\/mon.es\/#organization\",\"name\":\"MON\",\"url\":\"https:\/\/mon.es\/\",\"logo\":{\"@type\":\"ImageObject\",\"inLanguage\":\"en-US\",\"@id\":\"https:\/\/mon.es\/#\/schema\/logo\/image\/\",\"url\":\"https:\/\/mon.es\/wp-content\/uploads\/2018\/11\/logo_mon.png\",\"contentUrl\":\"https:\/\/mon.es\/wp-content\/uploads\/2018\/11\/logo_mon.png\",\"width\":424,\"height\":132,\"caption\":\"MON\"},\"image\":{\"@id\":\"https:\/\/mon.es\/#\/schema\/logo\/image\/\"}}]}<\/script>\n<!-- \/ Yoast SEO plugin. -->","yoast_head_json":{"title":"Tea Tree gel-shampoo - Cosm\u00e9tica natural y sostenible MON","description":"El Gel-champ\u00fa de \u00c1rbol del t\u00e9 ecol\u00f3gico es una soluci\u00f3n pr\u00e1ctica 2 en 1 para tu higiene diaria y la de toda la familia. Su f\u00f3rmula lo convierte en un aliado especial que te mantiene limpio y protege si a menudo acudes a gimnasios, piscinas o sitios p\u00fablicos donde estamos m\u00e1s expuestos a peligro de infecciones.","robots":{"index":"index","follow":"follow","max-snippet":"max-snippet:-1","max-image-preview":"max-image-preview:large","max-video-preview":"max-video-preview:-1"},"canonical":"https:\/\/mon.es\/en\/product\/tea-tree-gel-shampoo\/","og_locale":"en_US","og_type":"article","og_title":"Tea Tree gel-shampoo - Cosm\u00e9tica natural y sostenible MON","og_description":"El Gel-champ\u00fa de \u00c1rbol del t\u00e9 ecol\u00f3gico es una soluci\u00f3n pr\u00e1ctica 2 en 1 para tu higiene diaria y la de toda la familia. Su f\u00f3rmula lo convierte en un aliado especial que te mantiene limpio y protege si a menudo acudes a gimnasios, piscinas o sitios p\u00fablicos donde estamos m\u00e1s expuestos a peligro de infecciones.","og_url":"https:\/\/mon.es\/en\/product\/tea-tree-gel-shampoo\/","og_site_name":"MON","article_modified_time":"2026-04-07T07:46:37+00:00","og_image":[{"width":683,"height":1024,"url":"http:\/\/mon.es\/wp-content\/uploads\/2018\/11\/ChampuArbolTe.jpg","type":"image\/jpeg"}],"twitter_card":"summary_large_image","twitter_misc":{"Est. reading time":"1 minute"},"schema":{"@context":"https:\/\/schema.org","@graph":[{"@type":"WebPage","@id":"https:\/\/mon.es\/en\/product\/tea-tree-gel-shampoo\/","url":"https:\/\/mon.es\/en\/product\/tea-tree-gel-shampoo\/","name":"Tea Tree gel-shampoo - Cosm\u00e9tica natural y sostenible MON","isPartOf":{"@id":"https:\/\/mon.es\/#website"},"primaryImageOfPage":{"@id":"https:\/\/mon.es\/en\/product\/tea-tree-gel-shampoo\/#primaryimage"},"image":{"@id":"https:\/\/mon.es\/en\/product\/tea-tree-gel-shampoo\/#primaryimage"},"thumbnailUrl":"https:\/\/mon.es\/wp-content\/uploads\/2018\/11\/ChampuArbolTe.jpg","datePublished":"2018-11-21T14:52:04+00:00","dateModified":"2026-04-07T07:46:37+00:00","description":"El Gel-champ\u00fa de \u00c1rbol del t\u00e9 ecol\u00f3gico es una soluci\u00f3n pr\u00e1ctica 2 en 1 para tu higiene diaria y la de toda la familia. Su f\u00f3rmula lo convierte en un aliado especial que te mantiene limpio y protege si a menudo acudes a gimnasios, piscinas o sitios p\u00fablicos donde estamos m\u00e1s expuestos a peligro de infecciones.","breadcrumb":{"@id":"https:\/\/mon.es\/en\/product\/tea-tree-gel-shampoo\/#breadcrumb"},"inLanguage":"en-US","potentialAction":[{"@type":"ReadAction","target":["https:\/\/mon.es\/en\/product\/tea-tree-gel-shampoo\/"]}]},{"@type":"ImageObject","inLanguage":"en-US","@id":"https:\/\/mon.es\/en\/product\/tea-tree-gel-shampoo\/#primaryimage","url":"https:\/\/mon.es\/wp-content\/uploads\/2018\/11\/ChampuArbolTe.jpg","contentUrl":"https:\/\/mon.es\/wp-content\/uploads\/2018\/11\/ChampuArbolTe.jpg","width":683,"height":1024},{"@type":"BreadcrumbList","@id":"https:\/\/mon.es\/en\/product\/tea-tree-gel-shampoo\/#breadcrumb","itemListElement":[{"@type":"ListItem","position":1,"name":"Portada","item":"https:\/\/mon.es\/en\/"},{"@type":"ListItem","position":2,"name":"Store","item":"https:\/\/mon.es\/en\/store\/"},{"@type":"ListItem","position":3,"name":"Tea Tree gel-shampoo"}]},{"@type":"WebSite","@id":"https:\/\/mon.es\/#website","url":"https:\/\/mon.es\/","name":"MON","description":"Natural cosmetics","publisher":{"@id":"https:\/\/mon.es\/#organization"},"potentialAction":[{"@type":"SearchAction","target":{"@type":"EntryPoint","urlTemplate":"https:\/\/mon.es\/?s={search_term_string}"},"query-input":{"@type":"PropertyValueSpecification","valueRequired":true,"valueName":"search_term_string"}}],"inLanguage":"en-US"},{"@type":"Organization","@id":"https:\/\/mon.es\/#organization","name":"MON","url":"https:\/\/mon.es\/","logo":{"@type":"ImageObject","inLanguage":"en-US","@id":"https:\/\/mon.es\/#\/schema\/logo\/image\/","url":"https:\/\/mon.es\/wp-content\/uploads\/2018\/11\/logo_mon.png","contentUrl":"https:\/\/mon.es\/wp-content\/uploads\/2018\/11\/logo_mon.png","width":424,"height":132,"caption":"MON"},"image":{"@id":"https:\/\/mon.es\/#\/schema\/logo\/image\/"}}]}},"_links":{"self":[{"href":"https:\/\/mon.es\/en\/wp-json\/wp\/v2\/product\/1705","targetHints":{"allow":["GET"]}}],"collection":[{"href":"https:\/\/mon.es\/en\/wp-json\/wp\/v2\/product"}],"about":[{"href":"https:\/\/mon.es\/en\/wp-json\/wp\/v2\/types\/product"}],"replies":[{"embeddable":true,"href":"https:\/\/mon.es\/en\/wp-json\/wp\/v2\/comments?post=1705"}],"wp:featuredmedia":[{"embeddable":true,"href":"https:\/\/mon.es\/en\/wp-json\/wp\/v2\/media\/14512"}],"wp:attachment":[{"href":"https:\/\/mon.es\/en\/wp-json\/wp\/v2\/media?parent=1705"}],"wp:term":[{"taxonomy":"product_brand","embeddable":true,"href":"https:\/\/mon.es\/en\/wp-json\/wp\/v2\/product_brand?post=1705"},{"taxonomy":"product_cat","embeddable":true,"href":"https:\/\/mon.es\/en\/wp-json\/wp\/v2\/product_cat?post=1705"},{"taxonomy":"product_tag","embeddable":true,"href":"https:\/\/mon.es\/en\/wp-json\/wp\/v2\/product_tag?post=1705"},{"taxonomy":"producte_categoria","embeddable":true,"href":"https:\/\/mon.es\/en\/wp-json\/wp\/v2\/producte_categoria?post=1705"}],"curies":[{"name":"wp","href":"https:\/\/api.w.org\/{rel}","templated":true}]}}