

{"id":1690,"date":"2018-11-21T16:48:52","date_gmt":"2018-11-21T16:48:52","guid":{"rendered":"http:\/\/develop.docbarcelona.com\/mon\/producto\/aceite-esencial-de-canela\/"},"modified":"2025-11-19T17:12:34","modified_gmt":"2025-11-19T15:12:34","slug":"aceite-esencial-de-canela","status":"publish","type":"product","link":"https:\/\/mon.es\/en\/product\/aceite-esencial-de-canela\/","title":{"rendered":"Cinnamon essential oil"},"content":{"rendered":"<p>It is an essence known for its aphrodisiac properties. With its warm, spicy aroma, Cinnamon essential oil provides a stimulating and toning sensation. Its gentle warming effect and action on microcirculation make it ideal for body massages aimed at improving the appearance of cellulite and supporting the elimination of toxins.<\/p>\n","protected":false},"excerpt":{"rendered":"<p>It is an essence known for its aphrodisiac properties. With its warm, spicy aroma, Cinnamon essential oil provides a stimulating and toning sensation. Its gentle warming effect and action on microcirculation make it ideal for body massages aimed at improving the appearance of cellulite and supporting the elimination of toxins.<\/p>\n","protected":false},"featured_media":25847,"comment_status":"open","ping_status":"closed","template":"","meta":{"inline_featured_image":false},"product_brand":[],"product_cat":[99],"product_tag":[402],"producte_categoria":[],"class_list":{"0":"post-1690","1":"product","2":"type-product","3":"status-publish","4":"has-post-thumbnail","6":"product_cat-aromatherapy","7":"product_tag-stimulating","9":"first","10":"instock","11":"shipping-taxable","12":"purchasable","13":"product-type-simple"},"yoast_head":"<!-- This site is optimized with the Yoast SEO plugin v27.1.1 - https:\/\/yoast.com\/product\/yoast-seo-wordpress\/ -->\n<title>\u25b7\u25b7\u25b7 Cinnamon essential oil \u25b7 100% NATURAL y Sostenible<\/title>\n<meta name=\"description\" content=\"Es una esencia famosa por su poder afrodis\u00edaco. Es estimulante, tonificante y t\u00e9rmica. Una gran aliada para combatir la celulitis y eliminar toxinas. Su acci\u00f3n estimulante de la circulaci\u00f3n sangu\u00ednea ayuda\u00a0enormemente en los tratamientos corporales adelgazantes y del dolor. \u00a0Ofrece beneficios contra infecciones virales como los resfriados y estimula las defensas inmunol\u00f3gicas durante las epidemias gripales.\" \/>\n<meta name=\"robots\" content=\"index, follow, max-snippet:-1, max-image-preview:large, max-video-preview:-1\" \/>\n<link rel=\"canonical\" href=\"https:\/\/mon.es\/en\/product\/aceite-esencial-de-canela\/\" \/>\n<meta property=\"og:locale\" content=\"en_US\" \/>\n<meta property=\"og:type\" content=\"article\" \/>\n<meta property=\"og:title\" content=\"\u25b7\u25b7\u25b7 Cinnamon essential oil \u25b7 100% NATURAL y Sostenible\" \/>\n<meta property=\"og:description\" content=\"Es una esencia famosa por su poder afrodis\u00edaco. Es estimulante, tonificante y t\u00e9rmica. Una gran aliada para combatir la celulitis y eliminar toxinas. Su acci\u00f3n estimulante de la circulaci\u00f3n sangu\u00ednea ayuda\u00a0enormemente en los tratamientos corporales adelgazantes y del dolor. \u00a0Ofrece beneficios contra infecciones virales como los resfriados y estimula las defensas inmunol\u00f3gicas durante las epidemias gripales.\" \/>\n<meta property=\"og:url\" content=\"https:\/\/mon.es\/en\/product\/aceite-esencial-de-canela\/\" \/>\n<meta property=\"og:site_name\" content=\"MON\" \/>\n<meta property=\"article:modified_time\" content=\"2025-11-19T15:12:34+00:00\" \/>\n<meta property=\"og:image\" content=\"http:\/\/mon.es\/wp-content\/uploads\/2018\/11\/aceite-esencial-canela.jpg\" \/>\n\t<meta property=\"og:image:width\" content=\"1200\" \/>\n\t<meta property=\"og:image:height\" content=\"1320\" \/>\n\t<meta property=\"og:image:type\" content=\"image\/jpeg\" \/>\n<meta name=\"twitter:card\" content=\"summary_large_image\" \/>\n<meta name=\"twitter:label1\" content=\"Est. reading time\" \/>\n\t<meta name=\"twitter:data1\" content=\"1 minute\" \/>\n<script type=\"application\/ld+json\" class=\"yoast-schema-graph\">{\"@context\":\"https:\/\/schema.org\",\"@graph\":[{\"@type\":\"WebPage\",\"@id\":\"https:\/\/mon.es\/en\/product\/aceite-esencial-de-canela\/\",\"url\":\"https:\/\/mon.es\/en\/product\/aceite-esencial-de-canela\/\",\"name\":\"\u25b7\u25b7\u25b7 Cinnamon essential oil \u25b7 100% NATURAL y Sostenible\",\"isPartOf\":{\"@id\":\"https:\/\/mon.es\/#website\"},\"primaryImageOfPage\":{\"@id\":\"https:\/\/mon.es\/en\/product\/aceite-esencial-de-canela\/#primaryimage\"},\"image\":{\"@id\":\"https:\/\/mon.es\/en\/product\/aceite-esencial-de-canela\/#primaryimage\"},\"thumbnailUrl\":\"https:\/\/mon.es\/wp-content\/uploads\/2018\/11\/aceite-esencial-canela.jpg\",\"datePublished\":\"2018-11-21T16:48:52+00:00\",\"dateModified\":\"2025-11-19T15:12:34+00:00\",\"description\":\"Es una esencia famosa por su poder afrodis\u00edaco. Es estimulante, tonificante y t\u00e9rmica. Una gran aliada para combatir la celulitis y eliminar toxinas. Su acci\u00f3n estimulante de la circulaci\u00f3n sangu\u00ednea ayuda\u00a0enormemente en los tratamientos corporales adelgazantes y del dolor. \u00a0Ofrece beneficios contra infecciones virales como los resfriados y estimula las defensas inmunol\u00f3gicas durante las epidemias gripales.\",\"breadcrumb\":{\"@id\":\"https:\/\/mon.es\/en\/product\/aceite-esencial-de-canela\/#breadcrumb\"},\"inLanguage\":\"en-US\",\"potentialAction\":[{\"@type\":\"ReadAction\",\"target\":[\"https:\/\/mon.es\/en\/product\/aceite-esencial-de-canela\/\"]}]},{\"@type\":\"ImageObject\",\"inLanguage\":\"en-US\",\"@id\":\"https:\/\/mon.es\/en\/product\/aceite-esencial-de-canela\/#primaryimage\",\"url\":\"https:\/\/mon.es\/wp-content\/uploads\/2018\/11\/aceite-esencial-canela.jpg\",\"contentUrl\":\"https:\/\/mon.es\/wp-content\/uploads\/2018\/11\/aceite-esencial-canela.jpg\",\"width\":1200,\"height\":1320,\"caption\":\"Aceite esencial de canela\"},{\"@type\":\"BreadcrumbList\",\"@id\":\"https:\/\/mon.es\/en\/product\/aceite-esencial-de-canela\/#breadcrumb\",\"itemListElement\":[{\"@type\":\"ListItem\",\"position\":1,\"name\":\"Portada\",\"item\":\"https:\/\/mon.es\/en\/\"},{\"@type\":\"ListItem\",\"position\":2,\"name\":\"Store\",\"item\":\"https:\/\/mon.es\/en\/store\/\"},{\"@type\":\"ListItem\",\"position\":3,\"name\":\"Cinnamon essential oil\"}]},{\"@type\":\"WebSite\",\"@id\":\"https:\/\/mon.es\/#website\",\"url\":\"https:\/\/mon.es\/\",\"name\":\"MON\",\"description\":\"Natural cosmetics\",\"publisher\":{\"@id\":\"https:\/\/mon.es\/#organization\"},\"potentialAction\":[{\"@type\":\"SearchAction\",\"target\":{\"@type\":\"EntryPoint\",\"urlTemplate\":\"https:\/\/mon.es\/?s={search_term_string}\"},\"query-input\":{\"@type\":\"PropertyValueSpecification\",\"valueRequired\":true,\"valueName\":\"search_term_string\"}}],\"inLanguage\":\"en-US\"},{\"@type\":\"Organization\",\"@id\":\"https:\/\/mon.es\/#organization\",\"name\":\"MON\",\"url\":\"https:\/\/mon.es\/\",\"logo\":{\"@type\":\"ImageObject\",\"inLanguage\":\"en-US\",\"@id\":\"https:\/\/mon.es\/#\/schema\/logo\/image\/\",\"url\":\"https:\/\/mon.es\/wp-content\/uploads\/2018\/11\/logo_mon.png\",\"contentUrl\":\"https:\/\/mon.es\/wp-content\/uploads\/2018\/11\/logo_mon.png\",\"width\":424,\"height\":132,\"caption\":\"MON\"},\"image\":{\"@id\":\"https:\/\/mon.es\/#\/schema\/logo\/image\/\"}}]}<\/script>\n<!-- \/ Yoast SEO plugin. -->","yoast_head_json":{"title":"\u25b7\u25b7\u25b7 Cinnamon essential oil \u25b7 100% NATURAL y Sostenible","description":"Es una esencia famosa por su poder afrodis\u00edaco. Es estimulante, tonificante y t\u00e9rmica. Una gran aliada para combatir la celulitis y eliminar toxinas. Su acci\u00f3n estimulante de la circulaci\u00f3n sangu\u00ednea ayuda\u00a0enormemente en los tratamientos corporales adelgazantes y del dolor. \u00a0Ofrece beneficios contra infecciones virales como los resfriados y estimula las defensas inmunol\u00f3gicas durante las epidemias gripales.","robots":{"index":"index","follow":"follow","max-snippet":"max-snippet:-1","max-image-preview":"max-image-preview:large","max-video-preview":"max-video-preview:-1"},"canonical":"https:\/\/mon.es\/en\/product\/aceite-esencial-de-canela\/","og_locale":"en_US","og_type":"article","og_title":"\u25b7\u25b7\u25b7 Cinnamon essential oil \u25b7 100% NATURAL y Sostenible","og_description":"Es una esencia famosa por su poder afrodis\u00edaco. Es estimulante, tonificante y t\u00e9rmica. Una gran aliada para combatir la celulitis y eliminar toxinas. Su acci\u00f3n estimulante de la circulaci\u00f3n sangu\u00ednea ayuda\u00a0enormemente en los tratamientos corporales adelgazantes y del dolor. \u00a0Ofrece beneficios contra infecciones virales como los resfriados y estimula las defensas inmunol\u00f3gicas durante las epidemias gripales.","og_url":"https:\/\/mon.es\/en\/product\/aceite-esencial-de-canela\/","og_site_name":"MON","article_modified_time":"2025-11-19T15:12:34+00:00","og_image":[{"width":1200,"height":1320,"url":"http:\/\/mon.es\/wp-content\/uploads\/2018\/11\/aceite-esencial-canela.jpg","type":"image\/jpeg"}],"twitter_card":"summary_large_image","twitter_misc":{"Est. reading time":"1 minute"},"schema":{"@context":"https:\/\/schema.org","@graph":[{"@type":"WebPage","@id":"https:\/\/mon.es\/en\/product\/aceite-esencial-de-canela\/","url":"https:\/\/mon.es\/en\/product\/aceite-esencial-de-canela\/","name":"\u25b7\u25b7\u25b7 Cinnamon essential oil \u25b7 100% NATURAL y Sostenible","isPartOf":{"@id":"https:\/\/mon.es\/#website"},"primaryImageOfPage":{"@id":"https:\/\/mon.es\/en\/product\/aceite-esencial-de-canela\/#primaryimage"},"image":{"@id":"https:\/\/mon.es\/en\/product\/aceite-esencial-de-canela\/#primaryimage"},"thumbnailUrl":"https:\/\/mon.es\/wp-content\/uploads\/2018\/11\/aceite-esencial-canela.jpg","datePublished":"2018-11-21T16:48:52+00:00","dateModified":"2025-11-19T15:12:34+00:00","description":"Es una esencia famosa por su poder afrodis\u00edaco. Es estimulante, tonificante y t\u00e9rmica. Una gran aliada para combatir la celulitis y eliminar toxinas. Su acci\u00f3n estimulante de la circulaci\u00f3n sangu\u00ednea ayuda\u00a0enormemente en los tratamientos corporales adelgazantes y del dolor. \u00a0Ofrece beneficios contra infecciones virales como los resfriados y estimula las defensas inmunol\u00f3gicas durante las epidemias gripales.","breadcrumb":{"@id":"https:\/\/mon.es\/en\/product\/aceite-esencial-de-canela\/#breadcrumb"},"inLanguage":"en-US","potentialAction":[{"@type":"ReadAction","target":["https:\/\/mon.es\/en\/product\/aceite-esencial-de-canela\/"]}]},{"@type":"ImageObject","inLanguage":"en-US","@id":"https:\/\/mon.es\/en\/product\/aceite-esencial-de-canela\/#primaryimage","url":"https:\/\/mon.es\/wp-content\/uploads\/2018\/11\/aceite-esencial-canela.jpg","contentUrl":"https:\/\/mon.es\/wp-content\/uploads\/2018\/11\/aceite-esencial-canela.jpg","width":1200,"height":1320,"caption":"Aceite esencial de canela"},{"@type":"BreadcrumbList","@id":"https:\/\/mon.es\/en\/product\/aceite-esencial-de-canela\/#breadcrumb","itemListElement":[{"@type":"ListItem","position":1,"name":"Portada","item":"https:\/\/mon.es\/en\/"},{"@type":"ListItem","position":2,"name":"Store","item":"https:\/\/mon.es\/en\/store\/"},{"@type":"ListItem","position":3,"name":"Cinnamon essential oil"}]},{"@type":"WebSite","@id":"https:\/\/mon.es\/#website","url":"https:\/\/mon.es\/","name":"MON","description":"Natural cosmetics","publisher":{"@id":"https:\/\/mon.es\/#organization"},"potentialAction":[{"@type":"SearchAction","target":{"@type":"EntryPoint","urlTemplate":"https:\/\/mon.es\/?s={search_term_string}"},"query-input":{"@type":"PropertyValueSpecification","valueRequired":true,"valueName":"search_term_string"}}],"inLanguage":"en-US"},{"@type":"Organization","@id":"https:\/\/mon.es\/#organization","name":"MON","url":"https:\/\/mon.es\/","logo":{"@type":"ImageObject","inLanguage":"en-US","@id":"https:\/\/mon.es\/#\/schema\/logo\/image\/","url":"https:\/\/mon.es\/wp-content\/uploads\/2018\/11\/logo_mon.png","contentUrl":"https:\/\/mon.es\/wp-content\/uploads\/2018\/11\/logo_mon.png","width":424,"height":132,"caption":"MON"},"image":{"@id":"https:\/\/mon.es\/#\/schema\/logo\/image\/"}}]}},"_links":{"self":[{"href":"https:\/\/mon.es\/en\/wp-json\/wp\/v2\/product\/1690","targetHints":{"allow":["GET"]}}],"collection":[{"href":"https:\/\/mon.es\/en\/wp-json\/wp\/v2\/product"}],"about":[{"href":"https:\/\/mon.es\/en\/wp-json\/wp\/v2\/types\/product"}],"replies":[{"embeddable":true,"href":"https:\/\/mon.es\/en\/wp-json\/wp\/v2\/comments?post=1690"}],"wp:featuredmedia":[{"embeddable":true,"href":"https:\/\/mon.es\/en\/wp-json\/wp\/v2\/media\/25847"}],"wp:attachment":[{"href":"https:\/\/mon.es\/en\/wp-json\/wp\/v2\/media?parent=1690"}],"wp:term":[{"taxonomy":"product_brand","embeddable":true,"href":"https:\/\/mon.es\/en\/wp-json\/wp\/v2\/product_brand?post=1690"},{"taxonomy":"product_cat","embeddable":true,"href":"https:\/\/mon.es\/en\/wp-json\/wp\/v2\/product_cat?post=1690"},{"taxonomy":"product_tag","embeddable":true,"href":"https:\/\/mon.es\/en\/wp-json\/wp\/v2\/product_tag?post=1690"},{"taxonomy":"producte_categoria","embeddable":true,"href":"https:\/\/mon.es\/en\/wp-json\/wp\/v2\/producte_categoria?post=1690"}],"curies":[{"name":"wp","href":"https:\/\/api.w.org\/{rel}","templated":true}]}}