

{"id":1668,"date":"2018-11-21T16:59:47","date_gmt":"2018-11-21T16:59:47","guid":{"rendered":"http:\/\/develop.docbarcelona.com\/mon\/producto\/aceite-esencial-de-mejorana\/"},"modified":"2025-12-16T14:33:26","modified_gmt":"2025-12-16T12:33:26","slug":"marjoram-essential-oil","status":"publish","type":"product","link":"https:\/\/mon.es\/en\/product\/marjoram-essential-oil\/","title":{"rendered":"Marjoram essential oil"},"content":{"rendered":"<p data-start=\"95\" data-end=\"398\">Marjoram essential oil has a powerful sedative and muscle-relaxing effect, making it ideal for therapeutic massages and aromatherapy. It helps to reduce stress, anxiety, and insomnia, especially during periods of emotional tension.<\/p>\n<p data-start=\"400\" data-end=\"675\">It also acts as a natural digestive tonic, relieving discomfort such as gastritis, stomach pain, and indigestion. In cosmetics, it is an excellent antioxidant, helping to slow down the signs of ageing and improve the appearance and vitality of the skin.<\/p>\n<p>&nbsp;<\/p>\n","protected":false},"excerpt":{"rendered":"<p>Marjoram essential oil has a powerful sedative and muscle-relaxing effect, making it ideal for therapeutic massages and aromatherapy. It helps to reduce stress, anxiety, and insomnia, especially during periods of emotional tension. It also acts as a natural digestive tonic, relieving discomfort such as gastritis, stomach pain, and indigestion. In cosmetics, it is an excellent [&hellip;]<\/p>\n","protected":false},"featured_media":120301,"comment_status":"open","ping_status":"closed","template":"","meta":{"inline_featured_image":false},"product_brand":[],"product_cat":[99],"product_tag":[377],"producte_categoria":[672],"class_list":{"0":"post-1668","1":"product","2":"type-product","3":"status-publish","4":"has-post-thumbnail","6":"product_cat-aromatherapy","7":"product_tag-muscle-relaxant","8":"producte_categoria-esenciales-para-este-otono-en","10":"first","11":"instock","12":"shipping-taxable","13":"purchasable","14":"product-type-simple"},"yoast_head":"<!-- This site is optimized with the Yoast SEO plugin v27.1.1 - https:\/\/yoast.com\/product\/yoast-seo-wordpress\/ -->\n<title>\u25b7\u25b7\u25b7 Marjoram essential oil \u25b7 100% NATURAL y Sostenible<\/title>\n<meta name=\"description\" content=\"El Aceite esencial de Mejorana act\u00faa positivamente sobre el estr\u00e9s y la ansiedad, en caso de ex\u00e1menes, insomnio o miedos paralizantes.\" \/>\n<meta name=\"robots\" content=\"index, follow, max-snippet:-1, max-image-preview:large, max-video-preview:-1\" \/>\n<link rel=\"canonical\" href=\"https:\/\/mon.es\/en\/product\/marjoram-essential-oil\/\" \/>\n<meta property=\"og:locale\" content=\"en_US\" \/>\n<meta property=\"og:type\" content=\"article\" \/>\n<meta property=\"og:title\" content=\"\u25b7\u25b7\u25b7 Marjoram essential oil \u25b7 100% NATURAL y Sostenible\" \/>\n<meta property=\"og:description\" content=\"El Aceite esencial de Mejorana act\u00faa positivamente sobre el estr\u00e9s y la ansiedad, en caso de ex\u00e1menes, insomnio o miedos paralizantes.\" \/>\n<meta property=\"og:url\" content=\"https:\/\/mon.es\/en\/product\/marjoram-essential-oil\/\" \/>\n<meta property=\"og:site_name\" content=\"MON\" \/>\n<meta property=\"article:modified_time\" content=\"2025-12-16T12:33:26+00:00\" \/>\n<meta property=\"og:image\" content=\"http:\/\/mon.es\/wp-content\/uploads\/2018\/11\/MON-Mejorana-v2-scaled.jpg\" \/>\n\t<meta property=\"og:image:width\" content=\"2560\" \/>\n\t<meta property=\"og:image:height\" content=\"1707\" \/>\n\t<meta property=\"og:image:type\" content=\"image\/jpeg\" \/>\n<meta name=\"twitter:card\" content=\"summary_large_image\" \/>\n<meta name=\"twitter:label1\" content=\"Est. reading time\" \/>\n\t<meta name=\"twitter:data1\" content=\"1 minute\" \/>\n<script type=\"application\/ld+json\" class=\"yoast-schema-graph\">{\"@context\":\"https:\/\/schema.org\",\"@graph\":[{\"@type\":\"WebPage\",\"@id\":\"https:\/\/mon.es\/en\/product\/marjoram-essential-oil\/\",\"url\":\"https:\/\/mon.es\/en\/product\/marjoram-essential-oil\/\",\"name\":\"\u25b7\u25b7\u25b7 Marjoram essential oil \u25b7 100% NATURAL y Sostenible\",\"isPartOf\":{\"@id\":\"https:\/\/mon.es\/#website\"},\"primaryImageOfPage\":{\"@id\":\"https:\/\/mon.es\/en\/product\/marjoram-essential-oil\/#primaryimage\"},\"image\":{\"@id\":\"https:\/\/mon.es\/en\/product\/marjoram-essential-oil\/#primaryimage\"},\"thumbnailUrl\":\"https:\/\/mon.es\/wp-content\/uploads\/2018\/11\/Imagen-mejorana-web-2026.jpg\",\"datePublished\":\"2018-11-21T16:59:47+00:00\",\"dateModified\":\"2025-12-16T12:33:26+00:00\",\"description\":\"El Aceite esencial de Mejorana act\u00faa positivamente sobre el estr\u00e9s y la ansiedad, en caso de ex\u00e1menes, insomnio o miedos paralizantes.\",\"breadcrumb\":{\"@id\":\"https:\/\/mon.es\/en\/product\/marjoram-essential-oil\/#breadcrumb\"},\"inLanguage\":\"en-US\",\"potentialAction\":[{\"@type\":\"ReadAction\",\"target\":[\"https:\/\/mon.es\/en\/product\/marjoram-essential-oil\/\"]}]},{\"@type\":\"ImageObject\",\"inLanguage\":\"en-US\",\"@id\":\"https:\/\/mon.es\/en\/product\/marjoram-essential-oil\/#primaryimage\",\"url\":\"https:\/\/mon.es\/wp-content\/uploads\/2018\/11\/Imagen-mejorana-web-2026.jpg\",\"contentUrl\":\"https:\/\/mon.es\/wp-content\/uploads\/2018\/11\/Imagen-mejorana-web-2026.jpg\",\"width\":1200,\"height\":1320},{\"@type\":\"BreadcrumbList\",\"@id\":\"https:\/\/mon.es\/en\/product\/marjoram-essential-oil\/#breadcrumb\",\"itemListElement\":[{\"@type\":\"ListItem\",\"position\":1,\"name\":\"Portada\",\"item\":\"https:\/\/mon.es\/en\/\"},{\"@type\":\"ListItem\",\"position\":2,\"name\":\"Store\",\"item\":\"https:\/\/mon.es\/en\/store\/\"},{\"@type\":\"ListItem\",\"position\":3,\"name\":\"Marjoram essential oil\"}]},{\"@type\":\"WebSite\",\"@id\":\"https:\/\/mon.es\/#website\",\"url\":\"https:\/\/mon.es\/\",\"name\":\"MON\",\"description\":\"Natural cosmetics\",\"publisher\":{\"@id\":\"https:\/\/mon.es\/#organization\"},\"potentialAction\":[{\"@type\":\"SearchAction\",\"target\":{\"@type\":\"EntryPoint\",\"urlTemplate\":\"https:\/\/mon.es\/?s={search_term_string}\"},\"query-input\":{\"@type\":\"PropertyValueSpecification\",\"valueRequired\":true,\"valueName\":\"search_term_string\"}}],\"inLanguage\":\"en-US\"},{\"@type\":\"Organization\",\"@id\":\"https:\/\/mon.es\/#organization\",\"name\":\"MON\",\"url\":\"https:\/\/mon.es\/\",\"logo\":{\"@type\":\"ImageObject\",\"inLanguage\":\"en-US\",\"@id\":\"https:\/\/mon.es\/#\/schema\/logo\/image\/\",\"url\":\"https:\/\/mon.es\/wp-content\/uploads\/2018\/11\/logo_mon.png\",\"contentUrl\":\"https:\/\/mon.es\/wp-content\/uploads\/2018\/11\/logo_mon.png\",\"width\":424,\"height\":132,\"caption\":\"MON\"},\"image\":{\"@id\":\"https:\/\/mon.es\/#\/schema\/logo\/image\/\"}}]}<\/script>\n<!-- \/ Yoast SEO plugin. -->","yoast_head_json":{"title":"\u25b7\u25b7\u25b7 Marjoram essential oil \u25b7 100% NATURAL y Sostenible","description":"El Aceite esencial de Mejorana act\u00faa positivamente sobre el estr\u00e9s y la ansiedad, en caso de ex\u00e1menes, insomnio o miedos paralizantes.","robots":{"index":"index","follow":"follow","max-snippet":"max-snippet:-1","max-image-preview":"max-image-preview:large","max-video-preview":"max-video-preview:-1"},"canonical":"https:\/\/mon.es\/en\/product\/marjoram-essential-oil\/","og_locale":"en_US","og_type":"article","og_title":"\u25b7\u25b7\u25b7 Marjoram essential oil \u25b7 100% NATURAL y Sostenible","og_description":"El Aceite esencial de Mejorana act\u00faa positivamente sobre el estr\u00e9s y la ansiedad, en caso de ex\u00e1menes, insomnio o miedos paralizantes.","og_url":"https:\/\/mon.es\/en\/product\/marjoram-essential-oil\/","og_site_name":"MON","article_modified_time":"2025-12-16T12:33:26+00:00","og_image":[{"width":2560,"height":1707,"url":"http:\/\/mon.es\/wp-content\/uploads\/2018\/11\/MON-Mejorana-v2-scaled.jpg","type":"image\/jpeg"}],"twitter_card":"summary_large_image","twitter_misc":{"Est. reading time":"1 minute"},"schema":{"@context":"https:\/\/schema.org","@graph":[{"@type":"WebPage","@id":"https:\/\/mon.es\/en\/product\/marjoram-essential-oil\/","url":"https:\/\/mon.es\/en\/product\/marjoram-essential-oil\/","name":"\u25b7\u25b7\u25b7 Marjoram essential oil \u25b7 100% NATURAL y Sostenible","isPartOf":{"@id":"https:\/\/mon.es\/#website"},"primaryImageOfPage":{"@id":"https:\/\/mon.es\/en\/product\/marjoram-essential-oil\/#primaryimage"},"image":{"@id":"https:\/\/mon.es\/en\/product\/marjoram-essential-oil\/#primaryimage"},"thumbnailUrl":"https:\/\/mon.es\/wp-content\/uploads\/2018\/11\/Imagen-mejorana-web-2026.jpg","datePublished":"2018-11-21T16:59:47+00:00","dateModified":"2025-12-16T12:33:26+00:00","description":"El Aceite esencial de Mejorana act\u00faa positivamente sobre el estr\u00e9s y la ansiedad, en caso de ex\u00e1menes, insomnio o miedos paralizantes.","breadcrumb":{"@id":"https:\/\/mon.es\/en\/product\/marjoram-essential-oil\/#breadcrumb"},"inLanguage":"en-US","potentialAction":[{"@type":"ReadAction","target":["https:\/\/mon.es\/en\/product\/marjoram-essential-oil\/"]}]},{"@type":"ImageObject","inLanguage":"en-US","@id":"https:\/\/mon.es\/en\/product\/marjoram-essential-oil\/#primaryimage","url":"https:\/\/mon.es\/wp-content\/uploads\/2018\/11\/Imagen-mejorana-web-2026.jpg","contentUrl":"https:\/\/mon.es\/wp-content\/uploads\/2018\/11\/Imagen-mejorana-web-2026.jpg","width":1200,"height":1320},{"@type":"BreadcrumbList","@id":"https:\/\/mon.es\/en\/product\/marjoram-essential-oil\/#breadcrumb","itemListElement":[{"@type":"ListItem","position":1,"name":"Portada","item":"https:\/\/mon.es\/en\/"},{"@type":"ListItem","position":2,"name":"Store","item":"https:\/\/mon.es\/en\/store\/"},{"@type":"ListItem","position":3,"name":"Marjoram essential oil"}]},{"@type":"WebSite","@id":"https:\/\/mon.es\/#website","url":"https:\/\/mon.es\/","name":"MON","description":"Natural cosmetics","publisher":{"@id":"https:\/\/mon.es\/#organization"},"potentialAction":[{"@type":"SearchAction","target":{"@type":"EntryPoint","urlTemplate":"https:\/\/mon.es\/?s={search_term_string}"},"query-input":{"@type":"PropertyValueSpecification","valueRequired":true,"valueName":"search_term_string"}}],"inLanguage":"en-US"},{"@type":"Organization","@id":"https:\/\/mon.es\/#organization","name":"MON","url":"https:\/\/mon.es\/","logo":{"@type":"ImageObject","inLanguage":"en-US","@id":"https:\/\/mon.es\/#\/schema\/logo\/image\/","url":"https:\/\/mon.es\/wp-content\/uploads\/2018\/11\/logo_mon.png","contentUrl":"https:\/\/mon.es\/wp-content\/uploads\/2018\/11\/logo_mon.png","width":424,"height":132,"caption":"MON"},"image":{"@id":"https:\/\/mon.es\/#\/schema\/logo\/image\/"}}]}},"_links":{"self":[{"href":"https:\/\/mon.es\/en\/wp-json\/wp\/v2\/product\/1668","targetHints":{"allow":["GET"]}}],"collection":[{"href":"https:\/\/mon.es\/en\/wp-json\/wp\/v2\/product"}],"about":[{"href":"https:\/\/mon.es\/en\/wp-json\/wp\/v2\/types\/product"}],"replies":[{"embeddable":true,"href":"https:\/\/mon.es\/en\/wp-json\/wp\/v2\/comments?post=1668"}],"wp:featuredmedia":[{"embeddable":true,"href":"https:\/\/mon.es\/en\/wp-json\/wp\/v2\/media\/120301"}],"wp:attachment":[{"href":"https:\/\/mon.es\/en\/wp-json\/wp\/v2\/media?parent=1668"}],"wp:term":[{"taxonomy":"product_brand","embeddable":true,"href":"https:\/\/mon.es\/en\/wp-json\/wp\/v2\/product_brand?post=1668"},{"taxonomy":"product_cat","embeddable":true,"href":"https:\/\/mon.es\/en\/wp-json\/wp\/v2\/product_cat?post=1668"},{"taxonomy":"product_tag","embeddable":true,"href":"https:\/\/mon.es\/en\/wp-json\/wp\/v2\/product_tag?post=1668"},{"taxonomy":"producte_categoria","embeddable":true,"href":"https:\/\/mon.es\/en\/wp-json\/wp\/v2\/producte_categoria?post=1668"}],"curies":[{"name":"wp","href":"https:\/\/api.w.org\/{rel}","templated":true}]}}