

{"id":1663,"date":"2018-11-21T17:02:30","date_gmt":"2018-11-21T17:02:30","guid":{"rendered":"http:\/\/develop.docbarcelona.com\/mon\/producto\/aceite-esencial-de-menta-2\/"},"modified":"2025-12-17T10:40:09","modified_gmt":"2025-12-17T08:40:09","slug":"mint-essential-oil","status":"publish","type":"product","link":"https:\/\/mon.es\/en\/product\/mint-essential-oil\/","title":{"rendered":"Peppermint essential oil"},"content":{"rendered":"<p data-start=\"91\" data-end=\"345\">Peppermint essential oil is a powerful stimulant, anti-inflammatory, antiviral, and analgesic, offering a range of health benefits. It is one of the most effective remedies for relieving headaches and migraines, providing a quick and refreshing effect.<\/p>\n<p data-start=\"347\" data-end=\"656\">In addition, it helps improve digestion, ease stomach discomfort, and combat nausea and dizziness. It also supports the respiratory system, promoting easier breathing and a feeling of freshness. Its stimulating action increases blood circulation, fostering overall well-being and energy throughout the body.<\/p>\n","protected":false},"excerpt":{"rendered":"<p>Peppermint essential oil is a powerful stimulant, anti-inflammatory, antiviral, and analgesic, offering a range of health benefits. It is one of the most effective remedies for relieving headaches and migraines, providing a quick and refreshing effect. In addition, it helps improve digestion, ease stomach discomfort, and combat nausea and dizziness. It also supports the respiratory [&hellip;]<\/p>\n","protected":false},"featured_media":25879,"comment_status":"open","ping_status":"closed","template":"","meta":{"inline_featured_image":false},"product_brand":[],"product_cat":[99],"product_tag":[402],"producte_categoria":[],"class_list":{"0":"post-1663","1":"product","2":"type-product","3":"status-publish","4":"has-post-thumbnail","6":"product_cat-aromatherapy","7":"product_tag-stimulating","9":"first","10":"instock","11":"shipping-taxable","12":"purchasable","13":"product-type-simple"},"yoast_head":"<!-- This site is optimized with the Yoast SEO plugin v27.1.1 - https:\/\/yoast.com\/product\/yoast-seo-wordpress\/ -->\n<title>\u25b7\u25b7\u25b7 Peppermint essential oil \u25b7 100% NATURAL y Sostenible<\/title>\n<meta name=\"description\" content=\"Estimulante, antiinflamatorio, antiviral y analg\u00e9sico. El Aceite esencial de Menta tiene m\u00faltiples propiedades terap\u00e9uticas sobre el organismo.\" \/>\n<meta name=\"robots\" content=\"index, follow, max-snippet:-1, max-image-preview:large, max-video-preview:-1\" \/>\n<link rel=\"canonical\" href=\"https:\/\/mon.es\/en\/product\/mint-essential-oil\/\" \/>\n<meta property=\"og:locale\" content=\"en_US\" \/>\n<meta property=\"og:type\" content=\"article\" \/>\n<meta property=\"og:title\" content=\"\u25b7\u25b7\u25b7 Peppermint essential oil \u25b7 100% NATURAL y Sostenible\" \/>\n<meta property=\"og:description\" content=\"Estimulante, antiinflamatorio, antiviral y analg\u00e9sico. El Aceite esencial de Menta tiene m\u00faltiples propiedades terap\u00e9uticas sobre el organismo.\" \/>\n<meta property=\"og:url\" content=\"https:\/\/mon.es\/en\/product\/mint-essential-oil\/\" \/>\n<meta property=\"og:site_name\" content=\"MON\" \/>\n<meta property=\"article:modified_time\" content=\"2025-12-17T08:40:09+00:00\" \/>\n<meta property=\"og:image\" content=\"http:\/\/mon.es\/wp-content\/uploads\/2018\/11\/aceite-esencial-menta.jpg\" \/>\n\t<meta property=\"og:image:width\" content=\"1200\" \/>\n\t<meta property=\"og:image:height\" content=\"1320\" \/>\n\t<meta property=\"og:image:type\" content=\"image\/jpeg\" \/>\n<meta name=\"twitter:card\" content=\"summary_large_image\" \/>\n<meta name=\"twitter:label1\" content=\"Est. reading time\" \/>\n\t<meta name=\"twitter:data1\" content=\"1 minute\" \/>\n<script type=\"application\/ld+json\" class=\"yoast-schema-graph\">{\"@context\":\"https:\/\/schema.org\",\"@graph\":[{\"@type\":\"WebPage\",\"@id\":\"https:\/\/mon.es\/en\/product\/mint-essential-oil\/\",\"url\":\"https:\/\/mon.es\/en\/product\/mint-essential-oil\/\",\"name\":\"\u25b7\u25b7\u25b7 Peppermint essential oil \u25b7 100% NATURAL y Sostenible\",\"isPartOf\":{\"@id\":\"https:\/\/mon.es\/#website\"},\"primaryImageOfPage\":{\"@id\":\"https:\/\/mon.es\/en\/product\/mint-essential-oil\/#primaryimage\"},\"image\":{\"@id\":\"https:\/\/mon.es\/en\/product\/mint-essential-oil\/#primaryimage\"},\"thumbnailUrl\":\"https:\/\/mon.es\/wp-content\/uploads\/2018\/11\/aceite-esencial-menta.jpg\",\"datePublished\":\"2018-11-21T17:02:30+00:00\",\"dateModified\":\"2025-12-17T08:40:09+00:00\",\"description\":\"Estimulante, antiinflamatorio, antiviral y analg\u00e9sico. El Aceite esencial de Menta tiene m\u00faltiples propiedades terap\u00e9uticas sobre el organismo.\",\"breadcrumb\":{\"@id\":\"https:\/\/mon.es\/en\/product\/mint-essential-oil\/#breadcrumb\"},\"inLanguage\":\"en-US\",\"potentialAction\":[{\"@type\":\"ReadAction\",\"target\":[\"https:\/\/mon.es\/en\/product\/mint-essential-oil\/\"]}]},{\"@type\":\"ImageObject\",\"inLanguage\":\"en-US\",\"@id\":\"https:\/\/mon.es\/en\/product\/mint-essential-oil\/#primaryimage\",\"url\":\"https:\/\/mon.es\/wp-content\/uploads\/2018\/11\/aceite-esencial-menta.jpg\",\"contentUrl\":\"https:\/\/mon.es\/wp-content\/uploads\/2018\/11\/aceite-esencial-menta.jpg\",\"width\":1200,\"height\":1320,\"caption\":\"Aceite esencial de menta\"},{\"@type\":\"BreadcrumbList\",\"@id\":\"https:\/\/mon.es\/en\/product\/mint-essential-oil\/#breadcrumb\",\"itemListElement\":[{\"@type\":\"ListItem\",\"position\":1,\"name\":\"Portada\",\"item\":\"https:\/\/mon.es\/en\/\"},{\"@type\":\"ListItem\",\"position\":2,\"name\":\"Store\",\"item\":\"https:\/\/mon.es\/en\/store\/\"},{\"@type\":\"ListItem\",\"position\":3,\"name\":\"Peppermint essential oil\"}]},{\"@type\":\"WebSite\",\"@id\":\"https:\/\/mon.es\/#website\",\"url\":\"https:\/\/mon.es\/\",\"name\":\"MON\",\"description\":\"Natural cosmetics\",\"publisher\":{\"@id\":\"https:\/\/mon.es\/#organization\"},\"potentialAction\":[{\"@type\":\"SearchAction\",\"target\":{\"@type\":\"EntryPoint\",\"urlTemplate\":\"https:\/\/mon.es\/?s={search_term_string}\"},\"query-input\":{\"@type\":\"PropertyValueSpecification\",\"valueRequired\":true,\"valueName\":\"search_term_string\"}}],\"inLanguage\":\"en-US\"},{\"@type\":\"Organization\",\"@id\":\"https:\/\/mon.es\/#organization\",\"name\":\"MON\",\"url\":\"https:\/\/mon.es\/\",\"logo\":{\"@type\":\"ImageObject\",\"inLanguage\":\"en-US\",\"@id\":\"https:\/\/mon.es\/#\/schema\/logo\/image\/\",\"url\":\"https:\/\/mon.es\/wp-content\/uploads\/2018\/11\/logo_mon.png\",\"contentUrl\":\"https:\/\/mon.es\/wp-content\/uploads\/2018\/11\/logo_mon.png\",\"width\":424,\"height\":132,\"caption\":\"MON\"},\"image\":{\"@id\":\"https:\/\/mon.es\/#\/schema\/logo\/image\/\"}}]}<\/script>\n<!-- \/ Yoast SEO plugin. -->","yoast_head_json":{"title":"\u25b7\u25b7\u25b7 Peppermint essential oil \u25b7 100% NATURAL y Sostenible","description":"Estimulante, antiinflamatorio, antiviral y analg\u00e9sico. El Aceite esencial de Menta tiene m\u00faltiples propiedades terap\u00e9uticas sobre el organismo.","robots":{"index":"index","follow":"follow","max-snippet":"max-snippet:-1","max-image-preview":"max-image-preview:large","max-video-preview":"max-video-preview:-1"},"canonical":"https:\/\/mon.es\/en\/product\/mint-essential-oil\/","og_locale":"en_US","og_type":"article","og_title":"\u25b7\u25b7\u25b7 Peppermint essential oil \u25b7 100% NATURAL y Sostenible","og_description":"Estimulante, antiinflamatorio, antiviral y analg\u00e9sico. El Aceite esencial de Menta tiene m\u00faltiples propiedades terap\u00e9uticas sobre el organismo.","og_url":"https:\/\/mon.es\/en\/product\/mint-essential-oil\/","og_site_name":"MON","article_modified_time":"2025-12-17T08:40:09+00:00","og_image":[{"width":1200,"height":1320,"url":"http:\/\/mon.es\/wp-content\/uploads\/2018\/11\/aceite-esencial-menta.jpg","type":"image\/jpeg"}],"twitter_card":"summary_large_image","twitter_misc":{"Est. reading time":"1 minute"},"schema":{"@context":"https:\/\/schema.org","@graph":[{"@type":"WebPage","@id":"https:\/\/mon.es\/en\/product\/mint-essential-oil\/","url":"https:\/\/mon.es\/en\/product\/mint-essential-oil\/","name":"\u25b7\u25b7\u25b7 Peppermint essential oil \u25b7 100% NATURAL y Sostenible","isPartOf":{"@id":"https:\/\/mon.es\/#website"},"primaryImageOfPage":{"@id":"https:\/\/mon.es\/en\/product\/mint-essential-oil\/#primaryimage"},"image":{"@id":"https:\/\/mon.es\/en\/product\/mint-essential-oil\/#primaryimage"},"thumbnailUrl":"https:\/\/mon.es\/wp-content\/uploads\/2018\/11\/aceite-esencial-menta.jpg","datePublished":"2018-11-21T17:02:30+00:00","dateModified":"2025-12-17T08:40:09+00:00","description":"Estimulante, antiinflamatorio, antiviral y analg\u00e9sico. El Aceite esencial de Menta tiene m\u00faltiples propiedades terap\u00e9uticas sobre el organismo.","breadcrumb":{"@id":"https:\/\/mon.es\/en\/product\/mint-essential-oil\/#breadcrumb"},"inLanguage":"en-US","potentialAction":[{"@type":"ReadAction","target":["https:\/\/mon.es\/en\/product\/mint-essential-oil\/"]}]},{"@type":"ImageObject","inLanguage":"en-US","@id":"https:\/\/mon.es\/en\/product\/mint-essential-oil\/#primaryimage","url":"https:\/\/mon.es\/wp-content\/uploads\/2018\/11\/aceite-esencial-menta.jpg","contentUrl":"https:\/\/mon.es\/wp-content\/uploads\/2018\/11\/aceite-esencial-menta.jpg","width":1200,"height":1320,"caption":"Aceite esencial de menta"},{"@type":"BreadcrumbList","@id":"https:\/\/mon.es\/en\/product\/mint-essential-oil\/#breadcrumb","itemListElement":[{"@type":"ListItem","position":1,"name":"Portada","item":"https:\/\/mon.es\/en\/"},{"@type":"ListItem","position":2,"name":"Store","item":"https:\/\/mon.es\/en\/store\/"},{"@type":"ListItem","position":3,"name":"Peppermint essential oil"}]},{"@type":"WebSite","@id":"https:\/\/mon.es\/#website","url":"https:\/\/mon.es\/","name":"MON","description":"Natural cosmetics","publisher":{"@id":"https:\/\/mon.es\/#organization"},"potentialAction":[{"@type":"SearchAction","target":{"@type":"EntryPoint","urlTemplate":"https:\/\/mon.es\/?s={search_term_string}"},"query-input":{"@type":"PropertyValueSpecification","valueRequired":true,"valueName":"search_term_string"}}],"inLanguage":"en-US"},{"@type":"Organization","@id":"https:\/\/mon.es\/#organization","name":"MON","url":"https:\/\/mon.es\/","logo":{"@type":"ImageObject","inLanguage":"en-US","@id":"https:\/\/mon.es\/#\/schema\/logo\/image\/","url":"https:\/\/mon.es\/wp-content\/uploads\/2018\/11\/logo_mon.png","contentUrl":"https:\/\/mon.es\/wp-content\/uploads\/2018\/11\/logo_mon.png","width":424,"height":132,"caption":"MON"},"image":{"@id":"https:\/\/mon.es\/#\/schema\/logo\/image\/"}}]}},"_links":{"self":[{"href":"https:\/\/mon.es\/en\/wp-json\/wp\/v2\/product\/1663","targetHints":{"allow":["GET"]}}],"collection":[{"href":"https:\/\/mon.es\/en\/wp-json\/wp\/v2\/product"}],"about":[{"href":"https:\/\/mon.es\/en\/wp-json\/wp\/v2\/types\/product"}],"replies":[{"embeddable":true,"href":"https:\/\/mon.es\/en\/wp-json\/wp\/v2\/comments?post=1663"}],"wp:featuredmedia":[{"embeddable":true,"href":"https:\/\/mon.es\/en\/wp-json\/wp\/v2\/media\/25879"}],"wp:attachment":[{"href":"https:\/\/mon.es\/en\/wp-json\/wp\/v2\/media?parent=1663"}],"wp:term":[{"taxonomy":"product_brand","embeddable":true,"href":"https:\/\/mon.es\/en\/wp-json\/wp\/v2\/product_brand?post=1663"},{"taxonomy":"product_cat","embeddable":true,"href":"https:\/\/mon.es\/en\/wp-json\/wp\/v2\/product_cat?post=1663"},{"taxonomy":"product_tag","embeddable":true,"href":"https:\/\/mon.es\/en\/wp-json\/wp\/v2\/product_tag?post=1663"},{"taxonomy":"producte_categoria","embeddable":true,"href":"https:\/\/mon.es\/en\/wp-json\/wp\/v2\/producte_categoria?post=1663"}],"curies":[{"name":"wp","href":"https:\/\/api.w.org\/{rel}","templated":true}]}}