

{"id":92283,"date":"2025-07-14T12:35:28","date_gmt":"2025-07-14T10:35:28","guid":{"rendered":"https:\/\/mon.es\/?post_type=product&#038;p=92283"},"modified":"2025-09-08T07:19:34","modified_gmt":"2025-09-08T05:19:34","slug":"rutina-facial-natural","status":"publish","type":"product","link":"https:\/\/mon.es\/ca\/producto\/rutina-facial-natural\/","title":{"rendered":"Rutina Facial Natural"},"content":{"rendered":"<p data-start=\"115\" data-end=\"185\">La teva pell necessita una cura constant, en qualsevol \u00e8poca de l\u2019any.<\/p>\n<p data-start=\"187\" data-end=\"305\">Aquest kit de cura facial reuneix tot el necessari per mantenir el teu rostre net, equilibrat i llumin\u00f3s dia rere dia.<\/p>\n<p data-start=\"307\" data-end=\"475\">Cont\u00e9 productes naturals que ofereixen una neteja profunda, exfoliaci\u00f3 suau i una hidrataci\u00f3 lleugera, ajudant a mantenir la pell sana i ben cuidada, faci fred o calor.<\/p>\n","protected":false},"excerpt":{"rendered":"<p>La teva pell necessita una cura constant, en qualsevol \u00e8poca de l\u2019any. Aquest kit de cura facial reuneix tot el necessari per mantenir el teu rostre net, equilibrat i llumin\u00f3s dia rere dia. Cont\u00e9 productes naturals que ofereixen una neteja profunda, exfoliaci\u00f3 suau i una hidrataci\u00f3 lleugera, ajudant a mantenir la pell sana i ben [&hellip;]<\/p>\n","protected":false},"featured_media":92299,"comment_status":"open","ping_status":"closed","template":"","meta":{"inline_featured_image":false},"product_brand":[],"product_cat":[506,510],"product_tag":[],"producte_categoria":[],"class_list":{"0":"post-92283","1":"product","2":"type-product","3":"status-publish","4":"has-post-thumbnail","6":"product_cat-cosmetica-natural-per-a-la-cara","7":"product_cat-tractaments-naturals-per-a-la-cara","9":"first","10":"instock","11":"shipping-taxable","12":"purchasable","13":"product-type-variable"},"yoast_head":"<!-- This site is optimized with the Yoast SEO plugin v27.1.1 - https:\/\/yoast.com\/product\/yoast-seo-wordpress\/ -->\n<title>Rutina Facial Natural - Cosm\u00e9tica natural y sostenible MON<\/title>\n<meta name=\"robots\" content=\"index, follow, max-snippet:-1, max-image-preview:large, max-video-preview:-1\" \/>\n<link rel=\"canonical\" href=\"https:\/\/mon.es\/ca\/producto\/rutina-facial-natural\/\" \/>\n<meta property=\"og:locale\" content=\"ca_ES\" \/>\n<meta property=\"og:type\" content=\"article\" \/>\n<meta property=\"og:title\" content=\"Rutina Facial Natural - Cosm\u00e9tica natural y sostenible MON\" \/>\n<meta property=\"og:description\" content=\"La teva pell necessita una cura constant, en qualsevol \u00e8poca de l\u2019any. Aquest kit de cura facial reuneix tot el necessari per mantenir el teu rostre net, equilibrat i llumin\u00f3s dia rere dia. Cont\u00e9 productes naturals que ofereixen una neteja profunda, exfoliaci\u00f3 suau i una hidrataci\u00f3 lleugera, ajudant a mantenir la pell sana i ben [&hellip;]\" \/>\n<meta property=\"og:url\" content=\"https:\/\/mon.es\/ca\/producto\/rutina-facial-natural\/\" \/>\n<meta property=\"og:site_name\" content=\"MON\" \/>\n<meta property=\"article:modified_time\" content=\"2025-09-08T05:19:34+00:00\" \/>\n<meta property=\"og:image\" content=\"http:\/\/mon.es\/wp-content\/uploads\/2025\/07\/Montaje-BODEGON.jpg\" \/>\n\t<meta property=\"og:image:width\" content=\"2242\" \/>\n\t<meta property=\"og:image:height\" content=\"2292\" \/>\n\t<meta property=\"og:image:type\" content=\"image\/jpeg\" \/>\n<meta name=\"twitter:card\" content=\"summary_large_image\" \/>\n<meta name=\"twitter:label1\" content=\"Temps estimat de lectura\" \/>\n\t<meta name=\"twitter:data1\" content=\"1 minut\" \/>\n<script type=\"application\/ld+json\" class=\"yoast-schema-graph\">{\"@context\":\"https:\/\/schema.org\",\"@graph\":[{\"@type\":\"WebPage\",\"@id\":\"https:\/\/mon.es\/ca\/producto\/rutina-facial-natural\/\",\"url\":\"https:\/\/mon.es\/ca\/producto\/rutina-facial-natural\/\",\"name\":\"Rutina Facial Natural - Cosm\u00e9tica natural y sostenible MON\",\"isPartOf\":{\"@id\":\"https:\/\/mon.es\/#website\"},\"primaryImageOfPage\":{\"@id\":\"https:\/\/mon.es\/ca\/producto\/rutina-facial-natural\/#primaryimage\"},\"image\":{\"@id\":\"https:\/\/mon.es\/ca\/producto\/rutina-facial-natural\/#primaryimage\"},\"thumbnailUrl\":\"https:\/\/mon.es\/wp-content\/uploads\/2025\/07\/Montaje-BODEGON.jpg\",\"datePublished\":\"2025-07-14T10:35:28+00:00\",\"dateModified\":\"2025-09-08T05:19:34+00:00\",\"breadcrumb\":{\"@id\":\"https:\/\/mon.es\/ca\/producto\/rutina-facial-natural\/#breadcrumb\"},\"inLanguage\":\"ca\",\"potentialAction\":[{\"@type\":\"ReadAction\",\"target\":[\"https:\/\/mon.es\/ca\/producto\/rutina-facial-natural\/\"]}]},{\"@type\":\"ImageObject\",\"inLanguage\":\"ca\",\"@id\":\"https:\/\/mon.es\/ca\/producto\/rutina-facial-natural\/#primaryimage\",\"url\":\"https:\/\/mon.es\/wp-content\/uploads\/2025\/07\/Montaje-BODEGON.jpg\",\"contentUrl\":\"https:\/\/mon.es\/wp-content\/uploads\/2025\/07\/Montaje-BODEGON.jpg\",\"width\":2242,\"height\":2292},{\"@type\":\"BreadcrumbList\",\"@id\":\"https:\/\/mon.es\/ca\/producto\/rutina-facial-natural\/#breadcrumb\",\"itemListElement\":[{\"@type\":\"ListItem\",\"position\":1,\"name\":\"Portada\",\"item\":\"https:\/\/mon.es\/ca\/\"},{\"@type\":\"ListItem\",\"position\":2,\"name\":\"Botiga\",\"item\":\"https:\/\/mon.es\/ca\/botiga\/\"},{\"@type\":\"ListItem\",\"position\":3,\"name\":\"Rutina Facial Natural\"}]},{\"@type\":\"WebSite\",\"@id\":\"https:\/\/mon.es\/#website\",\"url\":\"https:\/\/mon.es\/\",\"name\":\"MON\",\"description\":\"Natural cosmetics\",\"publisher\":{\"@id\":\"https:\/\/mon.es\/#organization\"},\"potentialAction\":[{\"@type\":\"SearchAction\",\"target\":{\"@type\":\"EntryPoint\",\"urlTemplate\":\"https:\/\/mon.es\/?s={search_term_string}\"},\"query-input\":{\"@type\":\"PropertyValueSpecification\",\"valueRequired\":true,\"valueName\":\"search_term_string\"}}],\"inLanguage\":\"ca\"},{\"@type\":\"Organization\",\"@id\":\"https:\/\/mon.es\/#organization\",\"name\":\"MON\",\"url\":\"https:\/\/mon.es\/\",\"logo\":{\"@type\":\"ImageObject\",\"inLanguage\":\"ca\",\"@id\":\"https:\/\/mon.es\/#\/schema\/logo\/image\/\",\"url\":\"https:\/\/mon.es\/wp-content\/uploads\/2018\/11\/logo_mon.png\",\"contentUrl\":\"https:\/\/mon.es\/wp-content\/uploads\/2018\/11\/logo_mon.png\",\"width\":424,\"height\":132,\"caption\":\"MON\"},\"image\":{\"@id\":\"https:\/\/mon.es\/#\/schema\/logo\/image\/\"}}]}<\/script>\n<!-- \/ Yoast SEO plugin. -->","yoast_head_json":{"title":"Rutina Facial Natural - Cosm\u00e9tica natural y sostenible MON","robots":{"index":"index","follow":"follow","max-snippet":"max-snippet:-1","max-image-preview":"max-image-preview:large","max-video-preview":"max-video-preview:-1"},"canonical":"https:\/\/mon.es\/ca\/producto\/rutina-facial-natural\/","og_locale":"ca_ES","og_type":"article","og_title":"Rutina Facial Natural - Cosm\u00e9tica natural y sostenible MON","og_description":"La teva pell necessita una cura constant, en qualsevol \u00e8poca de l\u2019any. Aquest kit de cura facial reuneix tot el necessari per mantenir el teu rostre net, equilibrat i llumin\u00f3s dia rere dia. Cont\u00e9 productes naturals que ofereixen una neteja profunda, exfoliaci\u00f3 suau i una hidrataci\u00f3 lleugera, ajudant a mantenir la pell sana i ben [&hellip;]","og_url":"https:\/\/mon.es\/ca\/producto\/rutina-facial-natural\/","og_site_name":"MON","article_modified_time":"2025-09-08T05:19:34+00:00","og_image":[{"width":2242,"height":2292,"url":"http:\/\/mon.es\/wp-content\/uploads\/2025\/07\/Montaje-BODEGON.jpg","type":"image\/jpeg"}],"twitter_card":"summary_large_image","twitter_misc":{"Temps estimat de lectura":"1 minut"},"schema":{"@context":"https:\/\/schema.org","@graph":[{"@type":"WebPage","@id":"https:\/\/mon.es\/ca\/producto\/rutina-facial-natural\/","url":"https:\/\/mon.es\/ca\/producto\/rutina-facial-natural\/","name":"Rutina Facial Natural - Cosm\u00e9tica natural y sostenible MON","isPartOf":{"@id":"https:\/\/mon.es\/#website"},"primaryImageOfPage":{"@id":"https:\/\/mon.es\/ca\/producto\/rutina-facial-natural\/#primaryimage"},"image":{"@id":"https:\/\/mon.es\/ca\/producto\/rutina-facial-natural\/#primaryimage"},"thumbnailUrl":"https:\/\/mon.es\/wp-content\/uploads\/2025\/07\/Montaje-BODEGON.jpg","datePublished":"2025-07-14T10:35:28+00:00","dateModified":"2025-09-08T05:19:34+00:00","breadcrumb":{"@id":"https:\/\/mon.es\/ca\/producto\/rutina-facial-natural\/#breadcrumb"},"inLanguage":"ca","potentialAction":[{"@type":"ReadAction","target":["https:\/\/mon.es\/ca\/producto\/rutina-facial-natural\/"]}]},{"@type":"ImageObject","inLanguage":"ca","@id":"https:\/\/mon.es\/ca\/producto\/rutina-facial-natural\/#primaryimage","url":"https:\/\/mon.es\/wp-content\/uploads\/2025\/07\/Montaje-BODEGON.jpg","contentUrl":"https:\/\/mon.es\/wp-content\/uploads\/2025\/07\/Montaje-BODEGON.jpg","width":2242,"height":2292},{"@type":"BreadcrumbList","@id":"https:\/\/mon.es\/ca\/producto\/rutina-facial-natural\/#breadcrumb","itemListElement":[{"@type":"ListItem","position":1,"name":"Portada","item":"https:\/\/mon.es\/ca\/"},{"@type":"ListItem","position":2,"name":"Botiga","item":"https:\/\/mon.es\/ca\/botiga\/"},{"@type":"ListItem","position":3,"name":"Rutina Facial Natural"}]},{"@type":"WebSite","@id":"https:\/\/mon.es\/#website","url":"https:\/\/mon.es\/","name":"MON","description":"Natural cosmetics","publisher":{"@id":"https:\/\/mon.es\/#organization"},"potentialAction":[{"@type":"SearchAction","target":{"@type":"EntryPoint","urlTemplate":"https:\/\/mon.es\/?s={search_term_string}"},"query-input":{"@type":"PropertyValueSpecification","valueRequired":true,"valueName":"search_term_string"}}],"inLanguage":"ca"},{"@type":"Organization","@id":"https:\/\/mon.es\/#organization","name":"MON","url":"https:\/\/mon.es\/","logo":{"@type":"ImageObject","inLanguage":"ca","@id":"https:\/\/mon.es\/#\/schema\/logo\/image\/","url":"https:\/\/mon.es\/wp-content\/uploads\/2018\/11\/logo_mon.png","contentUrl":"https:\/\/mon.es\/wp-content\/uploads\/2018\/11\/logo_mon.png","width":424,"height":132,"caption":"MON"},"image":{"@id":"https:\/\/mon.es\/#\/schema\/logo\/image\/"}}]}},"_links":{"self":[{"href":"https:\/\/mon.es\/ca\/wp-json\/wp\/v2\/product\/92283","targetHints":{"allow":["GET"]}}],"collection":[{"href":"https:\/\/mon.es\/ca\/wp-json\/wp\/v2\/product"}],"about":[{"href":"https:\/\/mon.es\/ca\/wp-json\/wp\/v2\/types\/product"}],"replies":[{"embeddable":true,"href":"https:\/\/mon.es\/ca\/wp-json\/wp\/v2\/comments?post=92283"}],"wp:featuredmedia":[{"embeddable":true,"href":"https:\/\/mon.es\/ca\/wp-json\/wp\/v2\/media\/92299"}],"wp:attachment":[{"href":"https:\/\/mon.es\/ca\/wp-json\/wp\/v2\/media?parent=92283"}],"wp:term":[{"taxonomy":"product_brand","embeddable":true,"href":"https:\/\/mon.es\/ca\/wp-json\/wp\/v2\/product_brand?post=92283"},{"taxonomy":"product_cat","embeddable":true,"href":"https:\/\/mon.es\/ca\/wp-json\/wp\/v2\/product_cat?post=92283"},{"taxonomy":"product_tag","embeddable":true,"href":"https:\/\/mon.es\/ca\/wp-json\/wp\/v2\/product_tag?post=92283"},{"taxonomy":"producte_categoria","embeddable":true,"href":"https:\/\/mon.es\/ca\/wp-json\/wp\/v2\/producte_categoria?post=92283"}],"curies":[{"name":"wp","href":"https:\/\/api.w.org\/{rel}","templated":true}]}}