

{"id":67451,"date":"2025-03-20T05:33:46","date_gmt":"2025-03-20T04:33:46","guid":{"rendered":"https:\/\/mon.es\/?post_type=product&#038;p=67451"},"modified":"2025-07-15T14:33:38","modified_gmt":"2025-07-15T12:33:38","slug":"pack-equilibri","status":"publish","type":"product","link":"https:\/\/mon.es\/ca\/producto\/pack-equilibri\/","title":{"rendered":"Pack equilibri"},"content":{"rendered":"<p data-start=\"56\" data-end=\"382\">Aquest pack est\u00e0 dissenyat per restaurar el teu equilibri emocional, reduir l&#8217;estr\u00e8s i promoure la calma interna. Amb olis essencials de <strong>lavanda<\/strong>, <strong>bergamota<\/strong> i <strong>mandarina<\/strong>, millora l&#8217;estat d&#8217;\u00e0nim, regula les emocions i fomenta el benestar. Ideal per aquells moments en qu\u00e8 necessites recuperar el teu equilibri i trobar serenitat.<\/p>\n<p data-start=\"384\" data-end=\"579\" data-is-last-node=\"\" data-is-only-node=\"\">El kit inclou <strong>300 ml d&#8217;oli d&#8217;ametlles<\/strong> de qualitat superior, ideal per preparar les teves mescles personalitzades o utilitzar al teu difusor, potenciant encara m\u00e9s els beneficis de l&#8217;aromater\u00e0pia.<\/p>\n","protected":false},"excerpt":{"rendered":"<p>Aquest pack est\u00e0 dissenyat per restaurar el teu equilibri emocional, reduir l&#8217;estr\u00e8s i promoure la calma interna. Amb olis essencials de lavanda, bergamota i mandarina, millora l&#8217;estat d&#8217;\u00e0nim, regula les emocions i fomenta el benestar. Ideal per aquells moments en qu\u00e8 necessites recuperar el teu equilibri i trobar serenitat. El kit inclou 300 ml d&#8217;oli [&hellip;]<\/p>\n","protected":false},"featured_media":68006,"comment_status":"open","ping_status":"closed","template":"","meta":{"inline_featured_image":false},"product_brand":[],"product_cat":[501,518],"product_tag":[],"producte_categoria":[],"class_list":{"0":"post-67451","1":"product","2":"type-product","3":"status-publish","4":"has-post-thumbnail","6":"product_cat-olis-essencials","7":"product_cat-sense-categoria","9":"first","10":"instock","11":"shipping-taxable","12":"purchasable","13":"product-type-simple"},"yoast_head":"<!-- This site is optimized with the Yoast SEO plugin v27.1.1 - https:\/\/yoast.com\/product\/yoast-seo-wordpress\/ -->\n<title>Pack equilibri - Cosm\u00e9tica natural y sostenible MON<\/title>\n<meta name=\"robots\" content=\"index, follow, max-snippet:-1, max-image-preview:large, max-video-preview:-1\" \/>\n<link rel=\"canonical\" href=\"https:\/\/mon.es\/ca\/producto\/pack-equilibri\/\" \/>\n<meta property=\"og:locale\" content=\"ca_ES\" \/>\n<meta property=\"og:type\" content=\"article\" \/>\n<meta property=\"og:title\" content=\"Pack equilibri - Cosm\u00e9tica natural y sostenible MON\" \/>\n<meta property=\"og:description\" content=\"Aquest pack est\u00e0 dissenyat per restaurar el teu equilibri emocional, reduir l&#8217;estr\u00e8s i promoure la calma interna. Amb olis essencials de lavanda, bergamota i mandarina, millora l&#8217;estat d&#8217;\u00e0nim, regula les emocions i fomenta el benestar. Ideal per aquells moments en qu\u00e8 necessites recuperar el teu equilibri i trobar serenitat. El kit inclou 300 ml d&#8217;oli [&hellip;]\" \/>\n<meta property=\"og:url\" content=\"https:\/\/mon.es\/ca\/producto\/pack-equilibri\/\" \/>\n<meta property=\"og:site_name\" content=\"MON\" \/>\n<meta property=\"article:modified_time\" content=\"2025-07-15T12:33:38+00:00\" \/>\n<meta property=\"og:image\" content=\"http:\/\/mon.es\/wp-content\/uploads\/2025\/03\/PACK-3-PACK-EQUILIBRIO-WEB.jpg\" \/>\n\t<meta property=\"og:image:width\" content=\"2242\" \/>\n\t<meta property=\"og:image:height\" content=\"2292\" \/>\n\t<meta property=\"og:image:type\" content=\"image\/jpeg\" \/>\n<meta name=\"twitter:card\" content=\"summary_large_image\" \/>\n<meta name=\"twitter:label1\" content=\"Temps estimat de lectura\" \/>\n\t<meta name=\"twitter:data1\" content=\"1 minut\" \/>\n<script type=\"application\/ld+json\" class=\"yoast-schema-graph\">{\"@context\":\"https:\/\/schema.org\",\"@graph\":[{\"@type\":\"WebPage\",\"@id\":\"https:\/\/mon.es\/ca\/producto\/pack-equilibri\/\",\"url\":\"https:\/\/mon.es\/ca\/producto\/pack-equilibri\/\",\"name\":\"Pack equilibri - Cosm\u00e9tica natural y sostenible MON\",\"isPartOf\":{\"@id\":\"https:\/\/mon.es\/#website\"},\"primaryImageOfPage\":{\"@id\":\"https:\/\/mon.es\/ca\/producto\/pack-equilibri\/#primaryimage\"},\"image\":{\"@id\":\"https:\/\/mon.es\/ca\/producto\/pack-equilibri\/#primaryimage\"},\"thumbnailUrl\":\"https:\/\/mon.es\/wp-content\/uploads\/2025\/03\/PACK-3-PACK-EQUILIBRIO-WEB.jpg\",\"datePublished\":\"2025-03-20T04:33:46+00:00\",\"dateModified\":\"2025-07-15T12:33:38+00:00\",\"breadcrumb\":{\"@id\":\"https:\/\/mon.es\/ca\/producto\/pack-equilibri\/#breadcrumb\"},\"inLanguage\":\"ca\",\"potentialAction\":[{\"@type\":\"ReadAction\",\"target\":[\"https:\/\/mon.es\/ca\/producto\/pack-equilibri\/\"]}]},{\"@type\":\"ImageObject\",\"inLanguage\":\"ca\",\"@id\":\"https:\/\/mon.es\/ca\/producto\/pack-equilibri\/#primaryimage\",\"url\":\"https:\/\/mon.es\/wp-content\/uploads\/2025\/03\/PACK-3-PACK-EQUILIBRIO-WEB.jpg\",\"contentUrl\":\"https:\/\/mon.es\/wp-content\/uploads\/2025\/03\/PACK-3-PACK-EQUILIBRIO-WEB.jpg\",\"width\":2242,\"height\":2292},{\"@type\":\"BreadcrumbList\",\"@id\":\"https:\/\/mon.es\/ca\/producto\/pack-equilibri\/#breadcrumb\",\"itemListElement\":[{\"@type\":\"ListItem\",\"position\":1,\"name\":\"Portada\",\"item\":\"https:\/\/mon.es\/ca\/\"},{\"@type\":\"ListItem\",\"position\":2,\"name\":\"Botiga\",\"item\":\"https:\/\/mon.es\/ca\/botiga\/\"},{\"@type\":\"ListItem\",\"position\":3,\"name\":\"Pack equilibri\"}]},{\"@type\":\"WebSite\",\"@id\":\"https:\/\/mon.es\/#website\",\"url\":\"https:\/\/mon.es\/\",\"name\":\"MON\",\"description\":\"Natural cosmetics\",\"publisher\":{\"@id\":\"https:\/\/mon.es\/#organization\"},\"potentialAction\":[{\"@type\":\"SearchAction\",\"target\":{\"@type\":\"EntryPoint\",\"urlTemplate\":\"https:\/\/mon.es\/?s={search_term_string}\"},\"query-input\":{\"@type\":\"PropertyValueSpecification\",\"valueRequired\":true,\"valueName\":\"search_term_string\"}}],\"inLanguage\":\"ca\"},{\"@type\":\"Organization\",\"@id\":\"https:\/\/mon.es\/#organization\",\"name\":\"MON\",\"url\":\"https:\/\/mon.es\/\",\"logo\":{\"@type\":\"ImageObject\",\"inLanguage\":\"ca\",\"@id\":\"https:\/\/mon.es\/#\/schema\/logo\/image\/\",\"url\":\"https:\/\/mon.es\/wp-content\/uploads\/2018\/11\/logo_mon.png\",\"contentUrl\":\"https:\/\/mon.es\/wp-content\/uploads\/2018\/11\/logo_mon.png\",\"width\":424,\"height\":132,\"caption\":\"MON\"},\"image\":{\"@id\":\"https:\/\/mon.es\/#\/schema\/logo\/image\/\"}}]}<\/script>\n<!-- \/ Yoast SEO plugin. -->","yoast_head_json":{"title":"Pack equilibri - Cosm\u00e9tica natural y sostenible MON","robots":{"index":"index","follow":"follow","max-snippet":"max-snippet:-1","max-image-preview":"max-image-preview:large","max-video-preview":"max-video-preview:-1"},"canonical":"https:\/\/mon.es\/ca\/producto\/pack-equilibri\/","og_locale":"ca_ES","og_type":"article","og_title":"Pack equilibri - Cosm\u00e9tica natural y sostenible MON","og_description":"Aquest pack est\u00e0 dissenyat per restaurar el teu equilibri emocional, reduir l&#8217;estr\u00e8s i promoure la calma interna. Amb olis essencials de lavanda, bergamota i mandarina, millora l&#8217;estat d&#8217;\u00e0nim, regula les emocions i fomenta el benestar. Ideal per aquells moments en qu\u00e8 necessites recuperar el teu equilibri i trobar serenitat. El kit inclou 300 ml d&#8217;oli [&hellip;]","og_url":"https:\/\/mon.es\/ca\/producto\/pack-equilibri\/","og_site_name":"MON","article_modified_time":"2025-07-15T12:33:38+00:00","og_image":[{"width":2242,"height":2292,"url":"http:\/\/mon.es\/wp-content\/uploads\/2025\/03\/PACK-3-PACK-EQUILIBRIO-WEB.jpg","type":"image\/jpeg"}],"twitter_card":"summary_large_image","twitter_misc":{"Temps estimat de lectura":"1 minut"},"schema":{"@context":"https:\/\/schema.org","@graph":[{"@type":"WebPage","@id":"https:\/\/mon.es\/ca\/producto\/pack-equilibri\/","url":"https:\/\/mon.es\/ca\/producto\/pack-equilibri\/","name":"Pack equilibri - Cosm\u00e9tica natural y sostenible MON","isPartOf":{"@id":"https:\/\/mon.es\/#website"},"primaryImageOfPage":{"@id":"https:\/\/mon.es\/ca\/producto\/pack-equilibri\/#primaryimage"},"image":{"@id":"https:\/\/mon.es\/ca\/producto\/pack-equilibri\/#primaryimage"},"thumbnailUrl":"https:\/\/mon.es\/wp-content\/uploads\/2025\/03\/PACK-3-PACK-EQUILIBRIO-WEB.jpg","datePublished":"2025-03-20T04:33:46+00:00","dateModified":"2025-07-15T12:33:38+00:00","breadcrumb":{"@id":"https:\/\/mon.es\/ca\/producto\/pack-equilibri\/#breadcrumb"},"inLanguage":"ca","potentialAction":[{"@type":"ReadAction","target":["https:\/\/mon.es\/ca\/producto\/pack-equilibri\/"]}]},{"@type":"ImageObject","inLanguage":"ca","@id":"https:\/\/mon.es\/ca\/producto\/pack-equilibri\/#primaryimage","url":"https:\/\/mon.es\/wp-content\/uploads\/2025\/03\/PACK-3-PACK-EQUILIBRIO-WEB.jpg","contentUrl":"https:\/\/mon.es\/wp-content\/uploads\/2025\/03\/PACK-3-PACK-EQUILIBRIO-WEB.jpg","width":2242,"height":2292},{"@type":"BreadcrumbList","@id":"https:\/\/mon.es\/ca\/producto\/pack-equilibri\/#breadcrumb","itemListElement":[{"@type":"ListItem","position":1,"name":"Portada","item":"https:\/\/mon.es\/ca\/"},{"@type":"ListItem","position":2,"name":"Botiga","item":"https:\/\/mon.es\/ca\/botiga\/"},{"@type":"ListItem","position":3,"name":"Pack equilibri"}]},{"@type":"WebSite","@id":"https:\/\/mon.es\/#website","url":"https:\/\/mon.es\/","name":"MON","description":"Natural cosmetics","publisher":{"@id":"https:\/\/mon.es\/#organization"},"potentialAction":[{"@type":"SearchAction","target":{"@type":"EntryPoint","urlTemplate":"https:\/\/mon.es\/?s={search_term_string}"},"query-input":{"@type":"PropertyValueSpecification","valueRequired":true,"valueName":"search_term_string"}}],"inLanguage":"ca"},{"@type":"Organization","@id":"https:\/\/mon.es\/#organization","name":"MON","url":"https:\/\/mon.es\/","logo":{"@type":"ImageObject","inLanguage":"ca","@id":"https:\/\/mon.es\/#\/schema\/logo\/image\/","url":"https:\/\/mon.es\/wp-content\/uploads\/2018\/11\/logo_mon.png","contentUrl":"https:\/\/mon.es\/wp-content\/uploads\/2018\/11\/logo_mon.png","width":424,"height":132,"caption":"MON"},"image":{"@id":"https:\/\/mon.es\/#\/schema\/logo\/image\/"}}]}},"_links":{"self":[{"href":"https:\/\/mon.es\/ca\/wp-json\/wp\/v2\/product\/67451","targetHints":{"allow":["GET"]}}],"collection":[{"href":"https:\/\/mon.es\/ca\/wp-json\/wp\/v2\/product"}],"about":[{"href":"https:\/\/mon.es\/ca\/wp-json\/wp\/v2\/types\/product"}],"replies":[{"embeddable":true,"href":"https:\/\/mon.es\/ca\/wp-json\/wp\/v2\/comments?post=67451"}],"wp:featuredmedia":[{"embeddable":true,"href":"https:\/\/mon.es\/ca\/wp-json\/wp\/v2\/media\/68006"}],"wp:attachment":[{"href":"https:\/\/mon.es\/ca\/wp-json\/wp\/v2\/media?parent=67451"}],"wp:term":[{"taxonomy":"product_brand","embeddable":true,"href":"https:\/\/mon.es\/ca\/wp-json\/wp\/v2\/product_brand?post=67451"},{"taxonomy":"product_cat","embeddable":true,"href":"https:\/\/mon.es\/ca\/wp-json\/wp\/v2\/product_cat?post=67451"},{"taxonomy":"product_tag","embeddable":true,"href":"https:\/\/mon.es\/ca\/wp-json\/wp\/v2\/product_tag?post=67451"},{"taxonomy":"producte_categoria","embeddable":true,"href":"https:\/\/mon.es\/ca\/wp-json\/wp\/v2\/producte_categoria?post=67451"}],"curies":[{"name":"wp","href":"https:\/\/api.w.org\/{rel}","templated":true}]}}