

{"id":67080,"date":"2025-03-20T05:42:32","date_gmt":"2025-03-20T04:42:32","guid":{"rendered":"https:\/\/mon.es\/?post_type=product&#038;p=67080"},"modified":"2025-07-15T14:42:06","modified_gmt":"2025-07-15T12:42:06","slug":"pack-energia-i-vitalitat","status":"publish","type":"product","link":"https:\/\/mon.es\/ca\/producto\/pack-energia-i-vitalitat\/","title":{"rendered":"Pack energia i vitalitat"},"content":{"rendered":"<p data-start=\"79\" data-end=\"325\">Desperta els teus sentits i revitalitza el teu cos i ment amb aquest kit \u00fanic d&#8217;olis essencials de <strong>llimona<\/strong>, <strong>menta<\/strong> i <strong>canyella<\/strong>. Aquesta combinaci\u00f3 potent t&#8217;ofereix una experi\u00e8ncia energ\u00e8tica, fresca i estimulant per comen\u00e7ar el dia amb vitalitat.<\/p>\n<p data-start=\"327\" data-end=\"517\" data-is-last-node=\"\" data-is-only-node=\"\">El kit inclou <strong>300 ml d&#8217;oli d&#8217;ametlles<\/strong> d&#8217;alta qualitat, ideal per preparar les teves mescles personalitzades o utilitzar al teu difusor, potenciant encara m\u00e9s els beneficis de l&#8217;aromater\u00e0pia.<\/p>\n","protected":false},"excerpt":{"rendered":"<p>Desperta els teus sentits i revitalitza el teu cos i ment amb aquest kit \u00fanic d&#8217;olis essencials de llimona, menta i canyella. Aquesta combinaci\u00f3 potent t&#8217;ofereix una experi\u00e8ncia energ\u00e8tica, fresca i estimulant per comen\u00e7ar el dia amb vitalitat. El kit inclou 300 ml d&#8217;oli d&#8217;ametlles d&#8217;alta qualitat, ideal per preparar les teves mescles personalitzades o [&hellip;]<\/p>\n","protected":false},"featured_media":67942,"comment_status":"open","ping_status":"closed","template":"","meta":{"inline_featured_image":false},"product_brand":[],"product_cat":[501,518],"product_tag":[],"producte_categoria":[],"class_list":{"0":"post-67080","1":"product","2":"type-product","3":"status-publish","4":"has-post-thumbnail","6":"product_cat-olis-essencials","7":"product_cat-sense-categoria","9":"first","10":"instock","11":"shipping-taxable","12":"purchasable","13":"product-type-simple"},"yoast_head":"<!-- This site is optimized with the Yoast SEO plugin v27.1.1 - https:\/\/yoast.com\/product\/yoast-seo-wordpress\/ -->\n<title>Pack energia i vitalitat - Cosm\u00e9tica natural y sostenible MON<\/title>\n<meta name=\"robots\" content=\"index, follow, max-snippet:-1, max-image-preview:large, max-video-preview:-1\" \/>\n<link rel=\"canonical\" href=\"https:\/\/mon.es\/ca\/producto\/pack-energia-i-vitalitat\/\" \/>\n<meta property=\"og:locale\" content=\"ca_ES\" \/>\n<meta property=\"og:type\" content=\"article\" \/>\n<meta property=\"og:title\" content=\"Pack energia i vitalitat - Cosm\u00e9tica natural y sostenible MON\" \/>\n<meta property=\"og:description\" content=\"Desperta els teus sentits i revitalitza el teu cos i ment amb aquest kit \u00fanic d&#8217;olis essencials de llimona, menta i canyella. Aquesta combinaci\u00f3 potent t&#8217;ofereix una experi\u00e8ncia energ\u00e8tica, fresca i estimulant per comen\u00e7ar el dia amb vitalitat. El kit inclou 300 ml d&#8217;oli d&#8217;ametlles d&#8217;alta qualitat, ideal per preparar les teves mescles personalitzades o [&hellip;]\" \/>\n<meta property=\"og:url\" content=\"https:\/\/mon.es\/ca\/producto\/pack-energia-i-vitalitat\/\" \/>\n<meta property=\"og:site_name\" content=\"MON\" \/>\n<meta property=\"article:modified_time\" content=\"2025-07-15T12:42:06+00:00\" \/>\n<meta property=\"og:image\" content=\"http:\/\/mon.es\/wp-content\/uploads\/2025\/03\/PACK-1-ENERGIA-Y-VITALIDAD-FONDO-BALNCO-CON-REFLEJOS.jpg\" \/>\n\t<meta property=\"og:image:width\" content=\"2242\" \/>\n\t<meta property=\"og:image:height\" content=\"2292\" \/>\n\t<meta property=\"og:image:type\" content=\"image\/jpeg\" \/>\n<meta name=\"twitter:card\" content=\"summary_large_image\" \/>\n<meta name=\"twitter:label1\" content=\"Temps estimat de lectura\" \/>\n\t<meta name=\"twitter:data1\" content=\"1 minut\" \/>\n<script type=\"application\/ld+json\" class=\"yoast-schema-graph\">{\"@context\":\"https:\/\/schema.org\",\"@graph\":[{\"@type\":\"WebPage\",\"@id\":\"https:\/\/mon.es\/ca\/producto\/pack-energia-i-vitalitat\/\",\"url\":\"https:\/\/mon.es\/ca\/producto\/pack-energia-i-vitalitat\/\",\"name\":\"Pack energia i vitalitat - Cosm\u00e9tica natural y sostenible MON\",\"isPartOf\":{\"@id\":\"https:\/\/mon.es\/#website\"},\"primaryImageOfPage\":{\"@id\":\"https:\/\/mon.es\/ca\/producto\/pack-energia-i-vitalitat\/#primaryimage\"},\"image\":{\"@id\":\"https:\/\/mon.es\/ca\/producto\/pack-energia-i-vitalitat\/#primaryimage\"},\"thumbnailUrl\":\"https:\/\/mon.es\/wp-content\/uploads\/2025\/03\/PACK-1-ENERGIA-Y-VITALIDAD-FONDO-BALNCO-CON-REFLEJOS.jpg\",\"datePublished\":\"2025-03-20T04:42:32+00:00\",\"dateModified\":\"2025-07-15T12:42:06+00:00\",\"breadcrumb\":{\"@id\":\"https:\/\/mon.es\/ca\/producto\/pack-energia-i-vitalitat\/#breadcrumb\"},\"inLanguage\":\"ca\",\"potentialAction\":[{\"@type\":\"ReadAction\",\"target\":[\"https:\/\/mon.es\/ca\/producto\/pack-energia-i-vitalitat\/\"]}]},{\"@type\":\"ImageObject\",\"inLanguage\":\"ca\",\"@id\":\"https:\/\/mon.es\/ca\/producto\/pack-energia-i-vitalitat\/#primaryimage\",\"url\":\"https:\/\/mon.es\/wp-content\/uploads\/2025\/03\/PACK-1-ENERGIA-Y-VITALIDAD-FONDO-BALNCO-CON-REFLEJOS.jpg\",\"contentUrl\":\"https:\/\/mon.es\/wp-content\/uploads\/2025\/03\/PACK-1-ENERGIA-Y-VITALIDAD-FONDO-BALNCO-CON-REFLEJOS.jpg\",\"width\":2242,\"height\":2292},{\"@type\":\"BreadcrumbList\",\"@id\":\"https:\/\/mon.es\/ca\/producto\/pack-energia-i-vitalitat\/#breadcrumb\",\"itemListElement\":[{\"@type\":\"ListItem\",\"position\":1,\"name\":\"Portada\",\"item\":\"https:\/\/mon.es\/ca\/\"},{\"@type\":\"ListItem\",\"position\":2,\"name\":\"Botiga\",\"item\":\"https:\/\/mon.es\/ca\/botiga\/\"},{\"@type\":\"ListItem\",\"position\":3,\"name\":\"Pack energia i vitalitat\"}]},{\"@type\":\"WebSite\",\"@id\":\"https:\/\/mon.es\/#website\",\"url\":\"https:\/\/mon.es\/\",\"name\":\"MON\",\"description\":\"Natural cosmetics\",\"publisher\":{\"@id\":\"https:\/\/mon.es\/#organization\"},\"potentialAction\":[{\"@type\":\"SearchAction\",\"target\":{\"@type\":\"EntryPoint\",\"urlTemplate\":\"https:\/\/mon.es\/?s={search_term_string}\"},\"query-input\":{\"@type\":\"PropertyValueSpecification\",\"valueRequired\":true,\"valueName\":\"search_term_string\"}}],\"inLanguage\":\"ca\"},{\"@type\":\"Organization\",\"@id\":\"https:\/\/mon.es\/#organization\",\"name\":\"MON\",\"url\":\"https:\/\/mon.es\/\",\"logo\":{\"@type\":\"ImageObject\",\"inLanguage\":\"ca\",\"@id\":\"https:\/\/mon.es\/#\/schema\/logo\/image\/\",\"url\":\"https:\/\/mon.es\/wp-content\/uploads\/2018\/11\/logo_mon.png\",\"contentUrl\":\"https:\/\/mon.es\/wp-content\/uploads\/2018\/11\/logo_mon.png\",\"width\":424,\"height\":132,\"caption\":\"MON\"},\"image\":{\"@id\":\"https:\/\/mon.es\/#\/schema\/logo\/image\/\"}}]}<\/script>\n<!-- \/ Yoast SEO plugin. -->","yoast_head_json":{"title":"Pack energia i vitalitat - Cosm\u00e9tica natural y sostenible MON","robots":{"index":"index","follow":"follow","max-snippet":"max-snippet:-1","max-image-preview":"max-image-preview:large","max-video-preview":"max-video-preview:-1"},"canonical":"https:\/\/mon.es\/ca\/producto\/pack-energia-i-vitalitat\/","og_locale":"ca_ES","og_type":"article","og_title":"Pack energia i vitalitat - Cosm\u00e9tica natural y sostenible MON","og_description":"Desperta els teus sentits i revitalitza el teu cos i ment amb aquest kit \u00fanic d&#8217;olis essencials de llimona, menta i canyella. Aquesta combinaci\u00f3 potent t&#8217;ofereix una experi\u00e8ncia energ\u00e8tica, fresca i estimulant per comen\u00e7ar el dia amb vitalitat. El kit inclou 300 ml d&#8217;oli d&#8217;ametlles d&#8217;alta qualitat, ideal per preparar les teves mescles personalitzades o [&hellip;]","og_url":"https:\/\/mon.es\/ca\/producto\/pack-energia-i-vitalitat\/","og_site_name":"MON","article_modified_time":"2025-07-15T12:42:06+00:00","og_image":[{"width":2242,"height":2292,"url":"http:\/\/mon.es\/wp-content\/uploads\/2025\/03\/PACK-1-ENERGIA-Y-VITALIDAD-FONDO-BALNCO-CON-REFLEJOS.jpg","type":"image\/jpeg"}],"twitter_card":"summary_large_image","twitter_misc":{"Temps estimat de lectura":"1 minut"},"schema":{"@context":"https:\/\/schema.org","@graph":[{"@type":"WebPage","@id":"https:\/\/mon.es\/ca\/producto\/pack-energia-i-vitalitat\/","url":"https:\/\/mon.es\/ca\/producto\/pack-energia-i-vitalitat\/","name":"Pack energia i vitalitat - Cosm\u00e9tica natural y sostenible MON","isPartOf":{"@id":"https:\/\/mon.es\/#website"},"primaryImageOfPage":{"@id":"https:\/\/mon.es\/ca\/producto\/pack-energia-i-vitalitat\/#primaryimage"},"image":{"@id":"https:\/\/mon.es\/ca\/producto\/pack-energia-i-vitalitat\/#primaryimage"},"thumbnailUrl":"https:\/\/mon.es\/wp-content\/uploads\/2025\/03\/PACK-1-ENERGIA-Y-VITALIDAD-FONDO-BALNCO-CON-REFLEJOS.jpg","datePublished":"2025-03-20T04:42:32+00:00","dateModified":"2025-07-15T12:42:06+00:00","breadcrumb":{"@id":"https:\/\/mon.es\/ca\/producto\/pack-energia-i-vitalitat\/#breadcrumb"},"inLanguage":"ca","potentialAction":[{"@type":"ReadAction","target":["https:\/\/mon.es\/ca\/producto\/pack-energia-i-vitalitat\/"]}]},{"@type":"ImageObject","inLanguage":"ca","@id":"https:\/\/mon.es\/ca\/producto\/pack-energia-i-vitalitat\/#primaryimage","url":"https:\/\/mon.es\/wp-content\/uploads\/2025\/03\/PACK-1-ENERGIA-Y-VITALIDAD-FONDO-BALNCO-CON-REFLEJOS.jpg","contentUrl":"https:\/\/mon.es\/wp-content\/uploads\/2025\/03\/PACK-1-ENERGIA-Y-VITALIDAD-FONDO-BALNCO-CON-REFLEJOS.jpg","width":2242,"height":2292},{"@type":"BreadcrumbList","@id":"https:\/\/mon.es\/ca\/producto\/pack-energia-i-vitalitat\/#breadcrumb","itemListElement":[{"@type":"ListItem","position":1,"name":"Portada","item":"https:\/\/mon.es\/ca\/"},{"@type":"ListItem","position":2,"name":"Botiga","item":"https:\/\/mon.es\/ca\/botiga\/"},{"@type":"ListItem","position":3,"name":"Pack energia i vitalitat"}]},{"@type":"WebSite","@id":"https:\/\/mon.es\/#website","url":"https:\/\/mon.es\/","name":"MON","description":"Natural cosmetics","publisher":{"@id":"https:\/\/mon.es\/#organization"},"potentialAction":[{"@type":"SearchAction","target":{"@type":"EntryPoint","urlTemplate":"https:\/\/mon.es\/?s={search_term_string}"},"query-input":{"@type":"PropertyValueSpecification","valueRequired":true,"valueName":"search_term_string"}}],"inLanguage":"ca"},{"@type":"Organization","@id":"https:\/\/mon.es\/#organization","name":"MON","url":"https:\/\/mon.es\/","logo":{"@type":"ImageObject","inLanguage":"ca","@id":"https:\/\/mon.es\/#\/schema\/logo\/image\/","url":"https:\/\/mon.es\/wp-content\/uploads\/2018\/11\/logo_mon.png","contentUrl":"https:\/\/mon.es\/wp-content\/uploads\/2018\/11\/logo_mon.png","width":424,"height":132,"caption":"MON"},"image":{"@id":"https:\/\/mon.es\/#\/schema\/logo\/image\/"}}]}},"_links":{"self":[{"href":"https:\/\/mon.es\/ca\/wp-json\/wp\/v2\/product\/67080","targetHints":{"allow":["GET"]}}],"collection":[{"href":"https:\/\/mon.es\/ca\/wp-json\/wp\/v2\/product"}],"about":[{"href":"https:\/\/mon.es\/ca\/wp-json\/wp\/v2\/types\/product"}],"replies":[{"embeddable":true,"href":"https:\/\/mon.es\/ca\/wp-json\/wp\/v2\/comments?post=67080"}],"wp:featuredmedia":[{"embeddable":true,"href":"https:\/\/mon.es\/ca\/wp-json\/wp\/v2\/media\/67942"}],"wp:attachment":[{"href":"https:\/\/mon.es\/ca\/wp-json\/wp\/v2\/media?parent=67080"}],"wp:term":[{"taxonomy":"product_brand","embeddable":true,"href":"https:\/\/mon.es\/ca\/wp-json\/wp\/v2\/product_brand?post=67080"},{"taxonomy":"product_cat","embeddable":true,"href":"https:\/\/mon.es\/ca\/wp-json\/wp\/v2\/product_cat?post=67080"},{"taxonomy":"product_tag","embeddable":true,"href":"https:\/\/mon.es\/ca\/wp-json\/wp\/v2\/product_tag?post=67080"},{"taxonomy":"producte_categoria","embeddable":true,"href":"https:\/\/mon.es\/ca\/wp-json\/wp\/v2\/producte_categoria?post=67080"}],"curies":[{"name":"wp","href":"https:\/\/api.w.org\/{rel}","templated":true}]}}