

{"id":48586,"date":"2023-04-18T10:13:32","date_gmt":"2023-04-18T08:13:32","guid":{"rendered":"https:\/\/mon.es\/?post_type=product&#038;p=48586"},"modified":"2025-11-18T08:23:21","modified_gmt":"2025-11-18T06:23:21","slug":"ritual-rosa","status":"publish","type":"product","link":"https:\/\/mon.es\/ca\/producto\/ritual-rosa\/","title":{"rendered":"Ritual de la Rosa"},"content":{"rendered":"<p class=\"Cuerpo\"><span lang=\"ES-TRAD\" style=\"font-size: 12.0pt;\">La Rosa, la reina de les flors, \u00e9s la flor amb m\u00e9s vibraci\u00f3. Amb la seva ess\u00e8ncia potenciarem l&#8217;energia femenina, la intu\u00efci\u00f3, el poder d&#8217;atracci\u00f3 i de creaci\u00f3. <\/span><\/p>\n<p class=\"Cuerpo\"><span lang=\"ES-TRAD\" style=\"font-size: 12.0pt;\">A la primavera, l&#8217;energia femenina floreix i \u00e9s important aprofitar per despertar el benestar, la confian\u00e7a en una mateixa i sentir-se millor. <\/span><\/p>\n","protected":false},"excerpt":{"rendered":"<p>La Rosa, la reina de les flors, \u00e9s la flor amb m\u00e9s vibraci\u00f3. Amb la seva ess\u00e8ncia potenciarem l&#8217;energia femenina, la intu\u00efci\u00f3, el poder d&#8217;atracci\u00f3 i de creaci\u00f3. A la primavera, l&#8217;energia femenina floreix i \u00e9s important aprofitar per despertar el benestar, la confian\u00e7a en una mateixa i sentir-se millor.<\/p>\n","protected":false},"featured_media":58083,"comment_status":"open","ping_status":"closed","template":"","meta":{"inline_featured_image":false},"product_brand":[],"product_cat":[506,510],"product_tag":[590],"producte_categoria":[],"class_list":{"0":"post-48586","1":"product","2":"type-product","3":"status-publish","4":"has-post-thumbnail","6":"product_cat-cosmetica-natural-per-a-la-cara","7":"product_cat-tractaments-naturals-per-a-la-cara","8":"product_tag-purificant","10":"first","11":"instock","12":"shipping-taxable","13":"purchasable","14":"product-type-simple"},"yoast_head":"<!-- This site is optimized with the Yoast SEO plugin v27.1.1 - https:\/\/yoast.com\/product\/yoast-seo-wordpress\/ -->\n<title>Ritual de la Rosa - Cosm\u00e8tica Natural MON<\/title>\n<meta name=\"description\" content=\"La Rosa, amb la seva ess\u00e8ncia, potenciarem l&#039;energia femenina, la intu\u00efci\u00f3, el poder d&#039;atracci\u00f3 i de creaci\u00f3. Mar\u00eda Nieto, ...\" \/>\n<meta name=\"robots\" content=\"index, follow, max-snippet:-1, max-image-preview:large, max-video-preview:-1\" \/>\n<link rel=\"canonical\" href=\"https:\/\/mon.es\/ca\/producto\/ritual-rosa\/\" \/>\n<meta property=\"og:locale\" content=\"ca_ES\" \/>\n<meta property=\"og:type\" content=\"article\" \/>\n<meta property=\"og:title\" content=\"Ritual de la Rosa - Cosm\u00e8tica Natural MON\" \/>\n<meta property=\"og:description\" content=\"La Rosa, amb la seva ess\u00e8ncia, potenciarem l&#039;energia femenina, la intu\u00efci\u00f3, el poder d&#039;atracci\u00f3 i de creaci\u00f3. Mar\u00eda Nieto, ...\" \/>\n<meta property=\"og:url\" content=\"https:\/\/mon.es\/ca\/producto\/ritual-rosa\/\" \/>\n<meta property=\"og:site_name\" content=\"MON\" \/>\n<meta property=\"article:modified_time\" content=\"2025-11-18T06:23:21+00:00\" \/>\n<meta property=\"og:image\" content=\"http:\/\/mon.es\/wp-content\/uploads\/2023\/04\/Rosa.png\" \/>\n\t<meta property=\"og:image:width\" content=\"2048\" \/>\n\t<meta property=\"og:image:height\" content=\"2048\" \/>\n\t<meta property=\"og:image:type\" content=\"image\/png\" \/>\n<meta name=\"twitter:card\" content=\"summary_large_image\" \/>\n<meta name=\"twitter:label1\" content=\"Temps estimat de lectura\" \/>\n\t<meta name=\"twitter:data1\" content=\"1 minut\" \/>\n<script type=\"application\/ld+json\" class=\"yoast-schema-graph\">{\"@context\":\"https:\/\/schema.org\",\"@graph\":[{\"@type\":\"WebPage\",\"@id\":\"https:\/\/mon.es\/ca\/producto\/ritual-rosa\/\",\"url\":\"https:\/\/mon.es\/ca\/producto\/ritual-rosa\/\",\"name\":\"Ritual de la Rosa - Cosm\u00e8tica Natural MON\",\"isPartOf\":{\"@id\":\"https:\/\/mon.es\/#website\"},\"primaryImageOfPage\":{\"@id\":\"https:\/\/mon.es\/ca\/producto\/ritual-rosa\/#primaryimage\"},\"image\":{\"@id\":\"https:\/\/mon.es\/ca\/producto\/ritual-rosa\/#primaryimage\"},\"thumbnailUrl\":\"https:\/\/mon.es\/wp-content\/uploads\/2023\/04\/Rosa.png\",\"datePublished\":\"2023-04-18T08:13:32+00:00\",\"dateModified\":\"2025-11-18T06:23:21+00:00\",\"description\":\"La Rosa, amb la seva ess\u00e8ncia, potenciarem l'energia femenina, la intu\u00efci\u00f3, el poder d'atracci\u00f3 i de creaci\u00f3. Mar\u00eda Nieto, ...\",\"breadcrumb\":{\"@id\":\"https:\/\/mon.es\/ca\/producto\/ritual-rosa\/#breadcrumb\"},\"inLanguage\":\"ca\",\"potentialAction\":[{\"@type\":\"ReadAction\",\"target\":[\"https:\/\/mon.es\/ca\/producto\/ritual-rosa\/\"]}]},{\"@type\":\"ImageObject\",\"inLanguage\":\"ca\",\"@id\":\"https:\/\/mon.es\/ca\/producto\/ritual-rosa\/#primaryimage\",\"url\":\"https:\/\/mon.es\/wp-content\/uploads\/2023\/04\/Rosa.png\",\"contentUrl\":\"https:\/\/mon.es\/wp-content\/uploads\/2023\/04\/Rosa.png\",\"width\":2048,\"height\":2048},{\"@type\":\"BreadcrumbList\",\"@id\":\"https:\/\/mon.es\/ca\/producto\/ritual-rosa\/#breadcrumb\",\"itemListElement\":[{\"@type\":\"ListItem\",\"position\":1,\"name\":\"Portada\",\"item\":\"https:\/\/mon.es\/ca\/\"},{\"@type\":\"ListItem\",\"position\":2,\"name\":\"Botiga\",\"item\":\"https:\/\/mon.es\/ca\/botiga\/\"},{\"@type\":\"ListItem\",\"position\":3,\"name\":\"Ritual de la Rosa\"}]},{\"@type\":\"WebSite\",\"@id\":\"https:\/\/mon.es\/#website\",\"url\":\"https:\/\/mon.es\/\",\"name\":\"MON\",\"description\":\"Natural cosmetics\",\"publisher\":{\"@id\":\"https:\/\/mon.es\/#organization\"},\"potentialAction\":[{\"@type\":\"SearchAction\",\"target\":{\"@type\":\"EntryPoint\",\"urlTemplate\":\"https:\/\/mon.es\/?s={search_term_string}\"},\"query-input\":{\"@type\":\"PropertyValueSpecification\",\"valueRequired\":true,\"valueName\":\"search_term_string\"}}],\"inLanguage\":\"ca\"},{\"@type\":\"Organization\",\"@id\":\"https:\/\/mon.es\/#organization\",\"name\":\"MON\",\"url\":\"https:\/\/mon.es\/\",\"logo\":{\"@type\":\"ImageObject\",\"inLanguage\":\"ca\",\"@id\":\"https:\/\/mon.es\/#\/schema\/logo\/image\/\",\"url\":\"https:\/\/mon.es\/wp-content\/uploads\/2018\/11\/logo_mon.png\",\"contentUrl\":\"https:\/\/mon.es\/wp-content\/uploads\/2018\/11\/logo_mon.png\",\"width\":424,\"height\":132,\"caption\":\"MON\"},\"image\":{\"@id\":\"https:\/\/mon.es\/#\/schema\/logo\/image\/\"}}]}<\/script>\n<!-- \/ Yoast SEO plugin. -->","yoast_head_json":{"title":"Ritual de la Rosa - Cosm\u00e8tica Natural MON","description":"La Rosa, amb la seva ess\u00e8ncia, potenciarem l'energia femenina, la intu\u00efci\u00f3, el poder d'atracci\u00f3 i de creaci\u00f3. Mar\u00eda Nieto, ...","robots":{"index":"index","follow":"follow","max-snippet":"max-snippet:-1","max-image-preview":"max-image-preview:large","max-video-preview":"max-video-preview:-1"},"canonical":"https:\/\/mon.es\/ca\/producto\/ritual-rosa\/","og_locale":"ca_ES","og_type":"article","og_title":"Ritual de la Rosa - Cosm\u00e8tica Natural MON","og_description":"La Rosa, amb la seva ess\u00e8ncia, potenciarem l'energia femenina, la intu\u00efci\u00f3, el poder d'atracci\u00f3 i de creaci\u00f3. Mar\u00eda Nieto, ...","og_url":"https:\/\/mon.es\/ca\/producto\/ritual-rosa\/","og_site_name":"MON","article_modified_time":"2025-11-18T06:23:21+00:00","og_image":[{"width":2048,"height":2048,"url":"http:\/\/mon.es\/wp-content\/uploads\/2023\/04\/Rosa.png","type":"image\/png"}],"twitter_card":"summary_large_image","twitter_misc":{"Temps estimat de lectura":"1 minut"},"schema":{"@context":"https:\/\/schema.org","@graph":[{"@type":"WebPage","@id":"https:\/\/mon.es\/ca\/producto\/ritual-rosa\/","url":"https:\/\/mon.es\/ca\/producto\/ritual-rosa\/","name":"Ritual de la Rosa - Cosm\u00e8tica Natural MON","isPartOf":{"@id":"https:\/\/mon.es\/#website"},"primaryImageOfPage":{"@id":"https:\/\/mon.es\/ca\/producto\/ritual-rosa\/#primaryimage"},"image":{"@id":"https:\/\/mon.es\/ca\/producto\/ritual-rosa\/#primaryimage"},"thumbnailUrl":"https:\/\/mon.es\/wp-content\/uploads\/2023\/04\/Rosa.png","datePublished":"2023-04-18T08:13:32+00:00","dateModified":"2025-11-18T06:23:21+00:00","description":"La Rosa, amb la seva ess\u00e8ncia, potenciarem l'energia femenina, la intu\u00efci\u00f3, el poder d'atracci\u00f3 i de creaci\u00f3. Mar\u00eda Nieto, ...","breadcrumb":{"@id":"https:\/\/mon.es\/ca\/producto\/ritual-rosa\/#breadcrumb"},"inLanguage":"ca","potentialAction":[{"@type":"ReadAction","target":["https:\/\/mon.es\/ca\/producto\/ritual-rosa\/"]}]},{"@type":"ImageObject","inLanguage":"ca","@id":"https:\/\/mon.es\/ca\/producto\/ritual-rosa\/#primaryimage","url":"https:\/\/mon.es\/wp-content\/uploads\/2023\/04\/Rosa.png","contentUrl":"https:\/\/mon.es\/wp-content\/uploads\/2023\/04\/Rosa.png","width":2048,"height":2048},{"@type":"BreadcrumbList","@id":"https:\/\/mon.es\/ca\/producto\/ritual-rosa\/#breadcrumb","itemListElement":[{"@type":"ListItem","position":1,"name":"Portada","item":"https:\/\/mon.es\/ca\/"},{"@type":"ListItem","position":2,"name":"Botiga","item":"https:\/\/mon.es\/ca\/botiga\/"},{"@type":"ListItem","position":3,"name":"Ritual de la Rosa"}]},{"@type":"WebSite","@id":"https:\/\/mon.es\/#website","url":"https:\/\/mon.es\/","name":"MON","description":"Natural cosmetics","publisher":{"@id":"https:\/\/mon.es\/#organization"},"potentialAction":[{"@type":"SearchAction","target":{"@type":"EntryPoint","urlTemplate":"https:\/\/mon.es\/?s={search_term_string}"},"query-input":{"@type":"PropertyValueSpecification","valueRequired":true,"valueName":"search_term_string"}}],"inLanguage":"ca"},{"@type":"Organization","@id":"https:\/\/mon.es\/#organization","name":"MON","url":"https:\/\/mon.es\/","logo":{"@type":"ImageObject","inLanguage":"ca","@id":"https:\/\/mon.es\/#\/schema\/logo\/image\/","url":"https:\/\/mon.es\/wp-content\/uploads\/2018\/11\/logo_mon.png","contentUrl":"https:\/\/mon.es\/wp-content\/uploads\/2018\/11\/logo_mon.png","width":424,"height":132,"caption":"MON"},"image":{"@id":"https:\/\/mon.es\/#\/schema\/logo\/image\/"}}]}},"_links":{"self":[{"href":"https:\/\/mon.es\/ca\/wp-json\/wp\/v2\/product\/48586","targetHints":{"allow":["GET"]}}],"collection":[{"href":"https:\/\/mon.es\/ca\/wp-json\/wp\/v2\/product"}],"about":[{"href":"https:\/\/mon.es\/ca\/wp-json\/wp\/v2\/types\/product"}],"replies":[{"embeddable":true,"href":"https:\/\/mon.es\/ca\/wp-json\/wp\/v2\/comments?post=48586"}],"wp:featuredmedia":[{"embeddable":true,"href":"https:\/\/mon.es\/ca\/wp-json\/wp\/v2\/media\/58083"}],"wp:attachment":[{"href":"https:\/\/mon.es\/ca\/wp-json\/wp\/v2\/media?parent=48586"}],"wp:term":[{"taxonomy":"product_brand","embeddable":true,"href":"https:\/\/mon.es\/ca\/wp-json\/wp\/v2\/product_brand?post=48586"},{"taxonomy":"product_cat","embeddable":true,"href":"https:\/\/mon.es\/ca\/wp-json\/wp\/v2\/product_cat?post=48586"},{"taxonomy":"product_tag","embeddable":true,"href":"https:\/\/mon.es\/ca\/wp-json\/wp\/v2\/product_tag?post=48586"},{"taxonomy":"producte_categoria","embeddable":true,"href":"https:\/\/mon.es\/ca\/wp-json\/wp\/v2\/producte_categoria?post=48586"}],"curies":[{"name":"wp","href":"https:\/\/api.w.org\/{rel}","templated":true}]}}