

{"id":47987,"date":"2023-03-30T08:55:36","date_gmt":"2023-03-30T06:55:36","guid":{"rendered":"https:\/\/mon.es\/?post_type=product&#038;p=47987"},"modified":"2026-04-07T11:00:18","modified_gmt":"2026-04-07T09:00:18","slug":"desodorant-natural-de-calendula","status":"publish","type":"product","link":"https:\/\/mon.es\/ca\/producto\/desodorant-natural-de-calendula\/","title":{"rendered":"Desodorant de Cal\u00e8ndula i Rosa Mosqueta Bio"},"content":{"rendered":"<p>Certificat natural per Ecocert<br \/>\nAquest desodorant natural sense qu\u00edmics t\u00f2xics, aluminis ni triclosan, s&#8217;encarrega d&#8217;eliminar els bacteris que provoquen l&#8217;olor i deixa que l&#8217;axil\u00b7la transpiri, protegint a m\u00e9s la pell.<br \/>\nA m\u00e9s cont\u00e9 rosa mosqueta certificada ecol\u00f2gica per a la cura de les parts m\u00e9s delicades del nostre cos i l&#8217;agradable aroma de la nostra cal\u00e8ndula natural.<\/p>\n<p>\u00c9s el complement ideal per a la l\u00ednia de rosa mosqueta i cal\u00e9ndula.<\/p>\n","protected":false},"excerpt":{"rendered":"<p>Certificat natural per Ecocert Aquest desodorant natural sense qu\u00edmics t\u00f2xics, aluminis ni triclosan, s&#8217;encarrega d&#8217;eliminar els bacteris que provoquen l&#8217;olor i deixa que l&#8217;axil\u00b7la transpiri, protegint a m\u00e9s la pell. A m\u00e9s cont\u00e9 rosa mosqueta certificada ecol\u00f2gica per a la cura de les parts m\u00e9s delicades del nostre cos i l&#8217;agradable aroma de la nostra [&hellip;]<\/p>\n","protected":false},"featured_media":47989,"comment_status":"open","ping_status":"closed","template":"","meta":{"inline_featured_image":false},"product_brand":[],"product_cat":[511,515],"product_tag":[638],"producte_categoria":[673,671],"class_list":{"0":"post-47987","1":"product","2":"type-product","3":"status-publish","4":"has-post-thumbnail","6":"product_cat-productes-naturals-per-al-cos","7":"product_cat-higiene-corporal-ca","8":"product_tag-sense-alumini-ni-triclosan","9":"producte_categoria-esenciales-para-este-otono-ca","10":"producte_categoria-frescura-diaria-ca","12":"first","13":"instock","14":"featured","15":"shipping-taxable","16":"purchasable","17":"product-type-simple"},"yoast_head":"<!-- This site is optimized with the Yoast SEO plugin v27.1.1 - https:\/\/yoast.com\/product\/yoast-seo-wordpress\/ -->\n<title>Desodorant de Cal\u00e8ndula i Rosa Mosqueta Bio - MON<\/title>\n<meta name=\"description\" content=\"Aquest desodorant natural sense qu\u00edmics t\u00f2xics, aluminis ni triclosan. Cont\u00e9 rosa mosqueta certificada ecol\u00f2gica per a la cura de les parts m\u00e9s delicades.\" \/>\n<meta name=\"robots\" content=\"index, follow, max-snippet:-1, max-image-preview:large, max-video-preview:-1\" \/>\n<link rel=\"canonical\" href=\"https:\/\/mon.es\/ca\/producto\/desodorant-natural-de-calendula\/\" \/>\n<meta property=\"og:locale\" content=\"ca_ES\" \/>\n<meta property=\"og:type\" content=\"article\" \/>\n<meta property=\"og:title\" content=\"Desodorant de Cal\u00e8ndula i Rosa Mosqueta Bio - MON\" \/>\n<meta property=\"og:description\" content=\"Aquest desodorant natural sense qu\u00edmics t\u00f2xics, aluminis ni triclosan. Cont\u00e9 rosa mosqueta certificada ecol\u00f2gica per a la cura de les parts m\u00e9s delicades.\" \/>\n<meta property=\"og:url\" content=\"https:\/\/mon.es\/ca\/producto\/desodorant-natural-de-calendula\/\" \/>\n<meta property=\"og:site_name\" content=\"MON\" \/>\n<meta property=\"article:modified_time\" content=\"2026-04-07T09:00:18+00:00\" \/>\n<meta property=\"og:image\" content=\"http:\/\/mon.es\/wp-content\/uploads\/2023\/03\/desodorante-calendula-scaled.jpg\" \/>\n\t<meta property=\"og:image:width\" content=\"1707\" \/>\n\t<meta property=\"og:image:height\" content=\"2560\" \/>\n\t<meta property=\"og:image:type\" content=\"image\/jpeg\" \/>\n<meta name=\"twitter:card\" content=\"summary_large_image\" \/>\n<meta name=\"twitter:label1\" content=\"Temps estimat de lectura\" \/>\n\t<meta name=\"twitter:data1\" content=\"1 minut\" \/>\n<script type=\"application\/ld+json\" class=\"yoast-schema-graph\">{\"@context\":\"https:\/\/schema.org\",\"@graph\":[{\"@type\":\"WebPage\",\"@id\":\"https:\/\/mon.es\/ca\/producto\/desodorant-natural-de-calendula\/\",\"url\":\"https:\/\/mon.es\/ca\/producto\/desodorant-natural-de-calendula\/\",\"name\":\"Desodorant de Cal\u00e8ndula i Rosa Mosqueta Bio - MON\",\"isPartOf\":{\"@id\":\"https:\/\/mon.es\/#website\"},\"primaryImageOfPage\":{\"@id\":\"https:\/\/mon.es\/ca\/producto\/desodorant-natural-de-calendula\/#primaryimage\"},\"image\":{\"@id\":\"https:\/\/mon.es\/ca\/producto\/desodorant-natural-de-calendula\/#primaryimage\"},\"thumbnailUrl\":\"https:\/\/mon.es\/wp-content\/uploads\/2023\/03\/desodorante-calendula-scaled.jpg\",\"datePublished\":\"2023-03-30T06:55:36+00:00\",\"dateModified\":\"2026-04-07T09:00:18+00:00\",\"description\":\"Aquest desodorant natural sense qu\u00edmics t\u00f2xics, aluminis ni triclosan. Cont\u00e9 rosa mosqueta certificada ecol\u00f2gica per a la cura de les parts m\u00e9s delicades.\",\"breadcrumb\":{\"@id\":\"https:\/\/mon.es\/ca\/producto\/desodorant-natural-de-calendula\/#breadcrumb\"},\"inLanguage\":\"ca\",\"potentialAction\":[{\"@type\":\"ReadAction\",\"target\":[\"https:\/\/mon.es\/ca\/producto\/desodorant-natural-de-calendula\/\"]}]},{\"@type\":\"ImageObject\",\"inLanguage\":\"ca\",\"@id\":\"https:\/\/mon.es\/ca\/producto\/desodorant-natural-de-calendula\/#primaryimage\",\"url\":\"https:\/\/mon.es\/wp-content\/uploads\/2023\/03\/desodorante-calendula-scaled.jpg\",\"contentUrl\":\"https:\/\/mon.es\/wp-content\/uploads\/2023\/03\/desodorante-calendula-scaled.jpg\",\"width\":1707,\"height\":2560},{\"@type\":\"BreadcrumbList\",\"@id\":\"https:\/\/mon.es\/ca\/producto\/desodorant-natural-de-calendula\/#breadcrumb\",\"itemListElement\":[{\"@type\":\"ListItem\",\"position\":1,\"name\":\"Portada\",\"item\":\"https:\/\/mon.es\/ca\/\"},{\"@type\":\"ListItem\",\"position\":2,\"name\":\"Botiga\",\"item\":\"https:\/\/mon.es\/ca\/botiga\/\"},{\"@type\":\"ListItem\",\"position\":3,\"name\":\"Desodorant de Cal\u00e8ndula i Rosa Mosqueta Bio\"}]},{\"@type\":\"WebSite\",\"@id\":\"https:\/\/mon.es\/#website\",\"url\":\"https:\/\/mon.es\/\",\"name\":\"MON\",\"description\":\"Natural cosmetics\",\"publisher\":{\"@id\":\"https:\/\/mon.es\/#organization\"},\"potentialAction\":[{\"@type\":\"SearchAction\",\"target\":{\"@type\":\"EntryPoint\",\"urlTemplate\":\"https:\/\/mon.es\/?s={search_term_string}\"},\"query-input\":{\"@type\":\"PropertyValueSpecification\",\"valueRequired\":true,\"valueName\":\"search_term_string\"}}],\"inLanguage\":\"ca\"},{\"@type\":\"Organization\",\"@id\":\"https:\/\/mon.es\/#organization\",\"name\":\"MON\",\"url\":\"https:\/\/mon.es\/\",\"logo\":{\"@type\":\"ImageObject\",\"inLanguage\":\"ca\",\"@id\":\"https:\/\/mon.es\/#\/schema\/logo\/image\/\",\"url\":\"https:\/\/mon.es\/wp-content\/uploads\/2018\/11\/logo_mon.png\",\"contentUrl\":\"https:\/\/mon.es\/wp-content\/uploads\/2018\/11\/logo_mon.png\",\"width\":424,\"height\":132,\"caption\":\"MON\"},\"image\":{\"@id\":\"https:\/\/mon.es\/#\/schema\/logo\/image\/\"}}]}<\/script>\n<!-- \/ Yoast SEO plugin. -->","yoast_head_json":{"title":"Desodorant de Cal\u00e8ndula i Rosa Mosqueta Bio - MON","description":"Aquest desodorant natural sense qu\u00edmics t\u00f2xics, aluminis ni triclosan. Cont\u00e9 rosa mosqueta certificada ecol\u00f2gica per a la cura de les parts m\u00e9s delicades.","robots":{"index":"index","follow":"follow","max-snippet":"max-snippet:-1","max-image-preview":"max-image-preview:large","max-video-preview":"max-video-preview:-1"},"canonical":"https:\/\/mon.es\/ca\/producto\/desodorant-natural-de-calendula\/","og_locale":"ca_ES","og_type":"article","og_title":"Desodorant de Cal\u00e8ndula i Rosa Mosqueta Bio - MON","og_description":"Aquest desodorant natural sense qu\u00edmics t\u00f2xics, aluminis ni triclosan. Cont\u00e9 rosa mosqueta certificada ecol\u00f2gica per a la cura de les parts m\u00e9s delicades.","og_url":"https:\/\/mon.es\/ca\/producto\/desodorant-natural-de-calendula\/","og_site_name":"MON","article_modified_time":"2026-04-07T09:00:18+00:00","og_image":[{"width":1707,"height":2560,"url":"http:\/\/mon.es\/wp-content\/uploads\/2023\/03\/desodorante-calendula-scaled.jpg","type":"image\/jpeg"}],"twitter_card":"summary_large_image","twitter_misc":{"Temps estimat de lectura":"1 minut"},"schema":{"@context":"https:\/\/schema.org","@graph":[{"@type":"WebPage","@id":"https:\/\/mon.es\/ca\/producto\/desodorant-natural-de-calendula\/","url":"https:\/\/mon.es\/ca\/producto\/desodorant-natural-de-calendula\/","name":"Desodorant de Cal\u00e8ndula i Rosa Mosqueta Bio - MON","isPartOf":{"@id":"https:\/\/mon.es\/#website"},"primaryImageOfPage":{"@id":"https:\/\/mon.es\/ca\/producto\/desodorant-natural-de-calendula\/#primaryimage"},"image":{"@id":"https:\/\/mon.es\/ca\/producto\/desodorant-natural-de-calendula\/#primaryimage"},"thumbnailUrl":"https:\/\/mon.es\/wp-content\/uploads\/2023\/03\/desodorante-calendula-scaled.jpg","datePublished":"2023-03-30T06:55:36+00:00","dateModified":"2026-04-07T09:00:18+00:00","description":"Aquest desodorant natural sense qu\u00edmics t\u00f2xics, aluminis ni triclosan. Cont\u00e9 rosa mosqueta certificada ecol\u00f2gica per a la cura de les parts m\u00e9s delicades.","breadcrumb":{"@id":"https:\/\/mon.es\/ca\/producto\/desodorant-natural-de-calendula\/#breadcrumb"},"inLanguage":"ca","potentialAction":[{"@type":"ReadAction","target":["https:\/\/mon.es\/ca\/producto\/desodorant-natural-de-calendula\/"]}]},{"@type":"ImageObject","inLanguage":"ca","@id":"https:\/\/mon.es\/ca\/producto\/desodorant-natural-de-calendula\/#primaryimage","url":"https:\/\/mon.es\/wp-content\/uploads\/2023\/03\/desodorante-calendula-scaled.jpg","contentUrl":"https:\/\/mon.es\/wp-content\/uploads\/2023\/03\/desodorante-calendula-scaled.jpg","width":1707,"height":2560},{"@type":"BreadcrumbList","@id":"https:\/\/mon.es\/ca\/producto\/desodorant-natural-de-calendula\/#breadcrumb","itemListElement":[{"@type":"ListItem","position":1,"name":"Portada","item":"https:\/\/mon.es\/ca\/"},{"@type":"ListItem","position":2,"name":"Botiga","item":"https:\/\/mon.es\/ca\/botiga\/"},{"@type":"ListItem","position":3,"name":"Desodorant de Cal\u00e8ndula i Rosa Mosqueta Bio"}]},{"@type":"WebSite","@id":"https:\/\/mon.es\/#website","url":"https:\/\/mon.es\/","name":"MON","description":"Natural cosmetics","publisher":{"@id":"https:\/\/mon.es\/#organization"},"potentialAction":[{"@type":"SearchAction","target":{"@type":"EntryPoint","urlTemplate":"https:\/\/mon.es\/?s={search_term_string}"},"query-input":{"@type":"PropertyValueSpecification","valueRequired":true,"valueName":"search_term_string"}}],"inLanguage":"ca"},{"@type":"Organization","@id":"https:\/\/mon.es\/#organization","name":"MON","url":"https:\/\/mon.es\/","logo":{"@type":"ImageObject","inLanguage":"ca","@id":"https:\/\/mon.es\/#\/schema\/logo\/image\/","url":"https:\/\/mon.es\/wp-content\/uploads\/2018\/11\/logo_mon.png","contentUrl":"https:\/\/mon.es\/wp-content\/uploads\/2018\/11\/logo_mon.png","width":424,"height":132,"caption":"MON"},"image":{"@id":"https:\/\/mon.es\/#\/schema\/logo\/image\/"}}]}},"_links":{"self":[{"href":"https:\/\/mon.es\/ca\/wp-json\/wp\/v2\/product\/47987","targetHints":{"allow":["GET"]}}],"collection":[{"href":"https:\/\/mon.es\/ca\/wp-json\/wp\/v2\/product"}],"about":[{"href":"https:\/\/mon.es\/ca\/wp-json\/wp\/v2\/types\/product"}],"replies":[{"embeddable":true,"href":"https:\/\/mon.es\/ca\/wp-json\/wp\/v2\/comments?post=47987"}],"wp:featuredmedia":[{"embeddable":true,"href":"https:\/\/mon.es\/ca\/wp-json\/wp\/v2\/media\/47989"}],"wp:attachment":[{"href":"https:\/\/mon.es\/ca\/wp-json\/wp\/v2\/media?parent=47987"}],"wp:term":[{"taxonomy":"product_brand","embeddable":true,"href":"https:\/\/mon.es\/ca\/wp-json\/wp\/v2\/product_brand?post=47987"},{"taxonomy":"product_cat","embeddable":true,"href":"https:\/\/mon.es\/ca\/wp-json\/wp\/v2\/product_cat?post=47987"},{"taxonomy":"product_tag","embeddable":true,"href":"https:\/\/mon.es\/ca\/wp-json\/wp\/v2\/product_tag?post=47987"},{"taxonomy":"producte_categoria","embeddable":true,"href":"https:\/\/mon.es\/ca\/wp-json\/wp\/v2\/producte_categoria?post=47987"}],"curies":[{"name":"wp","href":"https:\/\/api.w.org\/{rel}","templated":true}]}}