

{"id":47657,"date":"2023-03-10T08:35:42","date_gmt":"2023-03-10T08:35:42","guid":{"rendered":"https:\/\/mon.es\/producto\/mascareta-capillar-hidratant-dacid-hialuronic-vegetal\/"},"modified":"2026-02-06T14:28:40","modified_gmt":"2026-02-06T12:28:40","slug":"mascarilla-capilar-hidratante-de-acido-hialuronico-vegetal","status":"publish","type":"product","link":"https:\/\/mon.es\/ca\/producto\/mascarilla-capilar-hidratante-de-acido-hialuronico-vegetal\/","title":{"rendered":"Mascareta capil\u00b7lar hidratant d&#8217;\u00e0cid hialur\u00f2nic vegetal"},"content":{"rendered":"<p>Mascareta capil\u00b7lar hidratant i reparadora per a cabells fr\u00e0gils i danyats. Aporta al teu cabell una dosi extra de volum, lluentor i for\u00e7a.<\/p>\n<p>Amb una alta concentraci\u00f3 d&#8217;\u00e0cid hialur\u00f2nic vegetal, mantega de <span class=\"hiddenSpellError\">karit\u00e9<\/span>, mango i oli de llavor de ra\u00efm.<\/p>\n","protected":false},"excerpt":{"rendered":"<p>Mascareta capil\u00b7lar hidratant i reparadora per a cabells fr\u00e0gils i danyats. Aporta al teu cabell una dosi extra de volum, lluentor i for\u00e7a. Amb una alta concentraci\u00f3 d&#8217;\u00e0cid hialur\u00f2nic vegetal, mantega de karit\u00e9, mango i oli de llavor de ra\u00efm.<\/p>\n","protected":false},"featured_media":47526,"comment_status":"open","ping_status":"closed","template":"","meta":{"inline_featured_image":false},"product_brand":[],"product_cat":[502,504],"product_tag":[656],"producte_categoria":[673],"class_list":{"0":"post-47657","1":"product","2":"type-product","3":"status-publish","4":"has-post-thumbnail","6":"product_cat-productes-naturals-per-al-cabell","7":"product_cat-hidratacio-del-cabell","8":"product_tag-per-a-tot-tipus-de-cabell","9":"producte_categoria-esenciales-para-este-otono-ca","11":"first","12":"instock","13":"shipping-taxable","14":"purchasable","15":"product-type-simple"},"yoast_head":"<!-- This site is optimized with the Yoast SEO plugin v27.1.1 - https:\/\/yoast.com\/product\/yoast-seo-wordpress\/ -->\n<title>Mascareta capil\u00b7lar hidratant d&#039;\u00e0cid hialur\u00f2nic vegetal - MON<\/title>\n<meta name=\"description\" content=\"Mascareta capil\u00b7lar hidratant i reparadora per a cabells fr\u00e0gils i danyats. Aporta al teu cabell una dosi extra de volum, lluentor i for\u00e7a.\" \/>\n<meta name=\"robots\" content=\"index, follow, max-snippet:-1, max-image-preview:large, max-video-preview:-1\" \/>\n<link rel=\"canonical\" href=\"https:\/\/mon.es\/ca\/producto\/mascarilla-capilar-hidratante-de-acido-hialuronico-vegetal\/\" \/>\n<meta property=\"og:locale\" content=\"ca_ES\" \/>\n<meta property=\"og:type\" content=\"article\" \/>\n<meta property=\"og:title\" content=\"Mascareta capil\u00b7lar hidratant d&#039;\u00e0cid hialur\u00f2nic vegetal - MON\" \/>\n<meta property=\"og:description\" content=\"Mascareta capil\u00b7lar hidratant i reparadora per a cabells fr\u00e0gils i danyats. Aporta al teu cabell una dosi extra de volum, lluentor i for\u00e7a.\" \/>\n<meta property=\"og:url\" content=\"https:\/\/mon.es\/ca\/producto\/mascarilla-capilar-hidratante-de-acido-hialuronico-vegetal\/\" \/>\n<meta property=\"og:site_name\" content=\"MON\" \/>\n<meta property=\"article:modified_time\" content=\"2026-02-06T12:28:40+00:00\" \/>\n<meta property=\"og:image\" content=\"http:\/\/mon.es\/wp-content\/uploads\/2023\/03\/MON-mascarilla-hialuronico-scaled.jpg\" \/>\n\t<meta property=\"og:image:width\" content=\"1707\" \/>\n\t<meta property=\"og:image:height\" content=\"2560\" \/>\n\t<meta property=\"og:image:type\" content=\"image\/jpeg\" \/>\n<meta name=\"twitter:card\" content=\"summary_large_image\" \/>\n<meta name=\"twitter:label1\" content=\"Temps estimat de lectura\" \/>\n\t<meta name=\"twitter:data1\" content=\"1 minut\" \/>\n<script type=\"application\/ld+json\" class=\"yoast-schema-graph\">{\"@context\":\"https:\/\/schema.org\",\"@graph\":[{\"@type\":\"WebPage\",\"@id\":\"https:\/\/mon.es\/ca\/producto\/mascarilla-capilar-hidratante-de-acido-hialuronico-vegetal\/\",\"url\":\"https:\/\/mon.es\/ca\/producto\/mascarilla-capilar-hidratante-de-acido-hialuronico-vegetal\/\",\"name\":\"Mascareta capil\u00b7lar hidratant d'\u00e0cid hialur\u00f2nic vegetal - MON\",\"isPartOf\":{\"@id\":\"https:\/\/mon.es\/#website\"},\"primaryImageOfPage\":{\"@id\":\"https:\/\/mon.es\/ca\/producto\/mascarilla-capilar-hidratante-de-acido-hialuronico-vegetal\/#primaryimage\"},\"image\":{\"@id\":\"https:\/\/mon.es\/ca\/producto\/mascarilla-capilar-hidratante-de-acido-hialuronico-vegetal\/#primaryimage\"},\"thumbnailUrl\":\"https:\/\/mon.es\/wp-content\/uploads\/2023\/03\/MON-mascarilla-hialuronico-scaled.jpg\",\"datePublished\":\"2023-03-10T08:35:42+00:00\",\"dateModified\":\"2026-02-06T12:28:40+00:00\",\"description\":\"Mascareta capil\u00b7lar hidratant i reparadora per a cabells fr\u00e0gils i danyats. Aporta al teu cabell una dosi extra de volum, lluentor i for\u00e7a.\",\"breadcrumb\":{\"@id\":\"https:\/\/mon.es\/ca\/producto\/mascarilla-capilar-hidratante-de-acido-hialuronico-vegetal\/#breadcrumb\"},\"inLanguage\":\"ca\",\"potentialAction\":[{\"@type\":\"ReadAction\",\"target\":[\"https:\/\/mon.es\/ca\/producto\/mascarilla-capilar-hidratante-de-acido-hialuronico-vegetal\/\"]}]},{\"@type\":\"ImageObject\",\"inLanguage\":\"ca\",\"@id\":\"https:\/\/mon.es\/ca\/producto\/mascarilla-capilar-hidratante-de-acido-hialuronico-vegetal\/#primaryimage\",\"url\":\"https:\/\/mon.es\/wp-content\/uploads\/2023\/03\/MON-mascarilla-hialuronico-scaled.jpg\",\"contentUrl\":\"https:\/\/mon.es\/wp-content\/uploads\/2023\/03\/MON-mascarilla-hialuronico-scaled.jpg\",\"width\":1707,\"height\":2560,\"caption\":\"mascarilla para el pelo\"},{\"@type\":\"BreadcrumbList\",\"@id\":\"https:\/\/mon.es\/ca\/producto\/mascarilla-capilar-hidratante-de-acido-hialuronico-vegetal\/#breadcrumb\",\"itemListElement\":[{\"@type\":\"ListItem\",\"position\":1,\"name\":\"Portada\",\"item\":\"https:\/\/mon.es\/ca\/\"},{\"@type\":\"ListItem\",\"position\":2,\"name\":\"Botiga\",\"item\":\"https:\/\/mon.es\/ca\/botiga\/\"},{\"@type\":\"ListItem\",\"position\":3,\"name\":\"Mascareta capil\u00b7lar hidratant d&#8217;\u00e0cid hialur\u00f2nic vegetal\"}]},{\"@type\":\"WebSite\",\"@id\":\"https:\/\/mon.es\/#website\",\"url\":\"https:\/\/mon.es\/\",\"name\":\"MON\",\"description\":\"Natural cosmetics\",\"publisher\":{\"@id\":\"https:\/\/mon.es\/#organization\"},\"potentialAction\":[{\"@type\":\"SearchAction\",\"target\":{\"@type\":\"EntryPoint\",\"urlTemplate\":\"https:\/\/mon.es\/?s={search_term_string}\"},\"query-input\":{\"@type\":\"PropertyValueSpecification\",\"valueRequired\":true,\"valueName\":\"search_term_string\"}}],\"inLanguage\":\"ca\"},{\"@type\":\"Organization\",\"@id\":\"https:\/\/mon.es\/#organization\",\"name\":\"MON\",\"url\":\"https:\/\/mon.es\/\",\"logo\":{\"@type\":\"ImageObject\",\"inLanguage\":\"ca\",\"@id\":\"https:\/\/mon.es\/#\/schema\/logo\/image\/\",\"url\":\"https:\/\/mon.es\/wp-content\/uploads\/2018\/11\/logo_mon.png\",\"contentUrl\":\"https:\/\/mon.es\/wp-content\/uploads\/2018\/11\/logo_mon.png\",\"width\":424,\"height\":132,\"caption\":\"MON\"},\"image\":{\"@id\":\"https:\/\/mon.es\/#\/schema\/logo\/image\/\"}}]}<\/script>\n<!-- \/ Yoast SEO plugin. -->","yoast_head_json":{"title":"Mascareta capil\u00b7lar hidratant d'\u00e0cid hialur\u00f2nic vegetal - MON","description":"Mascareta capil\u00b7lar hidratant i reparadora per a cabells fr\u00e0gils i danyats. Aporta al teu cabell una dosi extra de volum, lluentor i for\u00e7a.","robots":{"index":"index","follow":"follow","max-snippet":"max-snippet:-1","max-image-preview":"max-image-preview:large","max-video-preview":"max-video-preview:-1"},"canonical":"https:\/\/mon.es\/ca\/producto\/mascarilla-capilar-hidratante-de-acido-hialuronico-vegetal\/","og_locale":"ca_ES","og_type":"article","og_title":"Mascareta capil\u00b7lar hidratant d'\u00e0cid hialur\u00f2nic vegetal - MON","og_description":"Mascareta capil\u00b7lar hidratant i reparadora per a cabells fr\u00e0gils i danyats. Aporta al teu cabell una dosi extra de volum, lluentor i for\u00e7a.","og_url":"https:\/\/mon.es\/ca\/producto\/mascarilla-capilar-hidratante-de-acido-hialuronico-vegetal\/","og_site_name":"MON","article_modified_time":"2026-02-06T12:28:40+00:00","og_image":[{"width":1707,"height":2560,"url":"http:\/\/mon.es\/wp-content\/uploads\/2023\/03\/MON-mascarilla-hialuronico-scaled.jpg","type":"image\/jpeg"}],"twitter_card":"summary_large_image","twitter_misc":{"Temps estimat de lectura":"1 minut"},"schema":{"@context":"https:\/\/schema.org","@graph":[{"@type":"WebPage","@id":"https:\/\/mon.es\/ca\/producto\/mascarilla-capilar-hidratante-de-acido-hialuronico-vegetal\/","url":"https:\/\/mon.es\/ca\/producto\/mascarilla-capilar-hidratante-de-acido-hialuronico-vegetal\/","name":"Mascareta capil\u00b7lar hidratant d'\u00e0cid hialur\u00f2nic vegetal - MON","isPartOf":{"@id":"https:\/\/mon.es\/#website"},"primaryImageOfPage":{"@id":"https:\/\/mon.es\/ca\/producto\/mascarilla-capilar-hidratante-de-acido-hialuronico-vegetal\/#primaryimage"},"image":{"@id":"https:\/\/mon.es\/ca\/producto\/mascarilla-capilar-hidratante-de-acido-hialuronico-vegetal\/#primaryimage"},"thumbnailUrl":"https:\/\/mon.es\/wp-content\/uploads\/2023\/03\/MON-mascarilla-hialuronico-scaled.jpg","datePublished":"2023-03-10T08:35:42+00:00","dateModified":"2026-02-06T12:28:40+00:00","description":"Mascareta capil\u00b7lar hidratant i reparadora per a cabells fr\u00e0gils i danyats. Aporta al teu cabell una dosi extra de volum, lluentor i for\u00e7a.","breadcrumb":{"@id":"https:\/\/mon.es\/ca\/producto\/mascarilla-capilar-hidratante-de-acido-hialuronico-vegetal\/#breadcrumb"},"inLanguage":"ca","potentialAction":[{"@type":"ReadAction","target":["https:\/\/mon.es\/ca\/producto\/mascarilla-capilar-hidratante-de-acido-hialuronico-vegetal\/"]}]},{"@type":"ImageObject","inLanguage":"ca","@id":"https:\/\/mon.es\/ca\/producto\/mascarilla-capilar-hidratante-de-acido-hialuronico-vegetal\/#primaryimage","url":"https:\/\/mon.es\/wp-content\/uploads\/2023\/03\/MON-mascarilla-hialuronico-scaled.jpg","contentUrl":"https:\/\/mon.es\/wp-content\/uploads\/2023\/03\/MON-mascarilla-hialuronico-scaled.jpg","width":1707,"height":2560,"caption":"mascarilla para el pelo"},{"@type":"BreadcrumbList","@id":"https:\/\/mon.es\/ca\/producto\/mascarilla-capilar-hidratante-de-acido-hialuronico-vegetal\/#breadcrumb","itemListElement":[{"@type":"ListItem","position":1,"name":"Portada","item":"https:\/\/mon.es\/ca\/"},{"@type":"ListItem","position":2,"name":"Botiga","item":"https:\/\/mon.es\/ca\/botiga\/"},{"@type":"ListItem","position":3,"name":"Mascareta capil\u00b7lar hidratant d&#8217;\u00e0cid hialur\u00f2nic vegetal"}]},{"@type":"WebSite","@id":"https:\/\/mon.es\/#website","url":"https:\/\/mon.es\/","name":"MON","description":"Natural cosmetics","publisher":{"@id":"https:\/\/mon.es\/#organization"},"potentialAction":[{"@type":"SearchAction","target":{"@type":"EntryPoint","urlTemplate":"https:\/\/mon.es\/?s={search_term_string}"},"query-input":{"@type":"PropertyValueSpecification","valueRequired":true,"valueName":"search_term_string"}}],"inLanguage":"ca"},{"@type":"Organization","@id":"https:\/\/mon.es\/#organization","name":"MON","url":"https:\/\/mon.es\/","logo":{"@type":"ImageObject","inLanguage":"ca","@id":"https:\/\/mon.es\/#\/schema\/logo\/image\/","url":"https:\/\/mon.es\/wp-content\/uploads\/2018\/11\/logo_mon.png","contentUrl":"https:\/\/mon.es\/wp-content\/uploads\/2018\/11\/logo_mon.png","width":424,"height":132,"caption":"MON"},"image":{"@id":"https:\/\/mon.es\/#\/schema\/logo\/image\/"}}]}},"_links":{"self":[{"href":"https:\/\/mon.es\/ca\/wp-json\/wp\/v2\/product\/47657","targetHints":{"allow":["GET"]}}],"collection":[{"href":"https:\/\/mon.es\/ca\/wp-json\/wp\/v2\/product"}],"about":[{"href":"https:\/\/mon.es\/ca\/wp-json\/wp\/v2\/types\/product"}],"replies":[{"embeddable":true,"href":"https:\/\/mon.es\/ca\/wp-json\/wp\/v2\/comments?post=47657"}],"wp:featuredmedia":[{"embeddable":true,"href":"https:\/\/mon.es\/ca\/wp-json\/wp\/v2\/media\/47526"}],"wp:attachment":[{"href":"https:\/\/mon.es\/ca\/wp-json\/wp\/v2\/media?parent=47657"}],"wp:term":[{"taxonomy":"product_brand","embeddable":true,"href":"https:\/\/mon.es\/ca\/wp-json\/wp\/v2\/product_brand?post=47657"},{"taxonomy":"product_cat","embeddable":true,"href":"https:\/\/mon.es\/ca\/wp-json\/wp\/v2\/product_cat?post=47657"},{"taxonomy":"product_tag","embeddable":true,"href":"https:\/\/mon.es\/ca\/wp-json\/wp\/v2\/product_tag?post=47657"},{"taxonomy":"producte_categoria","embeddable":true,"href":"https:\/\/mon.es\/ca\/wp-json\/wp\/v2\/producte_categoria?post=47657"}],"curies":[{"name":"wp","href":"https:\/\/api.w.org\/{rel}","templated":true}]}}