

{"id":46908,"date":"2018-11-16T10:43:55","date_gmt":"2018-11-16T10:43:55","guid":{"rendered":"https:\/\/mon.es\/producto\/aigua-de-roses-certificada-ecologica\/"},"modified":"2025-11-18T13:30:36","modified_gmt":"2025-11-18T11:30:36","slug":"aigua-de-roses-ecologica","status":"publish","type":"product","link":"https:\/\/mon.es\/ca\/producto\/aigua-de-roses-ecologica\/","title":{"rendered":"Aigua de Roses certificada ecol\u00f2gica"},"content":{"rendered":"<p>Aigua de Roses certificada ecol\u00f2gica per Ecocert, composta exclusivament per destil\u00b7lat o hidrolat de p\u00e8tals de roses fresques amb propietats calmants i refrescants. Un t\u00f2nic facial perfecte per a descongestionar i refrescar la pell de la cara. Ideal per a la cura i la neteja di\u00e0ria de tot tipus de pells, especialment per a les m\u00e9s sensibles.<\/p>\n","protected":false},"excerpt":{"rendered":"<p>Aigua de Roses certificada ecol\u00f2gica per Ecocert, composta exclusivament per destil\u00b7lat o hidrolat de p\u00e8tals de roses fresques amb propietats calmants i refrescants. Un t\u00f2nic facial perfecte per a descongestionar i refrescar la pell de la cara. Ideal per a la cura i la neteja di\u00e0ria de tot tipus de pells, especialment per a les [&hellip;]<\/p>\n","protected":false},"featured_media":46224,"comment_status":"open","ping_status":"closed","template":"","meta":{"inline_featured_image":false},"product_brand":[],"product_cat":[506,509],"product_tag":[594],"producte_categoria":[673],"class_list":{"0":"post-46908","1":"product","2":"type-product","3":"status-publish","4":"has-post-thumbnail","6":"product_cat-cosmetica-natural-per-a-la-cara","7":"product_cat-higiene-facial-ca","8":"product_tag-refrescant","9":"producte_categoria-esenciales-para-este-otono-ca","11":"first","12":"instock","13":"shipping-taxable","14":"purchasable","15":"product-type-simple"},"yoast_head":"<!-- This site is optimized with the Yoast SEO plugin v27.1.1 - https:\/\/yoast.com\/product\/yoast-seo-wordpress\/ -->\n<title>Aigua de Roses certificada ecol\u00f2gica - Cosm\u00e9tica natural y sostenible MON<\/title>\n<meta name=\"description\" content=\"Aigua de Roses ecol\u00f2gica composta exclusivament per destil\u00b7lat o hidrolat de p\u00e8tals de roses fresques amb propietats calmants i refrescants.\" \/>\n<meta name=\"robots\" content=\"index, follow, max-snippet:-1, max-image-preview:large, max-video-preview:-1\" \/>\n<link rel=\"canonical\" href=\"https:\/\/mon.es\/ca\/producto\/aigua-de-roses-ecologica\/\" \/>\n<meta property=\"og:locale\" content=\"ca_ES\" \/>\n<meta property=\"og:type\" content=\"article\" \/>\n<meta property=\"og:title\" content=\"Aigua de Roses certificada ecol\u00f2gica - Cosm\u00e9tica natural y sostenible MON\" \/>\n<meta property=\"og:description\" content=\"Aigua de Roses ecol\u00f2gica composta exclusivament per destil\u00b7lat o hidrolat de p\u00e8tals de roses fresques amb propietats calmants i refrescants.\" \/>\n<meta property=\"og:url\" content=\"https:\/\/mon.es\/ca\/producto\/aigua-de-roses-ecologica\/\" \/>\n<meta property=\"og:site_name\" content=\"MON\" \/>\n<meta property=\"article:modified_time\" content=\"2025-11-18T11:30:36+00:00\" \/>\n<meta property=\"og:image\" content=\"http:\/\/mon.es\/wp-content\/uploads\/2022\/12\/MON-agua-de-rosas-new_web-2-opt.jpg\" \/>\n\t<meta property=\"og:image:width\" content=\"1000\" \/>\n\t<meta property=\"og:image:height\" content=\"1499\" \/>\n\t<meta property=\"og:image:type\" content=\"image\/jpeg\" \/>\n<meta name=\"twitter:card\" content=\"summary_large_image\" \/>\n<meta name=\"twitter:label1\" content=\"Temps estimat de lectura\" \/>\n\t<meta name=\"twitter:data1\" content=\"1 minut\" \/>\n<script type=\"application\/ld+json\" class=\"yoast-schema-graph\">{\"@context\":\"https:\/\/schema.org\",\"@graph\":[{\"@type\":\"WebPage\",\"@id\":\"https:\/\/mon.es\/ca\/producto\/aigua-de-roses-ecologica\/\",\"url\":\"https:\/\/mon.es\/ca\/producto\/aigua-de-roses-ecologica\/\",\"name\":\"Aigua de Roses certificada ecol\u00f2gica - Cosm\u00e9tica natural y sostenible MON\",\"isPartOf\":{\"@id\":\"https:\/\/mon.es\/#website\"},\"primaryImageOfPage\":{\"@id\":\"https:\/\/mon.es\/ca\/producto\/aigua-de-roses-ecologica\/#primaryimage\"},\"image\":{\"@id\":\"https:\/\/mon.es\/ca\/producto\/aigua-de-roses-ecologica\/#primaryimage\"},\"thumbnailUrl\":\"https:\/\/mon.es\/wp-content\/uploads\/2022\/12\/MON-agua-de-rosas-new_web-2-opt.jpg\",\"datePublished\":\"2018-11-16T10:43:55+00:00\",\"dateModified\":\"2025-11-18T11:30:36+00:00\",\"description\":\"Aigua de Roses ecol\u00f2gica composta exclusivament per destil\u00b7lat o hidrolat de p\u00e8tals de roses fresques amb propietats calmants i refrescants.\",\"breadcrumb\":{\"@id\":\"https:\/\/mon.es\/ca\/producto\/aigua-de-roses-ecologica\/#breadcrumb\"},\"inLanguage\":\"ca\",\"potentialAction\":[{\"@type\":\"ReadAction\",\"target\":[\"https:\/\/mon.es\/ca\/producto\/aigua-de-roses-ecologica\/\"]}]},{\"@type\":\"ImageObject\",\"inLanguage\":\"ca\",\"@id\":\"https:\/\/mon.es\/ca\/producto\/aigua-de-roses-ecologica\/#primaryimage\",\"url\":\"https:\/\/mon.es\/wp-content\/uploads\/2022\/12\/MON-agua-de-rosas-new_web-2-opt.jpg\",\"contentUrl\":\"https:\/\/mon.es\/wp-content\/uploads\/2022\/12\/MON-agua-de-rosas-new_web-2-opt.jpg\",\"width\":1000,\"height\":1499},{\"@type\":\"BreadcrumbList\",\"@id\":\"https:\/\/mon.es\/ca\/producto\/aigua-de-roses-ecologica\/#breadcrumb\",\"itemListElement\":[{\"@type\":\"ListItem\",\"position\":1,\"name\":\"Portada\",\"item\":\"https:\/\/mon.es\/ca\/\"},{\"@type\":\"ListItem\",\"position\":2,\"name\":\"Botiga\",\"item\":\"https:\/\/mon.es\/ca\/botiga\/\"},{\"@type\":\"ListItem\",\"position\":3,\"name\":\"Aigua de Roses certificada ecol\u00f2gica\"}]},{\"@type\":\"WebSite\",\"@id\":\"https:\/\/mon.es\/#website\",\"url\":\"https:\/\/mon.es\/\",\"name\":\"MON\",\"description\":\"Natural cosmetics\",\"publisher\":{\"@id\":\"https:\/\/mon.es\/#organization\"},\"potentialAction\":[{\"@type\":\"SearchAction\",\"target\":{\"@type\":\"EntryPoint\",\"urlTemplate\":\"https:\/\/mon.es\/?s={search_term_string}\"},\"query-input\":{\"@type\":\"PropertyValueSpecification\",\"valueRequired\":true,\"valueName\":\"search_term_string\"}}],\"inLanguage\":\"ca\"},{\"@type\":\"Organization\",\"@id\":\"https:\/\/mon.es\/#organization\",\"name\":\"MON\",\"url\":\"https:\/\/mon.es\/\",\"logo\":{\"@type\":\"ImageObject\",\"inLanguage\":\"ca\",\"@id\":\"https:\/\/mon.es\/#\/schema\/logo\/image\/\",\"url\":\"https:\/\/mon.es\/wp-content\/uploads\/2018\/11\/logo_mon.png\",\"contentUrl\":\"https:\/\/mon.es\/wp-content\/uploads\/2018\/11\/logo_mon.png\",\"width\":424,\"height\":132,\"caption\":\"MON\"},\"image\":{\"@id\":\"https:\/\/mon.es\/#\/schema\/logo\/image\/\"}}]}<\/script>\n<!-- \/ Yoast SEO plugin. -->","yoast_head_json":{"title":"Aigua de Roses certificada ecol\u00f2gica - Cosm\u00e9tica natural y sostenible MON","description":"Aigua de Roses ecol\u00f2gica composta exclusivament per destil\u00b7lat o hidrolat de p\u00e8tals de roses fresques amb propietats calmants i refrescants.","robots":{"index":"index","follow":"follow","max-snippet":"max-snippet:-1","max-image-preview":"max-image-preview:large","max-video-preview":"max-video-preview:-1"},"canonical":"https:\/\/mon.es\/ca\/producto\/aigua-de-roses-ecologica\/","og_locale":"ca_ES","og_type":"article","og_title":"Aigua de Roses certificada ecol\u00f2gica - Cosm\u00e9tica natural y sostenible MON","og_description":"Aigua de Roses ecol\u00f2gica composta exclusivament per destil\u00b7lat o hidrolat de p\u00e8tals de roses fresques amb propietats calmants i refrescants.","og_url":"https:\/\/mon.es\/ca\/producto\/aigua-de-roses-ecologica\/","og_site_name":"MON","article_modified_time":"2025-11-18T11:30:36+00:00","og_image":[{"width":1000,"height":1499,"url":"http:\/\/mon.es\/wp-content\/uploads\/2022\/12\/MON-agua-de-rosas-new_web-2-opt.jpg","type":"image\/jpeg"}],"twitter_card":"summary_large_image","twitter_misc":{"Temps estimat de lectura":"1 minut"},"schema":{"@context":"https:\/\/schema.org","@graph":[{"@type":"WebPage","@id":"https:\/\/mon.es\/ca\/producto\/aigua-de-roses-ecologica\/","url":"https:\/\/mon.es\/ca\/producto\/aigua-de-roses-ecologica\/","name":"Aigua de Roses certificada ecol\u00f2gica - Cosm\u00e9tica natural y sostenible MON","isPartOf":{"@id":"https:\/\/mon.es\/#website"},"primaryImageOfPage":{"@id":"https:\/\/mon.es\/ca\/producto\/aigua-de-roses-ecologica\/#primaryimage"},"image":{"@id":"https:\/\/mon.es\/ca\/producto\/aigua-de-roses-ecologica\/#primaryimage"},"thumbnailUrl":"https:\/\/mon.es\/wp-content\/uploads\/2022\/12\/MON-agua-de-rosas-new_web-2-opt.jpg","datePublished":"2018-11-16T10:43:55+00:00","dateModified":"2025-11-18T11:30:36+00:00","description":"Aigua de Roses ecol\u00f2gica composta exclusivament per destil\u00b7lat o hidrolat de p\u00e8tals de roses fresques amb propietats calmants i refrescants.","breadcrumb":{"@id":"https:\/\/mon.es\/ca\/producto\/aigua-de-roses-ecologica\/#breadcrumb"},"inLanguage":"ca","potentialAction":[{"@type":"ReadAction","target":["https:\/\/mon.es\/ca\/producto\/aigua-de-roses-ecologica\/"]}]},{"@type":"ImageObject","inLanguage":"ca","@id":"https:\/\/mon.es\/ca\/producto\/aigua-de-roses-ecologica\/#primaryimage","url":"https:\/\/mon.es\/wp-content\/uploads\/2022\/12\/MON-agua-de-rosas-new_web-2-opt.jpg","contentUrl":"https:\/\/mon.es\/wp-content\/uploads\/2022\/12\/MON-agua-de-rosas-new_web-2-opt.jpg","width":1000,"height":1499},{"@type":"BreadcrumbList","@id":"https:\/\/mon.es\/ca\/producto\/aigua-de-roses-ecologica\/#breadcrumb","itemListElement":[{"@type":"ListItem","position":1,"name":"Portada","item":"https:\/\/mon.es\/ca\/"},{"@type":"ListItem","position":2,"name":"Botiga","item":"https:\/\/mon.es\/ca\/botiga\/"},{"@type":"ListItem","position":3,"name":"Aigua de Roses certificada ecol\u00f2gica"}]},{"@type":"WebSite","@id":"https:\/\/mon.es\/#website","url":"https:\/\/mon.es\/","name":"MON","description":"Natural cosmetics","publisher":{"@id":"https:\/\/mon.es\/#organization"},"potentialAction":[{"@type":"SearchAction","target":{"@type":"EntryPoint","urlTemplate":"https:\/\/mon.es\/?s={search_term_string}"},"query-input":{"@type":"PropertyValueSpecification","valueRequired":true,"valueName":"search_term_string"}}],"inLanguage":"ca"},{"@type":"Organization","@id":"https:\/\/mon.es\/#organization","name":"MON","url":"https:\/\/mon.es\/","logo":{"@type":"ImageObject","inLanguage":"ca","@id":"https:\/\/mon.es\/#\/schema\/logo\/image\/","url":"https:\/\/mon.es\/wp-content\/uploads\/2018\/11\/logo_mon.png","contentUrl":"https:\/\/mon.es\/wp-content\/uploads\/2018\/11\/logo_mon.png","width":424,"height":132,"caption":"MON"},"image":{"@id":"https:\/\/mon.es\/#\/schema\/logo\/image\/"}}]}},"_links":{"self":[{"href":"https:\/\/mon.es\/ca\/wp-json\/wp\/v2\/product\/46908","targetHints":{"allow":["GET"]}}],"collection":[{"href":"https:\/\/mon.es\/ca\/wp-json\/wp\/v2\/product"}],"about":[{"href":"https:\/\/mon.es\/ca\/wp-json\/wp\/v2\/types\/product"}],"replies":[{"embeddable":true,"href":"https:\/\/mon.es\/ca\/wp-json\/wp\/v2\/comments?post=46908"}],"wp:featuredmedia":[{"embeddable":true,"href":"https:\/\/mon.es\/ca\/wp-json\/wp\/v2\/media\/46224"}],"wp:attachment":[{"href":"https:\/\/mon.es\/ca\/wp-json\/wp\/v2\/media?parent=46908"}],"wp:term":[{"taxonomy":"product_brand","embeddable":true,"href":"https:\/\/mon.es\/ca\/wp-json\/wp\/v2\/product_brand?post=46908"},{"taxonomy":"product_cat","embeddable":true,"href":"https:\/\/mon.es\/ca\/wp-json\/wp\/v2\/product_cat?post=46908"},{"taxonomy":"product_tag","embeddable":true,"href":"https:\/\/mon.es\/ca\/wp-json\/wp\/v2\/product_tag?post=46908"},{"taxonomy":"producte_categoria","embeddable":true,"href":"https:\/\/mon.es\/ca\/wp-json\/wp\/v2\/producte_categoria?post=46908"}],"curies":[{"name":"wp","href":"https:\/\/api.w.org\/{rel}","templated":true}]}}