

{"id":46907,"date":"2018-11-16T12:22:40","date_gmt":"2018-11-16T12:22:40","guid":{"rendered":"https:\/\/mon.es\/producto\/balsam-corporal-artiflex\/"},"modified":"2026-02-06T15:10:26","modified_gmt":"2026-02-06T13:10:26","slug":"balsam-corporal-artiflex","status":"publish","type":"product","link":"https:\/\/mon.es\/ca\/producto\/balsam-corporal-artiflex\/","title":{"rendered":"B\u00e0lsam corporal Artiflex"},"content":{"rendered":"<p>B\u00e0lsam corporal Artiflex amb efecte antiinflamatori. Indicat per a tractar sobrec\u00e0rregues musculars i neutralitzar mol\u00e8sties articulars gr\u00e0cies a la seva alta concentraci\u00f3 en olis essencials miorelaxants.<\/p>\n","protected":false},"excerpt":{"rendered":"<p>B\u00e0lsam corporal Artiflex amb efecte antiinflamatori. Indicat per a tractar sobrec\u00e0rregues musculars i neutralitzar mol\u00e8sties articulars gr\u00e0cies a la seva alta concentraci\u00f3 en olis essencials miorelaxants.<\/p>\n","protected":false},"featured_media":45706,"comment_status":"open","ping_status":"closed","template":"","meta":{"inline_featured_image":false},"product_brand":[],"product_cat":[511,514],"product_tag":[631],"producte_categoria":[],"class_list":{"0":"post-46907","1":"product","2":"type-product","3":"status-publish","4":"has-post-thumbnail","6":"product_cat-productes-naturals-per-al-cos","7":"product_cat-cremes-corporals-naturals","8":"product_tag-antiinflamatori-muscular","10":"first","11":"instock","12":"shipping-taxable","13":"purchasable","14":"product-type-simple"},"yoast_head":"<!-- This site is optimized with the Yoast SEO plugin v27.1.1 - https:\/\/yoast.com\/product\/yoast-seo-wordpress\/ -->\n<title>B\u00e0lsam corporal Artiflex - Cosm\u00e9tica natural y sostenible MON<\/title>\n<meta name=\"description\" content=\"B\u00e0lsam corporal Artiflex amb efecte antiinflamatori indicat per a tractar sobrec\u00e0rregues musculars i neutralitzar mol\u00e8sties articulars.\" \/>\n<meta name=\"robots\" content=\"index, follow, max-snippet:-1, max-image-preview:large, max-video-preview:-1\" \/>\n<link rel=\"canonical\" href=\"https:\/\/mon.es\/ca\/producto\/balsam-corporal-artiflex\/\" \/>\n<meta property=\"og:locale\" content=\"ca_ES\" \/>\n<meta property=\"og:type\" content=\"article\" \/>\n<meta property=\"og:title\" content=\"B\u00e0lsam corporal Artiflex - Cosm\u00e9tica natural y sostenible MON\" \/>\n<meta property=\"og:description\" content=\"B\u00e0lsam corporal Artiflex amb efecte antiinflamatori indicat per a tractar sobrec\u00e0rregues musculars i neutralitzar mol\u00e8sties articulars.\" \/>\n<meta property=\"og:url\" content=\"https:\/\/mon.es\/ca\/producto\/balsam-corporal-artiflex\/\" \/>\n<meta property=\"og:site_name\" content=\"MON\" \/>\n<meta property=\"article:modified_time\" content=\"2026-02-06T13:10:26+00:00\" \/>\n<meta property=\"og:image\" content=\"http:\/\/mon.es\/wp-content\/uploads\/2018\/11\/CremaSilicio.jpg\" \/>\n\t<meta property=\"og:image:width\" content=\"683\" \/>\n\t<meta property=\"og:image:height\" content=\"1024\" \/>\n\t<meta property=\"og:image:type\" content=\"image\/jpeg\" \/>\n<meta name=\"twitter:card\" content=\"summary_large_image\" \/>\n<meta name=\"twitter:label1\" content=\"Temps estimat de lectura\" \/>\n\t<meta name=\"twitter:data1\" content=\"1 minut\" \/>\n<script type=\"application\/ld+json\" class=\"yoast-schema-graph\">{\"@context\":\"https:\/\/schema.org\",\"@graph\":[{\"@type\":\"WebPage\",\"@id\":\"https:\/\/mon.es\/ca\/producto\/balsam-corporal-artiflex\/\",\"url\":\"https:\/\/mon.es\/ca\/producto\/balsam-corporal-artiflex\/\",\"name\":\"B\u00e0lsam corporal Artiflex - Cosm\u00e9tica natural y sostenible MON\",\"isPartOf\":{\"@id\":\"https:\/\/mon.es\/#website\"},\"primaryImageOfPage\":{\"@id\":\"https:\/\/mon.es\/ca\/producto\/balsam-corporal-artiflex\/#primaryimage\"},\"image\":{\"@id\":\"https:\/\/mon.es\/ca\/producto\/balsam-corporal-artiflex\/#primaryimage\"},\"thumbnailUrl\":\"https:\/\/mon.es\/wp-content\/uploads\/2018\/11\/CremaSilicio.jpg\",\"datePublished\":\"2018-11-16T12:22:40+00:00\",\"dateModified\":\"2026-02-06T13:10:26+00:00\",\"description\":\"B\u00e0lsam corporal Artiflex amb efecte antiinflamatori indicat per a tractar sobrec\u00e0rregues musculars i neutralitzar mol\u00e8sties articulars.\",\"breadcrumb\":{\"@id\":\"https:\/\/mon.es\/ca\/producto\/balsam-corporal-artiflex\/#breadcrumb\"},\"inLanguage\":\"ca\",\"potentialAction\":[{\"@type\":\"ReadAction\",\"target\":[\"https:\/\/mon.es\/ca\/producto\/balsam-corporal-artiflex\/\"]}]},{\"@type\":\"ImageObject\",\"inLanguage\":\"ca\",\"@id\":\"https:\/\/mon.es\/ca\/producto\/balsam-corporal-artiflex\/#primaryimage\",\"url\":\"https:\/\/mon.es\/wp-content\/uploads\/2018\/11\/CremaSilicio.jpg\",\"contentUrl\":\"https:\/\/mon.es\/wp-content\/uploads\/2018\/11\/CremaSilicio.jpg\",\"width\":683,\"height\":1024},{\"@type\":\"BreadcrumbList\",\"@id\":\"https:\/\/mon.es\/ca\/producto\/balsam-corporal-artiflex\/#breadcrumb\",\"itemListElement\":[{\"@type\":\"ListItem\",\"position\":1,\"name\":\"Portada\",\"item\":\"https:\/\/mon.es\/ca\/\"},{\"@type\":\"ListItem\",\"position\":2,\"name\":\"Botiga\",\"item\":\"https:\/\/mon.es\/ca\/botiga\/\"},{\"@type\":\"ListItem\",\"position\":3,\"name\":\"B\u00e0lsam corporal Artiflex\"}]},{\"@type\":\"WebSite\",\"@id\":\"https:\/\/mon.es\/#website\",\"url\":\"https:\/\/mon.es\/\",\"name\":\"MON\",\"description\":\"Natural cosmetics\",\"publisher\":{\"@id\":\"https:\/\/mon.es\/#organization\"},\"potentialAction\":[{\"@type\":\"SearchAction\",\"target\":{\"@type\":\"EntryPoint\",\"urlTemplate\":\"https:\/\/mon.es\/?s={search_term_string}\"},\"query-input\":{\"@type\":\"PropertyValueSpecification\",\"valueRequired\":true,\"valueName\":\"search_term_string\"}}],\"inLanguage\":\"ca\"},{\"@type\":\"Organization\",\"@id\":\"https:\/\/mon.es\/#organization\",\"name\":\"MON\",\"url\":\"https:\/\/mon.es\/\",\"logo\":{\"@type\":\"ImageObject\",\"inLanguage\":\"ca\",\"@id\":\"https:\/\/mon.es\/#\/schema\/logo\/image\/\",\"url\":\"https:\/\/mon.es\/wp-content\/uploads\/2018\/11\/logo_mon.png\",\"contentUrl\":\"https:\/\/mon.es\/wp-content\/uploads\/2018\/11\/logo_mon.png\",\"width\":424,\"height\":132,\"caption\":\"MON\"},\"image\":{\"@id\":\"https:\/\/mon.es\/#\/schema\/logo\/image\/\"}}]}<\/script>\n<!-- \/ Yoast SEO plugin. -->","yoast_head_json":{"title":"B\u00e0lsam corporal Artiflex - Cosm\u00e9tica natural y sostenible MON","description":"B\u00e0lsam corporal Artiflex amb efecte antiinflamatori indicat per a tractar sobrec\u00e0rregues musculars i neutralitzar mol\u00e8sties articulars.","robots":{"index":"index","follow":"follow","max-snippet":"max-snippet:-1","max-image-preview":"max-image-preview:large","max-video-preview":"max-video-preview:-1"},"canonical":"https:\/\/mon.es\/ca\/producto\/balsam-corporal-artiflex\/","og_locale":"ca_ES","og_type":"article","og_title":"B\u00e0lsam corporal Artiflex - Cosm\u00e9tica natural y sostenible MON","og_description":"B\u00e0lsam corporal Artiflex amb efecte antiinflamatori indicat per a tractar sobrec\u00e0rregues musculars i neutralitzar mol\u00e8sties articulars.","og_url":"https:\/\/mon.es\/ca\/producto\/balsam-corporal-artiflex\/","og_site_name":"MON","article_modified_time":"2026-02-06T13:10:26+00:00","og_image":[{"width":683,"height":1024,"url":"http:\/\/mon.es\/wp-content\/uploads\/2018\/11\/CremaSilicio.jpg","type":"image\/jpeg"}],"twitter_card":"summary_large_image","twitter_misc":{"Temps estimat de lectura":"1 minut"},"schema":{"@context":"https:\/\/schema.org","@graph":[{"@type":"WebPage","@id":"https:\/\/mon.es\/ca\/producto\/balsam-corporal-artiflex\/","url":"https:\/\/mon.es\/ca\/producto\/balsam-corporal-artiflex\/","name":"B\u00e0lsam corporal Artiflex - Cosm\u00e9tica natural y sostenible MON","isPartOf":{"@id":"https:\/\/mon.es\/#website"},"primaryImageOfPage":{"@id":"https:\/\/mon.es\/ca\/producto\/balsam-corporal-artiflex\/#primaryimage"},"image":{"@id":"https:\/\/mon.es\/ca\/producto\/balsam-corporal-artiflex\/#primaryimage"},"thumbnailUrl":"https:\/\/mon.es\/wp-content\/uploads\/2018\/11\/CremaSilicio.jpg","datePublished":"2018-11-16T12:22:40+00:00","dateModified":"2026-02-06T13:10:26+00:00","description":"B\u00e0lsam corporal Artiflex amb efecte antiinflamatori indicat per a tractar sobrec\u00e0rregues musculars i neutralitzar mol\u00e8sties articulars.","breadcrumb":{"@id":"https:\/\/mon.es\/ca\/producto\/balsam-corporal-artiflex\/#breadcrumb"},"inLanguage":"ca","potentialAction":[{"@type":"ReadAction","target":["https:\/\/mon.es\/ca\/producto\/balsam-corporal-artiflex\/"]}]},{"@type":"ImageObject","inLanguage":"ca","@id":"https:\/\/mon.es\/ca\/producto\/balsam-corporal-artiflex\/#primaryimage","url":"https:\/\/mon.es\/wp-content\/uploads\/2018\/11\/CremaSilicio.jpg","contentUrl":"https:\/\/mon.es\/wp-content\/uploads\/2018\/11\/CremaSilicio.jpg","width":683,"height":1024},{"@type":"BreadcrumbList","@id":"https:\/\/mon.es\/ca\/producto\/balsam-corporal-artiflex\/#breadcrumb","itemListElement":[{"@type":"ListItem","position":1,"name":"Portada","item":"https:\/\/mon.es\/ca\/"},{"@type":"ListItem","position":2,"name":"Botiga","item":"https:\/\/mon.es\/ca\/botiga\/"},{"@type":"ListItem","position":3,"name":"B\u00e0lsam corporal Artiflex"}]},{"@type":"WebSite","@id":"https:\/\/mon.es\/#website","url":"https:\/\/mon.es\/","name":"MON","description":"Natural cosmetics","publisher":{"@id":"https:\/\/mon.es\/#organization"},"potentialAction":[{"@type":"SearchAction","target":{"@type":"EntryPoint","urlTemplate":"https:\/\/mon.es\/?s={search_term_string}"},"query-input":{"@type":"PropertyValueSpecification","valueRequired":true,"valueName":"search_term_string"}}],"inLanguage":"ca"},{"@type":"Organization","@id":"https:\/\/mon.es\/#organization","name":"MON","url":"https:\/\/mon.es\/","logo":{"@type":"ImageObject","inLanguage":"ca","@id":"https:\/\/mon.es\/#\/schema\/logo\/image\/","url":"https:\/\/mon.es\/wp-content\/uploads\/2018\/11\/logo_mon.png","contentUrl":"https:\/\/mon.es\/wp-content\/uploads\/2018\/11\/logo_mon.png","width":424,"height":132,"caption":"MON"},"image":{"@id":"https:\/\/mon.es\/#\/schema\/logo\/image\/"}}]}},"_links":{"self":[{"href":"https:\/\/mon.es\/ca\/wp-json\/wp\/v2\/product\/46907","targetHints":{"allow":["GET"]}}],"collection":[{"href":"https:\/\/mon.es\/ca\/wp-json\/wp\/v2\/product"}],"about":[{"href":"https:\/\/mon.es\/ca\/wp-json\/wp\/v2\/types\/product"}],"replies":[{"embeddable":true,"href":"https:\/\/mon.es\/ca\/wp-json\/wp\/v2\/comments?post=46907"}],"wp:featuredmedia":[{"embeddable":true,"href":"https:\/\/mon.es\/ca\/wp-json\/wp\/v2\/media\/45706"}],"wp:attachment":[{"href":"https:\/\/mon.es\/ca\/wp-json\/wp\/v2\/media?parent=46907"}],"wp:term":[{"taxonomy":"product_brand","embeddable":true,"href":"https:\/\/mon.es\/ca\/wp-json\/wp\/v2\/product_brand?post=46907"},{"taxonomy":"product_cat","embeddable":true,"href":"https:\/\/mon.es\/ca\/wp-json\/wp\/v2\/product_cat?post=46907"},{"taxonomy":"product_tag","embeddable":true,"href":"https:\/\/mon.es\/ca\/wp-json\/wp\/v2\/product_tag?post=46907"},{"taxonomy":"producte_categoria","embeddable":true,"href":"https:\/\/mon.es\/ca\/wp-json\/wp\/v2\/producte_categoria?post=46907"}],"curies":[{"name":"wp","href":"https:\/\/api.w.org\/{rel}","templated":true}]}}