

{"id":46903,"date":"2018-11-19T12:33:50","date_gmt":"2018-11-19T12:33:50","guid":{"rendered":"https:\/\/mon.es\/producto\/xampu-natural-de-mantega-de-karite\/"},"modified":"2026-02-06T14:19:06","modified_gmt":"2026-02-06T12:19:06","slug":"xampu-natural-de-mantega-de-karite","status":"publish","type":"product","link":"https:\/\/mon.es\/ca\/producto\/xampu-natural-de-mantega-de-karite\/","title":{"rendered":"Xamp\u00fa natural de mantega de Karit\u00e9"},"content":{"rendered":"<p>Regenerador per a cabells secs o danyats. La seva f\u00f3rmula rica en mantega de karit\u00e9 hidrata en profunditat, recupera la vitalitat i aporta suavitat, deixant el cabell manejable i ple de vida.<\/p>\n","protected":false},"excerpt":{"rendered":"<p>Regenerador per a cabells secs o danyats. La seva f\u00f3rmula rica en mantega de karit\u00e9 hidrata en profunditat, recupera la vitalitat i aporta suavitat, deixant el cabell manejable i ple de vida.<\/p>\n","protected":false},"featured_media":45691,"comment_status":"open","ping_status":"closed","template":"","meta":{"inline_featured_image":false},"product_brand":[],"product_cat":[502,503],"product_tag":[599],"producte_categoria":[],"class_list":{"0":"post-46903","1":"product","2":"type-product","3":"status-publish","4":"has-post-thumbnail","6":"product_cat-productes-naturals-per-al-cabell","7":"product_cat-xampus","8":"product_tag-regenerant","10":"first","11":"instock","12":"shipping-taxable","13":"purchasable","14":"product-type-simple"},"yoast_head":"<!-- This site is optimized with the Yoast SEO plugin v27.1.1 - https:\/\/yoast.com\/product\/yoast-seo-wordpress\/ -->\n<title>Xamp\u00fa natural de mantega de Karit\u00e9 - Cosm\u00e8tica natural MON<\/title>\n<meta name=\"description\" content=\"Xamp\u00fa natural de mantega de Karit\u00e9, regenerador per a cabells secs o danyats. La seva f\u00f3rmula aportar\u00e0 al teu p\u00e8l la hidrataci\u00f3 i vitalitat que li falta.\" \/>\n<meta name=\"robots\" content=\"index, follow, max-snippet:-1, max-image-preview:large, max-video-preview:-1\" \/>\n<link rel=\"canonical\" href=\"https:\/\/mon.es\/ca\/producto\/xampu-natural-de-mantega-de-karite\/\" \/>\n<meta property=\"og:locale\" content=\"ca_ES\" \/>\n<meta property=\"og:type\" content=\"article\" \/>\n<meta property=\"og:title\" content=\"Xamp\u00fa natural de mantega de Karit\u00e9 - Cosm\u00e8tica natural MON\" \/>\n<meta property=\"og:description\" content=\"Xamp\u00fa natural de mantega de Karit\u00e9, regenerador per a cabells secs o danyats. La seva f\u00f3rmula aportar\u00e0 al teu p\u00e8l la hidrataci\u00f3 i vitalitat que li falta.\" \/>\n<meta property=\"og:url\" content=\"https:\/\/mon.es\/ca\/producto\/xampu-natural-de-mantega-de-karite\/\" \/>\n<meta property=\"og:site_name\" content=\"MON\" \/>\n<meta property=\"article:modified_time\" content=\"2026-02-06T12:19:06+00:00\" \/>\n<meta property=\"og:image\" content=\"http:\/\/mon.es\/wp-content\/uploads\/2018\/11\/ChampuMantecaKarite.jpg\" \/>\n\t<meta property=\"og:image:width\" content=\"683\" \/>\n\t<meta property=\"og:image:height\" content=\"1024\" \/>\n\t<meta property=\"og:image:type\" content=\"image\/jpeg\" \/>\n<meta name=\"twitter:card\" content=\"summary_large_image\" \/>\n<meta name=\"twitter:label1\" content=\"Temps estimat de lectura\" \/>\n\t<meta name=\"twitter:data1\" content=\"1 minut\" \/>\n<script type=\"application\/ld+json\" class=\"yoast-schema-graph\">{\"@context\":\"https:\/\/schema.org\",\"@graph\":[{\"@type\":\"WebPage\",\"@id\":\"https:\/\/mon.es\/ca\/producto\/xampu-natural-de-mantega-de-karite\/\",\"url\":\"https:\/\/mon.es\/ca\/producto\/xampu-natural-de-mantega-de-karite\/\",\"name\":\"Xamp\u00fa natural de mantega de Karit\u00e9 - Cosm\u00e8tica natural MON\",\"isPartOf\":{\"@id\":\"https:\/\/mon.es\/#website\"},\"primaryImageOfPage\":{\"@id\":\"https:\/\/mon.es\/ca\/producto\/xampu-natural-de-mantega-de-karite\/#primaryimage\"},\"image\":{\"@id\":\"https:\/\/mon.es\/ca\/producto\/xampu-natural-de-mantega-de-karite\/#primaryimage\"},\"thumbnailUrl\":\"https:\/\/mon.es\/wp-content\/uploads\/2018\/11\/ChampuMantecaKarite.jpg\",\"datePublished\":\"2018-11-19T12:33:50+00:00\",\"dateModified\":\"2026-02-06T12:19:06+00:00\",\"description\":\"Xamp\u00fa natural de mantega de Karit\u00e9, regenerador per a cabells secs o danyats. La seva f\u00f3rmula aportar\u00e0 al teu p\u00e8l la hidrataci\u00f3 i vitalitat que li falta.\",\"breadcrumb\":{\"@id\":\"https:\/\/mon.es\/ca\/producto\/xampu-natural-de-mantega-de-karite\/#breadcrumb\"},\"inLanguage\":\"ca\",\"potentialAction\":[{\"@type\":\"ReadAction\",\"target\":[\"https:\/\/mon.es\/ca\/producto\/xampu-natural-de-mantega-de-karite\/\"]}]},{\"@type\":\"ImageObject\",\"inLanguage\":\"ca\",\"@id\":\"https:\/\/mon.es\/ca\/producto\/xampu-natural-de-mantega-de-karite\/#primaryimage\",\"url\":\"https:\/\/mon.es\/wp-content\/uploads\/2018\/11\/ChampuMantecaKarite.jpg\",\"contentUrl\":\"https:\/\/mon.es\/wp-content\/uploads\/2018\/11\/ChampuMantecaKarite.jpg\",\"width\":683,\"height\":1024},{\"@type\":\"BreadcrumbList\",\"@id\":\"https:\/\/mon.es\/ca\/producto\/xampu-natural-de-mantega-de-karite\/#breadcrumb\",\"itemListElement\":[{\"@type\":\"ListItem\",\"position\":1,\"name\":\"Portada\",\"item\":\"https:\/\/mon.es\/ca\/\"},{\"@type\":\"ListItem\",\"position\":2,\"name\":\"Botiga\",\"item\":\"https:\/\/mon.es\/ca\/botiga\/\"},{\"@type\":\"ListItem\",\"position\":3,\"name\":\"Xamp\u00fa natural de mantega de Karit\u00e9\"}]},{\"@type\":\"WebSite\",\"@id\":\"https:\/\/mon.es\/#website\",\"url\":\"https:\/\/mon.es\/\",\"name\":\"MON\",\"description\":\"Natural cosmetics\",\"publisher\":{\"@id\":\"https:\/\/mon.es\/#organization\"},\"potentialAction\":[{\"@type\":\"SearchAction\",\"target\":{\"@type\":\"EntryPoint\",\"urlTemplate\":\"https:\/\/mon.es\/?s={search_term_string}\"},\"query-input\":{\"@type\":\"PropertyValueSpecification\",\"valueRequired\":true,\"valueName\":\"search_term_string\"}}],\"inLanguage\":\"ca\"},{\"@type\":\"Organization\",\"@id\":\"https:\/\/mon.es\/#organization\",\"name\":\"MON\",\"url\":\"https:\/\/mon.es\/\",\"logo\":{\"@type\":\"ImageObject\",\"inLanguage\":\"ca\",\"@id\":\"https:\/\/mon.es\/#\/schema\/logo\/image\/\",\"url\":\"https:\/\/mon.es\/wp-content\/uploads\/2018\/11\/logo_mon.png\",\"contentUrl\":\"https:\/\/mon.es\/wp-content\/uploads\/2018\/11\/logo_mon.png\",\"width\":424,\"height\":132,\"caption\":\"MON\"},\"image\":{\"@id\":\"https:\/\/mon.es\/#\/schema\/logo\/image\/\"}}]}<\/script>\n<!-- \/ Yoast SEO plugin. -->","yoast_head_json":{"title":"Xamp\u00fa natural de mantega de Karit\u00e9 - Cosm\u00e8tica natural MON","description":"Xamp\u00fa natural de mantega de Karit\u00e9, regenerador per a cabells secs o danyats. La seva f\u00f3rmula aportar\u00e0 al teu p\u00e8l la hidrataci\u00f3 i vitalitat que li falta.","robots":{"index":"index","follow":"follow","max-snippet":"max-snippet:-1","max-image-preview":"max-image-preview:large","max-video-preview":"max-video-preview:-1"},"canonical":"https:\/\/mon.es\/ca\/producto\/xampu-natural-de-mantega-de-karite\/","og_locale":"ca_ES","og_type":"article","og_title":"Xamp\u00fa natural de mantega de Karit\u00e9 - Cosm\u00e8tica natural MON","og_description":"Xamp\u00fa natural de mantega de Karit\u00e9, regenerador per a cabells secs o danyats. La seva f\u00f3rmula aportar\u00e0 al teu p\u00e8l la hidrataci\u00f3 i vitalitat que li falta.","og_url":"https:\/\/mon.es\/ca\/producto\/xampu-natural-de-mantega-de-karite\/","og_site_name":"MON","article_modified_time":"2026-02-06T12:19:06+00:00","og_image":[{"width":683,"height":1024,"url":"http:\/\/mon.es\/wp-content\/uploads\/2018\/11\/ChampuMantecaKarite.jpg","type":"image\/jpeg"}],"twitter_card":"summary_large_image","twitter_misc":{"Temps estimat de lectura":"1 minut"},"schema":{"@context":"https:\/\/schema.org","@graph":[{"@type":"WebPage","@id":"https:\/\/mon.es\/ca\/producto\/xampu-natural-de-mantega-de-karite\/","url":"https:\/\/mon.es\/ca\/producto\/xampu-natural-de-mantega-de-karite\/","name":"Xamp\u00fa natural de mantega de Karit\u00e9 - Cosm\u00e8tica natural MON","isPartOf":{"@id":"https:\/\/mon.es\/#website"},"primaryImageOfPage":{"@id":"https:\/\/mon.es\/ca\/producto\/xampu-natural-de-mantega-de-karite\/#primaryimage"},"image":{"@id":"https:\/\/mon.es\/ca\/producto\/xampu-natural-de-mantega-de-karite\/#primaryimage"},"thumbnailUrl":"https:\/\/mon.es\/wp-content\/uploads\/2018\/11\/ChampuMantecaKarite.jpg","datePublished":"2018-11-19T12:33:50+00:00","dateModified":"2026-02-06T12:19:06+00:00","description":"Xamp\u00fa natural de mantega de Karit\u00e9, regenerador per a cabells secs o danyats. La seva f\u00f3rmula aportar\u00e0 al teu p\u00e8l la hidrataci\u00f3 i vitalitat que li falta.","breadcrumb":{"@id":"https:\/\/mon.es\/ca\/producto\/xampu-natural-de-mantega-de-karite\/#breadcrumb"},"inLanguage":"ca","potentialAction":[{"@type":"ReadAction","target":["https:\/\/mon.es\/ca\/producto\/xampu-natural-de-mantega-de-karite\/"]}]},{"@type":"ImageObject","inLanguage":"ca","@id":"https:\/\/mon.es\/ca\/producto\/xampu-natural-de-mantega-de-karite\/#primaryimage","url":"https:\/\/mon.es\/wp-content\/uploads\/2018\/11\/ChampuMantecaKarite.jpg","contentUrl":"https:\/\/mon.es\/wp-content\/uploads\/2018\/11\/ChampuMantecaKarite.jpg","width":683,"height":1024},{"@type":"BreadcrumbList","@id":"https:\/\/mon.es\/ca\/producto\/xampu-natural-de-mantega-de-karite\/#breadcrumb","itemListElement":[{"@type":"ListItem","position":1,"name":"Portada","item":"https:\/\/mon.es\/ca\/"},{"@type":"ListItem","position":2,"name":"Botiga","item":"https:\/\/mon.es\/ca\/botiga\/"},{"@type":"ListItem","position":3,"name":"Xamp\u00fa natural de mantega de Karit\u00e9"}]},{"@type":"WebSite","@id":"https:\/\/mon.es\/#website","url":"https:\/\/mon.es\/","name":"MON","description":"Natural cosmetics","publisher":{"@id":"https:\/\/mon.es\/#organization"},"potentialAction":[{"@type":"SearchAction","target":{"@type":"EntryPoint","urlTemplate":"https:\/\/mon.es\/?s={search_term_string}"},"query-input":{"@type":"PropertyValueSpecification","valueRequired":true,"valueName":"search_term_string"}}],"inLanguage":"ca"},{"@type":"Organization","@id":"https:\/\/mon.es\/#organization","name":"MON","url":"https:\/\/mon.es\/","logo":{"@type":"ImageObject","inLanguage":"ca","@id":"https:\/\/mon.es\/#\/schema\/logo\/image\/","url":"https:\/\/mon.es\/wp-content\/uploads\/2018\/11\/logo_mon.png","contentUrl":"https:\/\/mon.es\/wp-content\/uploads\/2018\/11\/logo_mon.png","width":424,"height":132,"caption":"MON"},"image":{"@id":"https:\/\/mon.es\/#\/schema\/logo\/image\/"}}]}},"_links":{"self":[{"href":"https:\/\/mon.es\/ca\/wp-json\/wp\/v2\/product\/46903","targetHints":{"allow":["GET"]}}],"collection":[{"href":"https:\/\/mon.es\/ca\/wp-json\/wp\/v2\/product"}],"about":[{"href":"https:\/\/mon.es\/ca\/wp-json\/wp\/v2\/types\/product"}],"replies":[{"embeddable":true,"href":"https:\/\/mon.es\/ca\/wp-json\/wp\/v2\/comments?post=46903"}],"wp:featuredmedia":[{"embeddable":true,"href":"https:\/\/mon.es\/ca\/wp-json\/wp\/v2\/media\/45691"}],"wp:attachment":[{"href":"https:\/\/mon.es\/ca\/wp-json\/wp\/v2\/media?parent=46903"}],"wp:term":[{"taxonomy":"product_brand","embeddable":true,"href":"https:\/\/mon.es\/ca\/wp-json\/wp\/v2\/product_brand?post=46903"},{"taxonomy":"product_cat","embeddable":true,"href":"https:\/\/mon.es\/ca\/wp-json\/wp\/v2\/product_cat?post=46903"},{"taxonomy":"product_tag","embeddable":true,"href":"https:\/\/mon.es\/ca\/wp-json\/wp\/v2\/product_tag?post=46903"},{"taxonomy":"producte_categoria","embeddable":true,"href":"https:\/\/mon.es\/ca\/wp-json\/wp\/v2\/producte_categoria?post=46903"}],"curies":[{"name":"wp","href":"https:\/\/api.w.org\/{rel}","templated":true}]}}