

{"id":46900,"date":"2018-11-19T12:56:17","date_gmt":"2018-11-19T12:56:17","guid":{"rendered":"https:\/\/mon.es\/producto\/crema-facial-darbre-del-te-i-acid-hialuronic\/"},"modified":"2025-11-18T12:23:23","modified_gmt":"2025-11-18T10:23:23","slug":"crema-facial-darbre-del-te-i-acid-hialuronic","status":"publish","type":"product","link":"https:\/\/mon.es\/ca\/producto\/crema-facial-darbre-del-te-i-acid-hialuronic\/","title":{"rendered":"Crema facial d&#8217;Arbre del Te i \u00c0cid Hialur\u00f2nic"},"content":{"rendered":"<p>Regenera i suavitza els estralls de l\u2019edat i les hormones amb aquesta f\u00f3rmula enriquida amb \u00e0cid hialur\u00f2nic i olis essencials. Hidrata i aporta confort a la pell grassa o amb tend\u00e8ncia acneica, tamb\u00e9 \u00e9s perfecta per a pells madures.<\/p>\n","protected":false},"excerpt":{"rendered":"<p>Regenera i suavitza els estralls de l\u2019edat i les hormones amb aquesta f\u00f3rmula enriquida amb \u00e0cid hialur\u00f2nic i olis essencials. Hidrata i aporta confort a la pell grassa o amb tend\u00e8ncia acneica, tamb\u00e9 \u00e9s perfecta per a pells madures.<\/p>\n","protected":false},"featured_media":45715,"comment_status":"open","ping_status":"closed","template":"","meta":{"inline_featured_image":false},"product_brand":[],"product_cat":[506,508],"product_tag":[582],"producte_categoria":[673],"class_list":{"0":"post-46900","1":"product","2":"type-product","3":"status-publish","4":"has-post-thumbnail","6":"product_cat-cosmetica-natural-per-a-la-cara","7":"product_cat-cremes-per-a-la-cara","8":"product_tag-pells-grasses","9":"producte_categoria-esenciales-para-este-otono-ca","11":"first","12":"instock","13":"shipping-taxable","14":"purchasable","15":"product-type-simple"},"yoast_head":"<!-- This site is optimized with the Yoast SEO plugin v27.1.1 - https:\/\/yoast.com\/product\/yoast-seo-wordpress\/ -->\n<title>Crema facial d&#039;Arbre del Te i \u00c0cid Hialur\u00f2nic - Cosm\u00e8tica natural MON<\/title>\n<meta name=\"description\" content=\"Crema facial d&#039;Arbre del Te i \u00c0cid Hialur\u00f2nic certificada ecol\u00f2gica, especialment pensada per a hidratar i matisar les pells amb tend\u00e8ncia acneica.\" \/>\n<meta name=\"robots\" content=\"index, follow, max-snippet:-1, max-image-preview:large, max-video-preview:-1\" \/>\n<link rel=\"canonical\" href=\"https:\/\/mon.es\/ca\/producto\/crema-facial-darbre-del-te-i-acid-hialuronic\/\" \/>\n<meta property=\"og:locale\" content=\"ca_ES\" \/>\n<meta property=\"og:type\" content=\"article\" \/>\n<meta property=\"og:title\" content=\"Crema facial d&#039;Arbre del Te i \u00c0cid Hialur\u00f2nic - Cosm\u00e8tica natural MON\" \/>\n<meta property=\"og:description\" content=\"Crema facial d&#039;Arbre del Te i \u00c0cid Hialur\u00f2nic certificada ecol\u00f2gica, especialment pensada per a hidratar i matisar les pells amb tend\u00e8ncia acneica.\" \/>\n<meta property=\"og:url\" content=\"https:\/\/mon.es\/ca\/producto\/crema-facial-darbre-del-te-i-acid-hialuronic\/\" \/>\n<meta property=\"og:site_name\" content=\"MON\" \/>\n<meta property=\"article:modified_time\" content=\"2025-11-18T10:23:23+00:00\" \/>\n<meta property=\"og:image\" content=\"http:\/\/mon.es\/wp-content\/uploads\/2018\/11\/CremaArbolTeCast.jpg\" \/>\n\t<meta property=\"og:image:width\" content=\"683\" \/>\n\t<meta property=\"og:image:height\" content=\"1024\" \/>\n\t<meta property=\"og:image:type\" content=\"image\/jpeg\" \/>\n<meta name=\"twitter:card\" content=\"summary_large_image\" \/>\n<meta name=\"twitter:label1\" content=\"Temps estimat de lectura\" \/>\n\t<meta name=\"twitter:data1\" content=\"1 minut\" \/>\n<script type=\"application\/ld+json\" class=\"yoast-schema-graph\">{\"@context\":\"https:\/\/schema.org\",\"@graph\":[{\"@type\":\"WebPage\",\"@id\":\"https:\/\/mon.es\/ca\/producto\/crema-facial-darbre-del-te-i-acid-hialuronic\/\",\"url\":\"https:\/\/mon.es\/ca\/producto\/crema-facial-darbre-del-te-i-acid-hialuronic\/\",\"name\":\"Crema facial d'Arbre del Te i \u00c0cid Hialur\u00f2nic - Cosm\u00e8tica natural MON\",\"isPartOf\":{\"@id\":\"https:\/\/mon.es\/#website\"},\"primaryImageOfPage\":{\"@id\":\"https:\/\/mon.es\/ca\/producto\/crema-facial-darbre-del-te-i-acid-hialuronic\/#primaryimage\"},\"image\":{\"@id\":\"https:\/\/mon.es\/ca\/producto\/crema-facial-darbre-del-te-i-acid-hialuronic\/#primaryimage\"},\"thumbnailUrl\":\"https:\/\/mon.es\/wp-content\/uploads\/2018\/11\/CremaArbolTeCast.jpg\",\"datePublished\":\"2018-11-19T12:56:17+00:00\",\"dateModified\":\"2025-11-18T10:23:23+00:00\",\"description\":\"Crema facial d'Arbre del Te i \u00c0cid Hialur\u00f2nic certificada ecol\u00f2gica, especialment pensada per a hidratar i matisar les pells amb tend\u00e8ncia acneica.\",\"breadcrumb\":{\"@id\":\"https:\/\/mon.es\/ca\/producto\/crema-facial-darbre-del-te-i-acid-hialuronic\/#breadcrumb\"},\"inLanguage\":\"ca\",\"potentialAction\":[{\"@type\":\"ReadAction\",\"target\":[\"https:\/\/mon.es\/ca\/producto\/crema-facial-darbre-del-te-i-acid-hialuronic\/\"]}]},{\"@type\":\"ImageObject\",\"inLanguage\":\"ca\",\"@id\":\"https:\/\/mon.es\/ca\/producto\/crema-facial-darbre-del-te-i-acid-hialuronic\/#primaryimage\",\"url\":\"https:\/\/mon.es\/wp-content\/uploads\/2018\/11\/CremaArbolTeCast.jpg\",\"contentUrl\":\"https:\/\/mon.es\/wp-content\/uploads\/2018\/11\/CremaArbolTeCast.jpg\",\"width\":683,\"height\":1024},{\"@type\":\"BreadcrumbList\",\"@id\":\"https:\/\/mon.es\/ca\/producto\/crema-facial-darbre-del-te-i-acid-hialuronic\/#breadcrumb\",\"itemListElement\":[{\"@type\":\"ListItem\",\"position\":1,\"name\":\"Portada\",\"item\":\"https:\/\/mon.es\/ca\/\"},{\"@type\":\"ListItem\",\"position\":2,\"name\":\"Botiga\",\"item\":\"https:\/\/mon.es\/ca\/botiga\/\"},{\"@type\":\"ListItem\",\"position\":3,\"name\":\"Crema facial d&#8217;Arbre del Te i \u00c0cid Hialur\u00f2nic\"}]},{\"@type\":\"WebSite\",\"@id\":\"https:\/\/mon.es\/#website\",\"url\":\"https:\/\/mon.es\/\",\"name\":\"MON\",\"description\":\"Natural cosmetics\",\"publisher\":{\"@id\":\"https:\/\/mon.es\/#organization\"},\"potentialAction\":[{\"@type\":\"SearchAction\",\"target\":{\"@type\":\"EntryPoint\",\"urlTemplate\":\"https:\/\/mon.es\/?s={search_term_string}\"},\"query-input\":{\"@type\":\"PropertyValueSpecification\",\"valueRequired\":true,\"valueName\":\"search_term_string\"}}],\"inLanguage\":\"ca\"},{\"@type\":\"Organization\",\"@id\":\"https:\/\/mon.es\/#organization\",\"name\":\"MON\",\"url\":\"https:\/\/mon.es\/\",\"logo\":{\"@type\":\"ImageObject\",\"inLanguage\":\"ca\",\"@id\":\"https:\/\/mon.es\/#\/schema\/logo\/image\/\",\"url\":\"https:\/\/mon.es\/wp-content\/uploads\/2018\/11\/logo_mon.png\",\"contentUrl\":\"https:\/\/mon.es\/wp-content\/uploads\/2018\/11\/logo_mon.png\",\"width\":424,\"height\":132,\"caption\":\"MON\"},\"image\":{\"@id\":\"https:\/\/mon.es\/#\/schema\/logo\/image\/\"}}]}<\/script>\n<!-- \/ Yoast SEO plugin. -->","yoast_head_json":{"title":"Crema facial d'Arbre del Te i \u00c0cid Hialur\u00f2nic - Cosm\u00e8tica natural MON","description":"Crema facial d'Arbre del Te i \u00c0cid Hialur\u00f2nic certificada ecol\u00f2gica, especialment pensada per a hidratar i matisar les pells amb tend\u00e8ncia acneica.","robots":{"index":"index","follow":"follow","max-snippet":"max-snippet:-1","max-image-preview":"max-image-preview:large","max-video-preview":"max-video-preview:-1"},"canonical":"https:\/\/mon.es\/ca\/producto\/crema-facial-darbre-del-te-i-acid-hialuronic\/","og_locale":"ca_ES","og_type":"article","og_title":"Crema facial d'Arbre del Te i \u00c0cid Hialur\u00f2nic - Cosm\u00e8tica natural MON","og_description":"Crema facial d'Arbre del Te i \u00c0cid Hialur\u00f2nic certificada ecol\u00f2gica, especialment pensada per a hidratar i matisar les pells amb tend\u00e8ncia acneica.","og_url":"https:\/\/mon.es\/ca\/producto\/crema-facial-darbre-del-te-i-acid-hialuronic\/","og_site_name":"MON","article_modified_time":"2025-11-18T10:23:23+00:00","og_image":[{"width":683,"height":1024,"url":"http:\/\/mon.es\/wp-content\/uploads\/2018\/11\/CremaArbolTeCast.jpg","type":"image\/jpeg"}],"twitter_card":"summary_large_image","twitter_misc":{"Temps estimat de lectura":"1 minut"},"schema":{"@context":"https:\/\/schema.org","@graph":[{"@type":"WebPage","@id":"https:\/\/mon.es\/ca\/producto\/crema-facial-darbre-del-te-i-acid-hialuronic\/","url":"https:\/\/mon.es\/ca\/producto\/crema-facial-darbre-del-te-i-acid-hialuronic\/","name":"Crema facial d'Arbre del Te i \u00c0cid Hialur\u00f2nic - Cosm\u00e8tica natural MON","isPartOf":{"@id":"https:\/\/mon.es\/#website"},"primaryImageOfPage":{"@id":"https:\/\/mon.es\/ca\/producto\/crema-facial-darbre-del-te-i-acid-hialuronic\/#primaryimage"},"image":{"@id":"https:\/\/mon.es\/ca\/producto\/crema-facial-darbre-del-te-i-acid-hialuronic\/#primaryimage"},"thumbnailUrl":"https:\/\/mon.es\/wp-content\/uploads\/2018\/11\/CremaArbolTeCast.jpg","datePublished":"2018-11-19T12:56:17+00:00","dateModified":"2025-11-18T10:23:23+00:00","description":"Crema facial d'Arbre del Te i \u00c0cid Hialur\u00f2nic certificada ecol\u00f2gica, especialment pensada per a hidratar i matisar les pells amb tend\u00e8ncia acneica.","breadcrumb":{"@id":"https:\/\/mon.es\/ca\/producto\/crema-facial-darbre-del-te-i-acid-hialuronic\/#breadcrumb"},"inLanguage":"ca","potentialAction":[{"@type":"ReadAction","target":["https:\/\/mon.es\/ca\/producto\/crema-facial-darbre-del-te-i-acid-hialuronic\/"]}]},{"@type":"ImageObject","inLanguage":"ca","@id":"https:\/\/mon.es\/ca\/producto\/crema-facial-darbre-del-te-i-acid-hialuronic\/#primaryimage","url":"https:\/\/mon.es\/wp-content\/uploads\/2018\/11\/CremaArbolTeCast.jpg","contentUrl":"https:\/\/mon.es\/wp-content\/uploads\/2018\/11\/CremaArbolTeCast.jpg","width":683,"height":1024},{"@type":"BreadcrumbList","@id":"https:\/\/mon.es\/ca\/producto\/crema-facial-darbre-del-te-i-acid-hialuronic\/#breadcrumb","itemListElement":[{"@type":"ListItem","position":1,"name":"Portada","item":"https:\/\/mon.es\/ca\/"},{"@type":"ListItem","position":2,"name":"Botiga","item":"https:\/\/mon.es\/ca\/botiga\/"},{"@type":"ListItem","position":3,"name":"Crema facial d&#8217;Arbre del Te i \u00c0cid Hialur\u00f2nic"}]},{"@type":"WebSite","@id":"https:\/\/mon.es\/#website","url":"https:\/\/mon.es\/","name":"MON","description":"Natural cosmetics","publisher":{"@id":"https:\/\/mon.es\/#organization"},"potentialAction":[{"@type":"SearchAction","target":{"@type":"EntryPoint","urlTemplate":"https:\/\/mon.es\/?s={search_term_string}"},"query-input":{"@type":"PropertyValueSpecification","valueRequired":true,"valueName":"search_term_string"}}],"inLanguage":"ca"},{"@type":"Organization","@id":"https:\/\/mon.es\/#organization","name":"MON","url":"https:\/\/mon.es\/","logo":{"@type":"ImageObject","inLanguage":"ca","@id":"https:\/\/mon.es\/#\/schema\/logo\/image\/","url":"https:\/\/mon.es\/wp-content\/uploads\/2018\/11\/logo_mon.png","contentUrl":"https:\/\/mon.es\/wp-content\/uploads\/2018\/11\/logo_mon.png","width":424,"height":132,"caption":"MON"},"image":{"@id":"https:\/\/mon.es\/#\/schema\/logo\/image\/"}}]}},"_links":{"self":[{"href":"https:\/\/mon.es\/ca\/wp-json\/wp\/v2\/product\/46900","targetHints":{"allow":["GET"]}}],"collection":[{"href":"https:\/\/mon.es\/ca\/wp-json\/wp\/v2\/product"}],"about":[{"href":"https:\/\/mon.es\/ca\/wp-json\/wp\/v2\/types\/product"}],"replies":[{"embeddable":true,"href":"https:\/\/mon.es\/ca\/wp-json\/wp\/v2\/comments?post=46900"}],"wp:featuredmedia":[{"embeddable":true,"href":"https:\/\/mon.es\/ca\/wp-json\/wp\/v2\/media\/45715"}],"wp:attachment":[{"href":"https:\/\/mon.es\/ca\/wp-json\/wp\/v2\/media?parent=46900"}],"wp:term":[{"taxonomy":"product_brand","embeddable":true,"href":"https:\/\/mon.es\/ca\/wp-json\/wp\/v2\/product_brand?post=46900"},{"taxonomy":"product_cat","embeddable":true,"href":"https:\/\/mon.es\/ca\/wp-json\/wp\/v2\/product_cat?post=46900"},{"taxonomy":"product_tag","embeddable":true,"href":"https:\/\/mon.es\/ca\/wp-json\/wp\/v2\/product_tag?post=46900"},{"taxonomy":"producte_categoria","embeddable":true,"href":"https:\/\/mon.es\/ca\/wp-json\/wp\/v2\/producte_categoria?post=46900"}],"curies":[{"name":"wp","href":"https:\/\/api.w.org\/{rel}","templated":true}]}}