

{"id":46894,"date":"2018-11-21T08:05:11","date_gmt":"2018-11-21T08:05:11","guid":{"rendered":"https:\/\/mon.es\/producto\/desodorant-certificat-natural-arbre-del-te\/"},"modified":"2026-04-07T10:55:06","modified_gmt":"2026-04-07T08:55:06","slug":"desodorant-natural-arbre-del-te","status":"publish","type":"product","link":"https:\/\/mon.es\/ca\/producto\/desodorant-natural-arbre-del-te\/","title":{"rendered":"Desodorant certificat natural Arbre del Te"},"content":{"rendered":"<p>Sense alumini ni triclosan, aquest desodorant certificat natural ofereix protecci\u00f3 duradora i segura. La seva f\u00f3rmula fresca i suau cuida la pell, no irrita i mant\u00e9 la sensaci\u00f3 de frescor durant tot el dia. Ideal per a qui busca un antitranspirant efectiu i saludable.<\/p>\n<p>&nbsp;<\/p>\n","protected":false},"excerpt":{"rendered":"<p>Sense alumini ni triclosan, aquest desodorant certificat natural ofereix protecci\u00f3 duradora i segura. La seva f\u00f3rmula fresca i suau cuida la pell, no irrita i mant\u00e9 la sensaci\u00f3 de frescor durant tot el dia. Ideal per a qui busca un antitranspirant efectiu i saludable. &nbsp;<\/p>\n","protected":false},"featured_media":47685,"comment_status":"open","ping_status":"closed","template":"","meta":{"inline_featured_image":false},"product_brand":[],"product_cat":[511,515],"product_tag":[638],"producte_categoria":[671,665],"class_list":{"0":"post-46894","1":"product","2":"type-product","3":"status-publish","4":"has-post-thumbnail","6":"product_cat-productes-naturals-per-al-cos","7":"product_cat-higiene-corporal-ca","8":"product_tag-sense-alumini-ni-triclosan","9":"producte_categoria-frescura-diaria-ca","10":"producte_categoria-para-toda-la-familia-ca","12":"first","13":"instock","14":"featured","15":"shipping-taxable","16":"purchasable","17":"product-type-simple"},"yoast_head":"<!-- This site is optimized with the Yoast SEO plugin v27.1.1 - https:\/\/yoast.com\/product\/yoast-seo-wordpress\/ -->\n<title>Desodorant certificat natural Arbre del Te - Cosm\u00e9tica natural y sostenible MON<\/title>\n<meta name=\"description\" content=\"Desodorant natural d&#039;Arbre del Te, sense aluminis ni triclosan. Un anti transpirable natural fresc i suau sense t\u00f2xics, no irrita la pell.\" \/>\n<meta name=\"robots\" content=\"index, follow, max-snippet:-1, max-image-preview:large, max-video-preview:-1\" \/>\n<link rel=\"canonical\" href=\"https:\/\/mon.es\/ca\/producto\/desodorant-natural-arbre-del-te\/\" \/>\n<meta property=\"og:locale\" content=\"ca_ES\" \/>\n<meta property=\"og:type\" content=\"article\" \/>\n<meta property=\"og:title\" content=\"Desodorant certificat natural Arbre del Te - Cosm\u00e9tica natural y sostenible MON\" \/>\n<meta property=\"og:description\" content=\"Desodorant natural d&#039;Arbre del Te, sense aluminis ni triclosan. Un anti transpirable natural fresc i suau sense t\u00f2xics, no irrita la pell.\" \/>\n<meta property=\"og:url\" content=\"https:\/\/mon.es\/ca\/producto\/desodorant-natural-arbre-del-te\/\" \/>\n<meta property=\"og:site_name\" content=\"MON\" \/>\n<meta property=\"article:modified_time\" content=\"2026-04-07T08:55:06+00:00\" \/>\n<meta property=\"og:image\" content=\"http:\/\/mon.es\/wp-content\/uploads\/2018\/11\/desodorante-arboldelte-ok-scaled.jpg\" \/>\n\t<meta property=\"og:image:width\" content=\"1707\" \/>\n\t<meta property=\"og:image:height\" content=\"2560\" \/>\n\t<meta property=\"og:image:type\" content=\"image\/jpeg\" \/>\n<meta name=\"twitter:card\" content=\"summary_large_image\" \/>\n<meta name=\"twitter:label1\" content=\"Temps estimat de lectura\" \/>\n\t<meta name=\"twitter:data1\" content=\"1 minut\" \/>\n<script type=\"application\/ld+json\" class=\"yoast-schema-graph\">{\"@context\":\"https:\/\/schema.org\",\"@graph\":[{\"@type\":\"WebPage\",\"@id\":\"https:\/\/mon.es\/ca\/producto\/desodorant-natural-arbre-del-te\/\",\"url\":\"https:\/\/mon.es\/ca\/producto\/desodorant-natural-arbre-del-te\/\",\"name\":\"Desodorant certificat natural Arbre del Te - Cosm\u00e9tica natural y sostenible MON\",\"isPartOf\":{\"@id\":\"https:\/\/mon.es\/#website\"},\"primaryImageOfPage\":{\"@id\":\"https:\/\/mon.es\/ca\/producto\/desodorant-natural-arbre-del-te\/#primaryimage\"},\"image\":{\"@id\":\"https:\/\/mon.es\/ca\/producto\/desodorant-natural-arbre-del-te\/#primaryimage\"},\"thumbnailUrl\":\"https:\/\/mon.es\/wp-content\/uploads\/2018\/11\/desodorante-arboldelte-ok-scaled.jpg\",\"datePublished\":\"2018-11-21T08:05:11+00:00\",\"dateModified\":\"2026-04-07T08:55:06+00:00\",\"description\":\"Desodorant natural d'Arbre del Te, sense aluminis ni triclosan. Un anti transpirable natural fresc i suau sense t\u00f2xics, no irrita la pell.\",\"breadcrumb\":{\"@id\":\"https:\/\/mon.es\/ca\/producto\/desodorant-natural-arbre-del-te\/#breadcrumb\"},\"inLanguage\":\"ca\",\"potentialAction\":[{\"@type\":\"ReadAction\",\"target\":[\"https:\/\/mon.es\/ca\/producto\/desodorant-natural-arbre-del-te\/\"]}]},{\"@type\":\"ImageObject\",\"inLanguage\":\"ca\",\"@id\":\"https:\/\/mon.es\/ca\/producto\/desodorant-natural-arbre-del-te\/#primaryimage\",\"url\":\"https:\/\/mon.es\/wp-content\/uploads\/2018\/11\/desodorante-arboldelte-ok-scaled.jpg\",\"contentUrl\":\"https:\/\/mon.es\/wp-content\/uploads\/2018\/11\/desodorante-arboldelte-ok-scaled.jpg\",\"width\":1707,\"height\":2560},{\"@type\":\"BreadcrumbList\",\"@id\":\"https:\/\/mon.es\/ca\/producto\/desodorant-natural-arbre-del-te\/#breadcrumb\",\"itemListElement\":[{\"@type\":\"ListItem\",\"position\":1,\"name\":\"Portada\",\"item\":\"https:\/\/mon.es\/ca\/\"},{\"@type\":\"ListItem\",\"position\":2,\"name\":\"Botiga\",\"item\":\"https:\/\/mon.es\/ca\/botiga\/\"},{\"@type\":\"ListItem\",\"position\":3,\"name\":\"Desodorant certificat natural Arbre del Te\"}]},{\"@type\":\"WebSite\",\"@id\":\"https:\/\/mon.es\/#website\",\"url\":\"https:\/\/mon.es\/\",\"name\":\"MON\",\"description\":\"Natural cosmetics\",\"publisher\":{\"@id\":\"https:\/\/mon.es\/#organization\"},\"potentialAction\":[{\"@type\":\"SearchAction\",\"target\":{\"@type\":\"EntryPoint\",\"urlTemplate\":\"https:\/\/mon.es\/?s={search_term_string}\"},\"query-input\":{\"@type\":\"PropertyValueSpecification\",\"valueRequired\":true,\"valueName\":\"search_term_string\"}}],\"inLanguage\":\"ca\"},{\"@type\":\"Organization\",\"@id\":\"https:\/\/mon.es\/#organization\",\"name\":\"MON\",\"url\":\"https:\/\/mon.es\/\",\"logo\":{\"@type\":\"ImageObject\",\"inLanguage\":\"ca\",\"@id\":\"https:\/\/mon.es\/#\/schema\/logo\/image\/\",\"url\":\"https:\/\/mon.es\/wp-content\/uploads\/2018\/11\/logo_mon.png\",\"contentUrl\":\"https:\/\/mon.es\/wp-content\/uploads\/2018\/11\/logo_mon.png\",\"width\":424,\"height\":132,\"caption\":\"MON\"},\"image\":{\"@id\":\"https:\/\/mon.es\/#\/schema\/logo\/image\/\"}}]}<\/script>\n<!-- \/ Yoast SEO plugin. -->","yoast_head_json":{"title":"Desodorant certificat natural Arbre del Te - Cosm\u00e9tica natural y sostenible MON","description":"Desodorant natural d'Arbre del Te, sense aluminis ni triclosan. Un anti transpirable natural fresc i suau sense t\u00f2xics, no irrita la pell.","robots":{"index":"index","follow":"follow","max-snippet":"max-snippet:-1","max-image-preview":"max-image-preview:large","max-video-preview":"max-video-preview:-1"},"canonical":"https:\/\/mon.es\/ca\/producto\/desodorant-natural-arbre-del-te\/","og_locale":"ca_ES","og_type":"article","og_title":"Desodorant certificat natural Arbre del Te - Cosm\u00e9tica natural y sostenible MON","og_description":"Desodorant natural d'Arbre del Te, sense aluminis ni triclosan. Un anti transpirable natural fresc i suau sense t\u00f2xics, no irrita la pell.","og_url":"https:\/\/mon.es\/ca\/producto\/desodorant-natural-arbre-del-te\/","og_site_name":"MON","article_modified_time":"2026-04-07T08:55:06+00:00","og_image":[{"width":1707,"height":2560,"url":"http:\/\/mon.es\/wp-content\/uploads\/2018\/11\/desodorante-arboldelte-ok-scaled.jpg","type":"image\/jpeg"}],"twitter_card":"summary_large_image","twitter_misc":{"Temps estimat de lectura":"1 minut"},"schema":{"@context":"https:\/\/schema.org","@graph":[{"@type":"WebPage","@id":"https:\/\/mon.es\/ca\/producto\/desodorant-natural-arbre-del-te\/","url":"https:\/\/mon.es\/ca\/producto\/desodorant-natural-arbre-del-te\/","name":"Desodorant certificat natural Arbre del Te - Cosm\u00e9tica natural y sostenible MON","isPartOf":{"@id":"https:\/\/mon.es\/#website"},"primaryImageOfPage":{"@id":"https:\/\/mon.es\/ca\/producto\/desodorant-natural-arbre-del-te\/#primaryimage"},"image":{"@id":"https:\/\/mon.es\/ca\/producto\/desodorant-natural-arbre-del-te\/#primaryimage"},"thumbnailUrl":"https:\/\/mon.es\/wp-content\/uploads\/2018\/11\/desodorante-arboldelte-ok-scaled.jpg","datePublished":"2018-11-21T08:05:11+00:00","dateModified":"2026-04-07T08:55:06+00:00","description":"Desodorant natural d'Arbre del Te, sense aluminis ni triclosan. Un anti transpirable natural fresc i suau sense t\u00f2xics, no irrita la pell.","breadcrumb":{"@id":"https:\/\/mon.es\/ca\/producto\/desodorant-natural-arbre-del-te\/#breadcrumb"},"inLanguage":"ca","potentialAction":[{"@type":"ReadAction","target":["https:\/\/mon.es\/ca\/producto\/desodorant-natural-arbre-del-te\/"]}]},{"@type":"ImageObject","inLanguage":"ca","@id":"https:\/\/mon.es\/ca\/producto\/desodorant-natural-arbre-del-te\/#primaryimage","url":"https:\/\/mon.es\/wp-content\/uploads\/2018\/11\/desodorante-arboldelte-ok-scaled.jpg","contentUrl":"https:\/\/mon.es\/wp-content\/uploads\/2018\/11\/desodorante-arboldelte-ok-scaled.jpg","width":1707,"height":2560},{"@type":"BreadcrumbList","@id":"https:\/\/mon.es\/ca\/producto\/desodorant-natural-arbre-del-te\/#breadcrumb","itemListElement":[{"@type":"ListItem","position":1,"name":"Portada","item":"https:\/\/mon.es\/ca\/"},{"@type":"ListItem","position":2,"name":"Botiga","item":"https:\/\/mon.es\/ca\/botiga\/"},{"@type":"ListItem","position":3,"name":"Desodorant certificat natural Arbre del Te"}]},{"@type":"WebSite","@id":"https:\/\/mon.es\/#website","url":"https:\/\/mon.es\/","name":"MON","description":"Natural cosmetics","publisher":{"@id":"https:\/\/mon.es\/#organization"},"potentialAction":[{"@type":"SearchAction","target":{"@type":"EntryPoint","urlTemplate":"https:\/\/mon.es\/?s={search_term_string}"},"query-input":{"@type":"PropertyValueSpecification","valueRequired":true,"valueName":"search_term_string"}}],"inLanguage":"ca"},{"@type":"Organization","@id":"https:\/\/mon.es\/#organization","name":"MON","url":"https:\/\/mon.es\/","logo":{"@type":"ImageObject","inLanguage":"ca","@id":"https:\/\/mon.es\/#\/schema\/logo\/image\/","url":"https:\/\/mon.es\/wp-content\/uploads\/2018\/11\/logo_mon.png","contentUrl":"https:\/\/mon.es\/wp-content\/uploads\/2018\/11\/logo_mon.png","width":424,"height":132,"caption":"MON"},"image":{"@id":"https:\/\/mon.es\/#\/schema\/logo\/image\/"}}]}},"_links":{"self":[{"href":"https:\/\/mon.es\/ca\/wp-json\/wp\/v2\/product\/46894","targetHints":{"allow":["GET"]}}],"collection":[{"href":"https:\/\/mon.es\/ca\/wp-json\/wp\/v2\/product"}],"about":[{"href":"https:\/\/mon.es\/ca\/wp-json\/wp\/v2\/types\/product"}],"replies":[{"embeddable":true,"href":"https:\/\/mon.es\/ca\/wp-json\/wp\/v2\/comments?post=46894"}],"wp:featuredmedia":[{"embeddable":true,"href":"https:\/\/mon.es\/ca\/wp-json\/wp\/v2\/media\/47685"}],"wp:attachment":[{"href":"https:\/\/mon.es\/ca\/wp-json\/wp\/v2\/media?parent=46894"}],"wp:term":[{"taxonomy":"product_brand","embeddable":true,"href":"https:\/\/mon.es\/ca\/wp-json\/wp\/v2\/product_brand?post=46894"},{"taxonomy":"product_cat","embeddable":true,"href":"https:\/\/mon.es\/ca\/wp-json\/wp\/v2\/product_cat?post=46894"},{"taxonomy":"product_tag","embeddable":true,"href":"https:\/\/mon.es\/ca\/wp-json\/wp\/v2\/product_tag?post=46894"},{"taxonomy":"producte_categoria","embeddable":true,"href":"https:\/\/mon.es\/ca\/wp-json\/wp\/v2\/producte_categoria?post=46894"}],"curies":[{"name":"wp","href":"https:\/\/api.w.org\/{rel}","templated":true}]}}