

{"id":46891,"date":"2018-11-21T09:10:13","date_gmt":"2018-11-21T09:10:13","guid":{"rendered":"https:\/\/mon.es\/producto\/gel-aloe-vera-pur\/"},"modified":"2025-11-18T13:44:52","modified_gmt":"2025-11-18T11:44:52","slug":"gel-aloe-vera-pur","status":"publish","type":"product","link":"https:\/\/mon.es\/ca\/producto\/gel-aloe-vera-pur\/","title":{"rendered":"Gel \u00c0loe Vera pur"},"content":{"rendered":"<p>Gel d&#8217;\u00c0loe Vera certificat ecol\u00f2gic per Ecocert.<\/p>\n<p>\u00c9s la soluci\u00f3 perfecta per a la hidrataci\u00f3 di\u00e0ria en pells enrogides i irritades. Suavitza i refresca la teva pell utilitzant-ho com a hidratant corporal o facial.<\/p>\n","protected":false},"excerpt":{"rendered":"<p>Gel d&#8217;\u00c0loe Vera certificat ecol\u00f2gic per Ecocert. \u00c9s la soluci\u00f3 perfecta per a la hidrataci\u00f3 di\u00e0ria en pells enrogides i irritades. Suavitza i refresca la teva pell utilitzant-ho com a hidratant corporal o facial.<\/p>\n","protected":false},"featured_media":50228,"comment_status":"open","ping_status":"closed","template":"","meta":{"inline_featured_image":false},"product_brand":[],"product_cat":[506,511,514,508],"product_tag":[597],"producte_categoria":[669],"class_list":{"0":"post-46891","1":"product","2":"type-product","3":"status-publish","4":"has-post-thumbnail","6":"product_cat-cosmetica-natural-per-a-la-cara","7":"product_cat-productes-naturals-per-al-cos","8":"product_cat-cremes-corporals-naturals","9":"product_cat-cremes-per-a-la-cara","10":"product_tag-regenerador-de-la-pell","11":"producte_categoria-esenciales-para-este-verano-ca","13":"first","14":"instock","15":"shipping-taxable","16":"purchasable","17":"product-type-simple"},"yoast_head":"<!-- This site is optimized with the Yoast SEO plugin v27.1.1 - https:\/\/yoast.com\/product\/yoast-seo-wordpress\/ -->\n<title>Gel \u00c0loe Vera pur - Cosm\u00e9tica natural y sostenible MON<\/title>\n<meta name=\"description\" content=\"El Gel d&#039;\u00c0loe Vera pur \u00e9s la soluci\u00f3 perfecta per a la hidrataci\u00f3 di\u00e0ria en pells enrogides i irritades. Suavitza i refresca la teva pell.\" \/>\n<meta name=\"robots\" content=\"index, follow, max-snippet:-1, max-image-preview:large, max-video-preview:-1\" \/>\n<link rel=\"canonical\" href=\"https:\/\/mon.es\/ca\/producto\/gel-aloe-vera-pur\/\" \/>\n<meta property=\"og:locale\" content=\"ca_ES\" \/>\n<meta property=\"og:type\" content=\"article\" \/>\n<meta property=\"og:title\" content=\"Gel \u00c0loe Vera pur - Cosm\u00e9tica natural y sostenible MON\" \/>\n<meta property=\"og:description\" content=\"El Gel d&#039;\u00c0loe Vera pur \u00e9s la soluci\u00f3 perfecta per a la hidrataci\u00f3 di\u00e0ria en pells enrogides i irritades. Suavitza i refresca la teva pell.\" \/>\n<meta property=\"og:url\" content=\"https:\/\/mon.es\/ca\/producto\/gel-aloe-vera-pur\/\" \/>\n<meta property=\"og:site_name\" content=\"MON\" \/>\n<meta property=\"article:modified_time\" content=\"2025-11-18T11:44:52+00:00\" \/>\n<meta property=\"og:image\" content=\"http:\/\/mon.es\/wp-content\/uploads\/2018\/11\/gel-aloe-vera-new-ok-scaled.jpg\" \/>\n\t<meta property=\"og:image:width\" content=\"1707\" \/>\n\t<meta property=\"og:image:height\" content=\"2560\" \/>\n\t<meta property=\"og:image:type\" content=\"image\/jpeg\" \/>\n<meta name=\"twitter:card\" content=\"summary_large_image\" \/>\n<meta name=\"twitter:label1\" content=\"Temps estimat de lectura\" \/>\n\t<meta name=\"twitter:data1\" content=\"1 minut\" \/>\n<script type=\"application\/ld+json\" class=\"yoast-schema-graph\">{\"@context\":\"https:\/\/schema.org\",\"@graph\":[{\"@type\":\"WebPage\",\"@id\":\"https:\/\/mon.es\/ca\/producto\/gel-aloe-vera-pur\/\",\"url\":\"https:\/\/mon.es\/ca\/producto\/gel-aloe-vera-pur\/\",\"name\":\"Gel \u00c0loe Vera pur - Cosm\u00e9tica natural y sostenible MON\",\"isPartOf\":{\"@id\":\"https:\/\/mon.es\/#website\"},\"primaryImageOfPage\":{\"@id\":\"https:\/\/mon.es\/ca\/producto\/gel-aloe-vera-pur\/#primaryimage\"},\"image\":{\"@id\":\"https:\/\/mon.es\/ca\/producto\/gel-aloe-vera-pur\/#primaryimage\"},\"thumbnailUrl\":\"https:\/\/mon.es\/wp-content\/uploads\/2018\/11\/gel-aloe-vera-new-ok-scaled.jpg\",\"datePublished\":\"2018-11-21T09:10:13+00:00\",\"dateModified\":\"2025-11-18T11:44:52+00:00\",\"description\":\"El Gel d'\u00c0loe Vera pur \u00e9s la soluci\u00f3 perfecta per a la hidrataci\u00f3 di\u00e0ria en pells enrogides i irritades. Suavitza i refresca la teva pell.\",\"breadcrumb\":{\"@id\":\"https:\/\/mon.es\/ca\/producto\/gel-aloe-vera-pur\/#breadcrumb\"},\"inLanguage\":\"ca\",\"potentialAction\":[{\"@type\":\"ReadAction\",\"target\":[\"https:\/\/mon.es\/ca\/producto\/gel-aloe-vera-pur\/\"]}]},{\"@type\":\"ImageObject\",\"inLanguage\":\"ca\",\"@id\":\"https:\/\/mon.es\/ca\/producto\/gel-aloe-vera-pur\/#primaryimage\",\"url\":\"https:\/\/mon.es\/wp-content\/uploads\/2018\/11\/gel-aloe-vera-new-ok-scaled.jpg\",\"contentUrl\":\"https:\/\/mon.es\/wp-content\/uploads\/2018\/11\/gel-aloe-vera-new-ok-scaled.jpg\",\"width\":1707,\"height\":2560},{\"@type\":\"BreadcrumbList\",\"@id\":\"https:\/\/mon.es\/ca\/producto\/gel-aloe-vera-pur\/#breadcrumb\",\"itemListElement\":[{\"@type\":\"ListItem\",\"position\":1,\"name\":\"Portada\",\"item\":\"https:\/\/mon.es\/ca\/\"},{\"@type\":\"ListItem\",\"position\":2,\"name\":\"Botiga\",\"item\":\"https:\/\/mon.es\/ca\/botiga\/\"},{\"@type\":\"ListItem\",\"position\":3,\"name\":\"Gel \u00c0loe Vera pur\"}]},{\"@type\":\"WebSite\",\"@id\":\"https:\/\/mon.es\/#website\",\"url\":\"https:\/\/mon.es\/\",\"name\":\"MON\",\"description\":\"Natural cosmetics\",\"publisher\":{\"@id\":\"https:\/\/mon.es\/#organization\"},\"potentialAction\":[{\"@type\":\"SearchAction\",\"target\":{\"@type\":\"EntryPoint\",\"urlTemplate\":\"https:\/\/mon.es\/?s={search_term_string}\"},\"query-input\":{\"@type\":\"PropertyValueSpecification\",\"valueRequired\":true,\"valueName\":\"search_term_string\"}}],\"inLanguage\":\"ca\"},{\"@type\":\"Organization\",\"@id\":\"https:\/\/mon.es\/#organization\",\"name\":\"MON\",\"url\":\"https:\/\/mon.es\/\",\"logo\":{\"@type\":\"ImageObject\",\"inLanguage\":\"ca\",\"@id\":\"https:\/\/mon.es\/#\/schema\/logo\/image\/\",\"url\":\"https:\/\/mon.es\/wp-content\/uploads\/2018\/11\/logo_mon.png\",\"contentUrl\":\"https:\/\/mon.es\/wp-content\/uploads\/2018\/11\/logo_mon.png\",\"width\":424,\"height\":132,\"caption\":\"MON\"},\"image\":{\"@id\":\"https:\/\/mon.es\/#\/schema\/logo\/image\/\"}}]}<\/script>\n<!-- \/ Yoast SEO plugin. -->","yoast_head_json":{"title":"Gel \u00c0loe Vera pur - Cosm\u00e9tica natural y sostenible MON","description":"El Gel d'\u00c0loe Vera pur \u00e9s la soluci\u00f3 perfecta per a la hidrataci\u00f3 di\u00e0ria en pells enrogides i irritades. Suavitza i refresca la teva pell.","robots":{"index":"index","follow":"follow","max-snippet":"max-snippet:-1","max-image-preview":"max-image-preview:large","max-video-preview":"max-video-preview:-1"},"canonical":"https:\/\/mon.es\/ca\/producto\/gel-aloe-vera-pur\/","og_locale":"ca_ES","og_type":"article","og_title":"Gel \u00c0loe Vera pur - Cosm\u00e9tica natural y sostenible MON","og_description":"El Gel d'\u00c0loe Vera pur \u00e9s la soluci\u00f3 perfecta per a la hidrataci\u00f3 di\u00e0ria en pells enrogides i irritades. Suavitza i refresca la teva pell.","og_url":"https:\/\/mon.es\/ca\/producto\/gel-aloe-vera-pur\/","og_site_name":"MON","article_modified_time":"2025-11-18T11:44:52+00:00","og_image":[{"width":1707,"height":2560,"url":"http:\/\/mon.es\/wp-content\/uploads\/2018\/11\/gel-aloe-vera-new-ok-scaled.jpg","type":"image\/jpeg"}],"twitter_card":"summary_large_image","twitter_misc":{"Temps estimat de lectura":"1 minut"},"schema":{"@context":"https:\/\/schema.org","@graph":[{"@type":"WebPage","@id":"https:\/\/mon.es\/ca\/producto\/gel-aloe-vera-pur\/","url":"https:\/\/mon.es\/ca\/producto\/gel-aloe-vera-pur\/","name":"Gel \u00c0loe Vera pur - Cosm\u00e9tica natural y sostenible MON","isPartOf":{"@id":"https:\/\/mon.es\/#website"},"primaryImageOfPage":{"@id":"https:\/\/mon.es\/ca\/producto\/gel-aloe-vera-pur\/#primaryimage"},"image":{"@id":"https:\/\/mon.es\/ca\/producto\/gel-aloe-vera-pur\/#primaryimage"},"thumbnailUrl":"https:\/\/mon.es\/wp-content\/uploads\/2018\/11\/gel-aloe-vera-new-ok-scaled.jpg","datePublished":"2018-11-21T09:10:13+00:00","dateModified":"2025-11-18T11:44:52+00:00","description":"El Gel d'\u00c0loe Vera pur \u00e9s la soluci\u00f3 perfecta per a la hidrataci\u00f3 di\u00e0ria en pells enrogides i irritades. Suavitza i refresca la teva pell.","breadcrumb":{"@id":"https:\/\/mon.es\/ca\/producto\/gel-aloe-vera-pur\/#breadcrumb"},"inLanguage":"ca","potentialAction":[{"@type":"ReadAction","target":["https:\/\/mon.es\/ca\/producto\/gel-aloe-vera-pur\/"]}]},{"@type":"ImageObject","inLanguage":"ca","@id":"https:\/\/mon.es\/ca\/producto\/gel-aloe-vera-pur\/#primaryimage","url":"https:\/\/mon.es\/wp-content\/uploads\/2018\/11\/gel-aloe-vera-new-ok-scaled.jpg","contentUrl":"https:\/\/mon.es\/wp-content\/uploads\/2018\/11\/gel-aloe-vera-new-ok-scaled.jpg","width":1707,"height":2560},{"@type":"BreadcrumbList","@id":"https:\/\/mon.es\/ca\/producto\/gel-aloe-vera-pur\/#breadcrumb","itemListElement":[{"@type":"ListItem","position":1,"name":"Portada","item":"https:\/\/mon.es\/ca\/"},{"@type":"ListItem","position":2,"name":"Botiga","item":"https:\/\/mon.es\/ca\/botiga\/"},{"@type":"ListItem","position":3,"name":"Gel \u00c0loe Vera pur"}]},{"@type":"WebSite","@id":"https:\/\/mon.es\/#website","url":"https:\/\/mon.es\/","name":"MON","description":"Natural cosmetics","publisher":{"@id":"https:\/\/mon.es\/#organization"},"potentialAction":[{"@type":"SearchAction","target":{"@type":"EntryPoint","urlTemplate":"https:\/\/mon.es\/?s={search_term_string}"},"query-input":{"@type":"PropertyValueSpecification","valueRequired":true,"valueName":"search_term_string"}}],"inLanguage":"ca"},{"@type":"Organization","@id":"https:\/\/mon.es\/#organization","name":"MON","url":"https:\/\/mon.es\/","logo":{"@type":"ImageObject","inLanguage":"ca","@id":"https:\/\/mon.es\/#\/schema\/logo\/image\/","url":"https:\/\/mon.es\/wp-content\/uploads\/2018\/11\/logo_mon.png","contentUrl":"https:\/\/mon.es\/wp-content\/uploads\/2018\/11\/logo_mon.png","width":424,"height":132,"caption":"MON"},"image":{"@id":"https:\/\/mon.es\/#\/schema\/logo\/image\/"}}]}},"_links":{"self":[{"href":"https:\/\/mon.es\/ca\/wp-json\/wp\/v2\/product\/46891","targetHints":{"allow":["GET"]}}],"collection":[{"href":"https:\/\/mon.es\/ca\/wp-json\/wp\/v2\/product"}],"about":[{"href":"https:\/\/mon.es\/ca\/wp-json\/wp\/v2\/types\/product"}],"replies":[{"embeddable":true,"href":"https:\/\/mon.es\/ca\/wp-json\/wp\/v2\/comments?post=46891"}],"wp:featuredmedia":[{"embeddable":true,"href":"https:\/\/mon.es\/ca\/wp-json\/wp\/v2\/media\/50228"}],"wp:attachment":[{"href":"https:\/\/mon.es\/ca\/wp-json\/wp\/v2\/media?parent=46891"}],"wp:term":[{"taxonomy":"product_brand","embeddable":true,"href":"https:\/\/mon.es\/ca\/wp-json\/wp\/v2\/product_brand?post=46891"},{"taxonomy":"product_cat","embeddable":true,"href":"https:\/\/mon.es\/ca\/wp-json\/wp\/v2\/product_cat?post=46891"},{"taxonomy":"product_tag","embeddable":true,"href":"https:\/\/mon.es\/ca\/wp-json\/wp\/v2\/product_tag?post=46891"},{"taxonomy":"producte_categoria","embeddable":true,"href":"https:\/\/mon.es\/ca\/wp-json\/wp\/v2\/producte_categoria?post=46891"}],"curies":[{"name":"wp","href":"https:\/\/api.w.org\/{rel}","templated":true}]}}