

{"id":46886,"date":"2018-11-21T14:52:04","date_gmt":"2018-11-21T14:52:04","guid":{"rendered":"https:\/\/mon.es\/producto\/gel-xampu-arbre-del-te\/"},"modified":"2026-04-07T09:46:03","modified_gmt":"2026-04-07T07:46:03","slug":"gel-xampu-arbre-del-te","status":"publish","type":"product","link":"https:\/\/mon.es\/ca\/producto\/gel-xampu-arbre-del-te\/","title":{"rendered":"Gel-xamp\u00fa Arbre del Te"},"content":{"rendered":"<p>El Gel-xamp\u00fa d&#8217;Arbre del te certificat ecol\u00f2gic\u00a0\u00e9s una soluci\u00f3 2\u202fen\u202f1 per a tota la fam\u00edlia. Mant\u00e9 la pell neta i protegida, especialment si vas a gimnasos, piscines o llocs p\u00fablics. Tamb\u00e9 \u00e9s ideal com a netejador facial per a pells grasses o amb acne.<\/p>\n","protected":false},"excerpt":{"rendered":"<p>El Gel-xamp\u00fa d&#8217;Arbre del te certificat ecol\u00f2gic\u00a0\u00e9s una soluci\u00f3 2\u202fen\u202f1 per a tota la fam\u00edlia. Mant\u00e9 la pell neta i protegida, especialment si vas a gimnasos, piscines o llocs p\u00fablics. Tamb\u00e9 \u00e9s ideal com a netejador facial per a pells grasses o amb acne.<\/p>\n","protected":false},"featured_media":45688,"comment_status":"open","ping_status":"closed","template":"","meta":{"inline_featured_image":false},"product_brand":[],"product_cat":[502,511,515,503],"product_tag":[533],"producte_categoria":[671,667],"class_list":{"0":"post-46886","1":"product","2":"type-product","3":"status-publish","4":"has-post-thumbnail","6":"product_cat-productes-naturals-per-al-cabell","7":"product_cat-productes-naturals-per-al-cos","8":"product_cat-higiene-corporal-ca","9":"product_cat-xampus","10":"product_tag-antiseptic-natural","11":"producte_categoria-frescura-diaria-ca","12":"producte_categoria-champus-para-la-descamacion-del-cuero-cabelludo-ca","14":"first","15":"instock","16":"shipping-taxable","17":"purchasable","18":"product-type-simple"},"yoast_head":"<!-- This site is optimized with the Yoast SEO plugin v27.1.1 - https:\/\/yoast.com\/product\/yoast-seo-wordpress\/ -->\n<title>Gel-xamp\u00fa Arbre del Te - Cosm\u00e9tica natural y sostenible MON<\/title>\n<meta name=\"description\" content=\"El Gel-xamp\u00fa d&#039;Arbre del te ecol\u00f2gic i natural \u00e9s una soluci\u00f3 pr\u00e0ctica 2 en 1 per a la teva higiene di\u00e0ria i la de tota la fam\u00edlia.\" \/>\n<meta name=\"robots\" content=\"index, follow, max-snippet:-1, max-image-preview:large, max-video-preview:-1\" \/>\n<link rel=\"canonical\" href=\"https:\/\/mon.es\/ca\/producto\/gel-xampu-arbre-del-te\/\" \/>\n<meta property=\"og:locale\" content=\"ca_ES\" \/>\n<meta property=\"og:type\" content=\"article\" \/>\n<meta property=\"og:title\" content=\"Gel-xamp\u00fa Arbre del Te - Cosm\u00e9tica natural y sostenible MON\" \/>\n<meta property=\"og:description\" content=\"El Gel-xamp\u00fa d&#039;Arbre del te ecol\u00f2gic i natural \u00e9s una soluci\u00f3 pr\u00e0ctica 2 en 1 per a la teva higiene di\u00e0ria i la de tota la fam\u00edlia.\" \/>\n<meta property=\"og:url\" content=\"https:\/\/mon.es\/ca\/producto\/gel-xampu-arbre-del-te\/\" \/>\n<meta property=\"og:site_name\" content=\"MON\" \/>\n<meta property=\"article:modified_time\" content=\"2026-04-07T07:46:03+00:00\" \/>\n<meta property=\"og:image\" content=\"http:\/\/mon.es\/wp-content\/uploads\/2018\/11\/ChampuArbolTe.jpg\" \/>\n\t<meta property=\"og:image:width\" content=\"683\" \/>\n\t<meta property=\"og:image:height\" content=\"1024\" \/>\n\t<meta property=\"og:image:type\" content=\"image\/jpeg\" \/>\n<meta name=\"twitter:card\" content=\"summary_large_image\" \/>\n<meta name=\"twitter:label1\" content=\"Temps estimat de lectura\" \/>\n\t<meta name=\"twitter:data1\" content=\"1 minut\" \/>\n<script type=\"application\/ld+json\" class=\"yoast-schema-graph\">{\"@context\":\"https:\/\/schema.org\",\"@graph\":[{\"@type\":\"WebPage\",\"@id\":\"https:\/\/mon.es\/ca\/producto\/gel-xampu-arbre-del-te\/\",\"url\":\"https:\/\/mon.es\/ca\/producto\/gel-xampu-arbre-del-te\/\",\"name\":\"Gel-xamp\u00fa Arbre del Te - Cosm\u00e9tica natural y sostenible MON\",\"isPartOf\":{\"@id\":\"https:\/\/mon.es\/#website\"},\"primaryImageOfPage\":{\"@id\":\"https:\/\/mon.es\/ca\/producto\/gel-xampu-arbre-del-te\/#primaryimage\"},\"image\":{\"@id\":\"https:\/\/mon.es\/ca\/producto\/gel-xampu-arbre-del-te\/#primaryimage\"},\"thumbnailUrl\":\"https:\/\/mon.es\/wp-content\/uploads\/2018\/11\/ChampuArbolTe.jpg\",\"datePublished\":\"2018-11-21T14:52:04+00:00\",\"dateModified\":\"2026-04-07T07:46:03+00:00\",\"description\":\"El Gel-xamp\u00fa d'Arbre del te ecol\u00f2gic i natural \u00e9s una soluci\u00f3 pr\u00e0ctica 2 en 1 per a la teva higiene di\u00e0ria i la de tota la fam\u00edlia.\",\"breadcrumb\":{\"@id\":\"https:\/\/mon.es\/ca\/producto\/gel-xampu-arbre-del-te\/#breadcrumb\"},\"inLanguage\":\"ca\",\"potentialAction\":[{\"@type\":\"ReadAction\",\"target\":[\"https:\/\/mon.es\/ca\/producto\/gel-xampu-arbre-del-te\/\"]}]},{\"@type\":\"ImageObject\",\"inLanguage\":\"ca\",\"@id\":\"https:\/\/mon.es\/ca\/producto\/gel-xampu-arbre-del-te\/#primaryimage\",\"url\":\"https:\/\/mon.es\/wp-content\/uploads\/2018\/11\/ChampuArbolTe.jpg\",\"contentUrl\":\"https:\/\/mon.es\/wp-content\/uploads\/2018\/11\/ChampuArbolTe.jpg\",\"width\":683,\"height\":1024},{\"@type\":\"BreadcrumbList\",\"@id\":\"https:\/\/mon.es\/ca\/producto\/gel-xampu-arbre-del-te\/#breadcrumb\",\"itemListElement\":[{\"@type\":\"ListItem\",\"position\":1,\"name\":\"Portada\",\"item\":\"https:\/\/mon.es\/ca\/\"},{\"@type\":\"ListItem\",\"position\":2,\"name\":\"Botiga\",\"item\":\"https:\/\/mon.es\/ca\/botiga\/\"},{\"@type\":\"ListItem\",\"position\":3,\"name\":\"Gel-xamp\u00fa Arbre del Te\"}]},{\"@type\":\"WebSite\",\"@id\":\"https:\/\/mon.es\/#website\",\"url\":\"https:\/\/mon.es\/\",\"name\":\"MON\",\"description\":\"Natural cosmetics\",\"publisher\":{\"@id\":\"https:\/\/mon.es\/#organization\"},\"potentialAction\":[{\"@type\":\"SearchAction\",\"target\":{\"@type\":\"EntryPoint\",\"urlTemplate\":\"https:\/\/mon.es\/?s={search_term_string}\"},\"query-input\":{\"@type\":\"PropertyValueSpecification\",\"valueRequired\":true,\"valueName\":\"search_term_string\"}}],\"inLanguage\":\"ca\"},{\"@type\":\"Organization\",\"@id\":\"https:\/\/mon.es\/#organization\",\"name\":\"MON\",\"url\":\"https:\/\/mon.es\/\",\"logo\":{\"@type\":\"ImageObject\",\"inLanguage\":\"ca\",\"@id\":\"https:\/\/mon.es\/#\/schema\/logo\/image\/\",\"url\":\"https:\/\/mon.es\/wp-content\/uploads\/2018\/11\/logo_mon.png\",\"contentUrl\":\"https:\/\/mon.es\/wp-content\/uploads\/2018\/11\/logo_mon.png\",\"width\":424,\"height\":132,\"caption\":\"MON\"},\"image\":{\"@id\":\"https:\/\/mon.es\/#\/schema\/logo\/image\/\"}}]}<\/script>\n<!-- \/ Yoast SEO plugin. -->","yoast_head_json":{"title":"Gel-xamp\u00fa Arbre del Te - Cosm\u00e9tica natural y sostenible MON","description":"El Gel-xamp\u00fa d'Arbre del te ecol\u00f2gic i natural \u00e9s una soluci\u00f3 pr\u00e0ctica 2 en 1 per a la teva higiene di\u00e0ria i la de tota la fam\u00edlia.","robots":{"index":"index","follow":"follow","max-snippet":"max-snippet:-1","max-image-preview":"max-image-preview:large","max-video-preview":"max-video-preview:-1"},"canonical":"https:\/\/mon.es\/ca\/producto\/gel-xampu-arbre-del-te\/","og_locale":"ca_ES","og_type":"article","og_title":"Gel-xamp\u00fa Arbre del Te - Cosm\u00e9tica natural y sostenible MON","og_description":"El Gel-xamp\u00fa d'Arbre del te ecol\u00f2gic i natural \u00e9s una soluci\u00f3 pr\u00e0ctica 2 en 1 per a la teva higiene di\u00e0ria i la de tota la fam\u00edlia.","og_url":"https:\/\/mon.es\/ca\/producto\/gel-xampu-arbre-del-te\/","og_site_name":"MON","article_modified_time":"2026-04-07T07:46:03+00:00","og_image":[{"width":683,"height":1024,"url":"http:\/\/mon.es\/wp-content\/uploads\/2018\/11\/ChampuArbolTe.jpg","type":"image\/jpeg"}],"twitter_card":"summary_large_image","twitter_misc":{"Temps estimat de lectura":"1 minut"},"schema":{"@context":"https:\/\/schema.org","@graph":[{"@type":"WebPage","@id":"https:\/\/mon.es\/ca\/producto\/gel-xampu-arbre-del-te\/","url":"https:\/\/mon.es\/ca\/producto\/gel-xampu-arbre-del-te\/","name":"Gel-xamp\u00fa Arbre del Te - Cosm\u00e9tica natural y sostenible MON","isPartOf":{"@id":"https:\/\/mon.es\/#website"},"primaryImageOfPage":{"@id":"https:\/\/mon.es\/ca\/producto\/gel-xampu-arbre-del-te\/#primaryimage"},"image":{"@id":"https:\/\/mon.es\/ca\/producto\/gel-xampu-arbre-del-te\/#primaryimage"},"thumbnailUrl":"https:\/\/mon.es\/wp-content\/uploads\/2018\/11\/ChampuArbolTe.jpg","datePublished":"2018-11-21T14:52:04+00:00","dateModified":"2026-04-07T07:46:03+00:00","description":"El Gel-xamp\u00fa d'Arbre del te ecol\u00f2gic i natural \u00e9s una soluci\u00f3 pr\u00e0ctica 2 en 1 per a la teva higiene di\u00e0ria i la de tota la fam\u00edlia.","breadcrumb":{"@id":"https:\/\/mon.es\/ca\/producto\/gel-xampu-arbre-del-te\/#breadcrumb"},"inLanguage":"ca","potentialAction":[{"@type":"ReadAction","target":["https:\/\/mon.es\/ca\/producto\/gel-xampu-arbre-del-te\/"]}]},{"@type":"ImageObject","inLanguage":"ca","@id":"https:\/\/mon.es\/ca\/producto\/gel-xampu-arbre-del-te\/#primaryimage","url":"https:\/\/mon.es\/wp-content\/uploads\/2018\/11\/ChampuArbolTe.jpg","contentUrl":"https:\/\/mon.es\/wp-content\/uploads\/2018\/11\/ChampuArbolTe.jpg","width":683,"height":1024},{"@type":"BreadcrumbList","@id":"https:\/\/mon.es\/ca\/producto\/gel-xampu-arbre-del-te\/#breadcrumb","itemListElement":[{"@type":"ListItem","position":1,"name":"Portada","item":"https:\/\/mon.es\/ca\/"},{"@type":"ListItem","position":2,"name":"Botiga","item":"https:\/\/mon.es\/ca\/botiga\/"},{"@type":"ListItem","position":3,"name":"Gel-xamp\u00fa Arbre del Te"}]},{"@type":"WebSite","@id":"https:\/\/mon.es\/#website","url":"https:\/\/mon.es\/","name":"MON","description":"Natural cosmetics","publisher":{"@id":"https:\/\/mon.es\/#organization"},"potentialAction":[{"@type":"SearchAction","target":{"@type":"EntryPoint","urlTemplate":"https:\/\/mon.es\/?s={search_term_string}"},"query-input":{"@type":"PropertyValueSpecification","valueRequired":true,"valueName":"search_term_string"}}],"inLanguage":"ca"},{"@type":"Organization","@id":"https:\/\/mon.es\/#organization","name":"MON","url":"https:\/\/mon.es\/","logo":{"@type":"ImageObject","inLanguage":"ca","@id":"https:\/\/mon.es\/#\/schema\/logo\/image\/","url":"https:\/\/mon.es\/wp-content\/uploads\/2018\/11\/logo_mon.png","contentUrl":"https:\/\/mon.es\/wp-content\/uploads\/2018\/11\/logo_mon.png","width":424,"height":132,"caption":"MON"},"image":{"@id":"https:\/\/mon.es\/#\/schema\/logo\/image\/"}}]}},"_links":{"self":[{"href":"https:\/\/mon.es\/ca\/wp-json\/wp\/v2\/product\/46886","targetHints":{"allow":["GET"]}}],"collection":[{"href":"https:\/\/mon.es\/ca\/wp-json\/wp\/v2\/product"}],"about":[{"href":"https:\/\/mon.es\/ca\/wp-json\/wp\/v2\/types\/product"}],"replies":[{"embeddable":true,"href":"https:\/\/mon.es\/ca\/wp-json\/wp\/v2\/comments?post=46886"}],"wp:featuredmedia":[{"embeddable":true,"href":"https:\/\/mon.es\/ca\/wp-json\/wp\/v2\/media\/45688"}],"wp:attachment":[{"href":"https:\/\/mon.es\/ca\/wp-json\/wp\/v2\/media?parent=46886"}],"wp:term":[{"taxonomy":"product_brand","embeddable":true,"href":"https:\/\/mon.es\/ca\/wp-json\/wp\/v2\/product_brand?post=46886"},{"taxonomy":"product_cat","embeddable":true,"href":"https:\/\/mon.es\/ca\/wp-json\/wp\/v2\/product_cat?post=46886"},{"taxonomy":"product_tag","embeddable":true,"href":"https:\/\/mon.es\/ca\/wp-json\/wp\/v2\/product_tag?post=46886"},{"taxonomy":"producte_categoria","embeddable":true,"href":"https:\/\/mon.es\/ca\/wp-json\/wp\/v2\/producte_categoria?post=46886"}],"curies":[{"name":"wp","href":"https:\/\/api.w.org\/{rel}","templated":true}]}}