

{"id":46884,"date":"2018-11-21T16:29:11","date_gmt":"2018-11-21T16:29:11","guid":{"rendered":"https:\/\/mon.es\/producto\/oli-corporal-silhouette\/"},"modified":"2023-03-28T13:50:09","modified_gmt":"2023-03-28T13:50:09","slug":"oli-corporal-silhouette","status":"publish","type":"product","link":"https:\/\/mon.es\/ca\/producto\/oli-corporal-silhouette\/","title":{"rendered":"Oli corporal Silhouette"},"content":{"rendered":"<p>Oli corporal Silhouette aprimador amb un triple efecte sobre la pell: depuratiu, lipol\u00edtic i modelador. Esculpeix la silueta i ajuda a eliminar el greix localitzat d&#8217;una manera efica\u00e7. Un crema grassa natural que aporta flexibilitat, hidrataci\u00f3 i elasticitat a la teva pell.<\/p>\n","protected":false},"excerpt":{"rendered":"<p>Oli corporal Silhouette aprimador amb un triple efecte sobre la pell: depuratiu, lipol\u00edtic i modelador. Esculpeix la silueta i ajuda a eliminar el greix localitzat d&#8217;una manera efica\u00e7. Un crema grassa natural que aporta flexibilitat, hidrataci\u00f3 i elasticitat a la teva pell.<\/p>\n","protected":false},"featured_media":45743,"comment_status":"open","ping_status":"closed","template":"","meta":{"inline_featured_image":false},"product_brand":[],"product_cat":[511,512],"product_tag":[591],"producte_categoria":[],"class_list":{"0":"post-46884","1":"product","2":"type-product","3":"status-publish","4":"has-post-thumbnail","6":"product_cat-productes-naturals-per-al-cos","7":"product_cat-olis-corporals-naturals","8":"product_tag-crema-grassa-natural","10":"first","11":"instock","12":"shipping-taxable","13":"purchasable","14":"product-type-simple"},"yoast_head":"<!-- This site is optimized with the Yoast SEO plugin v27.1.1 - https:\/\/yoast.com\/product\/yoast-seo-wordpress\/ -->\n<title>Oli corporal Silhouette - Cosm\u00e9tica natural y sostenible MON<\/title>\n<meta name=\"description\" content=\"Oli corporal Silhouette aprimador amb un triple efecte sobre la pell: depuratiu, lipol\u00edtic i modelador. Elimina el greix localitzat.\" \/>\n<meta name=\"robots\" content=\"index, follow, max-snippet:-1, max-image-preview:large, max-video-preview:-1\" \/>\n<link rel=\"canonical\" href=\"https:\/\/mon.es\/ca\/producto\/oli-corporal-silhouette\/\" \/>\n<meta property=\"og:locale\" content=\"ca_ES\" \/>\n<meta property=\"og:type\" content=\"article\" \/>\n<meta property=\"og:title\" content=\"Oli corporal Silhouette - Cosm\u00e9tica natural y sostenible MON\" \/>\n<meta property=\"og:description\" content=\"Oli corporal Silhouette aprimador amb un triple efecte sobre la pell: depuratiu, lipol\u00edtic i modelador. Elimina el greix localitzat.\" \/>\n<meta property=\"og:url\" content=\"https:\/\/mon.es\/ca\/producto\/oli-corporal-silhouette\/\" \/>\n<meta property=\"og:site_name\" content=\"MON\" \/>\n<meta property=\"article:modified_time\" content=\"2023-03-28T13:50:09+00:00\" \/>\n<meta property=\"og:image\" content=\"http:\/\/mon.es\/wp-content\/uploads\/2018\/11\/silhouette.jpg\" \/>\n\t<meta property=\"og:image:width\" content=\"683\" \/>\n\t<meta property=\"og:image:height\" content=\"1025\" \/>\n\t<meta property=\"og:image:type\" content=\"image\/jpeg\" \/>\n<meta name=\"twitter:card\" content=\"summary_large_image\" \/>\n<script type=\"application\/ld+json\" class=\"yoast-schema-graph\">{\"@context\":\"https:\/\/schema.org\",\"@graph\":[{\"@type\":\"WebPage\",\"@id\":\"https:\/\/mon.es\/ca\/producto\/oli-corporal-silhouette\/\",\"url\":\"https:\/\/mon.es\/ca\/producto\/oli-corporal-silhouette\/\",\"name\":\"Oli corporal Silhouette - Cosm\u00e9tica natural y sostenible MON\",\"isPartOf\":{\"@id\":\"https:\/\/mon.es\/#website\"},\"primaryImageOfPage\":{\"@id\":\"https:\/\/mon.es\/ca\/producto\/oli-corporal-silhouette\/#primaryimage\"},\"image\":{\"@id\":\"https:\/\/mon.es\/ca\/producto\/oli-corporal-silhouette\/#primaryimage\"},\"thumbnailUrl\":\"https:\/\/mon.es\/wp-content\/uploads\/2018\/11\/silhouette.jpg\",\"datePublished\":\"2018-11-21T16:29:11+00:00\",\"dateModified\":\"2023-03-28T13:50:09+00:00\",\"description\":\"Oli corporal Silhouette aprimador amb un triple efecte sobre la pell: depuratiu, lipol\u00edtic i modelador. Elimina el greix localitzat.\",\"breadcrumb\":{\"@id\":\"https:\/\/mon.es\/ca\/producto\/oli-corporal-silhouette\/#breadcrumb\"},\"inLanguage\":\"ca\",\"potentialAction\":[{\"@type\":\"ReadAction\",\"target\":[\"https:\/\/mon.es\/ca\/producto\/oli-corporal-silhouette\/\"]}]},{\"@type\":\"ImageObject\",\"inLanguage\":\"ca\",\"@id\":\"https:\/\/mon.es\/ca\/producto\/oli-corporal-silhouette\/#primaryimage\",\"url\":\"https:\/\/mon.es\/wp-content\/uploads\/2018\/11\/silhouette.jpg\",\"contentUrl\":\"https:\/\/mon.es\/wp-content\/uploads\/2018\/11\/silhouette.jpg\",\"width\":683,\"height\":1025},{\"@type\":\"BreadcrumbList\",\"@id\":\"https:\/\/mon.es\/ca\/producto\/oli-corporal-silhouette\/#breadcrumb\",\"itemListElement\":[{\"@type\":\"ListItem\",\"position\":1,\"name\":\"Portada\",\"item\":\"https:\/\/mon.es\/ca\/\"},{\"@type\":\"ListItem\",\"position\":2,\"name\":\"Botiga\",\"item\":\"https:\/\/mon.es\/ca\/botiga\/\"},{\"@type\":\"ListItem\",\"position\":3,\"name\":\"Oli corporal Silhouette\"}]},{\"@type\":\"WebSite\",\"@id\":\"https:\/\/mon.es\/#website\",\"url\":\"https:\/\/mon.es\/\",\"name\":\"MON\",\"description\":\"Natural cosmetics\",\"publisher\":{\"@id\":\"https:\/\/mon.es\/#organization\"},\"potentialAction\":[{\"@type\":\"SearchAction\",\"target\":{\"@type\":\"EntryPoint\",\"urlTemplate\":\"https:\/\/mon.es\/?s={search_term_string}\"},\"query-input\":{\"@type\":\"PropertyValueSpecification\",\"valueRequired\":true,\"valueName\":\"search_term_string\"}}],\"inLanguage\":\"ca\"},{\"@type\":\"Organization\",\"@id\":\"https:\/\/mon.es\/#organization\",\"name\":\"MON\",\"url\":\"https:\/\/mon.es\/\",\"logo\":{\"@type\":\"ImageObject\",\"inLanguage\":\"ca\",\"@id\":\"https:\/\/mon.es\/#\/schema\/logo\/image\/\",\"url\":\"https:\/\/mon.es\/wp-content\/uploads\/2018\/11\/logo_mon.png\",\"contentUrl\":\"https:\/\/mon.es\/wp-content\/uploads\/2018\/11\/logo_mon.png\",\"width\":424,\"height\":132,\"caption\":\"MON\"},\"image\":{\"@id\":\"https:\/\/mon.es\/#\/schema\/logo\/image\/\"}}]}<\/script>\n<!-- \/ Yoast SEO plugin. -->","yoast_head_json":{"title":"Oli corporal Silhouette - Cosm\u00e9tica natural y sostenible MON","description":"Oli corporal Silhouette aprimador amb un triple efecte sobre la pell: depuratiu, lipol\u00edtic i modelador. Elimina el greix localitzat.","robots":{"index":"index","follow":"follow","max-snippet":"max-snippet:-1","max-image-preview":"max-image-preview:large","max-video-preview":"max-video-preview:-1"},"canonical":"https:\/\/mon.es\/ca\/producto\/oli-corporal-silhouette\/","og_locale":"ca_ES","og_type":"article","og_title":"Oli corporal Silhouette - Cosm\u00e9tica natural y sostenible MON","og_description":"Oli corporal Silhouette aprimador amb un triple efecte sobre la pell: depuratiu, lipol\u00edtic i modelador. Elimina el greix localitzat.","og_url":"https:\/\/mon.es\/ca\/producto\/oli-corporal-silhouette\/","og_site_name":"MON","article_modified_time":"2023-03-28T13:50:09+00:00","og_image":[{"width":683,"height":1025,"url":"http:\/\/mon.es\/wp-content\/uploads\/2018\/11\/silhouette.jpg","type":"image\/jpeg"}],"twitter_card":"summary_large_image","schema":{"@context":"https:\/\/schema.org","@graph":[{"@type":"WebPage","@id":"https:\/\/mon.es\/ca\/producto\/oli-corporal-silhouette\/","url":"https:\/\/mon.es\/ca\/producto\/oli-corporal-silhouette\/","name":"Oli corporal Silhouette - Cosm\u00e9tica natural y sostenible MON","isPartOf":{"@id":"https:\/\/mon.es\/#website"},"primaryImageOfPage":{"@id":"https:\/\/mon.es\/ca\/producto\/oli-corporal-silhouette\/#primaryimage"},"image":{"@id":"https:\/\/mon.es\/ca\/producto\/oli-corporal-silhouette\/#primaryimage"},"thumbnailUrl":"https:\/\/mon.es\/wp-content\/uploads\/2018\/11\/silhouette.jpg","datePublished":"2018-11-21T16:29:11+00:00","dateModified":"2023-03-28T13:50:09+00:00","description":"Oli corporal Silhouette aprimador amb un triple efecte sobre la pell: depuratiu, lipol\u00edtic i modelador. Elimina el greix localitzat.","breadcrumb":{"@id":"https:\/\/mon.es\/ca\/producto\/oli-corporal-silhouette\/#breadcrumb"},"inLanguage":"ca","potentialAction":[{"@type":"ReadAction","target":["https:\/\/mon.es\/ca\/producto\/oli-corporal-silhouette\/"]}]},{"@type":"ImageObject","inLanguage":"ca","@id":"https:\/\/mon.es\/ca\/producto\/oli-corporal-silhouette\/#primaryimage","url":"https:\/\/mon.es\/wp-content\/uploads\/2018\/11\/silhouette.jpg","contentUrl":"https:\/\/mon.es\/wp-content\/uploads\/2018\/11\/silhouette.jpg","width":683,"height":1025},{"@type":"BreadcrumbList","@id":"https:\/\/mon.es\/ca\/producto\/oli-corporal-silhouette\/#breadcrumb","itemListElement":[{"@type":"ListItem","position":1,"name":"Portada","item":"https:\/\/mon.es\/ca\/"},{"@type":"ListItem","position":2,"name":"Botiga","item":"https:\/\/mon.es\/ca\/botiga\/"},{"@type":"ListItem","position":3,"name":"Oli corporal Silhouette"}]},{"@type":"WebSite","@id":"https:\/\/mon.es\/#website","url":"https:\/\/mon.es\/","name":"MON","description":"Natural cosmetics","publisher":{"@id":"https:\/\/mon.es\/#organization"},"potentialAction":[{"@type":"SearchAction","target":{"@type":"EntryPoint","urlTemplate":"https:\/\/mon.es\/?s={search_term_string}"},"query-input":{"@type":"PropertyValueSpecification","valueRequired":true,"valueName":"search_term_string"}}],"inLanguage":"ca"},{"@type":"Organization","@id":"https:\/\/mon.es\/#organization","name":"MON","url":"https:\/\/mon.es\/","logo":{"@type":"ImageObject","inLanguage":"ca","@id":"https:\/\/mon.es\/#\/schema\/logo\/image\/","url":"https:\/\/mon.es\/wp-content\/uploads\/2018\/11\/logo_mon.png","contentUrl":"https:\/\/mon.es\/wp-content\/uploads\/2018\/11\/logo_mon.png","width":424,"height":132,"caption":"MON"},"image":{"@id":"https:\/\/mon.es\/#\/schema\/logo\/image\/"}}]}},"_links":{"self":[{"href":"https:\/\/mon.es\/ca\/wp-json\/wp\/v2\/product\/46884","targetHints":{"allow":["GET"]}}],"collection":[{"href":"https:\/\/mon.es\/ca\/wp-json\/wp\/v2\/product"}],"about":[{"href":"https:\/\/mon.es\/ca\/wp-json\/wp\/v2\/types\/product"}],"replies":[{"embeddable":true,"href":"https:\/\/mon.es\/ca\/wp-json\/wp\/v2\/comments?post=46884"}],"wp:featuredmedia":[{"embeddable":true,"href":"https:\/\/mon.es\/ca\/wp-json\/wp\/v2\/media\/45743"}],"wp:attachment":[{"href":"https:\/\/mon.es\/ca\/wp-json\/wp\/v2\/media?parent=46884"}],"wp:term":[{"taxonomy":"product_brand","embeddable":true,"href":"https:\/\/mon.es\/ca\/wp-json\/wp\/v2\/product_brand?post=46884"},{"taxonomy":"product_cat","embeddable":true,"href":"https:\/\/mon.es\/ca\/wp-json\/wp\/v2\/product_cat?post=46884"},{"taxonomy":"product_tag","embeddable":true,"href":"https:\/\/mon.es\/ca\/wp-json\/wp\/v2\/product_tag?post=46884"},{"taxonomy":"producte_categoria","embeddable":true,"href":"https:\/\/mon.es\/ca\/wp-json\/wp\/v2\/producte_categoria?post=46884"}],"curies":[{"name":"wp","href":"https:\/\/api.w.org\/{rel}","templated":true}]}}