

{"id":46883,"date":"2018-11-21T16:29:30","date_gmt":"2018-11-21T16:29:30","guid":{"rendered":"https:\/\/mon.es\/producto\/oli-corporal-de-calendula-de-500ml\/"},"modified":"2026-02-06T10:32:21","modified_gmt":"2026-02-06T08:32:21","slug":"oli-corporal-de-calendula-500ml","status":"publish","type":"product","link":"https:\/\/mon.es\/ca\/producto\/oli-corporal-de-calendula-500ml\/","title":{"rendered":"Oli corporal de Cal\u00e8ndula de 500ml"},"content":{"rendered":"<p>Cuida de les pells m\u00e9s sensibles i irritades amb aquest oli corporal. Una f\u00f3rmula hidratant i suavitzant per a tota la fam\u00edlia.<\/p>\n","protected":false},"excerpt":{"rendered":"<p>Cuida de les pells m\u00e9s sensibles i irritades amb aquest oli corporal. Una f\u00f3rmula hidratant i suavitzant per a tota la fam\u00edlia.<\/p>\n","protected":false},"featured_media":45377,"comment_status":"open","ping_status":"closed","template":"","meta":{"inline_featured_image":false},"product_brand":[],"product_cat":[511,512],"product_tag":[538],"producte_categoria":[],"class_list":{"0":"post-46883","1":"product","2":"type-product","3":"status-publish","4":"has-post-thumbnail","6":"product_cat-productes-naturals-per-al-cos","7":"product_cat-olis-corporals-naturals","8":"product_tag-calmant","10":"first","11":"instock","12":"shipping-taxable","13":"purchasable","14":"product-type-simple"},"yoast_head":"<!-- This site is optimized with the Yoast SEO plugin v27.1.1 - https:\/\/yoast.com\/product\/yoast-seo-wordpress\/ -->\n<title>Oli corporal de Cal\u00e8ndula de 500ml - Cosm\u00e8tica natural MON<\/title>\n<meta name=\"description\" content=\"Cuida de les pells m\u00e9s sensibles i irritades amb aquest Oli corporal de Cal\u00e8ndula. Una f\u00f3rmula hidratant i suavitzant per a tota la fam\u00edlia.\" \/>\n<meta name=\"robots\" content=\"index, follow, max-snippet:-1, max-image-preview:large, max-video-preview:-1\" \/>\n<link rel=\"canonical\" href=\"https:\/\/mon.es\/ca\/producto\/oli-corporal-de-calendula-500ml\/\" \/>\n<meta property=\"og:locale\" content=\"ca_ES\" \/>\n<meta property=\"og:type\" content=\"article\" \/>\n<meta property=\"og:title\" content=\"Oli corporal de Cal\u00e8ndula de 500ml - Cosm\u00e8tica natural MON\" \/>\n<meta property=\"og:description\" content=\"Cuida de les pells m\u00e9s sensibles i irritades amb aquest Oli corporal de Cal\u00e8ndula. Una f\u00f3rmula hidratant i suavitzant per a tota la fam\u00edlia.\" \/>\n<meta property=\"og:url\" content=\"https:\/\/mon.es\/ca\/producto\/oli-corporal-de-calendula-500ml\/\" \/>\n<meta property=\"og:site_name\" content=\"MON\" \/>\n<meta property=\"article:modified_time\" content=\"2026-02-06T08:32:21+00:00\" \/>\n<meta property=\"og:image\" content=\"http:\/\/mon.es\/wp-content\/uploads\/2018\/11\/aciete_calendula_gran_mon.jpg\" \/>\n\t<meta property=\"og:image:width\" content=\"800\" \/>\n\t<meta property=\"og:image:height\" content=\"1200\" \/>\n\t<meta property=\"og:image:type\" content=\"image\/jpeg\" \/>\n<meta name=\"twitter:card\" content=\"summary_large_image\" \/>\n<meta name=\"twitter:label1\" content=\"Temps estimat de lectura\" \/>\n\t<meta name=\"twitter:data1\" content=\"1 minut\" \/>\n<script type=\"application\/ld+json\" class=\"yoast-schema-graph\">{\"@context\":\"https:\/\/schema.org\",\"@graph\":[{\"@type\":\"WebPage\",\"@id\":\"https:\/\/mon.es\/ca\/producto\/oli-corporal-de-calendula-500ml\/\",\"url\":\"https:\/\/mon.es\/ca\/producto\/oli-corporal-de-calendula-500ml\/\",\"name\":\"Oli corporal de Cal\u00e8ndula de 500ml - Cosm\u00e8tica natural MON\",\"isPartOf\":{\"@id\":\"https:\/\/mon.es\/#website\"},\"primaryImageOfPage\":{\"@id\":\"https:\/\/mon.es\/ca\/producto\/oli-corporal-de-calendula-500ml\/#primaryimage\"},\"image\":{\"@id\":\"https:\/\/mon.es\/ca\/producto\/oli-corporal-de-calendula-500ml\/#primaryimage\"},\"thumbnailUrl\":\"https:\/\/mon.es\/wp-content\/uploads\/2018\/11\/aciete_calendula_gran_mon.jpg\",\"datePublished\":\"2018-11-21T16:29:30+00:00\",\"dateModified\":\"2026-02-06T08:32:21+00:00\",\"description\":\"Cuida de les pells m\u00e9s sensibles i irritades amb aquest Oli corporal de Cal\u00e8ndula. Una f\u00f3rmula hidratant i suavitzant per a tota la fam\u00edlia.\",\"breadcrumb\":{\"@id\":\"https:\/\/mon.es\/ca\/producto\/oli-corporal-de-calendula-500ml\/#breadcrumb\"},\"inLanguage\":\"ca\",\"potentialAction\":[{\"@type\":\"ReadAction\",\"target\":[\"https:\/\/mon.es\/ca\/producto\/oli-corporal-de-calendula-500ml\/\"]}]},{\"@type\":\"ImageObject\",\"inLanguage\":\"ca\",\"@id\":\"https:\/\/mon.es\/ca\/producto\/oli-corporal-de-calendula-500ml\/#primaryimage\",\"url\":\"https:\/\/mon.es\/wp-content\/uploads\/2018\/11\/aciete_calendula_gran_mon.jpg\",\"contentUrl\":\"https:\/\/mon.es\/wp-content\/uploads\/2018\/11\/aciete_calendula_gran_mon.jpg\",\"width\":800,\"height\":1200,\"caption\":\"Oli corporal de Cal\u00e8ndula\"},{\"@type\":\"BreadcrumbList\",\"@id\":\"https:\/\/mon.es\/ca\/producto\/oli-corporal-de-calendula-500ml\/#breadcrumb\",\"itemListElement\":[{\"@type\":\"ListItem\",\"position\":1,\"name\":\"Portada\",\"item\":\"https:\/\/mon.es\/ca\/\"},{\"@type\":\"ListItem\",\"position\":2,\"name\":\"Botiga\",\"item\":\"https:\/\/mon.es\/ca\/botiga\/\"},{\"@type\":\"ListItem\",\"position\":3,\"name\":\"Oli corporal de Cal\u00e8ndula de 500ml\"}]},{\"@type\":\"WebSite\",\"@id\":\"https:\/\/mon.es\/#website\",\"url\":\"https:\/\/mon.es\/\",\"name\":\"MON\",\"description\":\"Natural cosmetics\",\"publisher\":{\"@id\":\"https:\/\/mon.es\/#organization\"},\"potentialAction\":[{\"@type\":\"SearchAction\",\"target\":{\"@type\":\"EntryPoint\",\"urlTemplate\":\"https:\/\/mon.es\/?s={search_term_string}\"},\"query-input\":{\"@type\":\"PropertyValueSpecification\",\"valueRequired\":true,\"valueName\":\"search_term_string\"}}],\"inLanguage\":\"ca\"},{\"@type\":\"Organization\",\"@id\":\"https:\/\/mon.es\/#organization\",\"name\":\"MON\",\"url\":\"https:\/\/mon.es\/\",\"logo\":{\"@type\":\"ImageObject\",\"inLanguage\":\"ca\",\"@id\":\"https:\/\/mon.es\/#\/schema\/logo\/image\/\",\"url\":\"https:\/\/mon.es\/wp-content\/uploads\/2018\/11\/logo_mon.png\",\"contentUrl\":\"https:\/\/mon.es\/wp-content\/uploads\/2018\/11\/logo_mon.png\",\"width\":424,\"height\":132,\"caption\":\"MON\"},\"image\":{\"@id\":\"https:\/\/mon.es\/#\/schema\/logo\/image\/\"}}]}<\/script>\n<!-- \/ Yoast SEO plugin. -->","yoast_head_json":{"title":"Oli corporal de Cal\u00e8ndula de 500ml - Cosm\u00e8tica natural MON","description":"Cuida de les pells m\u00e9s sensibles i irritades amb aquest Oli corporal de Cal\u00e8ndula. Una f\u00f3rmula hidratant i suavitzant per a tota la fam\u00edlia.","robots":{"index":"index","follow":"follow","max-snippet":"max-snippet:-1","max-image-preview":"max-image-preview:large","max-video-preview":"max-video-preview:-1"},"canonical":"https:\/\/mon.es\/ca\/producto\/oli-corporal-de-calendula-500ml\/","og_locale":"ca_ES","og_type":"article","og_title":"Oli corporal de Cal\u00e8ndula de 500ml - Cosm\u00e8tica natural MON","og_description":"Cuida de les pells m\u00e9s sensibles i irritades amb aquest Oli corporal de Cal\u00e8ndula. Una f\u00f3rmula hidratant i suavitzant per a tota la fam\u00edlia.","og_url":"https:\/\/mon.es\/ca\/producto\/oli-corporal-de-calendula-500ml\/","og_site_name":"MON","article_modified_time":"2026-02-06T08:32:21+00:00","og_image":[{"width":800,"height":1200,"url":"http:\/\/mon.es\/wp-content\/uploads\/2018\/11\/aciete_calendula_gran_mon.jpg","type":"image\/jpeg"}],"twitter_card":"summary_large_image","twitter_misc":{"Temps estimat de lectura":"1 minut"},"schema":{"@context":"https:\/\/schema.org","@graph":[{"@type":"WebPage","@id":"https:\/\/mon.es\/ca\/producto\/oli-corporal-de-calendula-500ml\/","url":"https:\/\/mon.es\/ca\/producto\/oli-corporal-de-calendula-500ml\/","name":"Oli corporal de Cal\u00e8ndula de 500ml - Cosm\u00e8tica natural MON","isPartOf":{"@id":"https:\/\/mon.es\/#website"},"primaryImageOfPage":{"@id":"https:\/\/mon.es\/ca\/producto\/oli-corporal-de-calendula-500ml\/#primaryimage"},"image":{"@id":"https:\/\/mon.es\/ca\/producto\/oli-corporal-de-calendula-500ml\/#primaryimage"},"thumbnailUrl":"https:\/\/mon.es\/wp-content\/uploads\/2018\/11\/aciete_calendula_gran_mon.jpg","datePublished":"2018-11-21T16:29:30+00:00","dateModified":"2026-02-06T08:32:21+00:00","description":"Cuida de les pells m\u00e9s sensibles i irritades amb aquest Oli corporal de Cal\u00e8ndula. Una f\u00f3rmula hidratant i suavitzant per a tota la fam\u00edlia.","breadcrumb":{"@id":"https:\/\/mon.es\/ca\/producto\/oli-corporal-de-calendula-500ml\/#breadcrumb"},"inLanguage":"ca","potentialAction":[{"@type":"ReadAction","target":["https:\/\/mon.es\/ca\/producto\/oli-corporal-de-calendula-500ml\/"]}]},{"@type":"ImageObject","inLanguage":"ca","@id":"https:\/\/mon.es\/ca\/producto\/oli-corporal-de-calendula-500ml\/#primaryimage","url":"https:\/\/mon.es\/wp-content\/uploads\/2018\/11\/aciete_calendula_gran_mon.jpg","contentUrl":"https:\/\/mon.es\/wp-content\/uploads\/2018\/11\/aciete_calendula_gran_mon.jpg","width":800,"height":1200,"caption":"Oli corporal de Cal\u00e8ndula"},{"@type":"BreadcrumbList","@id":"https:\/\/mon.es\/ca\/producto\/oli-corporal-de-calendula-500ml\/#breadcrumb","itemListElement":[{"@type":"ListItem","position":1,"name":"Portada","item":"https:\/\/mon.es\/ca\/"},{"@type":"ListItem","position":2,"name":"Botiga","item":"https:\/\/mon.es\/ca\/botiga\/"},{"@type":"ListItem","position":3,"name":"Oli corporal de Cal\u00e8ndula de 500ml"}]},{"@type":"WebSite","@id":"https:\/\/mon.es\/#website","url":"https:\/\/mon.es\/","name":"MON","description":"Natural cosmetics","publisher":{"@id":"https:\/\/mon.es\/#organization"},"potentialAction":[{"@type":"SearchAction","target":{"@type":"EntryPoint","urlTemplate":"https:\/\/mon.es\/?s={search_term_string}"},"query-input":{"@type":"PropertyValueSpecification","valueRequired":true,"valueName":"search_term_string"}}],"inLanguage":"ca"},{"@type":"Organization","@id":"https:\/\/mon.es\/#organization","name":"MON","url":"https:\/\/mon.es\/","logo":{"@type":"ImageObject","inLanguage":"ca","@id":"https:\/\/mon.es\/#\/schema\/logo\/image\/","url":"https:\/\/mon.es\/wp-content\/uploads\/2018\/11\/logo_mon.png","contentUrl":"https:\/\/mon.es\/wp-content\/uploads\/2018\/11\/logo_mon.png","width":424,"height":132,"caption":"MON"},"image":{"@id":"https:\/\/mon.es\/#\/schema\/logo\/image\/"}}]}},"_links":{"self":[{"href":"https:\/\/mon.es\/ca\/wp-json\/wp\/v2\/product\/46883","targetHints":{"allow":["GET"]}}],"collection":[{"href":"https:\/\/mon.es\/ca\/wp-json\/wp\/v2\/product"}],"about":[{"href":"https:\/\/mon.es\/ca\/wp-json\/wp\/v2\/types\/product"}],"replies":[{"embeddable":true,"href":"https:\/\/mon.es\/ca\/wp-json\/wp\/v2\/comments?post=46883"}],"wp:featuredmedia":[{"embeddable":true,"href":"https:\/\/mon.es\/ca\/wp-json\/wp\/v2\/media\/45377"}],"wp:attachment":[{"href":"https:\/\/mon.es\/ca\/wp-json\/wp\/v2\/media?parent=46883"}],"wp:term":[{"taxonomy":"product_brand","embeddable":true,"href":"https:\/\/mon.es\/ca\/wp-json\/wp\/v2\/product_brand?post=46883"},{"taxonomy":"product_cat","embeddable":true,"href":"https:\/\/mon.es\/ca\/wp-json\/wp\/v2\/product_cat?post=46883"},{"taxonomy":"product_tag","embeddable":true,"href":"https:\/\/mon.es\/ca\/wp-json\/wp\/v2\/product_tag?post=46883"},{"taxonomy":"producte_categoria","embeddable":true,"href":"https:\/\/mon.es\/ca\/wp-json\/wp\/v2\/producte_categoria?post=46883"}],"curies":[{"name":"wp","href":"https:\/\/api.w.org\/{rel}","templated":true}]}}