

{"id":46878,"date":"2018-11-21T16:37:05","date_gmt":"2018-11-21T16:37:05","guid":{"rendered":"https:\/\/mon.es\/producto\/oli-corporal-natural-deucaliptus\/"},"modified":"2026-03-03T08:30:09","modified_gmt":"2026-03-03T06:30:09","slug":"oli-corporal-natural-de-eucaliptus","status":"publish","type":"product","link":"https:\/\/mon.es\/ca\/producto\/oli-corporal-natural-de-eucaliptus\/","title":{"rendered":"Oli corporal natural d&#8217;Eucaliptus"},"content":{"rendered":"<p>Respirar \u00e9s viure, som el que respirem. Aquest oli corporal natural d&#8217;Eucaliptus et protegir\u00e0 contra els virus i a m\u00e9s t&#8217;ajudar\u00e0 a combatre els s\u00edmptomes de la grip i el refredat, gr\u00e0cies al seu efecte antis\u00e8ptic i bals\u00e0mic. Aplica-t&#8217;ho sobre el pit i el coll i tamb\u00e9 pots omplir la teva banyera i tirar-li un parell de taps d&#8217;aquest oli&#8230; crear\u00e0s una sauna natural molt reconfortant.<\/p>\n<p>A m\u00e9s d&#8217;eucaliptus cont\u00e9 lavanda; que t&#8217;ajudar\u00e0 a dormir millor, llimona, arbre del te; un antivirus natural i menta<\/p>\n<p>Un imprescindible per a tenir a casa.<\/p>\n<p>&nbsp;<\/p>\n","protected":false},"excerpt":{"rendered":"<p>Respirar \u00e9s viure, som el que respirem. Aquest oli corporal natural d&#8217;Eucaliptus et protegir\u00e0 contra els virus i a m\u00e9s t&#8217;ajudar\u00e0 a combatre els s\u00edmptomes de la grip i el refredat, gr\u00e0cies al seu efecte antis\u00e8ptic i bals\u00e0mic. Aplica-t&#8217;ho sobre el pit i el coll i tamb\u00e9 pots omplir la teva banyera i tirar-li un [&hellip;]<\/p>\n","protected":false},"featured_media":45095,"comment_status":"open","ping_status":"closed","template":"","meta":{"inline_featured_image":false},"product_brand":[],"product_cat":[511,512],"product_tag":[613],"producte_categoria":[673],"class_list":{"0":"post-46878","1":"product","2":"type-product","3":"status-publish","4":"has-post-thumbnail","6":"product_cat-productes-naturals-per-al-cos","7":"product_cat-olis-corporals-naturals","8":"product_tag-respira-ca","9":"producte_categoria-esenciales-para-este-otono-ca","11":"first","12":"instock","13":"shipping-taxable","14":"purchasable","15":"product-type-simple"},"yoast_head":"<!-- This site is optimized with the Yoast SEO plugin v27.1.1 - https:\/\/yoast.com\/product\/yoast-seo-wordpress\/ -->\n<title>\u25b7\u25b7 Oli corporal natural d&#039;Eucaliptus \u25b7 100% NATURAL i Certificat<\/title>\n<meta name=\"description\" content=\"Oli corporal natural d&#039;Eucaliptus que ajuda a combatre els s\u00edmptomes de la grip i el refredat gr\u00e0cies al seu efecte antis\u00e8ptic i expectorant.\" \/>\n<meta name=\"robots\" content=\"index, follow, max-snippet:-1, max-image-preview:large, max-video-preview:-1\" \/>\n<link rel=\"canonical\" href=\"https:\/\/mon.es\/ca\/producto\/oli-corporal-natural-de-eucaliptus\/\" \/>\n<meta property=\"og:locale\" content=\"ca_ES\" \/>\n<meta property=\"og:type\" content=\"article\" \/>\n<meta property=\"og:title\" content=\"\u25b7\u25b7 Oli corporal natural d&#039;Eucaliptus \u25b7 100% NATURAL i Certificat\" \/>\n<meta property=\"og:description\" content=\"Oli corporal natural d&#039;Eucaliptus que ajuda a combatre els s\u00edmptomes de la grip i el refredat gr\u00e0cies al seu efecte antis\u00e8ptic i expectorant.\" \/>\n<meta property=\"og:url\" content=\"https:\/\/mon.es\/ca\/producto\/oli-corporal-natural-de-eucaliptus\/\" \/>\n<meta property=\"og:site_name\" content=\"MON\" \/>\n<meta property=\"article:modified_time\" content=\"2026-03-03T06:30:09+00:00\" \/>\n<meta property=\"og:image\" content=\"http:\/\/mon.es\/wp-content\/uploads\/2018\/11\/aceite_corporal_eucaliptus-2-2.png\" \/>\n\t<meta property=\"og:image:width\" content=\"800\" \/>\n\t<meta property=\"og:image:height\" content=\"1200\" \/>\n\t<meta property=\"og:image:type\" content=\"image\/png\" \/>\n<meta name=\"twitter:card\" content=\"summary_large_image\" \/>\n<meta name=\"twitter:label1\" content=\"Temps estimat de lectura\" \/>\n\t<meta name=\"twitter:data1\" content=\"1 minut\" \/>\n<script type=\"application\/ld+json\" class=\"yoast-schema-graph\">{\"@context\":\"https:\/\/schema.org\",\"@graph\":[{\"@type\":\"WebPage\",\"@id\":\"https:\/\/mon.es\/ca\/producto\/oli-corporal-natural-de-eucaliptus\/\",\"url\":\"https:\/\/mon.es\/ca\/producto\/oli-corporal-natural-de-eucaliptus\/\",\"name\":\"\u25b7\u25b7 Oli corporal natural d'Eucaliptus \u25b7 100% NATURAL i Certificat\",\"isPartOf\":{\"@id\":\"https:\/\/mon.es\/#website\"},\"primaryImageOfPage\":{\"@id\":\"https:\/\/mon.es\/ca\/producto\/oli-corporal-natural-de-eucaliptus\/#primaryimage\"},\"image\":{\"@id\":\"https:\/\/mon.es\/ca\/producto\/oli-corporal-natural-de-eucaliptus\/#primaryimage\"},\"thumbnailUrl\":\"https:\/\/mon.es\/wp-content\/uploads\/2018\/11\/aceite_corporal_eucaliptus-2-2.png\",\"datePublished\":\"2018-11-21T16:37:05+00:00\",\"dateModified\":\"2026-03-03T06:30:09+00:00\",\"description\":\"Oli corporal natural d'Eucaliptus que ajuda a combatre els s\u00edmptomes de la grip i el refredat gr\u00e0cies al seu efecte antis\u00e8ptic i expectorant.\",\"breadcrumb\":{\"@id\":\"https:\/\/mon.es\/ca\/producto\/oli-corporal-natural-de-eucaliptus\/#breadcrumb\"},\"inLanguage\":\"ca\",\"potentialAction\":[{\"@type\":\"ReadAction\",\"target\":[\"https:\/\/mon.es\/ca\/producto\/oli-corporal-natural-de-eucaliptus\/\"]}]},{\"@type\":\"ImageObject\",\"inLanguage\":\"ca\",\"@id\":\"https:\/\/mon.es\/ca\/producto\/oli-corporal-natural-de-eucaliptus\/#primaryimage\",\"url\":\"https:\/\/mon.es\/wp-content\/uploads\/2018\/11\/aceite_corporal_eucaliptus-2-2.png\",\"contentUrl\":\"https:\/\/mon.es\/wp-content\/uploads\/2018\/11\/aceite_corporal_eucaliptus-2-2.png\",\"width\":800,\"height\":1200},{\"@type\":\"BreadcrumbList\",\"@id\":\"https:\/\/mon.es\/ca\/producto\/oli-corporal-natural-de-eucaliptus\/#breadcrumb\",\"itemListElement\":[{\"@type\":\"ListItem\",\"position\":1,\"name\":\"Portada\",\"item\":\"https:\/\/mon.es\/ca\/\"},{\"@type\":\"ListItem\",\"position\":2,\"name\":\"Botiga\",\"item\":\"https:\/\/mon.es\/ca\/botiga\/\"},{\"@type\":\"ListItem\",\"position\":3,\"name\":\"Oli corporal natural d&#8217;Eucaliptus\"}]},{\"@type\":\"WebSite\",\"@id\":\"https:\/\/mon.es\/#website\",\"url\":\"https:\/\/mon.es\/\",\"name\":\"MON\",\"description\":\"Natural cosmetics\",\"publisher\":{\"@id\":\"https:\/\/mon.es\/#organization\"},\"potentialAction\":[{\"@type\":\"SearchAction\",\"target\":{\"@type\":\"EntryPoint\",\"urlTemplate\":\"https:\/\/mon.es\/?s={search_term_string}\"},\"query-input\":{\"@type\":\"PropertyValueSpecification\",\"valueRequired\":true,\"valueName\":\"search_term_string\"}}],\"inLanguage\":\"ca\"},{\"@type\":\"Organization\",\"@id\":\"https:\/\/mon.es\/#organization\",\"name\":\"MON\",\"url\":\"https:\/\/mon.es\/\",\"logo\":{\"@type\":\"ImageObject\",\"inLanguage\":\"ca\",\"@id\":\"https:\/\/mon.es\/#\/schema\/logo\/image\/\",\"url\":\"https:\/\/mon.es\/wp-content\/uploads\/2018\/11\/logo_mon.png\",\"contentUrl\":\"https:\/\/mon.es\/wp-content\/uploads\/2018\/11\/logo_mon.png\",\"width\":424,\"height\":132,\"caption\":\"MON\"},\"image\":{\"@id\":\"https:\/\/mon.es\/#\/schema\/logo\/image\/\"}}]}<\/script>\n<!-- \/ Yoast SEO plugin. -->","yoast_head_json":{"title":"\u25b7\u25b7 Oli corporal natural d'Eucaliptus \u25b7 100% NATURAL i Certificat","description":"Oli corporal natural d'Eucaliptus que ajuda a combatre els s\u00edmptomes de la grip i el refredat gr\u00e0cies al seu efecte antis\u00e8ptic i expectorant.","robots":{"index":"index","follow":"follow","max-snippet":"max-snippet:-1","max-image-preview":"max-image-preview:large","max-video-preview":"max-video-preview:-1"},"canonical":"https:\/\/mon.es\/ca\/producto\/oli-corporal-natural-de-eucaliptus\/","og_locale":"ca_ES","og_type":"article","og_title":"\u25b7\u25b7 Oli corporal natural d'Eucaliptus \u25b7 100% NATURAL i Certificat","og_description":"Oli corporal natural d'Eucaliptus que ajuda a combatre els s\u00edmptomes de la grip i el refredat gr\u00e0cies al seu efecte antis\u00e8ptic i expectorant.","og_url":"https:\/\/mon.es\/ca\/producto\/oli-corporal-natural-de-eucaliptus\/","og_site_name":"MON","article_modified_time":"2026-03-03T06:30:09+00:00","og_image":[{"width":800,"height":1200,"url":"http:\/\/mon.es\/wp-content\/uploads\/2018\/11\/aceite_corporal_eucaliptus-2-2.png","type":"image\/png"}],"twitter_card":"summary_large_image","twitter_misc":{"Temps estimat de lectura":"1 minut"},"schema":{"@context":"https:\/\/schema.org","@graph":[{"@type":"WebPage","@id":"https:\/\/mon.es\/ca\/producto\/oli-corporal-natural-de-eucaliptus\/","url":"https:\/\/mon.es\/ca\/producto\/oli-corporal-natural-de-eucaliptus\/","name":"\u25b7\u25b7 Oli corporal natural d'Eucaliptus \u25b7 100% NATURAL i Certificat","isPartOf":{"@id":"https:\/\/mon.es\/#website"},"primaryImageOfPage":{"@id":"https:\/\/mon.es\/ca\/producto\/oli-corporal-natural-de-eucaliptus\/#primaryimage"},"image":{"@id":"https:\/\/mon.es\/ca\/producto\/oli-corporal-natural-de-eucaliptus\/#primaryimage"},"thumbnailUrl":"https:\/\/mon.es\/wp-content\/uploads\/2018\/11\/aceite_corporal_eucaliptus-2-2.png","datePublished":"2018-11-21T16:37:05+00:00","dateModified":"2026-03-03T06:30:09+00:00","description":"Oli corporal natural d'Eucaliptus que ajuda a combatre els s\u00edmptomes de la grip i el refredat gr\u00e0cies al seu efecte antis\u00e8ptic i expectorant.","breadcrumb":{"@id":"https:\/\/mon.es\/ca\/producto\/oli-corporal-natural-de-eucaliptus\/#breadcrumb"},"inLanguage":"ca","potentialAction":[{"@type":"ReadAction","target":["https:\/\/mon.es\/ca\/producto\/oli-corporal-natural-de-eucaliptus\/"]}]},{"@type":"ImageObject","inLanguage":"ca","@id":"https:\/\/mon.es\/ca\/producto\/oli-corporal-natural-de-eucaliptus\/#primaryimage","url":"https:\/\/mon.es\/wp-content\/uploads\/2018\/11\/aceite_corporal_eucaliptus-2-2.png","contentUrl":"https:\/\/mon.es\/wp-content\/uploads\/2018\/11\/aceite_corporal_eucaliptus-2-2.png","width":800,"height":1200},{"@type":"BreadcrumbList","@id":"https:\/\/mon.es\/ca\/producto\/oli-corporal-natural-de-eucaliptus\/#breadcrumb","itemListElement":[{"@type":"ListItem","position":1,"name":"Portada","item":"https:\/\/mon.es\/ca\/"},{"@type":"ListItem","position":2,"name":"Botiga","item":"https:\/\/mon.es\/ca\/botiga\/"},{"@type":"ListItem","position":3,"name":"Oli corporal natural d&#8217;Eucaliptus"}]},{"@type":"WebSite","@id":"https:\/\/mon.es\/#website","url":"https:\/\/mon.es\/","name":"MON","description":"Natural cosmetics","publisher":{"@id":"https:\/\/mon.es\/#organization"},"potentialAction":[{"@type":"SearchAction","target":{"@type":"EntryPoint","urlTemplate":"https:\/\/mon.es\/?s={search_term_string}"},"query-input":{"@type":"PropertyValueSpecification","valueRequired":true,"valueName":"search_term_string"}}],"inLanguage":"ca"},{"@type":"Organization","@id":"https:\/\/mon.es\/#organization","name":"MON","url":"https:\/\/mon.es\/","logo":{"@type":"ImageObject","inLanguage":"ca","@id":"https:\/\/mon.es\/#\/schema\/logo\/image\/","url":"https:\/\/mon.es\/wp-content\/uploads\/2018\/11\/logo_mon.png","contentUrl":"https:\/\/mon.es\/wp-content\/uploads\/2018\/11\/logo_mon.png","width":424,"height":132,"caption":"MON"},"image":{"@id":"https:\/\/mon.es\/#\/schema\/logo\/image\/"}}]}},"_links":{"self":[{"href":"https:\/\/mon.es\/ca\/wp-json\/wp\/v2\/product\/46878","targetHints":{"allow":["GET"]}}],"collection":[{"href":"https:\/\/mon.es\/ca\/wp-json\/wp\/v2\/product"}],"about":[{"href":"https:\/\/mon.es\/ca\/wp-json\/wp\/v2\/types\/product"}],"replies":[{"embeddable":true,"href":"https:\/\/mon.es\/ca\/wp-json\/wp\/v2\/comments?post=46878"}],"wp:featuredmedia":[{"embeddable":true,"href":"https:\/\/mon.es\/ca\/wp-json\/wp\/v2\/media\/45095"}],"wp:attachment":[{"href":"https:\/\/mon.es\/ca\/wp-json\/wp\/v2\/media?parent=46878"}],"wp:term":[{"taxonomy":"product_brand","embeddable":true,"href":"https:\/\/mon.es\/ca\/wp-json\/wp\/v2\/product_brand?post=46878"},{"taxonomy":"product_cat","embeddable":true,"href":"https:\/\/mon.es\/ca\/wp-json\/wp\/v2\/product_cat?post=46878"},{"taxonomy":"product_tag","embeddable":true,"href":"https:\/\/mon.es\/ca\/wp-json\/wp\/v2\/product_tag?post=46878"},{"taxonomy":"producte_categoria","embeddable":true,"href":"https:\/\/mon.es\/ca\/wp-json\/wp\/v2\/producte_categoria?post=46878"}],"curies":[{"name":"wp","href":"https:\/\/api.w.org\/{rel}","templated":true}]}}