

{"id":46861,"date":"2018-11-21T16:39:58","date_gmt":"2018-11-21T16:39:58","guid":{"rendered":"https:\/\/mon.es\/producto\/gel-de-bany-de-mantega-de-karite-10\/"},"modified":"2026-02-06T12:18:32","modified_gmt":"2026-02-06T10:18:32","slug":"gel-de-bany-de-mantega-de-karite-10","status":"publish","type":"product","link":"https:\/\/mon.es\/ca\/producto\/gel-de-bany-de-mantega-de-karite-10\/","title":{"rendered":"Gel de bany de Mantega de Karit\u00e9 +10"},"content":{"rendered":"<p>Gel de bany de Mantega de Karit\u00e9 +10 d&#8217;\u00fas diari amb gran poder de regeneraci\u00f3 cel\u00b7lular i propietats anti-edat. Nodreix i suavitza la pell en profunditat gr\u00e0cies a la seva composici\u00f3 en Mantega de Karit\u00e9.<\/p>\n","protected":false},"excerpt":{"rendered":"<p>Gel de bany de Mantega de Karit\u00e9 +10 d&#8217;\u00fas diari amb gran poder de regeneraci\u00f3 cel\u00b7lular i propietats anti-edat. Nodreix i suavitza la pell en profunditat gr\u00e0cies a la seva composici\u00f3 en Mantega de Karit\u00e9.<\/p>\n","protected":false},"featured_media":44828,"comment_status":"open","ping_status":"closed","template":"","meta":{"inline_featured_image":false},"product_brand":[],"product_cat":[511,515],"product_tag":[596],"producte_categoria":[671],"class_list":{"0":"post-46861","1":"product","2":"type-product","3":"status-publish","4":"has-post-thumbnail","6":"product_cat-productes-naturals-per-al-cos","7":"product_cat-higiene-corporal-ca","8":"product_tag-regenerador-corporal-ca","9":"producte_categoria-frescura-diaria-ca","11":"first","12":"instock","13":"shipping-taxable","14":"purchasable","15":"product-type-simple"},"yoast_head":"<!-- This site is optimized with the Yoast SEO plugin v27.1.1 - https:\/\/yoast.com\/product\/yoast-seo-wordpress\/ -->\n<title>\u25b7\u25b7 Gel de bany de Mantega de Karit\u00e9 +10 \u25b7 100% Natural i certificat<\/title>\n<meta name=\"description\" content=\"Gel de bany de mantega de Karit\u00e9 +10 regenerant cel\u00b7lular d&#039;\u00fas diari amb propietats anti-edat que nodreix i suavitza la pell.\" \/>\n<meta name=\"robots\" content=\"index, follow, max-snippet:-1, max-image-preview:large, max-video-preview:-1\" \/>\n<link rel=\"canonical\" href=\"https:\/\/mon.es\/ca\/producto\/gel-de-bany-de-mantega-de-karite-10\/\" \/>\n<meta property=\"og:locale\" content=\"ca_ES\" \/>\n<meta property=\"og:type\" content=\"article\" \/>\n<meta property=\"og:title\" content=\"\u25b7\u25b7 Gel de bany de Mantega de Karit\u00e9 +10 \u25b7 100% Natural i certificat\" \/>\n<meta property=\"og:description\" content=\"Gel de bany de mantega de Karit\u00e9 +10 regenerant cel\u00b7lular d&#039;\u00fas diari amb propietats anti-edat que nodreix i suavitza la pell.\" \/>\n<meta property=\"og:url\" content=\"https:\/\/mon.es\/ca\/producto\/gel-de-bany-de-mantega-de-karite-10\/\" \/>\n<meta property=\"og:site_name\" content=\"MON\" \/>\n<meta property=\"article:modified_time\" content=\"2026-02-06T10:18:32+00:00\" \/>\n<meta property=\"og:image\" content=\"http:\/\/mon.es\/wp-content\/uploads\/2018\/11\/Gel_de_bano_manteca_de_karite-1.jpg\" \/>\n\t<meta property=\"og:image:width\" content=\"800\" \/>\n\t<meta property=\"og:image:height\" content=\"1200\" \/>\n\t<meta property=\"og:image:type\" content=\"image\/jpeg\" \/>\n<meta name=\"twitter:card\" content=\"summary_large_image\" \/>\n<meta name=\"twitter:label1\" content=\"Temps estimat de lectura\" \/>\n\t<meta name=\"twitter:data1\" content=\"1 minut\" \/>\n<script type=\"application\/ld+json\" class=\"yoast-schema-graph\">{\"@context\":\"https:\/\/schema.org\",\"@graph\":[{\"@type\":\"WebPage\",\"@id\":\"https:\/\/mon.es\/ca\/producto\/gel-de-bany-de-mantega-de-karite-10\/\",\"url\":\"https:\/\/mon.es\/ca\/producto\/gel-de-bany-de-mantega-de-karite-10\/\",\"name\":\"\u25b7\u25b7 Gel de bany de Mantega de Karit\u00e9 +10 \u25b7 100% Natural i certificat\",\"isPartOf\":{\"@id\":\"https:\/\/mon.es\/#website\"},\"primaryImageOfPage\":{\"@id\":\"https:\/\/mon.es\/ca\/producto\/gel-de-bany-de-mantega-de-karite-10\/#primaryimage\"},\"image\":{\"@id\":\"https:\/\/mon.es\/ca\/producto\/gel-de-bany-de-mantega-de-karite-10\/#primaryimage\"},\"thumbnailUrl\":\"https:\/\/mon.es\/wp-content\/uploads\/2018\/11\/Gel_de_bano_manteca_de_karite-1.jpg\",\"datePublished\":\"2018-11-21T16:39:58+00:00\",\"dateModified\":\"2026-02-06T10:18:32+00:00\",\"description\":\"Gel de bany de mantega de Karit\u00e9 +10 regenerant cel\u00b7lular d'\u00fas diari amb propietats anti-edat que nodreix i suavitza la pell.\",\"breadcrumb\":{\"@id\":\"https:\/\/mon.es\/ca\/producto\/gel-de-bany-de-mantega-de-karite-10\/#breadcrumb\"},\"inLanguage\":\"ca\",\"potentialAction\":[{\"@type\":\"ReadAction\",\"target\":[\"https:\/\/mon.es\/ca\/producto\/gel-de-bany-de-mantega-de-karite-10\/\"]}]},{\"@type\":\"ImageObject\",\"inLanguage\":\"ca\",\"@id\":\"https:\/\/mon.es\/ca\/producto\/gel-de-bany-de-mantega-de-karite-10\/#primaryimage\",\"url\":\"https:\/\/mon.es\/wp-content\/uploads\/2018\/11\/Gel_de_bano_manteca_de_karite-1.jpg\",\"contentUrl\":\"https:\/\/mon.es\/wp-content\/uploads\/2018\/11\/Gel_de_bano_manteca_de_karite-1.jpg\",\"width\":800,\"height\":1200,\"caption\":\"Gel de bany de Mantega de Karit\u00e9 +10\"},{\"@type\":\"BreadcrumbList\",\"@id\":\"https:\/\/mon.es\/ca\/producto\/gel-de-bany-de-mantega-de-karite-10\/#breadcrumb\",\"itemListElement\":[{\"@type\":\"ListItem\",\"position\":1,\"name\":\"Portada\",\"item\":\"https:\/\/mon.es\/ca\/\"},{\"@type\":\"ListItem\",\"position\":2,\"name\":\"Botiga\",\"item\":\"https:\/\/mon.es\/ca\/botiga\/\"},{\"@type\":\"ListItem\",\"position\":3,\"name\":\"Gel de bany de Mantega de Karit\u00e9 +10\"}]},{\"@type\":\"WebSite\",\"@id\":\"https:\/\/mon.es\/#website\",\"url\":\"https:\/\/mon.es\/\",\"name\":\"MON\",\"description\":\"Natural cosmetics\",\"publisher\":{\"@id\":\"https:\/\/mon.es\/#organization\"},\"potentialAction\":[{\"@type\":\"SearchAction\",\"target\":{\"@type\":\"EntryPoint\",\"urlTemplate\":\"https:\/\/mon.es\/?s={search_term_string}\"},\"query-input\":{\"@type\":\"PropertyValueSpecification\",\"valueRequired\":true,\"valueName\":\"search_term_string\"}}],\"inLanguage\":\"ca\"},{\"@type\":\"Organization\",\"@id\":\"https:\/\/mon.es\/#organization\",\"name\":\"MON\",\"url\":\"https:\/\/mon.es\/\",\"logo\":{\"@type\":\"ImageObject\",\"inLanguage\":\"ca\",\"@id\":\"https:\/\/mon.es\/#\/schema\/logo\/image\/\",\"url\":\"https:\/\/mon.es\/wp-content\/uploads\/2018\/11\/logo_mon.png\",\"contentUrl\":\"https:\/\/mon.es\/wp-content\/uploads\/2018\/11\/logo_mon.png\",\"width\":424,\"height\":132,\"caption\":\"MON\"},\"image\":{\"@id\":\"https:\/\/mon.es\/#\/schema\/logo\/image\/\"}}]}<\/script>\n<!-- \/ Yoast SEO plugin. -->","yoast_head_json":{"title":"\u25b7\u25b7 Gel de bany de Mantega de Karit\u00e9 +10 \u25b7 100% Natural i certificat","description":"Gel de bany de mantega de Karit\u00e9 +10 regenerant cel\u00b7lular d'\u00fas diari amb propietats anti-edat que nodreix i suavitza la pell.","robots":{"index":"index","follow":"follow","max-snippet":"max-snippet:-1","max-image-preview":"max-image-preview:large","max-video-preview":"max-video-preview:-1"},"canonical":"https:\/\/mon.es\/ca\/producto\/gel-de-bany-de-mantega-de-karite-10\/","og_locale":"ca_ES","og_type":"article","og_title":"\u25b7\u25b7 Gel de bany de Mantega de Karit\u00e9 +10 \u25b7 100% Natural i certificat","og_description":"Gel de bany de mantega de Karit\u00e9 +10 regenerant cel\u00b7lular d'\u00fas diari amb propietats anti-edat que nodreix i suavitza la pell.","og_url":"https:\/\/mon.es\/ca\/producto\/gel-de-bany-de-mantega-de-karite-10\/","og_site_name":"MON","article_modified_time":"2026-02-06T10:18:32+00:00","og_image":[{"width":800,"height":1200,"url":"http:\/\/mon.es\/wp-content\/uploads\/2018\/11\/Gel_de_bano_manteca_de_karite-1.jpg","type":"image\/jpeg"}],"twitter_card":"summary_large_image","twitter_misc":{"Temps estimat de lectura":"1 minut"},"schema":{"@context":"https:\/\/schema.org","@graph":[{"@type":"WebPage","@id":"https:\/\/mon.es\/ca\/producto\/gel-de-bany-de-mantega-de-karite-10\/","url":"https:\/\/mon.es\/ca\/producto\/gel-de-bany-de-mantega-de-karite-10\/","name":"\u25b7\u25b7 Gel de bany de Mantega de Karit\u00e9 +10 \u25b7 100% Natural i certificat","isPartOf":{"@id":"https:\/\/mon.es\/#website"},"primaryImageOfPage":{"@id":"https:\/\/mon.es\/ca\/producto\/gel-de-bany-de-mantega-de-karite-10\/#primaryimage"},"image":{"@id":"https:\/\/mon.es\/ca\/producto\/gel-de-bany-de-mantega-de-karite-10\/#primaryimage"},"thumbnailUrl":"https:\/\/mon.es\/wp-content\/uploads\/2018\/11\/Gel_de_bano_manteca_de_karite-1.jpg","datePublished":"2018-11-21T16:39:58+00:00","dateModified":"2026-02-06T10:18:32+00:00","description":"Gel de bany de mantega de Karit\u00e9 +10 regenerant cel\u00b7lular d'\u00fas diari amb propietats anti-edat que nodreix i suavitza la pell.","breadcrumb":{"@id":"https:\/\/mon.es\/ca\/producto\/gel-de-bany-de-mantega-de-karite-10\/#breadcrumb"},"inLanguage":"ca","potentialAction":[{"@type":"ReadAction","target":["https:\/\/mon.es\/ca\/producto\/gel-de-bany-de-mantega-de-karite-10\/"]}]},{"@type":"ImageObject","inLanguage":"ca","@id":"https:\/\/mon.es\/ca\/producto\/gel-de-bany-de-mantega-de-karite-10\/#primaryimage","url":"https:\/\/mon.es\/wp-content\/uploads\/2018\/11\/Gel_de_bano_manteca_de_karite-1.jpg","contentUrl":"https:\/\/mon.es\/wp-content\/uploads\/2018\/11\/Gel_de_bano_manteca_de_karite-1.jpg","width":800,"height":1200,"caption":"Gel de bany de Mantega de Karit\u00e9 +10"},{"@type":"BreadcrumbList","@id":"https:\/\/mon.es\/ca\/producto\/gel-de-bany-de-mantega-de-karite-10\/#breadcrumb","itemListElement":[{"@type":"ListItem","position":1,"name":"Portada","item":"https:\/\/mon.es\/ca\/"},{"@type":"ListItem","position":2,"name":"Botiga","item":"https:\/\/mon.es\/ca\/botiga\/"},{"@type":"ListItem","position":3,"name":"Gel de bany de Mantega de Karit\u00e9 +10"}]},{"@type":"WebSite","@id":"https:\/\/mon.es\/#website","url":"https:\/\/mon.es\/","name":"MON","description":"Natural cosmetics","publisher":{"@id":"https:\/\/mon.es\/#organization"},"potentialAction":[{"@type":"SearchAction","target":{"@type":"EntryPoint","urlTemplate":"https:\/\/mon.es\/?s={search_term_string}"},"query-input":{"@type":"PropertyValueSpecification","valueRequired":true,"valueName":"search_term_string"}}],"inLanguage":"ca"},{"@type":"Organization","@id":"https:\/\/mon.es\/#organization","name":"MON","url":"https:\/\/mon.es\/","logo":{"@type":"ImageObject","inLanguage":"ca","@id":"https:\/\/mon.es\/#\/schema\/logo\/image\/","url":"https:\/\/mon.es\/wp-content\/uploads\/2018\/11\/logo_mon.png","contentUrl":"https:\/\/mon.es\/wp-content\/uploads\/2018\/11\/logo_mon.png","width":424,"height":132,"caption":"MON"},"image":{"@id":"https:\/\/mon.es\/#\/schema\/logo\/image\/"}}]}},"_links":{"self":[{"href":"https:\/\/mon.es\/ca\/wp-json\/wp\/v2\/product\/46861","targetHints":{"allow":["GET"]}}],"collection":[{"href":"https:\/\/mon.es\/ca\/wp-json\/wp\/v2\/product"}],"about":[{"href":"https:\/\/mon.es\/ca\/wp-json\/wp\/v2\/types\/product"}],"replies":[{"embeddable":true,"href":"https:\/\/mon.es\/ca\/wp-json\/wp\/v2\/comments?post=46861"}],"wp:featuredmedia":[{"embeddable":true,"href":"https:\/\/mon.es\/ca\/wp-json\/wp\/v2\/media\/44828"}],"wp:attachment":[{"href":"https:\/\/mon.es\/ca\/wp-json\/wp\/v2\/media?parent=46861"}],"wp:term":[{"taxonomy":"product_brand","embeddable":true,"href":"https:\/\/mon.es\/ca\/wp-json\/wp\/v2\/product_brand?post=46861"},{"taxonomy":"product_cat","embeddable":true,"href":"https:\/\/mon.es\/ca\/wp-json\/wp\/v2\/product_cat?post=46861"},{"taxonomy":"product_tag","embeddable":true,"href":"https:\/\/mon.es\/ca\/wp-json\/wp\/v2\/product_tag?post=46861"},{"taxonomy":"producte_categoria","embeddable":true,"href":"https:\/\/mon.es\/ca\/wp-json\/wp\/v2\/producte_categoria?post=46861"}],"curies":[{"name":"wp","href":"https:\/\/api.w.org\/{rel}","templated":true}]}}