

{"id":46826,"date":"2018-11-21T16:48:52","date_gmt":"2018-11-21T16:48:52","guid":{"rendered":"https:\/\/mon.es\/producto\/oli-essencial-de-canyella\/"},"modified":"2025-11-19T17:08:25","modified_gmt":"2025-11-19T15:08:25","slug":"oli-essencial-de-canyella","status":"publish","type":"product","link":"https:\/\/mon.es\/ca\/producto\/oli-essencial-de-canyella\/","title":{"rendered":"Oli essencial de Canyella"},"content":{"rendered":"<p>\u00c9s una ess\u00e8ncia coneguda pel seu poder afrodis\u00edac. Amb el seu aroma c\u00e0lid i especiat, l\u2019oli essencial de Canyella aporta una sensaci\u00f3 estimulant i tonificant. El seu efecte t\u00e8rmic i la seva acci\u00f3 sobre la microcirculaci\u00f3 cut\u00e0nia el fan ideal per a massatges corporals destinats a millorar l\u2019aspecte de la cel\u00b7lulitis i afavorir l\u2019eliminaci\u00f3 de toxines.<\/p>\n","protected":false},"excerpt":{"rendered":"<p>\u00c9s una ess\u00e8ncia coneguda pel seu poder afrodis\u00edac. Amb el seu aroma c\u00e0lid i especiat, l\u2019oli essencial de Canyella aporta una sensaci\u00f3 estimulant i tonificant. El seu efecte t\u00e8rmic i la seva acci\u00f3 sobre la microcirculaci\u00f3 cut\u00e0nia el fan ideal per a massatges corporals destinats a millorar l\u2019aspecte de la cel\u00b7lulitis i afavorir l\u2019eliminaci\u00f3 de [&hellip;]<\/p>\n","protected":false},"featured_media":45970,"comment_status":"open","ping_status":"closed","template":"","meta":{"inline_featured_image":false},"product_brand":[],"product_cat":[501],"product_tag":[562],"producte_categoria":[],"class_list":{"0":"post-46826","1":"product","2":"type-product","3":"status-publish","4":"has-post-thumbnail","6":"product_cat-olis-essencials","7":"product_tag-estimulant","9":"first","10":"instock","11":"shipping-taxable","12":"purchasable","13":"product-type-simple"},"yoast_head":"<!-- This site is optimized with the Yoast SEO plugin v27.1.1 - https:\/\/yoast.com\/product\/yoast-seo-wordpress\/ -->\n<title>\u25b7\u25b7\u25b7 Oli essencial de Canyella \u25b7 100% NATURAL i Sostenible<\/title>\n<meta name=\"description\" content=\"L&#039;Oli essencial de Canyella \u00e9s estimulant, tonificant i t\u00e8rmic. Una gran aliada per a combatre la cel\u00b7lulitis i eliminar toxines.\" \/>\n<meta name=\"robots\" content=\"index, follow, max-snippet:-1, max-image-preview:large, max-video-preview:-1\" \/>\n<link rel=\"canonical\" href=\"https:\/\/mon.es\/ca\/producto\/oli-essencial-de-canyella\/\" \/>\n<meta property=\"og:locale\" content=\"ca_ES\" \/>\n<meta property=\"og:type\" content=\"article\" \/>\n<meta property=\"og:title\" content=\"\u25b7\u25b7\u25b7 Oli essencial de Canyella \u25b7 100% NATURAL i Sostenible\" \/>\n<meta property=\"og:description\" content=\"L&#039;Oli essencial de Canyella \u00e9s estimulant, tonificant i t\u00e8rmic. Una gran aliada per a combatre la cel\u00b7lulitis i eliminar toxines.\" \/>\n<meta property=\"og:url\" content=\"https:\/\/mon.es\/ca\/producto\/oli-essencial-de-canyella\/\" \/>\n<meta property=\"og:site_name\" content=\"MON\" \/>\n<meta property=\"article:modified_time\" content=\"2025-11-19T15:08:25+00:00\" \/>\n<meta property=\"og:image\" content=\"http:\/\/mon.es\/wp-content\/uploads\/2018\/11\/aceite-esencial-canela.jpg\" \/>\n\t<meta property=\"og:image:width\" content=\"1200\" \/>\n\t<meta property=\"og:image:height\" content=\"1320\" \/>\n\t<meta property=\"og:image:type\" content=\"image\/jpeg\" \/>\n<meta name=\"twitter:card\" content=\"summary_large_image\" \/>\n<meta name=\"twitter:label1\" content=\"Temps estimat de lectura\" \/>\n\t<meta name=\"twitter:data1\" content=\"1 minut\" \/>\n<script type=\"application\/ld+json\" class=\"yoast-schema-graph\">{\"@context\":\"https:\/\/schema.org\",\"@graph\":[{\"@type\":\"WebPage\",\"@id\":\"https:\/\/mon.es\/ca\/producto\/oli-essencial-de-canyella\/\",\"url\":\"https:\/\/mon.es\/ca\/producto\/oli-essencial-de-canyella\/\",\"name\":\"\u25b7\u25b7\u25b7 Oli essencial de Canyella \u25b7 100% NATURAL i Sostenible\",\"isPartOf\":{\"@id\":\"https:\/\/mon.es\/#website\"},\"primaryImageOfPage\":{\"@id\":\"https:\/\/mon.es\/ca\/producto\/oli-essencial-de-canyella\/#primaryimage\"},\"image\":{\"@id\":\"https:\/\/mon.es\/ca\/producto\/oli-essencial-de-canyella\/#primaryimage\"},\"thumbnailUrl\":\"https:\/\/mon.es\/wp-content\/uploads\/2018\/11\/aceite-esencial-canela.jpg\",\"datePublished\":\"2018-11-21T16:48:52+00:00\",\"dateModified\":\"2025-11-19T15:08:25+00:00\",\"description\":\"L'Oli essencial de Canyella \u00e9s estimulant, tonificant i t\u00e8rmic. Una gran aliada per a combatre la cel\u00b7lulitis i eliminar toxines.\",\"breadcrumb\":{\"@id\":\"https:\/\/mon.es\/ca\/producto\/oli-essencial-de-canyella\/#breadcrumb\"},\"inLanguage\":\"ca\",\"potentialAction\":[{\"@type\":\"ReadAction\",\"target\":[\"https:\/\/mon.es\/ca\/producto\/oli-essencial-de-canyella\/\"]}]},{\"@type\":\"ImageObject\",\"inLanguage\":\"ca\",\"@id\":\"https:\/\/mon.es\/ca\/producto\/oli-essencial-de-canyella\/#primaryimage\",\"url\":\"https:\/\/mon.es\/wp-content\/uploads\/2018\/11\/aceite-esencial-canela.jpg\",\"contentUrl\":\"https:\/\/mon.es\/wp-content\/uploads\/2018\/11\/aceite-esencial-canela.jpg\",\"width\":1200,\"height\":1320,\"caption\":\"Oli essencial de Canyella\"},{\"@type\":\"BreadcrumbList\",\"@id\":\"https:\/\/mon.es\/ca\/producto\/oli-essencial-de-canyella\/#breadcrumb\",\"itemListElement\":[{\"@type\":\"ListItem\",\"position\":1,\"name\":\"Portada\",\"item\":\"https:\/\/mon.es\/ca\/\"},{\"@type\":\"ListItem\",\"position\":2,\"name\":\"Botiga\",\"item\":\"https:\/\/mon.es\/ca\/botiga\/\"},{\"@type\":\"ListItem\",\"position\":3,\"name\":\"Oli essencial de Canyella\"}]},{\"@type\":\"WebSite\",\"@id\":\"https:\/\/mon.es\/#website\",\"url\":\"https:\/\/mon.es\/\",\"name\":\"MON\",\"description\":\"Natural cosmetics\",\"publisher\":{\"@id\":\"https:\/\/mon.es\/#organization\"},\"potentialAction\":[{\"@type\":\"SearchAction\",\"target\":{\"@type\":\"EntryPoint\",\"urlTemplate\":\"https:\/\/mon.es\/?s={search_term_string}\"},\"query-input\":{\"@type\":\"PropertyValueSpecification\",\"valueRequired\":true,\"valueName\":\"search_term_string\"}}],\"inLanguage\":\"ca\"},{\"@type\":\"Organization\",\"@id\":\"https:\/\/mon.es\/#organization\",\"name\":\"MON\",\"url\":\"https:\/\/mon.es\/\",\"logo\":{\"@type\":\"ImageObject\",\"inLanguage\":\"ca\",\"@id\":\"https:\/\/mon.es\/#\/schema\/logo\/image\/\",\"url\":\"https:\/\/mon.es\/wp-content\/uploads\/2018\/11\/logo_mon.png\",\"contentUrl\":\"https:\/\/mon.es\/wp-content\/uploads\/2018\/11\/logo_mon.png\",\"width\":424,\"height\":132,\"caption\":\"MON\"},\"image\":{\"@id\":\"https:\/\/mon.es\/#\/schema\/logo\/image\/\"}}]}<\/script>\n<!-- \/ Yoast SEO plugin. -->","yoast_head_json":{"title":"\u25b7\u25b7\u25b7 Oli essencial de Canyella \u25b7 100% NATURAL i Sostenible","description":"L'Oli essencial de Canyella \u00e9s estimulant, tonificant i t\u00e8rmic. Una gran aliada per a combatre la cel\u00b7lulitis i eliminar toxines.","robots":{"index":"index","follow":"follow","max-snippet":"max-snippet:-1","max-image-preview":"max-image-preview:large","max-video-preview":"max-video-preview:-1"},"canonical":"https:\/\/mon.es\/ca\/producto\/oli-essencial-de-canyella\/","og_locale":"ca_ES","og_type":"article","og_title":"\u25b7\u25b7\u25b7 Oli essencial de Canyella \u25b7 100% NATURAL i Sostenible","og_description":"L'Oli essencial de Canyella \u00e9s estimulant, tonificant i t\u00e8rmic. Una gran aliada per a combatre la cel\u00b7lulitis i eliminar toxines.","og_url":"https:\/\/mon.es\/ca\/producto\/oli-essencial-de-canyella\/","og_site_name":"MON","article_modified_time":"2025-11-19T15:08:25+00:00","og_image":[{"width":1200,"height":1320,"url":"http:\/\/mon.es\/wp-content\/uploads\/2018\/11\/aceite-esencial-canela.jpg","type":"image\/jpeg"}],"twitter_card":"summary_large_image","twitter_misc":{"Temps estimat de lectura":"1 minut"},"schema":{"@context":"https:\/\/schema.org","@graph":[{"@type":"WebPage","@id":"https:\/\/mon.es\/ca\/producto\/oli-essencial-de-canyella\/","url":"https:\/\/mon.es\/ca\/producto\/oli-essencial-de-canyella\/","name":"\u25b7\u25b7\u25b7 Oli essencial de Canyella \u25b7 100% NATURAL i Sostenible","isPartOf":{"@id":"https:\/\/mon.es\/#website"},"primaryImageOfPage":{"@id":"https:\/\/mon.es\/ca\/producto\/oli-essencial-de-canyella\/#primaryimage"},"image":{"@id":"https:\/\/mon.es\/ca\/producto\/oli-essencial-de-canyella\/#primaryimage"},"thumbnailUrl":"https:\/\/mon.es\/wp-content\/uploads\/2018\/11\/aceite-esencial-canela.jpg","datePublished":"2018-11-21T16:48:52+00:00","dateModified":"2025-11-19T15:08:25+00:00","description":"L'Oli essencial de Canyella \u00e9s estimulant, tonificant i t\u00e8rmic. Una gran aliada per a combatre la cel\u00b7lulitis i eliminar toxines.","breadcrumb":{"@id":"https:\/\/mon.es\/ca\/producto\/oli-essencial-de-canyella\/#breadcrumb"},"inLanguage":"ca","potentialAction":[{"@type":"ReadAction","target":["https:\/\/mon.es\/ca\/producto\/oli-essencial-de-canyella\/"]}]},{"@type":"ImageObject","inLanguage":"ca","@id":"https:\/\/mon.es\/ca\/producto\/oli-essencial-de-canyella\/#primaryimage","url":"https:\/\/mon.es\/wp-content\/uploads\/2018\/11\/aceite-esencial-canela.jpg","contentUrl":"https:\/\/mon.es\/wp-content\/uploads\/2018\/11\/aceite-esencial-canela.jpg","width":1200,"height":1320,"caption":"Oli essencial de Canyella"},{"@type":"BreadcrumbList","@id":"https:\/\/mon.es\/ca\/producto\/oli-essencial-de-canyella\/#breadcrumb","itemListElement":[{"@type":"ListItem","position":1,"name":"Portada","item":"https:\/\/mon.es\/ca\/"},{"@type":"ListItem","position":2,"name":"Botiga","item":"https:\/\/mon.es\/ca\/botiga\/"},{"@type":"ListItem","position":3,"name":"Oli essencial de Canyella"}]},{"@type":"WebSite","@id":"https:\/\/mon.es\/#website","url":"https:\/\/mon.es\/","name":"MON","description":"Natural cosmetics","publisher":{"@id":"https:\/\/mon.es\/#organization"},"potentialAction":[{"@type":"SearchAction","target":{"@type":"EntryPoint","urlTemplate":"https:\/\/mon.es\/?s={search_term_string}"},"query-input":{"@type":"PropertyValueSpecification","valueRequired":true,"valueName":"search_term_string"}}],"inLanguage":"ca"},{"@type":"Organization","@id":"https:\/\/mon.es\/#organization","name":"MON","url":"https:\/\/mon.es\/","logo":{"@type":"ImageObject","inLanguage":"ca","@id":"https:\/\/mon.es\/#\/schema\/logo\/image\/","url":"https:\/\/mon.es\/wp-content\/uploads\/2018\/11\/logo_mon.png","contentUrl":"https:\/\/mon.es\/wp-content\/uploads\/2018\/11\/logo_mon.png","width":424,"height":132,"caption":"MON"},"image":{"@id":"https:\/\/mon.es\/#\/schema\/logo\/image\/"}}]}},"_links":{"self":[{"href":"https:\/\/mon.es\/ca\/wp-json\/wp\/v2\/product\/46826","targetHints":{"allow":["GET"]}}],"collection":[{"href":"https:\/\/mon.es\/ca\/wp-json\/wp\/v2\/product"}],"about":[{"href":"https:\/\/mon.es\/ca\/wp-json\/wp\/v2\/types\/product"}],"replies":[{"embeddable":true,"href":"https:\/\/mon.es\/ca\/wp-json\/wp\/v2\/comments?post=46826"}],"wp:featuredmedia":[{"embeddable":true,"href":"https:\/\/mon.es\/ca\/wp-json\/wp\/v2\/media\/45970"}],"wp:attachment":[{"href":"https:\/\/mon.es\/ca\/wp-json\/wp\/v2\/media?parent=46826"}],"wp:term":[{"taxonomy":"product_brand","embeddable":true,"href":"https:\/\/mon.es\/ca\/wp-json\/wp\/v2\/product_brand?post=46826"},{"taxonomy":"product_cat","embeddable":true,"href":"https:\/\/mon.es\/ca\/wp-json\/wp\/v2\/product_cat?post=46826"},{"taxonomy":"product_tag","embeddable":true,"href":"https:\/\/mon.es\/ca\/wp-json\/wp\/v2\/product_tag?post=46826"},{"taxonomy":"producte_categoria","embeddable":true,"href":"https:\/\/mon.es\/ca\/wp-json\/wp\/v2\/producte_categoria?post=46826"}],"curies":[{"name":"wp","href":"https:\/\/api.w.org\/{rel}","templated":true}]}}