

{"id":46820,"date":"2018-11-21T16:52:17","date_gmt":"2018-11-21T16:52:17","guid":{"rendered":"https:\/\/mon.es\/producto\/oli-essencial-de-ginebre\/"},"modified":"2025-12-16T08:03:52","modified_gmt":"2025-12-16T06:03:52","slug":"oli-essencial-de-ginebre","status":"publish","type":"product","link":"https:\/\/mon.es\/ca\/producto\/oli-essencial-de-ginebre\/","title":{"rendered":"Oli essencial de Ginebre"},"content":{"rendered":"<p>Aplicat en massatge, el Ginebre t\u00e9 nombrosos beneficis per a la salut. Antireum\u00e0tic, astringent, depuratiu i antis\u00e8ptic. L&#8217;Oli essencial de Ginebre \u00e9s perfecte per a tractar problemes de la pell com a erupcions cut\u00e0nies i \u00e8czemes. La seva capacitat d&#8217;eliminar toxines \u00e9s molt \u00fatil en les ter\u00e0pies contra el dolor i en els tractaments aprimadors, gr\u00e0cies a la seva potent acci\u00f3 di\u00fcr\u00e8tica.<\/p>\n<p>&nbsp;<\/p>\n","protected":false},"excerpt":{"rendered":"<p>Aplicat en massatge, el Ginebre t\u00e9 nombrosos beneficis per a la salut. Antireum\u00e0tic, astringent, depuratiu i antis\u00e8ptic. L&#8217;Oli essencial de Ginebre \u00e9s perfecte per a tractar problemes de la pell com a erupcions cut\u00e0nies i \u00e8czemes. La seva capacitat d&#8217;eliminar toxines \u00e9s molt \u00fatil en les ter\u00e0pies contra el dolor i en els tractaments aprimadors, [&hellip;]<\/p>\n","protected":false},"featured_media":45975,"comment_status":"open","ping_status":"closed","template":"","meta":{"inline_featured_image":false},"product_brand":[],"product_cat":[501],"product_tag":[629],"producte_categoria":[673],"class_list":{"0":"post-46820","1":"product","2":"type-product","3":"status-publish","4":"has-post-thumbnail","6":"product_cat-olis-essencials","7":"product_tag-vigoritzant","8":"producte_categoria-esenciales-para-este-otono-ca","10":"first","11":"instock","12":"shipping-taxable","13":"purchasable","14":"product-type-simple"},"yoast_head":"<!-- This site is optimized with the Yoast SEO plugin v27.1.1 - https:\/\/yoast.com\/product\/yoast-seo-wordpress\/ -->\n<title>\u25b7\u25b7\u25b7 Oli essencial de Ginebre \u25b7 100% NATURAL i Sostenible<\/title>\n<meta name=\"description\" content=\"Antireum\u00e0tic, astringent, depuratiu i antis\u00e8ptic. L&#039;Oli essencial de Ginebre \u00e9s perfecte per a tractar problemes de la pell.\" \/>\n<meta name=\"robots\" content=\"index, follow, max-snippet:-1, max-image-preview:large, max-video-preview:-1\" \/>\n<link rel=\"canonical\" href=\"https:\/\/mon.es\/ca\/producto\/oli-essencial-de-ginebre\/\" \/>\n<meta property=\"og:locale\" content=\"ca_ES\" \/>\n<meta property=\"og:type\" content=\"article\" \/>\n<meta property=\"og:title\" content=\"\u25b7\u25b7\u25b7 Oli essencial de Ginebre \u25b7 100% NATURAL i Sostenible\" \/>\n<meta property=\"og:description\" content=\"Antireum\u00e0tic, astringent, depuratiu i antis\u00e8ptic. L&#039;Oli essencial de Ginebre \u00e9s perfecte per a tractar problemes de la pell.\" \/>\n<meta property=\"og:url\" content=\"https:\/\/mon.es\/ca\/producto\/oli-essencial-de-ginebre\/\" \/>\n<meta property=\"og:site_name\" content=\"MON\" \/>\n<meta property=\"article:modified_time\" content=\"2025-12-16T06:03:52+00:00\" \/>\n<meta property=\"og:image\" content=\"http:\/\/mon.es\/wp-content\/uploads\/2018\/11\/aceite-esencial-enebro.jpg\" \/>\n\t<meta property=\"og:image:width\" content=\"1200\" \/>\n\t<meta property=\"og:image:height\" content=\"1320\" \/>\n\t<meta property=\"og:image:type\" content=\"image\/jpeg\" \/>\n<meta name=\"twitter:card\" content=\"summary_large_image\" \/>\n<meta name=\"twitter:label1\" content=\"Temps estimat de lectura\" \/>\n\t<meta name=\"twitter:data1\" content=\"1 minut\" \/>\n<script type=\"application\/ld+json\" class=\"yoast-schema-graph\">{\"@context\":\"https:\/\/schema.org\",\"@graph\":[{\"@type\":\"WebPage\",\"@id\":\"https:\/\/mon.es\/ca\/producto\/oli-essencial-de-ginebre\/\",\"url\":\"https:\/\/mon.es\/ca\/producto\/oli-essencial-de-ginebre\/\",\"name\":\"\u25b7\u25b7\u25b7 Oli essencial de Ginebre \u25b7 100% NATURAL i Sostenible\",\"isPartOf\":{\"@id\":\"https:\/\/mon.es\/#website\"},\"primaryImageOfPage\":{\"@id\":\"https:\/\/mon.es\/ca\/producto\/oli-essencial-de-ginebre\/#primaryimage\"},\"image\":{\"@id\":\"https:\/\/mon.es\/ca\/producto\/oli-essencial-de-ginebre\/#primaryimage\"},\"thumbnailUrl\":\"https:\/\/mon.es\/wp-content\/uploads\/2018\/11\/aceite-esencial-enebro.jpg\",\"datePublished\":\"2018-11-21T16:52:17+00:00\",\"dateModified\":\"2025-12-16T06:03:52+00:00\",\"description\":\"Antireum\u00e0tic, astringent, depuratiu i antis\u00e8ptic. L'Oli essencial de Ginebre \u00e9s perfecte per a tractar problemes de la pell.\",\"breadcrumb\":{\"@id\":\"https:\/\/mon.es\/ca\/producto\/oli-essencial-de-ginebre\/#breadcrumb\"},\"inLanguage\":\"ca\",\"potentialAction\":[{\"@type\":\"ReadAction\",\"target\":[\"https:\/\/mon.es\/ca\/producto\/oli-essencial-de-ginebre\/\"]}]},{\"@type\":\"ImageObject\",\"inLanguage\":\"ca\",\"@id\":\"https:\/\/mon.es\/ca\/producto\/oli-essencial-de-ginebre\/#primaryimage\",\"url\":\"https:\/\/mon.es\/wp-content\/uploads\/2018\/11\/aceite-esencial-enebro.jpg\",\"contentUrl\":\"https:\/\/mon.es\/wp-content\/uploads\/2018\/11\/aceite-esencial-enebro.jpg\",\"width\":1200,\"height\":1320,\"caption\":\"Oli essencial de Ginebre\"},{\"@type\":\"BreadcrumbList\",\"@id\":\"https:\/\/mon.es\/ca\/producto\/oli-essencial-de-ginebre\/#breadcrumb\",\"itemListElement\":[{\"@type\":\"ListItem\",\"position\":1,\"name\":\"Portada\",\"item\":\"https:\/\/mon.es\/ca\/\"},{\"@type\":\"ListItem\",\"position\":2,\"name\":\"Botiga\",\"item\":\"https:\/\/mon.es\/ca\/botiga\/\"},{\"@type\":\"ListItem\",\"position\":3,\"name\":\"Oli essencial de Ginebre\"}]},{\"@type\":\"WebSite\",\"@id\":\"https:\/\/mon.es\/#website\",\"url\":\"https:\/\/mon.es\/\",\"name\":\"MON\",\"description\":\"Natural cosmetics\",\"publisher\":{\"@id\":\"https:\/\/mon.es\/#organization\"},\"potentialAction\":[{\"@type\":\"SearchAction\",\"target\":{\"@type\":\"EntryPoint\",\"urlTemplate\":\"https:\/\/mon.es\/?s={search_term_string}\"},\"query-input\":{\"@type\":\"PropertyValueSpecification\",\"valueRequired\":true,\"valueName\":\"search_term_string\"}}],\"inLanguage\":\"ca\"},{\"@type\":\"Organization\",\"@id\":\"https:\/\/mon.es\/#organization\",\"name\":\"MON\",\"url\":\"https:\/\/mon.es\/\",\"logo\":{\"@type\":\"ImageObject\",\"inLanguage\":\"ca\",\"@id\":\"https:\/\/mon.es\/#\/schema\/logo\/image\/\",\"url\":\"https:\/\/mon.es\/wp-content\/uploads\/2018\/11\/logo_mon.png\",\"contentUrl\":\"https:\/\/mon.es\/wp-content\/uploads\/2018\/11\/logo_mon.png\",\"width\":424,\"height\":132,\"caption\":\"MON\"},\"image\":{\"@id\":\"https:\/\/mon.es\/#\/schema\/logo\/image\/\"}}]}<\/script>\n<!-- \/ Yoast SEO plugin. -->","yoast_head_json":{"title":"\u25b7\u25b7\u25b7 Oli essencial de Ginebre \u25b7 100% NATURAL i Sostenible","description":"Antireum\u00e0tic, astringent, depuratiu i antis\u00e8ptic. L'Oli essencial de Ginebre \u00e9s perfecte per a tractar problemes de la pell.","robots":{"index":"index","follow":"follow","max-snippet":"max-snippet:-1","max-image-preview":"max-image-preview:large","max-video-preview":"max-video-preview:-1"},"canonical":"https:\/\/mon.es\/ca\/producto\/oli-essencial-de-ginebre\/","og_locale":"ca_ES","og_type":"article","og_title":"\u25b7\u25b7\u25b7 Oli essencial de Ginebre \u25b7 100% NATURAL i Sostenible","og_description":"Antireum\u00e0tic, astringent, depuratiu i antis\u00e8ptic. L'Oli essencial de Ginebre \u00e9s perfecte per a tractar problemes de la pell.","og_url":"https:\/\/mon.es\/ca\/producto\/oli-essencial-de-ginebre\/","og_site_name":"MON","article_modified_time":"2025-12-16T06:03:52+00:00","og_image":[{"width":1200,"height":1320,"url":"http:\/\/mon.es\/wp-content\/uploads\/2018\/11\/aceite-esencial-enebro.jpg","type":"image\/jpeg"}],"twitter_card":"summary_large_image","twitter_misc":{"Temps estimat de lectura":"1 minut"},"schema":{"@context":"https:\/\/schema.org","@graph":[{"@type":"WebPage","@id":"https:\/\/mon.es\/ca\/producto\/oli-essencial-de-ginebre\/","url":"https:\/\/mon.es\/ca\/producto\/oli-essencial-de-ginebre\/","name":"\u25b7\u25b7\u25b7 Oli essencial de Ginebre \u25b7 100% NATURAL i Sostenible","isPartOf":{"@id":"https:\/\/mon.es\/#website"},"primaryImageOfPage":{"@id":"https:\/\/mon.es\/ca\/producto\/oli-essencial-de-ginebre\/#primaryimage"},"image":{"@id":"https:\/\/mon.es\/ca\/producto\/oli-essencial-de-ginebre\/#primaryimage"},"thumbnailUrl":"https:\/\/mon.es\/wp-content\/uploads\/2018\/11\/aceite-esencial-enebro.jpg","datePublished":"2018-11-21T16:52:17+00:00","dateModified":"2025-12-16T06:03:52+00:00","description":"Antireum\u00e0tic, astringent, depuratiu i antis\u00e8ptic. L'Oli essencial de Ginebre \u00e9s perfecte per a tractar problemes de la pell.","breadcrumb":{"@id":"https:\/\/mon.es\/ca\/producto\/oli-essencial-de-ginebre\/#breadcrumb"},"inLanguage":"ca","potentialAction":[{"@type":"ReadAction","target":["https:\/\/mon.es\/ca\/producto\/oli-essencial-de-ginebre\/"]}]},{"@type":"ImageObject","inLanguage":"ca","@id":"https:\/\/mon.es\/ca\/producto\/oli-essencial-de-ginebre\/#primaryimage","url":"https:\/\/mon.es\/wp-content\/uploads\/2018\/11\/aceite-esencial-enebro.jpg","contentUrl":"https:\/\/mon.es\/wp-content\/uploads\/2018\/11\/aceite-esencial-enebro.jpg","width":1200,"height":1320,"caption":"Oli essencial de Ginebre"},{"@type":"BreadcrumbList","@id":"https:\/\/mon.es\/ca\/producto\/oli-essencial-de-ginebre\/#breadcrumb","itemListElement":[{"@type":"ListItem","position":1,"name":"Portada","item":"https:\/\/mon.es\/ca\/"},{"@type":"ListItem","position":2,"name":"Botiga","item":"https:\/\/mon.es\/ca\/botiga\/"},{"@type":"ListItem","position":3,"name":"Oli essencial de Ginebre"}]},{"@type":"WebSite","@id":"https:\/\/mon.es\/#website","url":"https:\/\/mon.es\/","name":"MON","description":"Natural cosmetics","publisher":{"@id":"https:\/\/mon.es\/#organization"},"potentialAction":[{"@type":"SearchAction","target":{"@type":"EntryPoint","urlTemplate":"https:\/\/mon.es\/?s={search_term_string}"},"query-input":{"@type":"PropertyValueSpecification","valueRequired":true,"valueName":"search_term_string"}}],"inLanguage":"ca"},{"@type":"Organization","@id":"https:\/\/mon.es\/#organization","name":"MON","url":"https:\/\/mon.es\/","logo":{"@type":"ImageObject","inLanguage":"ca","@id":"https:\/\/mon.es\/#\/schema\/logo\/image\/","url":"https:\/\/mon.es\/wp-content\/uploads\/2018\/11\/logo_mon.png","contentUrl":"https:\/\/mon.es\/wp-content\/uploads\/2018\/11\/logo_mon.png","width":424,"height":132,"caption":"MON"},"image":{"@id":"https:\/\/mon.es\/#\/schema\/logo\/image\/"}}]}},"_links":{"self":[{"href":"https:\/\/mon.es\/ca\/wp-json\/wp\/v2\/product\/46820","targetHints":{"allow":["GET"]}}],"collection":[{"href":"https:\/\/mon.es\/ca\/wp-json\/wp\/v2\/product"}],"about":[{"href":"https:\/\/mon.es\/ca\/wp-json\/wp\/v2\/types\/product"}],"replies":[{"embeddable":true,"href":"https:\/\/mon.es\/ca\/wp-json\/wp\/v2\/comments?post=46820"}],"wp:featuredmedia":[{"embeddable":true,"href":"https:\/\/mon.es\/ca\/wp-json\/wp\/v2\/media\/45975"}],"wp:attachment":[{"href":"https:\/\/mon.es\/ca\/wp-json\/wp\/v2\/media?parent=46820"}],"wp:term":[{"taxonomy":"product_brand","embeddable":true,"href":"https:\/\/mon.es\/ca\/wp-json\/wp\/v2\/product_brand?post=46820"},{"taxonomy":"product_cat","embeddable":true,"href":"https:\/\/mon.es\/ca\/wp-json\/wp\/v2\/product_cat?post=46820"},{"taxonomy":"product_tag","embeddable":true,"href":"https:\/\/mon.es\/ca\/wp-json\/wp\/v2\/product_tag?post=46820"},{"taxonomy":"producte_categoria","embeddable":true,"href":"https:\/\/mon.es\/ca\/wp-json\/wp\/v2\/producte_categoria?post=46820"}],"curies":[{"name":"wp","href":"https:\/\/api.w.org\/{rel}","templated":true}]}}