

{"id":46739,"date":"2018-11-21T16:55:22","date_gmt":"2018-11-21T16:55:22","guid":{"rendered":"https:\/\/mon.es\/producto\/oli-essencial-de-mandarina\/"},"modified":"2024-06-21T10:18:24","modified_gmt":"2024-06-21T09:18:24","slug":"oli-essencial-de-mandarina","status":"publish","type":"product","link":"https:\/\/mon.es\/ca\/producto\/oli-essencial-de-mandarina\/","title":{"rendered":"Oli Essencial de Mandarina"},"content":{"rendered":"<p>T\u00e9 un efecte sedant sobre el sistema nervi\u00f3s. L&#8217;Oli Essencial de Mandarina redueix tensions, calma l&#8217;ansietat i l&#8217;estr\u00e8s. Sobre la pell t\u00e9 una acci\u00f3 regeneradora convertint-se en un astringent suau per a pells grasses. La seva aroma c\u00edtrica i fresc \u00e9s un excel\u00b7lent ambientador.<\/p>\n<p>Rebr\u00e0s aquest oli essencial amb un comptagotes perqu\u00e8 la seva utilitzaci\u00f3 sigui m\u00e9s f\u00e0cil i una petita guia d\u2019\u00fas dels principals olis essencials, gaudeix-ho.<\/p>\n","protected":false},"excerpt":{"rendered":"<p>T\u00e9 un efecte sedant sobre el sistema nervi\u00f3s. L&#8217;Oli Essencial de Mandarina redueix tensions, calma l&#8217;ansietat i l&#8217;estr\u00e8s. Sobre la pell t\u00e9 una acci\u00f3 regeneradora convertint-se en un astringent suau per a pells grasses. La seva aroma c\u00edtrica i fresc \u00e9s un excel\u00b7lent ambientador. Rebr\u00e0s aquest oli essencial amb un comptagotes perqu\u00e8 la seva utilitzaci\u00f3 [&hellip;]<\/p>\n","protected":false},"featured_media":45982,"comment_status":"open","ping_status":"closed","template":"","meta":{"inline_featured_image":false},"product_brand":[],"product_cat":[501],"product_tag":[538],"producte_categoria":[675],"class_list":{"0":"post-46739","1":"product","2":"type-product","3":"status-publish","4":"has-post-thumbnail","6":"product_cat-olis-essencials","7":"product_tag-calmant","8":"producte_categoria-olis-essencials","10":"first","11":"instock","12":"shipping-taxable","13":"purchasable","14":"product-type-simple"},"yoast_head":"<!-- This site is optimized with the Yoast SEO plugin v27.1.1 - https:\/\/yoast.com\/product\/yoast-seo-wordpress\/ -->\n<title>\u25b7\u25b7\u25b7 Oli Essencial de Mandarina \u25b7 100% NATURAL i Sostenible<\/title>\n<meta name=\"description\" content=\"L&#039;Oli Essencial de Mandarina redueix tensions i ajuda a descansar. Les persones nervioses haurien de menjar mandarines havent sopat\" \/>\n<meta name=\"robots\" content=\"index, follow, max-snippet:-1, max-image-preview:large, max-video-preview:-1\" \/>\n<link rel=\"canonical\" href=\"https:\/\/mon.es\/ca\/producto\/oli-essencial-de-mandarina\/\" \/>\n<meta property=\"og:locale\" content=\"ca_ES\" \/>\n<meta property=\"og:type\" content=\"article\" \/>\n<meta property=\"og:title\" content=\"\u25b7\u25b7\u25b7 Oli Essencial de Mandarina \u25b7 100% NATURAL i Sostenible\" \/>\n<meta property=\"og:description\" content=\"L&#039;Oli Essencial de Mandarina redueix tensions i ajuda a descansar. Les persones nervioses haurien de menjar mandarines havent sopat\" \/>\n<meta property=\"og:url\" content=\"https:\/\/mon.es\/ca\/producto\/oli-essencial-de-mandarina\/\" \/>\n<meta property=\"og:site_name\" content=\"MON\" \/>\n<meta property=\"article:modified_time\" content=\"2024-06-21T09:18:24+00:00\" \/>\n<meta property=\"og:image\" content=\"http:\/\/mon.es\/wp-content\/uploads\/2018\/11\/aceite-esencial-mandarina.jpg\" \/>\n\t<meta property=\"og:image:width\" content=\"1200\" \/>\n\t<meta property=\"og:image:height\" content=\"1320\" \/>\n\t<meta property=\"og:image:type\" content=\"image\/jpeg\" \/>\n<meta name=\"twitter:card\" content=\"summary_large_image\" \/>\n<meta name=\"twitter:label1\" content=\"Temps estimat de lectura\" \/>\n\t<meta name=\"twitter:data1\" content=\"1 minut\" \/>\n<script type=\"application\/ld+json\" class=\"yoast-schema-graph\">{\"@context\":\"https:\/\/schema.org\",\"@graph\":[{\"@type\":\"WebPage\",\"@id\":\"https:\/\/mon.es\/ca\/producto\/oli-essencial-de-mandarina\/\",\"url\":\"https:\/\/mon.es\/ca\/producto\/oli-essencial-de-mandarina\/\",\"name\":\"\u25b7\u25b7\u25b7 Oli Essencial de Mandarina \u25b7 100% NATURAL i Sostenible\",\"isPartOf\":{\"@id\":\"https:\/\/mon.es\/#website\"},\"primaryImageOfPage\":{\"@id\":\"https:\/\/mon.es\/ca\/producto\/oli-essencial-de-mandarina\/#primaryimage\"},\"image\":{\"@id\":\"https:\/\/mon.es\/ca\/producto\/oli-essencial-de-mandarina\/#primaryimage\"},\"thumbnailUrl\":\"https:\/\/mon.es\/wp-content\/uploads\/2018\/11\/aceite-esencial-mandarina.jpg\",\"datePublished\":\"2018-11-21T16:55:22+00:00\",\"dateModified\":\"2024-06-21T09:18:24+00:00\",\"description\":\"L'Oli Essencial de Mandarina redueix tensions i ajuda a descansar. Les persones nervioses haurien de menjar mandarines havent sopat\",\"breadcrumb\":{\"@id\":\"https:\/\/mon.es\/ca\/producto\/oli-essencial-de-mandarina\/#breadcrumb\"},\"inLanguage\":\"ca\",\"potentialAction\":[{\"@type\":\"ReadAction\",\"target\":[\"https:\/\/mon.es\/ca\/producto\/oli-essencial-de-mandarina\/\"]}]},{\"@type\":\"ImageObject\",\"inLanguage\":\"ca\",\"@id\":\"https:\/\/mon.es\/ca\/producto\/oli-essencial-de-mandarina\/#primaryimage\",\"url\":\"https:\/\/mon.es\/wp-content\/uploads\/2018\/11\/aceite-esencial-mandarina.jpg\",\"contentUrl\":\"https:\/\/mon.es\/wp-content\/uploads\/2018\/11\/aceite-esencial-mandarina.jpg\",\"width\":1200,\"height\":1320,\"caption\":\"Oli essencial de mandarina\"},{\"@type\":\"BreadcrumbList\",\"@id\":\"https:\/\/mon.es\/ca\/producto\/oli-essencial-de-mandarina\/#breadcrumb\",\"itemListElement\":[{\"@type\":\"ListItem\",\"position\":1,\"name\":\"Portada\",\"item\":\"https:\/\/mon.es\/ca\/\"},{\"@type\":\"ListItem\",\"position\":2,\"name\":\"Botiga\",\"item\":\"https:\/\/mon.es\/ca\/botiga\/\"},{\"@type\":\"ListItem\",\"position\":3,\"name\":\"Oli Essencial de Mandarina\"}]},{\"@type\":\"WebSite\",\"@id\":\"https:\/\/mon.es\/#website\",\"url\":\"https:\/\/mon.es\/\",\"name\":\"MON\",\"description\":\"Natural cosmetics\",\"publisher\":{\"@id\":\"https:\/\/mon.es\/#organization\"},\"potentialAction\":[{\"@type\":\"SearchAction\",\"target\":{\"@type\":\"EntryPoint\",\"urlTemplate\":\"https:\/\/mon.es\/?s={search_term_string}\"},\"query-input\":{\"@type\":\"PropertyValueSpecification\",\"valueRequired\":true,\"valueName\":\"search_term_string\"}}],\"inLanguage\":\"ca\"},{\"@type\":\"Organization\",\"@id\":\"https:\/\/mon.es\/#organization\",\"name\":\"MON\",\"url\":\"https:\/\/mon.es\/\",\"logo\":{\"@type\":\"ImageObject\",\"inLanguage\":\"ca\",\"@id\":\"https:\/\/mon.es\/#\/schema\/logo\/image\/\",\"url\":\"https:\/\/mon.es\/wp-content\/uploads\/2018\/11\/logo_mon.png\",\"contentUrl\":\"https:\/\/mon.es\/wp-content\/uploads\/2018\/11\/logo_mon.png\",\"width\":424,\"height\":132,\"caption\":\"MON\"},\"image\":{\"@id\":\"https:\/\/mon.es\/#\/schema\/logo\/image\/\"}}]}<\/script>\n<!-- \/ Yoast SEO plugin. -->","yoast_head_json":{"title":"\u25b7\u25b7\u25b7 Oli Essencial de Mandarina \u25b7 100% NATURAL i Sostenible","description":"L'Oli Essencial de Mandarina redueix tensions i ajuda a descansar. Les persones nervioses haurien de menjar mandarines havent sopat","robots":{"index":"index","follow":"follow","max-snippet":"max-snippet:-1","max-image-preview":"max-image-preview:large","max-video-preview":"max-video-preview:-1"},"canonical":"https:\/\/mon.es\/ca\/producto\/oli-essencial-de-mandarina\/","og_locale":"ca_ES","og_type":"article","og_title":"\u25b7\u25b7\u25b7 Oli Essencial de Mandarina \u25b7 100% NATURAL i Sostenible","og_description":"L'Oli Essencial de Mandarina redueix tensions i ajuda a descansar. Les persones nervioses haurien de menjar mandarines havent sopat","og_url":"https:\/\/mon.es\/ca\/producto\/oli-essencial-de-mandarina\/","og_site_name":"MON","article_modified_time":"2024-06-21T09:18:24+00:00","og_image":[{"width":1200,"height":1320,"url":"http:\/\/mon.es\/wp-content\/uploads\/2018\/11\/aceite-esencial-mandarina.jpg","type":"image\/jpeg"}],"twitter_card":"summary_large_image","twitter_misc":{"Temps estimat de lectura":"1 minut"},"schema":{"@context":"https:\/\/schema.org","@graph":[{"@type":"WebPage","@id":"https:\/\/mon.es\/ca\/producto\/oli-essencial-de-mandarina\/","url":"https:\/\/mon.es\/ca\/producto\/oli-essencial-de-mandarina\/","name":"\u25b7\u25b7\u25b7 Oli Essencial de Mandarina \u25b7 100% NATURAL i Sostenible","isPartOf":{"@id":"https:\/\/mon.es\/#website"},"primaryImageOfPage":{"@id":"https:\/\/mon.es\/ca\/producto\/oli-essencial-de-mandarina\/#primaryimage"},"image":{"@id":"https:\/\/mon.es\/ca\/producto\/oli-essencial-de-mandarina\/#primaryimage"},"thumbnailUrl":"https:\/\/mon.es\/wp-content\/uploads\/2018\/11\/aceite-esencial-mandarina.jpg","datePublished":"2018-11-21T16:55:22+00:00","dateModified":"2024-06-21T09:18:24+00:00","description":"L'Oli Essencial de Mandarina redueix tensions i ajuda a descansar. Les persones nervioses haurien de menjar mandarines havent sopat","breadcrumb":{"@id":"https:\/\/mon.es\/ca\/producto\/oli-essencial-de-mandarina\/#breadcrumb"},"inLanguage":"ca","potentialAction":[{"@type":"ReadAction","target":["https:\/\/mon.es\/ca\/producto\/oli-essencial-de-mandarina\/"]}]},{"@type":"ImageObject","inLanguage":"ca","@id":"https:\/\/mon.es\/ca\/producto\/oli-essencial-de-mandarina\/#primaryimage","url":"https:\/\/mon.es\/wp-content\/uploads\/2018\/11\/aceite-esencial-mandarina.jpg","contentUrl":"https:\/\/mon.es\/wp-content\/uploads\/2018\/11\/aceite-esencial-mandarina.jpg","width":1200,"height":1320,"caption":"Oli essencial de mandarina"},{"@type":"BreadcrumbList","@id":"https:\/\/mon.es\/ca\/producto\/oli-essencial-de-mandarina\/#breadcrumb","itemListElement":[{"@type":"ListItem","position":1,"name":"Portada","item":"https:\/\/mon.es\/ca\/"},{"@type":"ListItem","position":2,"name":"Botiga","item":"https:\/\/mon.es\/ca\/botiga\/"},{"@type":"ListItem","position":3,"name":"Oli Essencial de Mandarina"}]},{"@type":"WebSite","@id":"https:\/\/mon.es\/#website","url":"https:\/\/mon.es\/","name":"MON","description":"Natural cosmetics","publisher":{"@id":"https:\/\/mon.es\/#organization"},"potentialAction":[{"@type":"SearchAction","target":{"@type":"EntryPoint","urlTemplate":"https:\/\/mon.es\/?s={search_term_string}"},"query-input":{"@type":"PropertyValueSpecification","valueRequired":true,"valueName":"search_term_string"}}],"inLanguage":"ca"},{"@type":"Organization","@id":"https:\/\/mon.es\/#organization","name":"MON","url":"https:\/\/mon.es\/","logo":{"@type":"ImageObject","inLanguage":"ca","@id":"https:\/\/mon.es\/#\/schema\/logo\/image\/","url":"https:\/\/mon.es\/wp-content\/uploads\/2018\/11\/logo_mon.png","contentUrl":"https:\/\/mon.es\/wp-content\/uploads\/2018\/11\/logo_mon.png","width":424,"height":132,"caption":"MON"},"image":{"@id":"https:\/\/mon.es\/#\/schema\/logo\/image\/"}}]}},"_links":{"self":[{"href":"https:\/\/mon.es\/ca\/wp-json\/wp\/v2\/product\/46739","targetHints":{"allow":["GET"]}}],"collection":[{"href":"https:\/\/mon.es\/ca\/wp-json\/wp\/v2\/product"}],"about":[{"href":"https:\/\/mon.es\/ca\/wp-json\/wp\/v2\/types\/product"}],"replies":[{"embeddable":true,"href":"https:\/\/mon.es\/ca\/wp-json\/wp\/v2\/comments?post=46739"}],"wp:featuredmedia":[{"embeddable":true,"href":"https:\/\/mon.es\/ca\/wp-json\/wp\/v2\/media\/45982"}],"wp:attachment":[{"href":"https:\/\/mon.es\/ca\/wp-json\/wp\/v2\/media?parent=46739"}],"wp:term":[{"taxonomy":"product_brand","embeddable":true,"href":"https:\/\/mon.es\/ca\/wp-json\/wp\/v2\/product_brand?post=46739"},{"taxonomy":"product_cat","embeddable":true,"href":"https:\/\/mon.es\/ca\/wp-json\/wp\/v2\/product_cat?post=46739"},{"taxonomy":"product_tag","embeddable":true,"href":"https:\/\/mon.es\/ca\/wp-json\/wp\/v2\/product_tag?post=46739"},{"taxonomy":"producte_categoria","embeddable":true,"href":"https:\/\/mon.es\/ca\/wp-json\/wp\/v2\/producte_categoria?post=46739"}],"curies":[{"name":"wp","href":"https:\/\/api.w.org\/{rel}","templated":true}]}}