

{"id":46725,"date":"2018-11-21T16:57:13","date_gmt":"2018-11-21T16:57:13","guid":{"rendered":"https:\/\/mon.es\/producto\/oli-essencial-de-llimona\/"},"modified":"2025-12-16T10:52:24","modified_gmt":"2025-12-16T08:52:24","slug":"oli-essencial-de-llimona","status":"publish","type":"product","link":"https:\/\/mon.es\/ca\/producto\/oli-essencial-de-llimona\/","title":{"rendered":"Oli essencial de Llimona"},"content":{"rendered":"<p data-start=\"65\" data-end=\"211\">El seu aroma fresc, c\u00edtric i energitzant el converteix en un aliat ideal per revitalitzar cos i ment, millorar l\u2019\u00e0nim i aclarir la ment.<\/p>\n<p data-start=\"213\" data-end=\"534\" data-is-last-node=\"\" data-is-only-node=\"\">Amb propietats estimulants, antis\u00e8ptiques, desinfectants i astringents, tamb\u00e9 aporta un efecte depuratiu i blanquejador\u00a0sobre la pell. Molt utilitzat en aromater\u00e0pia i com a aromatitzador natural, l\u2019oli essencial de llimona \u00e9s ric en vitamina C i carot\u00e8, fomentant el benestar f\u00edsic i emocional.<\/p>\n","protected":false},"excerpt":{"rendered":"<p>El seu aroma fresc, c\u00edtric i energitzant el converteix en un aliat ideal per revitalitzar cos i ment, millorar l\u2019\u00e0nim i aclarir la ment. Amb propietats estimulants, antis\u00e8ptiques, desinfectants i astringents, tamb\u00e9 aporta un efecte depuratiu i blanquejador\u00a0sobre la pell. Molt utilitzat en aromater\u00e0pia i com a aromatitzador natural, l\u2019oli essencial de llimona \u00e9s ric [&hellip;]<\/p>\n","protected":false},"featured_media":45981,"comment_status":"open","ping_status":"closed","template":"","meta":{"inline_featured_image":false},"product_brand":[],"product_cat":[501],"product_tag":[562],"producte_categoria":[],"class_list":{"0":"post-46725","1":"product","2":"type-product","3":"status-publish","4":"has-post-thumbnail","6":"product_cat-olis-essencials","7":"product_tag-estimulant","9":"first","10":"instock","11":"shipping-taxable","12":"purchasable","13":"product-type-simple"},"yoast_head":"<!-- This site is optimized with the Yoast SEO plugin v27.1.1 - https:\/\/yoast.com\/product\/yoast-seo-wordpress\/ -->\n<title>\u25b7\u25b7\u25b7 Oli essencial de Llimona \u25b7 100% NATURAL i Sostenible<\/title>\n<meta name=\"description\" content=\"Estimulant, antis\u00e8ptic, desinfectant i astringent. L&#039;Oli essencial de Llimona \u00e9s revitalitzant i ajuda a aixecar l&#039;\u00e0nim i buidar la ment.\" \/>\n<meta name=\"robots\" content=\"index, follow, max-snippet:-1, max-image-preview:large, max-video-preview:-1\" \/>\n<link rel=\"canonical\" href=\"https:\/\/mon.es\/ca\/producto\/oli-essencial-de-llimona\/\" \/>\n<meta property=\"og:locale\" content=\"ca_ES\" \/>\n<meta property=\"og:type\" content=\"article\" \/>\n<meta property=\"og:title\" content=\"\u25b7\u25b7\u25b7 Oli essencial de Llimona \u25b7 100% NATURAL i Sostenible\" \/>\n<meta property=\"og:description\" content=\"Estimulant, antis\u00e8ptic, desinfectant i astringent. L&#039;Oli essencial de Llimona \u00e9s revitalitzant i ajuda a aixecar l&#039;\u00e0nim i buidar la ment.\" \/>\n<meta property=\"og:url\" content=\"https:\/\/mon.es\/ca\/producto\/oli-essencial-de-llimona\/\" \/>\n<meta property=\"og:site_name\" content=\"MON\" \/>\n<meta property=\"article:modified_time\" content=\"2025-12-16T08:52:24+00:00\" \/>\n<meta property=\"og:image\" content=\"http:\/\/mon.es\/wp-content\/uploads\/2018\/11\/aceite-esencial-limon.jpg\" \/>\n\t<meta property=\"og:image:width\" content=\"1200\" \/>\n\t<meta property=\"og:image:height\" content=\"1320\" \/>\n\t<meta property=\"og:image:type\" content=\"image\/jpeg\" \/>\n<meta name=\"twitter:card\" content=\"summary_large_image\" \/>\n<meta name=\"twitter:label1\" content=\"Temps estimat de lectura\" \/>\n\t<meta name=\"twitter:data1\" content=\"1 minut\" \/>\n<script type=\"application\/ld+json\" class=\"yoast-schema-graph\">{\"@context\":\"https:\/\/schema.org\",\"@graph\":[{\"@type\":\"WebPage\",\"@id\":\"https:\/\/mon.es\/ca\/producto\/oli-essencial-de-llimona\/\",\"url\":\"https:\/\/mon.es\/ca\/producto\/oli-essencial-de-llimona\/\",\"name\":\"\u25b7\u25b7\u25b7 Oli essencial de Llimona \u25b7 100% NATURAL i Sostenible\",\"isPartOf\":{\"@id\":\"https:\/\/mon.es\/#website\"},\"primaryImageOfPage\":{\"@id\":\"https:\/\/mon.es\/ca\/producto\/oli-essencial-de-llimona\/#primaryimage\"},\"image\":{\"@id\":\"https:\/\/mon.es\/ca\/producto\/oli-essencial-de-llimona\/#primaryimage\"},\"thumbnailUrl\":\"https:\/\/mon.es\/wp-content\/uploads\/2018\/11\/aceite-esencial-limon.jpg\",\"datePublished\":\"2018-11-21T16:57:13+00:00\",\"dateModified\":\"2025-12-16T08:52:24+00:00\",\"description\":\"Estimulant, antis\u00e8ptic, desinfectant i astringent. L'Oli essencial de Llimona \u00e9s revitalitzant i ajuda a aixecar l'\u00e0nim i buidar la ment.\",\"breadcrumb\":{\"@id\":\"https:\/\/mon.es\/ca\/producto\/oli-essencial-de-llimona\/#breadcrumb\"},\"inLanguage\":\"ca\",\"potentialAction\":[{\"@type\":\"ReadAction\",\"target\":[\"https:\/\/mon.es\/ca\/producto\/oli-essencial-de-llimona\/\"]}]},{\"@type\":\"ImageObject\",\"inLanguage\":\"ca\",\"@id\":\"https:\/\/mon.es\/ca\/producto\/oli-essencial-de-llimona\/#primaryimage\",\"url\":\"https:\/\/mon.es\/wp-content\/uploads\/2018\/11\/aceite-esencial-limon.jpg\",\"contentUrl\":\"https:\/\/mon.es\/wp-content\/uploads\/2018\/11\/aceite-esencial-limon.jpg\",\"width\":1200,\"height\":1320,\"caption\":\"Oli essencial de llimona\"},{\"@type\":\"BreadcrumbList\",\"@id\":\"https:\/\/mon.es\/ca\/producto\/oli-essencial-de-llimona\/#breadcrumb\",\"itemListElement\":[{\"@type\":\"ListItem\",\"position\":1,\"name\":\"Portada\",\"item\":\"https:\/\/mon.es\/ca\/\"},{\"@type\":\"ListItem\",\"position\":2,\"name\":\"Botiga\",\"item\":\"https:\/\/mon.es\/ca\/botiga\/\"},{\"@type\":\"ListItem\",\"position\":3,\"name\":\"Oli essencial de Llimona\"}]},{\"@type\":\"WebSite\",\"@id\":\"https:\/\/mon.es\/#website\",\"url\":\"https:\/\/mon.es\/\",\"name\":\"MON\",\"description\":\"Natural cosmetics\",\"publisher\":{\"@id\":\"https:\/\/mon.es\/#organization\"},\"potentialAction\":[{\"@type\":\"SearchAction\",\"target\":{\"@type\":\"EntryPoint\",\"urlTemplate\":\"https:\/\/mon.es\/?s={search_term_string}\"},\"query-input\":{\"@type\":\"PropertyValueSpecification\",\"valueRequired\":true,\"valueName\":\"search_term_string\"}}],\"inLanguage\":\"ca\"},{\"@type\":\"Organization\",\"@id\":\"https:\/\/mon.es\/#organization\",\"name\":\"MON\",\"url\":\"https:\/\/mon.es\/\",\"logo\":{\"@type\":\"ImageObject\",\"inLanguage\":\"ca\",\"@id\":\"https:\/\/mon.es\/#\/schema\/logo\/image\/\",\"url\":\"https:\/\/mon.es\/wp-content\/uploads\/2018\/11\/logo_mon.png\",\"contentUrl\":\"https:\/\/mon.es\/wp-content\/uploads\/2018\/11\/logo_mon.png\",\"width\":424,\"height\":132,\"caption\":\"MON\"},\"image\":{\"@id\":\"https:\/\/mon.es\/#\/schema\/logo\/image\/\"}}]}<\/script>\n<!-- \/ Yoast SEO plugin. -->","yoast_head_json":{"title":"\u25b7\u25b7\u25b7 Oli essencial de Llimona \u25b7 100% NATURAL i Sostenible","description":"Estimulant, antis\u00e8ptic, desinfectant i astringent. L'Oli essencial de Llimona \u00e9s revitalitzant i ajuda a aixecar l'\u00e0nim i buidar la ment.","robots":{"index":"index","follow":"follow","max-snippet":"max-snippet:-1","max-image-preview":"max-image-preview:large","max-video-preview":"max-video-preview:-1"},"canonical":"https:\/\/mon.es\/ca\/producto\/oli-essencial-de-llimona\/","og_locale":"ca_ES","og_type":"article","og_title":"\u25b7\u25b7\u25b7 Oli essencial de Llimona \u25b7 100% NATURAL i Sostenible","og_description":"Estimulant, antis\u00e8ptic, desinfectant i astringent. L'Oli essencial de Llimona \u00e9s revitalitzant i ajuda a aixecar l'\u00e0nim i buidar la ment.","og_url":"https:\/\/mon.es\/ca\/producto\/oli-essencial-de-llimona\/","og_site_name":"MON","article_modified_time":"2025-12-16T08:52:24+00:00","og_image":[{"width":1200,"height":1320,"url":"http:\/\/mon.es\/wp-content\/uploads\/2018\/11\/aceite-esencial-limon.jpg","type":"image\/jpeg"}],"twitter_card":"summary_large_image","twitter_misc":{"Temps estimat de lectura":"1 minut"},"schema":{"@context":"https:\/\/schema.org","@graph":[{"@type":"WebPage","@id":"https:\/\/mon.es\/ca\/producto\/oli-essencial-de-llimona\/","url":"https:\/\/mon.es\/ca\/producto\/oli-essencial-de-llimona\/","name":"\u25b7\u25b7\u25b7 Oli essencial de Llimona \u25b7 100% NATURAL i Sostenible","isPartOf":{"@id":"https:\/\/mon.es\/#website"},"primaryImageOfPage":{"@id":"https:\/\/mon.es\/ca\/producto\/oli-essencial-de-llimona\/#primaryimage"},"image":{"@id":"https:\/\/mon.es\/ca\/producto\/oli-essencial-de-llimona\/#primaryimage"},"thumbnailUrl":"https:\/\/mon.es\/wp-content\/uploads\/2018\/11\/aceite-esencial-limon.jpg","datePublished":"2018-11-21T16:57:13+00:00","dateModified":"2025-12-16T08:52:24+00:00","description":"Estimulant, antis\u00e8ptic, desinfectant i astringent. L'Oli essencial de Llimona \u00e9s revitalitzant i ajuda a aixecar l'\u00e0nim i buidar la ment.","breadcrumb":{"@id":"https:\/\/mon.es\/ca\/producto\/oli-essencial-de-llimona\/#breadcrumb"},"inLanguage":"ca","potentialAction":[{"@type":"ReadAction","target":["https:\/\/mon.es\/ca\/producto\/oli-essencial-de-llimona\/"]}]},{"@type":"ImageObject","inLanguage":"ca","@id":"https:\/\/mon.es\/ca\/producto\/oli-essencial-de-llimona\/#primaryimage","url":"https:\/\/mon.es\/wp-content\/uploads\/2018\/11\/aceite-esencial-limon.jpg","contentUrl":"https:\/\/mon.es\/wp-content\/uploads\/2018\/11\/aceite-esencial-limon.jpg","width":1200,"height":1320,"caption":"Oli essencial de llimona"},{"@type":"BreadcrumbList","@id":"https:\/\/mon.es\/ca\/producto\/oli-essencial-de-llimona\/#breadcrumb","itemListElement":[{"@type":"ListItem","position":1,"name":"Portada","item":"https:\/\/mon.es\/ca\/"},{"@type":"ListItem","position":2,"name":"Botiga","item":"https:\/\/mon.es\/ca\/botiga\/"},{"@type":"ListItem","position":3,"name":"Oli essencial de Llimona"}]},{"@type":"WebSite","@id":"https:\/\/mon.es\/#website","url":"https:\/\/mon.es\/","name":"MON","description":"Natural cosmetics","publisher":{"@id":"https:\/\/mon.es\/#organization"},"potentialAction":[{"@type":"SearchAction","target":{"@type":"EntryPoint","urlTemplate":"https:\/\/mon.es\/?s={search_term_string}"},"query-input":{"@type":"PropertyValueSpecification","valueRequired":true,"valueName":"search_term_string"}}],"inLanguage":"ca"},{"@type":"Organization","@id":"https:\/\/mon.es\/#organization","name":"MON","url":"https:\/\/mon.es\/","logo":{"@type":"ImageObject","inLanguage":"ca","@id":"https:\/\/mon.es\/#\/schema\/logo\/image\/","url":"https:\/\/mon.es\/wp-content\/uploads\/2018\/11\/logo_mon.png","contentUrl":"https:\/\/mon.es\/wp-content\/uploads\/2018\/11\/logo_mon.png","width":424,"height":132,"caption":"MON"},"image":{"@id":"https:\/\/mon.es\/#\/schema\/logo\/image\/"}}]}},"_links":{"self":[{"href":"https:\/\/mon.es\/ca\/wp-json\/wp\/v2\/product\/46725","targetHints":{"allow":["GET"]}}],"collection":[{"href":"https:\/\/mon.es\/ca\/wp-json\/wp\/v2\/product"}],"about":[{"href":"https:\/\/mon.es\/ca\/wp-json\/wp\/v2\/types\/product"}],"replies":[{"embeddable":true,"href":"https:\/\/mon.es\/ca\/wp-json\/wp\/v2\/comments?post=46725"}],"wp:featuredmedia":[{"embeddable":true,"href":"https:\/\/mon.es\/ca\/wp-json\/wp\/v2\/media\/45981"}],"wp:attachment":[{"href":"https:\/\/mon.es\/ca\/wp-json\/wp\/v2\/media?parent=46725"}],"wp:term":[{"taxonomy":"product_brand","embeddable":true,"href":"https:\/\/mon.es\/ca\/wp-json\/wp\/v2\/product_brand?post=46725"},{"taxonomy":"product_cat","embeddable":true,"href":"https:\/\/mon.es\/ca\/wp-json\/wp\/v2\/product_cat?post=46725"},{"taxonomy":"product_tag","embeddable":true,"href":"https:\/\/mon.es\/ca\/wp-json\/wp\/v2\/product_tag?post=46725"},{"taxonomy":"producte_categoria","embeddable":true,"href":"https:\/\/mon.es\/ca\/wp-json\/wp\/v2\/producte_categoria?post=46725"}],"curies":[{"name":"wp","href":"https:\/\/api.w.org\/{rel}","templated":true}]}}