

{"id":46660,"date":"2020-05-19T18:29:27","date_gmt":"2020-05-19T18:29:27","guid":{"rendered":"https:\/\/mon.es\/producto\/argila-verda-amb-aloe-vera\/"},"modified":"2026-02-06T08:43:15","modified_gmt":"2026-02-06T06:43:15","slug":"argila-verda-amb-aloe-vera","status":"publish","type":"product","link":"https:\/\/mon.es\/ca\/producto\/argila-verda-amb-aloe-vera\/","title":{"rendered":"Argila verda amb \u00c0loe vera"},"content":{"rendered":"<p>Antis\u00e8ptica, depurativa, antiinflamat\u00f2ria, purificant i cicatritzant. L&#8217;Argila verda amb \u00c0loe Vera \u00e9s un producte natural amb infinitat de propietats terap\u00e8utiques sobre la pell que el convertiran en un b\u00e0sic de la nostra rutina de bellesa.<\/p>\n<p>En MON utilitzem l&#8217;Argila verda de m\u00e9s alta qualitat, Montmorillonite.<\/p>\n","protected":false},"excerpt":{"rendered":"<p>Antis\u00e8ptica, depurativa, antiinflamat\u00f2ria, purificant i cicatritzant. L&#8217;Argila verda amb \u00c0loe Vera \u00e9s un producte natural amb infinitat de propietats terap\u00e8utiques sobre la pell que el convertiran en un b\u00e0sic de la nostra rutina de bellesa. En MON utilitzem l&#8217;Argila verda de m\u00e9s alta qualitat, Montmorillonite.<\/p>\n","protected":false},"featured_media":45593,"comment_status":"open","ping_status":"closed","template":"","meta":{"inline_featured_image":false},"product_brand":[],"product_cat":[506,511,514,509],"product_tag":[590],"producte_categoria":[],"class_list":{"0":"post-46660","1":"product","2":"type-product","3":"status-publish","4":"has-post-thumbnail","6":"product_cat-cosmetica-natural-per-a-la-cara","7":"product_cat-productes-naturals-per-al-cos","8":"product_cat-cremes-corporals-naturals","9":"product_cat-higiene-facial-ca","10":"product_tag-purificant","12":"first","13":"instock","14":"shipping-taxable","15":"purchasable","16":"product-type-simple"},"yoast_head":"<!-- This site is optimized with the Yoast SEO plugin v27.1.1 - https:\/\/yoast.com\/product\/yoast-seo-wordpress\/ -->\n<title>\u25b7\u25b7\u25b7 Argila verda amb \u00c0loe vera \u25b7 100% ORG\u00c0NICA i SOSTENIBLE<\/title>\n<meta name=\"description\" content=\"Argila verda amb \u00e0loe vera amb moltes propietats purificants, remineralizants, cicatritzants, antiinflamat\u00f2ries i calmants.\" \/>\n<meta name=\"robots\" content=\"index, follow, max-snippet:-1, max-image-preview:large, max-video-preview:-1\" \/>\n<link rel=\"canonical\" href=\"https:\/\/mon.es\/ca\/producto\/argila-verda-amb-aloe-vera\/\" \/>\n<meta property=\"og:locale\" content=\"ca_ES\" \/>\n<meta property=\"og:type\" content=\"article\" \/>\n<meta property=\"og:title\" content=\"\u25b7\u25b7\u25b7 Argila verda amb \u00c0loe vera \u25b7 100% ORG\u00c0NICA i SOSTENIBLE\" \/>\n<meta property=\"og:description\" content=\"Argila verda amb \u00e0loe vera amb moltes propietats purificants, remineralizants, cicatritzants, antiinflamat\u00f2ries i calmants.\" \/>\n<meta property=\"og:url\" content=\"https:\/\/mon.es\/ca\/producto\/argila-verda-amb-aloe-vera\/\" \/>\n<meta property=\"og:site_name\" content=\"MON\" \/>\n<meta property=\"article:modified_time\" content=\"2026-02-06T06:43:15+00:00\" \/>\n<meta property=\"og:image\" content=\"http:\/\/mon.es\/wp-content\/uploads\/2018\/11\/arcilla-verde.png\" \/>\n\t<meta property=\"og:image:width\" content=\"800\" \/>\n\t<meta property=\"og:image:height\" content=\"1200\" \/>\n\t<meta property=\"og:image:type\" content=\"image\/png\" \/>\n<meta name=\"twitter:card\" content=\"summary_large_image\" \/>\n<meta name=\"twitter:label1\" content=\"Temps estimat de lectura\" \/>\n\t<meta name=\"twitter:data1\" content=\"1 minut\" \/>\n<script type=\"application\/ld+json\" class=\"yoast-schema-graph\">{\"@context\":\"https:\/\/schema.org\",\"@graph\":[{\"@type\":\"WebPage\",\"@id\":\"https:\/\/mon.es\/ca\/producto\/argila-verda-amb-aloe-vera\/\",\"url\":\"https:\/\/mon.es\/ca\/producto\/argila-verda-amb-aloe-vera\/\",\"name\":\"\u25b7\u25b7\u25b7 Argila verda amb \u00c0loe vera \u25b7 100% ORG\u00c0NICA i SOSTENIBLE\",\"isPartOf\":{\"@id\":\"https:\/\/mon.es\/#website\"},\"primaryImageOfPage\":{\"@id\":\"https:\/\/mon.es\/ca\/producto\/argila-verda-amb-aloe-vera\/#primaryimage\"},\"image\":{\"@id\":\"https:\/\/mon.es\/ca\/producto\/argila-verda-amb-aloe-vera\/#primaryimage\"},\"thumbnailUrl\":\"https:\/\/mon.es\/wp-content\/uploads\/2018\/11\/arcilla-verde.png\",\"datePublished\":\"2020-05-19T18:29:27+00:00\",\"dateModified\":\"2026-02-06T06:43:15+00:00\",\"description\":\"Argila verda amb \u00e0loe vera amb moltes propietats purificants, remineralizants, cicatritzants, antiinflamat\u00f2ries i calmants.\",\"breadcrumb\":{\"@id\":\"https:\/\/mon.es\/ca\/producto\/argila-verda-amb-aloe-vera\/#breadcrumb\"},\"inLanguage\":\"ca\",\"potentialAction\":[{\"@type\":\"ReadAction\",\"target\":[\"https:\/\/mon.es\/ca\/producto\/argila-verda-amb-aloe-vera\/\"]}]},{\"@type\":\"ImageObject\",\"inLanguage\":\"ca\",\"@id\":\"https:\/\/mon.es\/ca\/producto\/argila-verda-amb-aloe-vera\/#primaryimage\",\"url\":\"https:\/\/mon.es\/wp-content\/uploads\/2018\/11\/arcilla-verde.png\",\"contentUrl\":\"https:\/\/mon.es\/wp-content\/uploads\/2018\/11\/arcilla-verde.png\",\"width\":800,\"height\":1200},{\"@type\":\"BreadcrumbList\",\"@id\":\"https:\/\/mon.es\/ca\/producto\/argila-verda-amb-aloe-vera\/#breadcrumb\",\"itemListElement\":[{\"@type\":\"ListItem\",\"position\":1,\"name\":\"Portada\",\"item\":\"https:\/\/mon.es\/ca\/\"},{\"@type\":\"ListItem\",\"position\":2,\"name\":\"Botiga\",\"item\":\"https:\/\/mon.es\/ca\/botiga\/\"},{\"@type\":\"ListItem\",\"position\":3,\"name\":\"Argila verda amb \u00c0loe vera\"}]},{\"@type\":\"WebSite\",\"@id\":\"https:\/\/mon.es\/#website\",\"url\":\"https:\/\/mon.es\/\",\"name\":\"MON\",\"description\":\"Natural cosmetics\",\"publisher\":{\"@id\":\"https:\/\/mon.es\/#organization\"},\"potentialAction\":[{\"@type\":\"SearchAction\",\"target\":{\"@type\":\"EntryPoint\",\"urlTemplate\":\"https:\/\/mon.es\/?s={search_term_string}\"},\"query-input\":{\"@type\":\"PropertyValueSpecification\",\"valueRequired\":true,\"valueName\":\"search_term_string\"}}],\"inLanguage\":\"ca\"},{\"@type\":\"Organization\",\"@id\":\"https:\/\/mon.es\/#organization\",\"name\":\"MON\",\"url\":\"https:\/\/mon.es\/\",\"logo\":{\"@type\":\"ImageObject\",\"inLanguage\":\"ca\",\"@id\":\"https:\/\/mon.es\/#\/schema\/logo\/image\/\",\"url\":\"https:\/\/mon.es\/wp-content\/uploads\/2018\/11\/logo_mon.png\",\"contentUrl\":\"https:\/\/mon.es\/wp-content\/uploads\/2018\/11\/logo_mon.png\",\"width\":424,\"height\":132,\"caption\":\"MON\"},\"image\":{\"@id\":\"https:\/\/mon.es\/#\/schema\/logo\/image\/\"}}]}<\/script>\n<!-- \/ Yoast SEO plugin. -->","yoast_head_json":{"title":"\u25b7\u25b7\u25b7 Argila verda amb \u00c0loe vera \u25b7 100% ORG\u00c0NICA i SOSTENIBLE","description":"Argila verda amb \u00e0loe vera amb moltes propietats purificants, remineralizants, cicatritzants, antiinflamat\u00f2ries i calmants.","robots":{"index":"index","follow":"follow","max-snippet":"max-snippet:-1","max-image-preview":"max-image-preview:large","max-video-preview":"max-video-preview:-1"},"canonical":"https:\/\/mon.es\/ca\/producto\/argila-verda-amb-aloe-vera\/","og_locale":"ca_ES","og_type":"article","og_title":"\u25b7\u25b7\u25b7 Argila verda amb \u00c0loe vera \u25b7 100% ORG\u00c0NICA i SOSTENIBLE","og_description":"Argila verda amb \u00e0loe vera amb moltes propietats purificants, remineralizants, cicatritzants, antiinflamat\u00f2ries i calmants.","og_url":"https:\/\/mon.es\/ca\/producto\/argila-verda-amb-aloe-vera\/","og_site_name":"MON","article_modified_time":"2026-02-06T06:43:15+00:00","og_image":[{"width":800,"height":1200,"url":"http:\/\/mon.es\/wp-content\/uploads\/2018\/11\/arcilla-verde.png","type":"image\/png"}],"twitter_card":"summary_large_image","twitter_misc":{"Temps estimat de lectura":"1 minut"},"schema":{"@context":"https:\/\/schema.org","@graph":[{"@type":"WebPage","@id":"https:\/\/mon.es\/ca\/producto\/argila-verda-amb-aloe-vera\/","url":"https:\/\/mon.es\/ca\/producto\/argila-verda-amb-aloe-vera\/","name":"\u25b7\u25b7\u25b7 Argila verda amb \u00c0loe vera \u25b7 100% ORG\u00c0NICA i SOSTENIBLE","isPartOf":{"@id":"https:\/\/mon.es\/#website"},"primaryImageOfPage":{"@id":"https:\/\/mon.es\/ca\/producto\/argila-verda-amb-aloe-vera\/#primaryimage"},"image":{"@id":"https:\/\/mon.es\/ca\/producto\/argila-verda-amb-aloe-vera\/#primaryimage"},"thumbnailUrl":"https:\/\/mon.es\/wp-content\/uploads\/2018\/11\/arcilla-verde.png","datePublished":"2020-05-19T18:29:27+00:00","dateModified":"2026-02-06T06:43:15+00:00","description":"Argila verda amb \u00e0loe vera amb moltes propietats purificants, remineralizants, cicatritzants, antiinflamat\u00f2ries i calmants.","breadcrumb":{"@id":"https:\/\/mon.es\/ca\/producto\/argila-verda-amb-aloe-vera\/#breadcrumb"},"inLanguage":"ca","potentialAction":[{"@type":"ReadAction","target":["https:\/\/mon.es\/ca\/producto\/argila-verda-amb-aloe-vera\/"]}]},{"@type":"ImageObject","inLanguage":"ca","@id":"https:\/\/mon.es\/ca\/producto\/argila-verda-amb-aloe-vera\/#primaryimage","url":"https:\/\/mon.es\/wp-content\/uploads\/2018\/11\/arcilla-verde.png","contentUrl":"https:\/\/mon.es\/wp-content\/uploads\/2018\/11\/arcilla-verde.png","width":800,"height":1200},{"@type":"BreadcrumbList","@id":"https:\/\/mon.es\/ca\/producto\/argila-verda-amb-aloe-vera\/#breadcrumb","itemListElement":[{"@type":"ListItem","position":1,"name":"Portada","item":"https:\/\/mon.es\/ca\/"},{"@type":"ListItem","position":2,"name":"Botiga","item":"https:\/\/mon.es\/ca\/botiga\/"},{"@type":"ListItem","position":3,"name":"Argila verda amb \u00c0loe vera"}]},{"@type":"WebSite","@id":"https:\/\/mon.es\/#website","url":"https:\/\/mon.es\/","name":"MON","description":"Natural cosmetics","publisher":{"@id":"https:\/\/mon.es\/#organization"},"potentialAction":[{"@type":"SearchAction","target":{"@type":"EntryPoint","urlTemplate":"https:\/\/mon.es\/?s={search_term_string}"},"query-input":{"@type":"PropertyValueSpecification","valueRequired":true,"valueName":"search_term_string"}}],"inLanguage":"ca"},{"@type":"Organization","@id":"https:\/\/mon.es\/#organization","name":"MON","url":"https:\/\/mon.es\/","logo":{"@type":"ImageObject","inLanguage":"ca","@id":"https:\/\/mon.es\/#\/schema\/logo\/image\/","url":"https:\/\/mon.es\/wp-content\/uploads\/2018\/11\/logo_mon.png","contentUrl":"https:\/\/mon.es\/wp-content\/uploads\/2018\/11\/logo_mon.png","width":424,"height":132,"caption":"MON"},"image":{"@id":"https:\/\/mon.es\/#\/schema\/logo\/image\/"}}]}},"_links":{"self":[{"href":"https:\/\/mon.es\/ca\/wp-json\/wp\/v2\/product\/46660","targetHints":{"allow":["GET"]}}],"collection":[{"href":"https:\/\/mon.es\/ca\/wp-json\/wp\/v2\/product"}],"about":[{"href":"https:\/\/mon.es\/ca\/wp-json\/wp\/v2\/types\/product"}],"replies":[{"embeddable":true,"href":"https:\/\/mon.es\/ca\/wp-json\/wp\/v2\/comments?post=46660"}],"wp:featuredmedia":[{"embeddable":true,"href":"https:\/\/mon.es\/ca\/wp-json\/wp\/v2\/media\/45593"}],"wp:attachment":[{"href":"https:\/\/mon.es\/ca\/wp-json\/wp\/v2\/media?parent=46660"}],"wp:term":[{"taxonomy":"product_brand","embeddable":true,"href":"https:\/\/mon.es\/ca\/wp-json\/wp\/v2\/product_brand?post=46660"},{"taxonomy":"product_cat","embeddable":true,"href":"https:\/\/mon.es\/ca\/wp-json\/wp\/v2\/product_cat?post=46660"},{"taxonomy":"product_tag","embeddable":true,"href":"https:\/\/mon.es\/ca\/wp-json\/wp\/v2\/product_tag?post=46660"},{"taxonomy":"producte_categoria","embeddable":true,"href":"https:\/\/mon.es\/ca\/wp-json\/wp\/v2\/producte_categoria?post=46660"}],"curies":[{"name":"wp","href":"https:\/\/api.w.org\/{rel}","templated":true}]}}