

{"id":46658,"date":"2018-11-24T07:34:00","date_gmt":"2018-11-24T07:34:00","guid":{"rendered":"https:\/\/mon.es\/producto\/llet-corporal-hidratant-dametlles-i-musk\/"},"modified":"2025-11-18T14:39:38","modified_gmt":"2025-11-18T12:39:38","slug":"llet-corporal-hidratant-ametlles-i-musk","status":"publish","type":"product","link":"https:\/\/mon.es\/ca\/producto\/llet-corporal-hidratant-ametlles-i-musk\/","title":{"rendered":"Llet corporal hidratant d&#8217;Ametlles i Musk"},"content":{"rendered":"<p>Llet corporal hidratant amb aroma al nostre emblem\u00e0tic Musk. Una f\u00f3rmula creada a partir de m\u00e9s de 70 ingredients naturals, 100% vegans.<\/p>\n","protected":false},"excerpt":{"rendered":"<p>Llet corporal hidratant amb aroma al nostre emblem\u00e0tic Musk. Una f\u00f3rmula creada a partir de m\u00e9s de 70 ingredients naturals, 100% vegans.<\/p>\n","protected":false},"featured_media":45154,"comment_status":"open","ping_status":"closed","template":"","meta":{"inline_featured_image":false},"product_brand":[],"product_cat":[513,511],"product_tag":[566],"producte_categoria":[],"class_list":{"0":"post-46658","1":"product","2":"type-product","3":"status-publish","4":"has-post-thumbnail","6":"product_cat-body-milk-ca-2","7":"product_cat-productes-naturals-per-al-cos","8":"product_tag-hidratant","10":"first","11":"instock","12":"shipping-taxable","13":"purchasable","14":"product-type-simple"},"yoast_head":"<!-- This site is optimized with the Yoast SEO plugin v27.1.1 - https:\/\/yoast.com\/product\/yoast-seo-wordpress\/ -->\n<title>\u25b7\u25b7 Llet corporal hidratant d&#039;Ametlles i Musk \u25b7 100% NATURAL<\/title>\n<meta name=\"description\" content=\"Llet corporal hidratant d&#039;Ametlles i Musk. Una f\u00f3rmula creada a partir de m\u00e9s de 70 ingredients naturals, 100% vegans.\" \/>\n<meta name=\"robots\" content=\"index, follow, max-snippet:-1, max-image-preview:large, max-video-preview:-1\" \/>\n<link rel=\"canonical\" href=\"https:\/\/mon.es\/ca\/producto\/llet-corporal-hidratant-ametlles-i-musk\/\" \/>\n<meta property=\"og:locale\" content=\"ca_ES\" \/>\n<meta property=\"og:type\" content=\"article\" \/>\n<meta property=\"og:title\" content=\"\u25b7\u25b7 Llet corporal hidratant d&#039;Ametlles i Musk \u25b7 100% NATURAL\" \/>\n<meta property=\"og:description\" content=\"Llet corporal hidratant d&#039;Ametlles i Musk. Una f\u00f3rmula creada a partir de m\u00e9s de 70 ingredients naturals, 100% vegans.\" \/>\n<meta property=\"og:url\" content=\"https:\/\/mon.es\/ca\/producto\/llet-corporal-hidratant-ametlles-i-musk\/\" \/>\n<meta property=\"og:site_name\" content=\"MON\" \/>\n<meta property=\"article:modified_time\" content=\"2025-11-18T12:39:38+00:00\" \/>\n<meta property=\"og:image\" content=\"http:\/\/mon.es\/wp-content\/uploads\/2018\/11\/Almendras-y-Musk.jpg\" \/>\n\t<meta property=\"og:image:width\" content=\"1000\" \/>\n\t<meta property=\"og:image:height\" content=\"1500\" \/>\n\t<meta property=\"og:image:type\" content=\"image\/jpeg\" \/>\n<meta name=\"twitter:card\" content=\"summary_large_image\" \/>\n<meta name=\"twitter:label1\" content=\"Temps estimat de lectura\" \/>\n\t<meta name=\"twitter:data1\" content=\"1 minut\" \/>\n<script type=\"application\/ld+json\" class=\"yoast-schema-graph\">{\"@context\":\"https:\/\/schema.org\",\"@graph\":[{\"@type\":\"WebPage\",\"@id\":\"https:\/\/mon.es\/ca\/producto\/llet-corporal-hidratant-ametlles-i-musk\/\",\"url\":\"https:\/\/mon.es\/ca\/producto\/llet-corporal-hidratant-ametlles-i-musk\/\",\"name\":\"\u25b7\u25b7 Llet corporal hidratant d'Ametlles i Musk \u25b7 100% NATURAL\",\"isPartOf\":{\"@id\":\"https:\/\/mon.es\/#website\"},\"primaryImageOfPage\":{\"@id\":\"https:\/\/mon.es\/ca\/producto\/llet-corporal-hidratant-ametlles-i-musk\/#primaryimage\"},\"image\":{\"@id\":\"https:\/\/mon.es\/ca\/producto\/llet-corporal-hidratant-ametlles-i-musk\/#primaryimage\"},\"thumbnailUrl\":\"https:\/\/mon.es\/wp-content\/uploads\/2018\/11\/Almendras-y-Musk.jpg\",\"datePublished\":\"2018-11-24T07:34:00+00:00\",\"dateModified\":\"2025-11-18T12:39:38+00:00\",\"description\":\"Llet corporal hidratant d'Ametlles i Musk. Una f\u00f3rmula creada a partir de m\u00e9s de 70 ingredients naturals, 100% vegans.\",\"breadcrumb\":{\"@id\":\"https:\/\/mon.es\/ca\/producto\/llet-corporal-hidratant-ametlles-i-musk\/#breadcrumb\"},\"inLanguage\":\"ca\",\"potentialAction\":[{\"@type\":\"ReadAction\",\"target\":[\"https:\/\/mon.es\/ca\/producto\/llet-corporal-hidratant-ametlles-i-musk\/\"]}]},{\"@type\":\"ImageObject\",\"inLanguage\":\"ca\",\"@id\":\"https:\/\/mon.es\/ca\/producto\/llet-corporal-hidratant-ametlles-i-musk\/#primaryimage\",\"url\":\"https:\/\/mon.es\/wp-content\/uploads\/2018\/11\/Almendras-y-Musk.jpg\",\"contentUrl\":\"https:\/\/mon.es\/wp-content\/uploads\/2018\/11\/Almendras-y-Musk.jpg\",\"width\":1000,\"height\":1500,\"caption\":\"Llet corporal hidratant d'Ametlles i Musk\"},{\"@type\":\"BreadcrumbList\",\"@id\":\"https:\/\/mon.es\/ca\/producto\/llet-corporal-hidratant-ametlles-i-musk\/#breadcrumb\",\"itemListElement\":[{\"@type\":\"ListItem\",\"position\":1,\"name\":\"Portada\",\"item\":\"https:\/\/mon.es\/ca\/\"},{\"@type\":\"ListItem\",\"position\":2,\"name\":\"Botiga\",\"item\":\"https:\/\/mon.es\/ca\/botiga\/\"},{\"@type\":\"ListItem\",\"position\":3,\"name\":\"Llet corporal hidratant d&#8217;Ametlles i Musk\"}]},{\"@type\":\"WebSite\",\"@id\":\"https:\/\/mon.es\/#website\",\"url\":\"https:\/\/mon.es\/\",\"name\":\"MON\",\"description\":\"Natural cosmetics\",\"publisher\":{\"@id\":\"https:\/\/mon.es\/#organization\"},\"potentialAction\":[{\"@type\":\"SearchAction\",\"target\":{\"@type\":\"EntryPoint\",\"urlTemplate\":\"https:\/\/mon.es\/?s={search_term_string}\"},\"query-input\":{\"@type\":\"PropertyValueSpecification\",\"valueRequired\":true,\"valueName\":\"search_term_string\"}}],\"inLanguage\":\"ca\"},{\"@type\":\"Organization\",\"@id\":\"https:\/\/mon.es\/#organization\",\"name\":\"MON\",\"url\":\"https:\/\/mon.es\/\",\"logo\":{\"@type\":\"ImageObject\",\"inLanguage\":\"ca\",\"@id\":\"https:\/\/mon.es\/#\/schema\/logo\/image\/\",\"url\":\"https:\/\/mon.es\/wp-content\/uploads\/2018\/11\/logo_mon.png\",\"contentUrl\":\"https:\/\/mon.es\/wp-content\/uploads\/2018\/11\/logo_mon.png\",\"width\":424,\"height\":132,\"caption\":\"MON\"},\"image\":{\"@id\":\"https:\/\/mon.es\/#\/schema\/logo\/image\/\"}}]}<\/script>\n<!-- \/ Yoast SEO plugin. -->","yoast_head_json":{"title":"\u25b7\u25b7 Llet corporal hidratant d'Ametlles i Musk \u25b7 100% NATURAL","description":"Llet corporal hidratant d'Ametlles i Musk. Una f\u00f3rmula creada a partir de m\u00e9s de 70 ingredients naturals, 100% vegans.","robots":{"index":"index","follow":"follow","max-snippet":"max-snippet:-1","max-image-preview":"max-image-preview:large","max-video-preview":"max-video-preview:-1"},"canonical":"https:\/\/mon.es\/ca\/producto\/llet-corporal-hidratant-ametlles-i-musk\/","og_locale":"ca_ES","og_type":"article","og_title":"\u25b7\u25b7 Llet corporal hidratant d'Ametlles i Musk \u25b7 100% NATURAL","og_description":"Llet corporal hidratant d'Ametlles i Musk. Una f\u00f3rmula creada a partir de m\u00e9s de 70 ingredients naturals, 100% vegans.","og_url":"https:\/\/mon.es\/ca\/producto\/llet-corporal-hidratant-ametlles-i-musk\/","og_site_name":"MON","article_modified_time":"2025-11-18T12:39:38+00:00","og_image":[{"width":1000,"height":1500,"url":"http:\/\/mon.es\/wp-content\/uploads\/2018\/11\/Almendras-y-Musk.jpg","type":"image\/jpeg"}],"twitter_card":"summary_large_image","twitter_misc":{"Temps estimat de lectura":"1 minut"},"schema":{"@context":"https:\/\/schema.org","@graph":[{"@type":"WebPage","@id":"https:\/\/mon.es\/ca\/producto\/llet-corporal-hidratant-ametlles-i-musk\/","url":"https:\/\/mon.es\/ca\/producto\/llet-corporal-hidratant-ametlles-i-musk\/","name":"\u25b7\u25b7 Llet corporal hidratant d'Ametlles i Musk \u25b7 100% NATURAL","isPartOf":{"@id":"https:\/\/mon.es\/#website"},"primaryImageOfPage":{"@id":"https:\/\/mon.es\/ca\/producto\/llet-corporal-hidratant-ametlles-i-musk\/#primaryimage"},"image":{"@id":"https:\/\/mon.es\/ca\/producto\/llet-corporal-hidratant-ametlles-i-musk\/#primaryimage"},"thumbnailUrl":"https:\/\/mon.es\/wp-content\/uploads\/2018\/11\/Almendras-y-Musk.jpg","datePublished":"2018-11-24T07:34:00+00:00","dateModified":"2025-11-18T12:39:38+00:00","description":"Llet corporal hidratant d'Ametlles i Musk. Una f\u00f3rmula creada a partir de m\u00e9s de 70 ingredients naturals, 100% vegans.","breadcrumb":{"@id":"https:\/\/mon.es\/ca\/producto\/llet-corporal-hidratant-ametlles-i-musk\/#breadcrumb"},"inLanguage":"ca","potentialAction":[{"@type":"ReadAction","target":["https:\/\/mon.es\/ca\/producto\/llet-corporal-hidratant-ametlles-i-musk\/"]}]},{"@type":"ImageObject","inLanguage":"ca","@id":"https:\/\/mon.es\/ca\/producto\/llet-corporal-hidratant-ametlles-i-musk\/#primaryimage","url":"https:\/\/mon.es\/wp-content\/uploads\/2018\/11\/Almendras-y-Musk.jpg","contentUrl":"https:\/\/mon.es\/wp-content\/uploads\/2018\/11\/Almendras-y-Musk.jpg","width":1000,"height":1500,"caption":"Llet corporal hidratant d'Ametlles i Musk"},{"@type":"BreadcrumbList","@id":"https:\/\/mon.es\/ca\/producto\/llet-corporal-hidratant-ametlles-i-musk\/#breadcrumb","itemListElement":[{"@type":"ListItem","position":1,"name":"Portada","item":"https:\/\/mon.es\/ca\/"},{"@type":"ListItem","position":2,"name":"Botiga","item":"https:\/\/mon.es\/ca\/botiga\/"},{"@type":"ListItem","position":3,"name":"Llet corporal hidratant d&#8217;Ametlles i Musk"}]},{"@type":"WebSite","@id":"https:\/\/mon.es\/#website","url":"https:\/\/mon.es\/","name":"MON","description":"Natural cosmetics","publisher":{"@id":"https:\/\/mon.es\/#organization"},"potentialAction":[{"@type":"SearchAction","target":{"@type":"EntryPoint","urlTemplate":"https:\/\/mon.es\/?s={search_term_string}"},"query-input":{"@type":"PropertyValueSpecification","valueRequired":true,"valueName":"search_term_string"}}],"inLanguage":"ca"},{"@type":"Organization","@id":"https:\/\/mon.es\/#organization","name":"MON","url":"https:\/\/mon.es\/","logo":{"@type":"ImageObject","inLanguage":"ca","@id":"https:\/\/mon.es\/#\/schema\/logo\/image\/","url":"https:\/\/mon.es\/wp-content\/uploads\/2018\/11\/logo_mon.png","contentUrl":"https:\/\/mon.es\/wp-content\/uploads\/2018\/11\/logo_mon.png","width":424,"height":132,"caption":"MON"},"image":{"@id":"https:\/\/mon.es\/#\/schema\/logo\/image\/"}}]}},"_links":{"self":[{"href":"https:\/\/mon.es\/ca\/wp-json\/wp\/v2\/product\/46658","targetHints":{"allow":["GET"]}}],"collection":[{"href":"https:\/\/mon.es\/ca\/wp-json\/wp\/v2\/product"}],"about":[{"href":"https:\/\/mon.es\/ca\/wp-json\/wp\/v2\/types\/product"}],"replies":[{"embeddable":true,"href":"https:\/\/mon.es\/ca\/wp-json\/wp\/v2\/comments?post=46658"}],"wp:featuredmedia":[{"embeddable":true,"href":"https:\/\/mon.es\/ca\/wp-json\/wp\/v2\/media\/45154"}],"wp:attachment":[{"href":"https:\/\/mon.es\/ca\/wp-json\/wp\/v2\/media?parent=46658"}],"wp:term":[{"taxonomy":"product_brand","embeddable":true,"href":"https:\/\/mon.es\/ca\/wp-json\/wp\/v2\/product_brand?post=46658"},{"taxonomy":"product_cat","embeddable":true,"href":"https:\/\/mon.es\/ca\/wp-json\/wp\/v2\/product_cat?post=46658"},{"taxonomy":"product_tag","embeddable":true,"href":"https:\/\/mon.es\/ca\/wp-json\/wp\/v2\/product_tag?post=46658"},{"taxonomy":"producte_categoria","embeddable":true,"href":"https:\/\/mon.es\/ca\/wp-json\/wp\/v2\/producte_categoria?post=46658"}],"curies":[{"name":"wp","href":"https:\/\/api.w.org\/{rel}","templated":true}]}}