

{"id":46603,"date":"2020-05-10T10:47:50","date_gmt":"2020-05-10T10:47:50","guid":{"rendered":"https:\/\/mon.es\/producto\/oli-essencial-de-calendula\/"},"modified":"2025-11-19T16:53:47","modified_gmt":"2025-11-19T14:53:47","slug":"oli-essencial-de-calendula","status":"publish","type":"product","link":"https:\/\/mon.es\/ca\/producto\/oli-essencial-de-calendula\/","title":{"rendered":"Oli essencial de Cal\u00e8ndula"},"content":{"rendered":"<p data-start=\"118\" data-end=\"478\">Coneguda com la flor de les meravelles, la Cal\u00e8ndula ofereix un efecte calmant i regenerador, ideal per alleujar irritacions i protegir la pell delicada. El seu aroma extraordinari la fa irresistible i per aix\u00f2 l\u2019incloem en moltes de les nostres composicions.<\/p>\n<p>&nbsp;<\/p>\n<p>&nbsp;<\/p>\n","protected":false},"excerpt":{"rendered":"<p>Coneguda com la flor de les meravelles, la Cal\u00e8ndula ofereix un efecte calmant i regenerador, ideal per alleujar irritacions i protegir la pell delicada. El seu aroma extraordinari la fa irresistible i per aix\u00f2 l\u2019incloem en moltes de les nostres composicions. &nbsp; &nbsp;<\/p>\n","protected":false},"featured_media":45901,"comment_status":"open","ping_status":"closed","template":"","meta":{"inline_featured_image":false},"product_brand":[],"product_cat":[501],"product_tag":[538],"producte_categoria":[],"class_list":{"0":"post-46603","1":"product","2":"type-product","3":"status-publish","4":"has-post-thumbnail","6":"product_cat-olis-essencials","7":"product_tag-calmant","9":"first","10":"instock","11":"shipping-taxable","12":"purchasable","13":"product-type-simple"},"yoast_head":"<!-- This site is optimized with the Yoast SEO plugin v27.1.1 - https:\/\/yoast.com\/product\/yoast-seo-wordpress\/ -->\n<title>\u25b7\u25b7\u25b7 Oli essencial de Cal\u00e8ndula \u25b7 100% NATURAL i sostenible<\/title>\n<meta name=\"description\" content=\"La cal\u00e8ndula \u00e9s coneguda com la flor de les meravelles. La seva extraordin\u00e0ria aroma ens fascina, per aix\u00f2 la incloem en moltes de les nostres composicions.\" \/>\n<meta name=\"robots\" content=\"index, follow, max-snippet:-1, max-image-preview:large, max-video-preview:-1\" \/>\n<link rel=\"canonical\" href=\"https:\/\/mon.es\/ca\/producto\/oli-essencial-de-calendula\/\" \/>\n<meta property=\"og:locale\" content=\"ca_ES\" \/>\n<meta property=\"og:type\" content=\"article\" \/>\n<meta property=\"og:title\" content=\"\u25b7\u25b7\u25b7 Oli essencial de Cal\u00e8ndula \u25b7 100% NATURAL i sostenible\" \/>\n<meta property=\"og:description\" content=\"La cal\u00e8ndula \u00e9s coneguda com la flor de les meravelles. La seva extraordin\u00e0ria aroma ens fascina, per aix\u00f2 la incloem en moltes de les nostres composicions.\" \/>\n<meta property=\"og:url\" content=\"https:\/\/mon.es\/ca\/producto\/oli-essencial-de-calendula\/\" \/>\n<meta property=\"og:site_name\" content=\"MON\" \/>\n<meta property=\"article:modified_time\" content=\"2025-11-19T14:53:47+00:00\" \/>\n<meta property=\"og:image\" content=\"http:\/\/mon.es\/wp-content\/uploads\/2020\/05\/MON-Calendula.jpg\" \/>\n\t<meta property=\"og:image:width\" content=\"800\" \/>\n\t<meta property=\"og:image:height\" content=\"880\" \/>\n\t<meta property=\"og:image:type\" content=\"image\/jpeg\" \/>\n<meta name=\"twitter:card\" content=\"summary_large_image\" \/>\n<meta name=\"twitter:label1\" content=\"Temps estimat de lectura\" \/>\n\t<meta name=\"twitter:data1\" content=\"1 minut\" \/>\n<script type=\"application\/ld+json\" class=\"yoast-schema-graph\">{\"@context\":\"https:\/\/schema.org\",\"@graph\":[{\"@type\":\"WebPage\",\"@id\":\"https:\/\/mon.es\/ca\/producto\/oli-essencial-de-calendula\/\",\"url\":\"https:\/\/mon.es\/ca\/producto\/oli-essencial-de-calendula\/\",\"name\":\"\u25b7\u25b7\u25b7 Oli essencial de Cal\u00e8ndula \u25b7 100% NATURAL i sostenible\",\"isPartOf\":{\"@id\":\"https:\/\/mon.es\/#website\"},\"primaryImageOfPage\":{\"@id\":\"https:\/\/mon.es\/ca\/producto\/oli-essencial-de-calendula\/#primaryimage\"},\"image\":{\"@id\":\"https:\/\/mon.es\/ca\/producto\/oli-essencial-de-calendula\/#primaryimage\"},\"thumbnailUrl\":\"https:\/\/mon.es\/wp-content\/uploads\/2020\/05\/MON-Calendula.jpg\",\"datePublished\":\"2020-05-10T10:47:50+00:00\",\"dateModified\":\"2025-11-19T14:53:47+00:00\",\"description\":\"La cal\u00e8ndula \u00e9s coneguda com la flor de les meravelles. La seva extraordin\u00e0ria aroma ens fascina, per aix\u00f2 la incloem en moltes de les nostres composicions.\",\"breadcrumb\":{\"@id\":\"https:\/\/mon.es\/ca\/producto\/oli-essencial-de-calendula\/#breadcrumb\"},\"inLanguage\":\"ca\",\"potentialAction\":[{\"@type\":\"ReadAction\",\"target\":[\"https:\/\/mon.es\/ca\/producto\/oli-essencial-de-calendula\/\"]}]},{\"@type\":\"ImageObject\",\"inLanguage\":\"ca\",\"@id\":\"https:\/\/mon.es\/ca\/producto\/oli-essencial-de-calendula\/#primaryimage\",\"url\":\"https:\/\/mon.es\/wp-content\/uploads\/2020\/05\/MON-Calendula.jpg\",\"contentUrl\":\"https:\/\/mon.es\/wp-content\/uploads\/2020\/05\/MON-Calendula.jpg\",\"width\":800,\"height\":880},{\"@type\":\"BreadcrumbList\",\"@id\":\"https:\/\/mon.es\/ca\/producto\/oli-essencial-de-calendula\/#breadcrumb\",\"itemListElement\":[{\"@type\":\"ListItem\",\"position\":1,\"name\":\"Portada\",\"item\":\"https:\/\/mon.es\/ca\/\"},{\"@type\":\"ListItem\",\"position\":2,\"name\":\"Botiga\",\"item\":\"https:\/\/mon.es\/ca\/botiga\/\"},{\"@type\":\"ListItem\",\"position\":3,\"name\":\"Oli essencial de Cal\u00e8ndula\"}]},{\"@type\":\"WebSite\",\"@id\":\"https:\/\/mon.es\/#website\",\"url\":\"https:\/\/mon.es\/\",\"name\":\"MON\",\"description\":\"Natural cosmetics\",\"publisher\":{\"@id\":\"https:\/\/mon.es\/#organization\"},\"potentialAction\":[{\"@type\":\"SearchAction\",\"target\":{\"@type\":\"EntryPoint\",\"urlTemplate\":\"https:\/\/mon.es\/?s={search_term_string}\"},\"query-input\":{\"@type\":\"PropertyValueSpecification\",\"valueRequired\":true,\"valueName\":\"search_term_string\"}}],\"inLanguage\":\"ca\"},{\"@type\":\"Organization\",\"@id\":\"https:\/\/mon.es\/#organization\",\"name\":\"MON\",\"url\":\"https:\/\/mon.es\/\",\"logo\":{\"@type\":\"ImageObject\",\"inLanguage\":\"ca\",\"@id\":\"https:\/\/mon.es\/#\/schema\/logo\/image\/\",\"url\":\"https:\/\/mon.es\/wp-content\/uploads\/2018\/11\/logo_mon.png\",\"contentUrl\":\"https:\/\/mon.es\/wp-content\/uploads\/2018\/11\/logo_mon.png\",\"width\":424,\"height\":132,\"caption\":\"MON\"},\"image\":{\"@id\":\"https:\/\/mon.es\/#\/schema\/logo\/image\/\"}}]}<\/script>\n<!-- \/ Yoast SEO plugin. -->","yoast_head_json":{"title":"\u25b7\u25b7\u25b7 Oli essencial de Cal\u00e8ndula \u25b7 100% NATURAL i sostenible","description":"La cal\u00e8ndula \u00e9s coneguda com la flor de les meravelles. La seva extraordin\u00e0ria aroma ens fascina, per aix\u00f2 la incloem en moltes de les nostres composicions.","robots":{"index":"index","follow":"follow","max-snippet":"max-snippet:-1","max-image-preview":"max-image-preview:large","max-video-preview":"max-video-preview:-1"},"canonical":"https:\/\/mon.es\/ca\/producto\/oli-essencial-de-calendula\/","og_locale":"ca_ES","og_type":"article","og_title":"\u25b7\u25b7\u25b7 Oli essencial de Cal\u00e8ndula \u25b7 100% NATURAL i sostenible","og_description":"La cal\u00e8ndula \u00e9s coneguda com la flor de les meravelles. La seva extraordin\u00e0ria aroma ens fascina, per aix\u00f2 la incloem en moltes de les nostres composicions.","og_url":"https:\/\/mon.es\/ca\/producto\/oli-essencial-de-calendula\/","og_site_name":"MON","article_modified_time":"2025-11-19T14:53:47+00:00","og_image":[{"width":800,"height":880,"url":"http:\/\/mon.es\/wp-content\/uploads\/2020\/05\/MON-Calendula.jpg","type":"image\/jpeg"}],"twitter_card":"summary_large_image","twitter_misc":{"Temps estimat de lectura":"1 minut"},"schema":{"@context":"https:\/\/schema.org","@graph":[{"@type":"WebPage","@id":"https:\/\/mon.es\/ca\/producto\/oli-essencial-de-calendula\/","url":"https:\/\/mon.es\/ca\/producto\/oli-essencial-de-calendula\/","name":"\u25b7\u25b7\u25b7 Oli essencial de Cal\u00e8ndula \u25b7 100% NATURAL i sostenible","isPartOf":{"@id":"https:\/\/mon.es\/#website"},"primaryImageOfPage":{"@id":"https:\/\/mon.es\/ca\/producto\/oli-essencial-de-calendula\/#primaryimage"},"image":{"@id":"https:\/\/mon.es\/ca\/producto\/oli-essencial-de-calendula\/#primaryimage"},"thumbnailUrl":"https:\/\/mon.es\/wp-content\/uploads\/2020\/05\/MON-Calendula.jpg","datePublished":"2020-05-10T10:47:50+00:00","dateModified":"2025-11-19T14:53:47+00:00","description":"La cal\u00e8ndula \u00e9s coneguda com la flor de les meravelles. La seva extraordin\u00e0ria aroma ens fascina, per aix\u00f2 la incloem en moltes de les nostres composicions.","breadcrumb":{"@id":"https:\/\/mon.es\/ca\/producto\/oli-essencial-de-calendula\/#breadcrumb"},"inLanguage":"ca","potentialAction":[{"@type":"ReadAction","target":["https:\/\/mon.es\/ca\/producto\/oli-essencial-de-calendula\/"]}]},{"@type":"ImageObject","inLanguage":"ca","@id":"https:\/\/mon.es\/ca\/producto\/oli-essencial-de-calendula\/#primaryimage","url":"https:\/\/mon.es\/wp-content\/uploads\/2020\/05\/MON-Calendula.jpg","contentUrl":"https:\/\/mon.es\/wp-content\/uploads\/2020\/05\/MON-Calendula.jpg","width":800,"height":880},{"@type":"BreadcrumbList","@id":"https:\/\/mon.es\/ca\/producto\/oli-essencial-de-calendula\/#breadcrumb","itemListElement":[{"@type":"ListItem","position":1,"name":"Portada","item":"https:\/\/mon.es\/ca\/"},{"@type":"ListItem","position":2,"name":"Botiga","item":"https:\/\/mon.es\/ca\/botiga\/"},{"@type":"ListItem","position":3,"name":"Oli essencial de Cal\u00e8ndula"}]},{"@type":"WebSite","@id":"https:\/\/mon.es\/#website","url":"https:\/\/mon.es\/","name":"MON","description":"Natural cosmetics","publisher":{"@id":"https:\/\/mon.es\/#organization"},"potentialAction":[{"@type":"SearchAction","target":{"@type":"EntryPoint","urlTemplate":"https:\/\/mon.es\/?s={search_term_string}"},"query-input":{"@type":"PropertyValueSpecification","valueRequired":true,"valueName":"search_term_string"}}],"inLanguage":"ca"},{"@type":"Organization","@id":"https:\/\/mon.es\/#organization","name":"MON","url":"https:\/\/mon.es\/","logo":{"@type":"ImageObject","inLanguage":"ca","@id":"https:\/\/mon.es\/#\/schema\/logo\/image\/","url":"https:\/\/mon.es\/wp-content\/uploads\/2018\/11\/logo_mon.png","contentUrl":"https:\/\/mon.es\/wp-content\/uploads\/2018\/11\/logo_mon.png","width":424,"height":132,"caption":"MON"},"image":{"@id":"https:\/\/mon.es\/#\/schema\/logo\/image\/"}}]}},"_links":{"self":[{"href":"https:\/\/mon.es\/ca\/wp-json\/wp\/v2\/product\/46603","targetHints":{"allow":["GET"]}}],"collection":[{"href":"https:\/\/mon.es\/ca\/wp-json\/wp\/v2\/product"}],"about":[{"href":"https:\/\/mon.es\/ca\/wp-json\/wp\/v2\/types\/product"}],"replies":[{"embeddable":true,"href":"https:\/\/mon.es\/ca\/wp-json\/wp\/v2\/comments?post=46603"}],"wp:featuredmedia":[{"embeddable":true,"href":"https:\/\/mon.es\/ca\/wp-json\/wp\/v2\/media\/45901"}],"wp:attachment":[{"href":"https:\/\/mon.es\/ca\/wp-json\/wp\/v2\/media?parent=46603"}],"wp:term":[{"taxonomy":"product_brand","embeddable":true,"href":"https:\/\/mon.es\/ca\/wp-json\/wp\/v2\/product_brand?post=46603"},{"taxonomy":"product_cat","embeddable":true,"href":"https:\/\/mon.es\/ca\/wp-json\/wp\/v2\/product_cat?post=46603"},{"taxonomy":"product_tag","embeddable":true,"href":"https:\/\/mon.es\/ca\/wp-json\/wp\/v2\/product_tag?post=46603"},{"taxonomy":"producte_categoria","embeddable":true,"href":"https:\/\/mon.es\/ca\/wp-json\/wp\/v2\/producte_categoria?post=46603"}],"curies":[{"name":"wp","href":"https:\/\/api.w.org\/{rel}","templated":true}]}}