

{"id":46579,"date":"2021-09-07T00:00:45","date_gmt":"2021-09-07T00:00:45","guid":{"rendered":"https:\/\/mon.es\/producto\/regenerat-amb-mon\/"},"modified":"2026-02-09T15:34:38","modified_gmt":"2026-02-09T13:34:38","slug":"regenerat-amb-mon","status":"publish","type":"product","link":"https:\/\/mon.es\/ca\/producto\/regenerat-amb-mon\/","title":{"rendered":"Regenera&#8217;t amb MON"},"content":{"rendered":"<p>Ja sabeu que ens encanta la Mantega de karit\u00e9, la utilitzem per a moltes coses; com a hidratant per a la pell, nutritiva per al cabell i, a m\u00e9s \u00e9s incre\u00efble per a regenerar marques en la pell com la dels granets o fins i tot per a calmar herpes o \u00e8czemes. Tamb\u00e9 \u00e9s ideal per a zones molt seques o com a cura intensiva puntual.<\/p>\n","protected":false},"excerpt":{"rendered":"<p>Ja sabeu que ens encanta la Mantega de karit\u00e9, la utilitzem per a moltes coses; com a hidratant per a la pell, nutritiva per al cabell i, a m\u00e9s \u00e9s incre\u00efble per a regenerar marques en la pell com la dels granets o fins i tot per a calmar herpes o \u00e8czemes. Tamb\u00e9 \u00e9s ideal [&hellip;]<\/p>\n","protected":false},"featured_media":47052,"comment_status":"open","ping_status":"closed","template":"","meta":{"inline_featured_image":false},"product_brand":[],"product_cat":[511,516],"product_tag":[576],"producte_categoria":[],"class_list":{"0":"post-46579","1":"product","2":"type-product","3":"status-publish","4":"has-post-thumbnail","6":"product_cat-productes-naturals-per-al-cos","7":"product_cat-tractaments-corporals","8":"product_tag-pack-regenerat-ca","10":"first","11":"instock","12":"shipping-taxable","13":"purchasable","14":"product-type-simple"},"yoast_head":"<!-- This site is optimized with the Yoast SEO plugin v27.1.1 - https:\/\/yoast.com\/product\/yoast-seo-wordpress\/ -->\n<title>Regenera&#039;t amb MON - Productes de Karit\u00e9<\/title>\n<meta name=\"description\" content=\"Ja sabeu que ens encanta la mantega de karit\u00e9, la utilitzem per a moltes coses; com a hidratant per a la pell, nutritiva per al cabell, ...\" \/>\n<meta name=\"robots\" content=\"index, follow, max-snippet:-1, max-image-preview:large, max-video-preview:-1\" \/>\n<link rel=\"canonical\" href=\"https:\/\/mon.es\/ca\/producto\/regenerat-amb-mon\/\" \/>\n<meta property=\"og:locale\" content=\"ca_ES\" \/>\n<meta property=\"og:type\" content=\"article\" \/>\n<meta property=\"og:title\" content=\"Regenera&#039;t amb MON - Productes de Karit\u00e9\" \/>\n<meta property=\"og:description\" content=\"Ja sabeu que ens encanta la mantega de karit\u00e9, la utilitzem per a moltes coses; com a hidratant per a la pell, nutritiva per al cabell, ...\" \/>\n<meta property=\"og:url\" content=\"https:\/\/mon.es\/ca\/producto\/regenerat-amb-mon\/\" \/>\n<meta property=\"og:site_name\" content=\"MON\" \/>\n<meta property=\"article:modified_time\" content=\"2026-02-09T13:34:38+00:00\" \/>\n<meta property=\"og:image\" content=\"http:\/\/mon.es\/wp-content\/uploads\/2021\/09\/pack-karite-mon-ok.jpg\" \/>\n\t<meta property=\"og:image:width\" content=\"683\" \/>\n\t<meta property=\"og:image:height\" content=\"1024\" \/>\n\t<meta property=\"og:image:type\" content=\"image\/jpeg\" \/>\n<meta name=\"twitter:card\" content=\"summary_large_image\" \/>\n<meta name=\"twitter:label1\" content=\"Temps estimat de lectura\" \/>\n\t<meta name=\"twitter:data1\" content=\"1 minut\" \/>\n<script type=\"application\/ld+json\" class=\"yoast-schema-graph\">{\"@context\":\"https:\/\/schema.org\",\"@graph\":[{\"@type\":\"WebPage\",\"@id\":\"https:\/\/mon.es\/ca\/producto\/regenerat-amb-mon\/\",\"url\":\"https:\/\/mon.es\/ca\/producto\/regenerat-amb-mon\/\",\"name\":\"Regenera't amb MON - Productes de Karit\u00e9\",\"isPartOf\":{\"@id\":\"https:\/\/mon.es\/#website\"},\"primaryImageOfPage\":{\"@id\":\"https:\/\/mon.es\/ca\/producto\/regenerat-amb-mon\/#primaryimage\"},\"image\":{\"@id\":\"https:\/\/mon.es\/ca\/producto\/regenerat-amb-mon\/#primaryimage\"},\"thumbnailUrl\":\"https:\/\/mon.es\/wp-content\/uploads\/2021\/09\/pack-karite-mon-ok.jpg\",\"datePublished\":\"2021-09-07T00:00:45+00:00\",\"dateModified\":\"2026-02-09T13:34:38+00:00\",\"description\":\"Ja sabeu que ens encanta la mantega de karit\u00e9, la utilitzem per a moltes coses; com a hidratant per a la pell, nutritiva per al cabell, ...\",\"breadcrumb\":{\"@id\":\"https:\/\/mon.es\/ca\/producto\/regenerat-amb-mon\/#breadcrumb\"},\"inLanguage\":\"ca\",\"potentialAction\":[{\"@type\":\"ReadAction\",\"target\":[\"https:\/\/mon.es\/ca\/producto\/regenerat-amb-mon\/\"]}]},{\"@type\":\"ImageObject\",\"inLanguage\":\"ca\",\"@id\":\"https:\/\/mon.es\/ca\/producto\/regenerat-amb-mon\/#primaryimage\",\"url\":\"https:\/\/mon.es\/wp-content\/uploads\/2021\/09\/pack-karite-mon-ok.jpg\",\"contentUrl\":\"https:\/\/mon.es\/wp-content\/uploads\/2021\/09\/pack-karite-mon-ok.jpg\",\"width\":683,\"height\":1024},{\"@type\":\"BreadcrumbList\",\"@id\":\"https:\/\/mon.es\/ca\/producto\/regenerat-amb-mon\/#breadcrumb\",\"itemListElement\":[{\"@type\":\"ListItem\",\"position\":1,\"name\":\"Portada\",\"item\":\"https:\/\/mon.es\/ca\/\"},{\"@type\":\"ListItem\",\"position\":2,\"name\":\"Botiga\",\"item\":\"https:\/\/mon.es\/ca\/botiga\/\"},{\"@type\":\"ListItem\",\"position\":3,\"name\":\"Regenera&#8217;t amb MON\"}]},{\"@type\":\"WebSite\",\"@id\":\"https:\/\/mon.es\/#website\",\"url\":\"https:\/\/mon.es\/\",\"name\":\"MON\",\"description\":\"Natural cosmetics\",\"publisher\":{\"@id\":\"https:\/\/mon.es\/#organization\"},\"potentialAction\":[{\"@type\":\"SearchAction\",\"target\":{\"@type\":\"EntryPoint\",\"urlTemplate\":\"https:\/\/mon.es\/?s={search_term_string}\"},\"query-input\":{\"@type\":\"PropertyValueSpecification\",\"valueRequired\":true,\"valueName\":\"search_term_string\"}}],\"inLanguage\":\"ca\"},{\"@type\":\"Organization\",\"@id\":\"https:\/\/mon.es\/#organization\",\"name\":\"MON\",\"url\":\"https:\/\/mon.es\/\",\"logo\":{\"@type\":\"ImageObject\",\"inLanguage\":\"ca\",\"@id\":\"https:\/\/mon.es\/#\/schema\/logo\/image\/\",\"url\":\"https:\/\/mon.es\/wp-content\/uploads\/2018\/11\/logo_mon.png\",\"contentUrl\":\"https:\/\/mon.es\/wp-content\/uploads\/2018\/11\/logo_mon.png\",\"width\":424,\"height\":132,\"caption\":\"MON\"},\"image\":{\"@id\":\"https:\/\/mon.es\/#\/schema\/logo\/image\/\"}}]}<\/script>\n<!-- \/ Yoast SEO plugin. -->","yoast_head_json":{"title":"Regenera't amb MON - Productes de Karit\u00e9","description":"Ja sabeu que ens encanta la mantega de karit\u00e9, la utilitzem per a moltes coses; com a hidratant per a la pell, nutritiva per al cabell, ...","robots":{"index":"index","follow":"follow","max-snippet":"max-snippet:-1","max-image-preview":"max-image-preview:large","max-video-preview":"max-video-preview:-1"},"canonical":"https:\/\/mon.es\/ca\/producto\/regenerat-amb-mon\/","og_locale":"ca_ES","og_type":"article","og_title":"Regenera't amb MON - Productes de Karit\u00e9","og_description":"Ja sabeu que ens encanta la mantega de karit\u00e9, la utilitzem per a moltes coses; com a hidratant per a la pell, nutritiva per al cabell, ...","og_url":"https:\/\/mon.es\/ca\/producto\/regenerat-amb-mon\/","og_site_name":"MON","article_modified_time":"2026-02-09T13:34:38+00:00","og_image":[{"width":683,"height":1024,"url":"http:\/\/mon.es\/wp-content\/uploads\/2021\/09\/pack-karite-mon-ok.jpg","type":"image\/jpeg"}],"twitter_card":"summary_large_image","twitter_misc":{"Temps estimat de lectura":"1 minut"},"schema":{"@context":"https:\/\/schema.org","@graph":[{"@type":"WebPage","@id":"https:\/\/mon.es\/ca\/producto\/regenerat-amb-mon\/","url":"https:\/\/mon.es\/ca\/producto\/regenerat-amb-mon\/","name":"Regenera't amb MON - Productes de Karit\u00e9","isPartOf":{"@id":"https:\/\/mon.es\/#website"},"primaryImageOfPage":{"@id":"https:\/\/mon.es\/ca\/producto\/regenerat-amb-mon\/#primaryimage"},"image":{"@id":"https:\/\/mon.es\/ca\/producto\/regenerat-amb-mon\/#primaryimage"},"thumbnailUrl":"https:\/\/mon.es\/wp-content\/uploads\/2021\/09\/pack-karite-mon-ok.jpg","datePublished":"2021-09-07T00:00:45+00:00","dateModified":"2026-02-09T13:34:38+00:00","description":"Ja sabeu que ens encanta la mantega de karit\u00e9, la utilitzem per a moltes coses; com a hidratant per a la pell, nutritiva per al cabell, ...","breadcrumb":{"@id":"https:\/\/mon.es\/ca\/producto\/regenerat-amb-mon\/#breadcrumb"},"inLanguage":"ca","potentialAction":[{"@type":"ReadAction","target":["https:\/\/mon.es\/ca\/producto\/regenerat-amb-mon\/"]}]},{"@type":"ImageObject","inLanguage":"ca","@id":"https:\/\/mon.es\/ca\/producto\/regenerat-amb-mon\/#primaryimage","url":"https:\/\/mon.es\/wp-content\/uploads\/2021\/09\/pack-karite-mon-ok.jpg","contentUrl":"https:\/\/mon.es\/wp-content\/uploads\/2021\/09\/pack-karite-mon-ok.jpg","width":683,"height":1024},{"@type":"BreadcrumbList","@id":"https:\/\/mon.es\/ca\/producto\/regenerat-amb-mon\/#breadcrumb","itemListElement":[{"@type":"ListItem","position":1,"name":"Portada","item":"https:\/\/mon.es\/ca\/"},{"@type":"ListItem","position":2,"name":"Botiga","item":"https:\/\/mon.es\/ca\/botiga\/"},{"@type":"ListItem","position":3,"name":"Regenera&#8217;t amb MON"}]},{"@type":"WebSite","@id":"https:\/\/mon.es\/#website","url":"https:\/\/mon.es\/","name":"MON","description":"Natural cosmetics","publisher":{"@id":"https:\/\/mon.es\/#organization"},"potentialAction":[{"@type":"SearchAction","target":{"@type":"EntryPoint","urlTemplate":"https:\/\/mon.es\/?s={search_term_string}"},"query-input":{"@type":"PropertyValueSpecification","valueRequired":true,"valueName":"search_term_string"}}],"inLanguage":"ca"},{"@type":"Organization","@id":"https:\/\/mon.es\/#organization","name":"MON","url":"https:\/\/mon.es\/","logo":{"@type":"ImageObject","inLanguage":"ca","@id":"https:\/\/mon.es\/#\/schema\/logo\/image\/","url":"https:\/\/mon.es\/wp-content\/uploads\/2018\/11\/logo_mon.png","contentUrl":"https:\/\/mon.es\/wp-content\/uploads\/2018\/11\/logo_mon.png","width":424,"height":132,"caption":"MON"},"image":{"@id":"https:\/\/mon.es\/#\/schema\/logo\/image\/"}}]}},"_links":{"self":[{"href":"https:\/\/mon.es\/ca\/wp-json\/wp\/v2\/product\/46579","targetHints":{"allow":["GET"]}}],"collection":[{"href":"https:\/\/mon.es\/ca\/wp-json\/wp\/v2\/product"}],"about":[{"href":"https:\/\/mon.es\/ca\/wp-json\/wp\/v2\/types\/product"}],"replies":[{"embeddable":true,"href":"https:\/\/mon.es\/ca\/wp-json\/wp\/v2\/comments?post=46579"}],"wp:featuredmedia":[{"embeddable":true,"href":"https:\/\/mon.es\/ca\/wp-json\/wp\/v2\/media\/47052"}],"wp:attachment":[{"href":"https:\/\/mon.es\/ca\/wp-json\/wp\/v2\/media?parent=46579"}],"wp:term":[{"taxonomy":"product_brand","embeddable":true,"href":"https:\/\/mon.es\/ca\/wp-json\/wp\/v2\/product_brand?post=46579"},{"taxonomy":"product_cat","embeddable":true,"href":"https:\/\/mon.es\/ca\/wp-json\/wp\/v2\/product_cat?post=46579"},{"taxonomy":"product_tag","embeddable":true,"href":"https:\/\/mon.es\/ca\/wp-json\/wp\/v2\/product_tag?post=46579"},{"taxonomy":"producte_categoria","embeddable":true,"href":"https:\/\/mon.es\/ca\/wp-json\/wp\/v2\/producte_categoria?post=46579"}],"curies":[{"name":"wp","href":"https:\/\/api.w.org\/{rel}","templated":true}]}}