

{"id":46576,"date":"2020-10-30T09:34:45","date_gmt":"2023-02-04T09:58:05","guid":{"rendered":"https:\/\/mon.es\/producto\/llibre-guia-practica-de-aromaterapia\/"},"modified":"2025-10-06T11:58:51","modified_gmt":"2025-10-06T09:58:51","slug":"llibre-aromaterapia","status":"publish","type":"product","link":"https:\/\/mon.es\/ca\/producto\/llibre-aromaterapia\/","title":{"rendered":"Llibre \u201cGu\u00eda pr\u00e1ctica de aromaterapia\u201d"},"content":{"rendered":"<p class=\"p1\">Amb 30 anys d&#8217;experi\u00e8ncia treballant amb ess\u00e8ncies naturals, Joan Cano ens introdueix d&#8217;una manera pr\u00e0ctica en l&#8217;\u00fas de l&#8217;aromater\u00e0pia.<\/p>\n<p class=\"p2\">Receptes, trucs i consells per a treure-li el m\u00e0xim partit als olis essencials<\/p>\n","protected":false},"excerpt":{"rendered":"<p>Amb 30 anys d&#8217;experi\u00e8ncia treballant amb ess\u00e8ncies naturals, Joan Cano ens introdueix d&#8217;una manera pr\u00e0ctica en l&#8217;\u00fas de l&#8217;aromater\u00e0pia. Receptes, trucs i consells per a treure-li el m\u00e0xim partit als olis essencials<\/p>\n","protected":false},"featured_media":45917,"comment_status":"open","ping_status":"closed","template":"","meta":{"inline_featured_image":false},"product_brand":[],"product_cat":[501],"product_tag":[573],"producte_categoria":[],"class_list":{"0":"post-46576","1":"product","2":"type-product","3":"status-publish","4":"has-post-thumbnail","6":"product_cat-olis-essencials","7":"product_tag-llibres","9":"first","10":"outofstock","11":"shipping-taxable","12":"purchasable","13":"product-type-simple"},"yoast_head":"<!-- This site is optimized with the Yoast SEO plugin v27.1.1 - https:\/\/yoast.com\/product\/yoast-seo-wordpress\/ -->\n<title>Llibre \u201cGu\u00eda pr\u00e1ctica de aromaterapia\u201d - MON<\/title>\n<meta name=\"description\" content=\"Amb 30 anys d&#039;experi\u00e8ncia treballant amb ess\u00e8ncies naturals, Joan Cano ens introdueix d&#039;una manera pr\u00e0ctica en l&#039;\u00fas de l&#039;aromater\u00e0pia.\" \/>\n<meta name=\"robots\" content=\"index, follow, max-snippet:-1, max-image-preview:large, max-video-preview:-1\" \/>\n<link rel=\"canonical\" href=\"https:\/\/mon.es\/ca\/producto\/llibre-aromaterapia\/\" \/>\n<meta property=\"og:locale\" content=\"ca_ES\" \/>\n<meta property=\"og:type\" content=\"article\" \/>\n<meta property=\"og:title\" content=\"Llibre \u201cGu\u00eda pr\u00e1ctica de aromaterapia\u201d - MON\" \/>\n<meta property=\"og:description\" content=\"Amb 30 anys d&#039;experi\u00e8ncia treballant amb ess\u00e8ncies naturals, Joan Cano ens introdueix d&#039;una manera pr\u00e0ctica en l&#039;\u00fas de l&#039;aromater\u00e0pia.\" \/>\n<meta property=\"og:url\" content=\"https:\/\/mon.es\/ca\/producto\/llibre-aromaterapia\/\" \/>\n<meta property=\"og:site_name\" content=\"MON\" \/>\n<meta property=\"article:modified_time\" content=\"2025-10-06T09:58:51+00:00\" \/>\n<meta property=\"og:image\" content=\"https:\/\/mon.es\/wp-content\/uploads\/2020\/10\/libro-aromaterpia-2.jpg\" \/>\n\t<meta property=\"og:image:width\" content=\"683\" \/>\n\t<meta property=\"og:image:height\" content=\"1024\" \/>\n\t<meta property=\"og:image:type\" content=\"image\/jpeg\" \/>\n<meta name=\"twitter:card\" content=\"summary_large_image\" \/>\n<script type=\"application\/ld+json\" class=\"yoast-schema-graph\">{\"@context\":\"https:\/\/schema.org\",\"@graph\":[{\"@type\":\"WebPage\",\"@id\":\"https:\/\/mon.es\/ca\/producto\/llibre-aromaterapia\/\",\"url\":\"https:\/\/mon.es\/ca\/producto\/llibre-aromaterapia\/\",\"name\":\"Llibre \u201cGu\u00eda pr\u00e1ctica de aromaterapia\u201d - MON\",\"isPartOf\":{\"@id\":\"https:\/\/mon.es\/#website\"},\"primaryImageOfPage\":{\"@id\":\"https:\/\/mon.es\/ca\/producto\/llibre-aromaterapia\/#primaryimage\"},\"image\":{\"@id\":\"https:\/\/mon.es\/ca\/producto\/llibre-aromaterapia\/#primaryimage\"},\"thumbnailUrl\":\"https:\/\/mon.es\/wp-content\/uploads\/2020\/10\/libro-aromaterpia-2.jpg\",\"datePublished\":\"2023-02-04T09:58:05+00:00\",\"dateModified\":\"2025-10-06T09:58:51+00:00\",\"description\":\"Amb 30 anys d'experi\u00e8ncia treballant amb ess\u00e8ncies naturals, Joan Cano ens introdueix d'una manera pr\u00e0ctica en l'\u00fas de l'aromater\u00e0pia.\",\"breadcrumb\":{\"@id\":\"https:\/\/mon.es\/ca\/producto\/llibre-aromaterapia\/#breadcrumb\"},\"inLanguage\":\"ca\",\"potentialAction\":[{\"@type\":\"ReadAction\",\"target\":[\"https:\/\/mon.es\/ca\/producto\/llibre-aromaterapia\/\"]}]},{\"@type\":\"ImageObject\",\"inLanguage\":\"ca\",\"@id\":\"https:\/\/mon.es\/ca\/producto\/llibre-aromaterapia\/#primaryimage\",\"url\":\"https:\/\/mon.es\/wp-content\/uploads\/2020\/10\/libro-aromaterpia-2.jpg\",\"contentUrl\":\"https:\/\/mon.es\/wp-content\/uploads\/2020\/10\/libro-aromaterpia-2.jpg\",\"width\":683,\"height\":1024},{\"@type\":\"BreadcrumbList\",\"@id\":\"https:\/\/mon.es\/ca\/producto\/llibre-aromaterapia\/#breadcrumb\",\"itemListElement\":[{\"@type\":\"ListItem\",\"position\":1,\"name\":\"Portada\",\"item\":\"https:\/\/mon.es\/ca\/\"},{\"@type\":\"ListItem\",\"position\":2,\"name\":\"Botiga\",\"item\":\"https:\/\/mon.es\/ca\/botiga\/\"},{\"@type\":\"ListItem\",\"position\":3,\"name\":\"Llibre \u201cGu\u00eda pr\u00e1ctica de aromaterapia\u201d\"}]},{\"@type\":\"WebSite\",\"@id\":\"https:\/\/mon.es\/#website\",\"url\":\"https:\/\/mon.es\/\",\"name\":\"MON\",\"description\":\"Natural cosmetics\",\"publisher\":{\"@id\":\"https:\/\/mon.es\/#organization\"},\"potentialAction\":[{\"@type\":\"SearchAction\",\"target\":{\"@type\":\"EntryPoint\",\"urlTemplate\":\"https:\/\/mon.es\/?s={search_term_string}\"},\"query-input\":{\"@type\":\"PropertyValueSpecification\",\"valueRequired\":true,\"valueName\":\"search_term_string\"}}],\"inLanguage\":\"ca\"},{\"@type\":\"Organization\",\"@id\":\"https:\/\/mon.es\/#organization\",\"name\":\"MON\",\"url\":\"https:\/\/mon.es\/\",\"logo\":{\"@type\":\"ImageObject\",\"inLanguage\":\"ca\",\"@id\":\"https:\/\/mon.es\/#\/schema\/logo\/image\/\",\"url\":\"https:\/\/mon.es\/wp-content\/uploads\/2018\/11\/logo_mon.png\",\"contentUrl\":\"https:\/\/mon.es\/wp-content\/uploads\/2018\/11\/logo_mon.png\",\"width\":424,\"height\":132,\"caption\":\"MON\"},\"image\":{\"@id\":\"https:\/\/mon.es\/#\/schema\/logo\/image\/\"}}]}<\/script>\n<!-- \/ Yoast SEO plugin. -->","yoast_head_json":{"title":"Llibre \u201cGu\u00eda pr\u00e1ctica de aromaterapia\u201d - MON","description":"Amb 30 anys d'experi\u00e8ncia treballant amb ess\u00e8ncies naturals, Joan Cano ens introdueix d'una manera pr\u00e0ctica en l'\u00fas de l'aromater\u00e0pia.","robots":{"index":"index","follow":"follow","max-snippet":"max-snippet:-1","max-image-preview":"max-image-preview:large","max-video-preview":"max-video-preview:-1"},"canonical":"https:\/\/mon.es\/ca\/producto\/llibre-aromaterapia\/","og_locale":"ca_ES","og_type":"article","og_title":"Llibre \u201cGu\u00eda pr\u00e1ctica de aromaterapia\u201d - MON","og_description":"Amb 30 anys d'experi\u00e8ncia treballant amb ess\u00e8ncies naturals, Joan Cano ens introdueix d'una manera pr\u00e0ctica en l'\u00fas de l'aromater\u00e0pia.","og_url":"https:\/\/mon.es\/ca\/producto\/llibre-aromaterapia\/","og_site_name":"MON","article_modified_time":"2025-10-06T09:58:51+00:00","og_image":[{"width":683,"height":1024,"url":"https:\/\/mon.es\/wp-content\/uploads\/2020\/10\/libro-aromaterpia-2.jpg","type":"image\/jpeg"}],"twitter_card":"summary_large_image","schema":{"@context":"https:\/\/schema.org","@graph":[{"@type":"WebPage","@id":"https:\/\/mon.es\/ca\/producto\/llibre-aromaterapia\/","url":"https:\/\/mon.es\/ca\/producto\/llibre-aromaterapia\/","name":"Llibre \u201cGu\u00eda pr\u00e1ctica de aromaterapia\u201d - MON","isPartOf":{"@id":"https:\/\/mon.es\/#website"},"primaryImageOfPage":{"@id":"https:\/\/mon.es\/ca\/producto\/llibre-aromaterapia\/#primaryimage"},"image":{"@id":"https:\/\/mon.es\/ca\/producto\/llibre-aromaterapia\/#primaryimage"},"thumbnailUrl":"https:\/\/mon.es\/wp-content\/uploads\/2020\/10\/libro-aromaterpia-2.jpg","datePublished":"2023-02-04T09:58:05+00:00","dateModified":"2025-10-06T09:58:51+00:00","description":"Amb 30 anys d'experi\u00e8ncia treballant amb ess\u00e8ncies naturals, Joan Cano ens introdueix d'una manera pr\u00e0ctica en l'\u00fas de l'aromater\u00e0pia.","breadcrumb":{"@id":"https:\/\/mon.es\/ca\/producto\/llibre-aromaterapia\/#breadcrumb"},"inLanguage":"ca","potentialAction":[{"@type":"ReadAction","target":["https:\/\/mon.es\/ca\/producto\/llibre-aromaterapia\/"]}]},{"@type":"ImageObject","inLanguage":"ca","@id":"https:\/\/mon.es\/ca\/producto\/llibre-aromaterapia\/#primaryimage","url":"https:\/\/mon.es\/wp-content\/uploads\/2020\/10\/libro-aromaterpia-2.jpg","contentUrl":"https:\/\/mon.es\/wp-content\/uploads\/2020\/10\/libro-aromaterpia-2.jpg","width":683,"height":1024},{"@type":"BreadcrumbList","@id":"https:\/\/mon.es\/ca\/producto\/llibre-aromaterapia\/#breadcrumb","itemListElement":[{"@type":"ListItem","position":1,"name":"Portada","item":"https:\/\/mon.es\/ca\/"},{"@type":"ListItem","position":2,"name":"Botiga","item":"https:\/\/mon.es\/ca\/botiga\/"},{"@type":"ListItem","position":3,"name":"Llibre \u201cGu\u00eda pr\u00e1ctica de aromaterapia\u201d"}]},{"@type":"WebSite","@id":"https:\/\/mon.es\/#website","url":"https:\/\/mon.es\/","name":"MON","description":"Natural cosmetics","publisher":{"@id":"https:\/\/mon.es\/#organization"},"potentialAction":[{"@type":"SearchAction","target":{"@type":"EntryPoint","urlTemplate":"https:\/\/mon.es\/?s={search_term_string}"},"query-input":{"@type":"PropertyValueSpecification","valueRequired":true,"valueName":"search_term_string"}}],"inLanguage":"ca"},{"@type":"Organization","@id":"https:\/\/mon.es\/#organization","name":"MON","url":"https:\/\/mon.es\/","logo":{"@type":"ImageObject","inLanguage":"ca","@id":"https:\/\/mon.es\/#\/schema\/logo\/image\/","url":"https:\/\/mon.es\/wp-content\/uploads\/2018\/11\/logo_mon.png","contentUrl":"https:\/\/mon.es\/wp-content\/uploads\/2018\/11\/logo_mon.png","width":424,"height":132,"caption":"MON"},"image":{"@id":"https:\/\/mon.es\/#\/schema\/logo\/image\/"}}]}},"_links":{"self":[{"href":"https:\/\/mon.es\/ca\/wp-json\/wp\/v2\/product\/46576","targetHints":{"allow":["GET"]}}],"collection":[{"href":"https:\/\/mon.es\/ca\/wp-json\/wp\/v2\/product"}],"about":[{"href":"https:\/\/mon.es\/ca\/wp-json\/wp\/v2\/types\/product"}],"replies":[{"embeddable":true,"href":"https:\/\/mon.es\/ca\/wp-json\/wp\/v2\/comments?post=46576"}],"wp:featuredmedia":[{"embeddable":true,"href":"https:\/\/mon.es\/ca\/wp-json\/wp\/v2\/media\/45917"}],"wp:attachment":[{"href":"https:\/\/mon.es\/ca\/wp-json\/wp\/v2\/media?parent=46576"}],"wp:term":[{"taxonomy":"product_brand","embeddable":true,"href":"https:\/\/mon.es\/ca\/wp-json\/wp\/v2\/product_brand?post=46576"},{"taxonomy":"product_cat","embeddable":true,"href":"https:\/\/mon.es\/ca\/wp-json\/wp\/v2\/product_cat?post=46576"},{"taxonomy":"product_tag","embeddable":true,"href":"https:\/\/mon.es\/ca\/wp-json\/wp\/v2\/product_tag?post=46576"},{"taxonomy":"producte_categoria","embeddable":true,"href":"https:\/\/mon.es\/ca\/wp-json\/wp\/v2\/producte_categoria?post=46576"}],"curies":[{"name":"wp","href":"https:\/\/api.w.org\/{rel}","templated":true}]}}