

{"id":46563,"date":"2020-11-11T12:17:27","date_gmt":"2020-11-11T12:17:27","guid":{"rendered":"https:\/\/mon.es\/producto\/anti-dolor-2\/"},"modified":"2025-11-17T15:44:07","modified_gmt":"2025-11-17T13:44:07","slug":"anti-dolor-2","status":"publish","type":"product","link":"https:\/\/mon.es\/ca\/producto\/anti-dolor-2\/","title":{"rendered":"Anti dolor"},"content":{"rendered":"<p data-start=\"69\" data-end=\"257\">Una combinaci\u00f3 de 4 productes naturals i essencials com s\u00f3n l\u2019argila, l\u2019\u00e0rnica, el marduix i l\u2019Artiflex per tractar tot tipus de problemes musculars i articulars.<\/p>\n<p data-start=\"259\" data-end=\"304\">Cuida el teu dolor i redueix la inflamaci\u00f3.<\/p>\n","protected":false},"excerpt":{"rendered":"<p>Una combinaci\u00f3 de 4 productes naturals i essencials com s\u00f3n l\u2019argila, l\u2019\u00e0rnica, el marduix i l\u2019Artiflex per tractar tot tipus de problemes musculars i articulars. Cuida el teu dolor i redueix la inflamaci\u00f3.<\/p>\n","protected":false},"featured_media":58079,"comment_status":"open","ping_status":"closed","template":"","meta":{"inline_featured_image":false},"product_brand":[],"product_cat":[511,516],"product_tag":[577],"producte_categoria":[],"class_list":{"0":"post-46563","1":"product","2":"type-product","3":"status-publish","4":"has-post-thumbnail","6":"product_cat-productes-naturals-per-al-cos","7":"product_cat-tractaments-corporals","8":"product_tag-pack-natural-anti-dolor-ca","10":"first","11":"instock","12":"shipping-taxable","13":"purchasable","14":"product-type-simple"},"yoast_head":"<!-- This site is optimized with the Yoast SEO plugin v27.1.1 - https:\/\/yoast.com\/product\/yoast-seo-wordpress\/ -->\n<title>Anti dolor - M\u00f3nica Mercadal - MON<\/title>\n<meta name=\"description\" content=\"Fa ja alguns anys que em van diagnosticar artritis reumatoide i 2 h\u00e8rnies discals cervicals. La meva relaci\u00f3 amb el dolor i la inflamaci\u00f3.\" \/>\n<meta name=\"robots\" content=\"index, follow, max-snippet:-1, max-image-preview:large, max-video-preview:-1\" \/>\n<link rel=\"canonical\" href=\"https:\/\/mon.es\/ca\/producto\/anti-dolor-2\/\" \/>\n<meta property=\"og:locale\" content=\"ca_ES\" \/>\n<meta property=\"og:type\" content=\"article\" \/>\n<meta property=\"og:title\" content=\"Anti dolor - M\u00f3nica Mercadal - MON\" \/>\n<meta property=\"og:description\" content=\"Fa ja alguns anys que em van diagnosticar artritis reumatoide i 2 h\u00e8rnies discals cervicals. La meva relaci\u00f3 amb el dolor i la inflamaci\u00f3.\" \/>\n<meta property=\"og:url\" content=\"https:\/\/mon.es\/ca\/producto\/anti-dolor-2\/\" \/>\n<meta property=\"og:site_name\" content=\"MON\" \/>\n<meta property=\"article:modified_time\" content=\"2025-11-17T13:44:07+00:00\" \/>\n<meta property=\"og:image\" content=\"http:\/\/mon.es\/wp-content\/uploads\/2020\/11\/Montaje-anti-dolor-2024-mon.jpg\" \/>\n\t<meta property=\"og:image:width\" content=\"1150\" \/>\n\t<meta property=\"og:image:height\" content=\"1200\" \/>\n\t<meta property=\"og:image:type\" content=\"image\/jpeg\" \/>\n<meta name=\"twitter:card\" content=\"summary_large_image\" \/>\n<meta name=\"twitter:label1\" content=\"Temps estimat de lectura\" \/>\n\t<meta name=\"twitter:data1\" content=\"1 minut\" \/>\n<script type=\"application\/ld+json\" class=\"yoast-schema-graph\">{\"@context\":\"https:\/\/schema.org\",\"@graph\":[{\"@type\":\"WebPage\",\"@id\":\"https:\/\/mon.es\/ca\/producto\/anti-dolor-2\/\",\"url\":\"https:\/\/mon.es\/ca\/producto\/anti-dolor-2\/\",\"name\":\"Anti dolor - M\u00f3nica Mercadal - MON\",\"isPartOf\":{\"@id\":\"https:\/\/mon.es\/#website\"},\"primaryImageOfPage\":{\"@id\":\"https:\/\/mon.es\/ca\/producto\/anti-dolor-2\/#primaryimage\"},\"image\":{\"@id\":\"https:\/\/mon.es\/ca\/producto\/anti-dolor-2\/#primaryimage\"},\"thumbnailUrl\":\"https:\/\/mon.es\/wp-content\/uploads\/2020\/11\/Montaje-anti-dolor-2024-mon.jpg\",\"datePublished\":\"2020-11-11T12:17:27+00:00\",\"dateModified\":\"2025-11-17T13:44:07+00:00\",\"description\":\"Fa ja alguns anys que em van diagnosticar artritis reumatoide i 2 h\u00e8rnies discals cervicals. La meva relaci\u00f3 amb el dolor i la inflamaci\u00f3.\",\"breadcrumb\":{\"@id\":\"https:\/\/mon.es\/ca\/producto\/anti-dolor-2\/#breadcrumb\"},\"inLanguage\":\"ca\",\"potentialAction\":[{\"@type\":\"ReadAction\",\"target\":[\"https:\/\/mon.es\/ca\/producto\/anti-dolor-2\/\"]}]},{\"@type\":\"ImageObject\",\"inLanguage\":\"ca\",\"@id\":\"https:\/\/mon.es\/ca\/producto\/anti-dolor-2\/#primaryimage\",\"url\":\"https:\/\/mon.es\/wp-content\/uploads\/2020\/11\/Montaje-anti-dolor-2024-mon.jpg\",\"contentUrl\":\"https:\/\/mon.es\/wp-content\/uploads\/2020\/11\/Montaje-anti-dolor-2024-mon.jpg\",\"width\":1150,\"height\":1200},{\"@type\":\"BreadcrumbList\",\"@id\":\"https:\/\/mon.es\/ca\/producto\/anti-dolor-2\/#breadcrumb\",\"itemListElement\":[{\"@type\":\"ListItem\",\"position\":1,\"name\":\"Portada\",\"item\":\"https:\/\/mon.es\/ca\/\"},{\"@type\":\"ListItem\",\"position\":2,\"name\":\"Botiga\",\"item\":\"https:\/\/mon.es\/ca\/botiga\/\"},{\"@type\":\"ListItem\",\"position\":3,\"name\":\"Anti dolor\"}]},{\"@type\":\"WebSite\",\"@id\":\"https:\/\/mon.es\/#website\",\"url\":\"https:\/\/mon.es\/\",\"name\":\"MON\",\"description\":\"Natural cosmetics\",\"publisher\":{\"@id\":\"https:\/\/mon.es\/#organization\"},\"potentialAction\":[{\"@type\":\"SearchAction\",\"target\":{\"@type\":\"EntryPoint\",\"urlTemplate\":\"https:\/\/mon.es\/?s={search_term_string}\"},\"query-input\":{\"@type\":\"PropertyValueSpecification\",\"valueRequired\":true,\"valueName\":\"search_term_string\"}}],\"inLanguage\":\"ca\"},{\"@type\":\"Organization\",\"@id\":\"https:\/\/mon.es\/#organization\",\"name\":\"MON\",\"url\":\"https:\/\/mon.es\/\",\"logo\":{\"@type\":\"ImageObject\",\"inLanguage\":\"ca\",\"@id\":\"https:\/\/mon.es\/#\/schema\/logo\/image\/\",\"url\":\"https:\/\/mon.es\/wp-content\/uploads\/2018\/11\/logo_mon.png\",\"contentUrl\":\"https:\/\/mon.es\/wp-content\/uploads\/2018\/11\/logo_mon.png\",\"width\":424,\"height\":132,\"caption\":\"MON\"},\"image\":{\"@id\":\"https:\/\/mon.es\/#\/schema\/logo\/image\/\"}}]}<\/script>\n<!-- \/ Yoast SEO plugin. -->","yoast_head_json":{"title":"Anti dolor - M\u00f3nica Mercadal - MON","description":"Fa ja alguns anys que em van diagnosticar artritis reumatoide i 2 h\u00e8rnies discals cervicals. La meva relaci\u00f3 amb el dolor i la inflamaci\u00f3.","robots":{"index":"index","follow":"follow","max-snippet":"max-snippet:-1","max-image-preview":"max-image-preview:large","max-video-preview":"max-video-preview:-1"},"canonical":"https:\/\/mon.es\/ca\/producto\/anti-dolor-2\/","og_locale":"ca_ES","og_type":"article","og_title":"Anti dolor - M\u00f3nica Mercadal - MON","og_description":"Fa ja alguns anys que em van diagnosticar artritis reumatoide i 2 h\u00e8rnies discals cervicals. La meva relaci\u00f3 amb el dolor i la inflamaci\u00f3.","og_url":"https:\/\/mon.es\/ca\/producto\/anti-dolor-2\/","og_site_name":"MON","article_modified_time":"2025-11-17T13:44:07+00:00","og_image":[{"width":1150,"height":1200,"url":"http:\/\/mon.es\/wp-content\/uploads\/2020\/11\/Montaje-anti-dolor-2024-mon.jpg","type":"image\/jpeg"}],"twitter_card":"summary_large_image","twitter_misc":{"Temps estimat de lectura":"1 minut"},"schema":{"@context":"https:\/\/schema.org","@graph":[{"@type":"WebPage","@id":"https:\/\/mon.es\/ca\/producto\/anti-dolor-2\/","url":"https:\/\/mon.es\/ca\/producto\/anti-dolor-2\/","name":"Anti dolor - M\u00f3nica Mercadal - MON","isPartOf":{"@id":"https:\/\/mon.es\/#website"},"primaryImageOfPage":{"@id":"https:\/\/mon.es\/ca\/producto\/anti-dolor-2\/#primaryimage"},"image":{"@id":"https:\/\/mon.es\/ca\/producto\/anti-dolor-2\/#primaryimage"},"thumbnailUrl":"https:\/\/mon.es\/wp-content\/uploads\/2020\/11\/Montaje-anti-dolor-2024-mon.jpg","datePublished":"2020-11-11T12:17:27+00:00","dateModified":"2025-11-17T13:44:07+00:00","description":"Fa ja alguns anys que em van diagnosticar artritis reumatoide i 2 h\u00e8rnies discals cervicals. La meva relaci\u00f3 amb el dolor i la inflamaci\u00f3.","breadcrumb":{"@id":"https:\/\/mon.es\/ca\/producto\/anti-dolor-2\/#breadcrumb"},"inLanguage":"ca","potentialAction":[{"@type":"ReadAction","target":["https:\/\/mon.es\/ca\/producto\/anti-dolor-2\/"]}]},{"@type":"ImageObject","inLanguage":"ca","@id":"https:\/\/mon.es\/ca\/producto\/anti-dolor-2\/#primaryimage","url":"https:\/\/mon.es\/wp-content\/uploads\/2020\/11\/Montaje-anti-dolor-2024-mon.jpg","contentUrl":"https:\/\/mon.es\/wp-content\/uploads\/2020\/11\/Montaje-anti-dolor-2024-mon.jpg","width":1150,"height":1200},{"@type":"BreadcrumbList","@id":"https:\/\/mon.es\/ca\/producto\/anti-dolor-2\/#breadcrumb","itemListElement":[{"@type":"ListItem","position":1,"name":"Portada","item":"https:\/\/mon.es\/ca\/"},{"@type":"ListItem","position":2,"name":"Botiga","item":"https:\/\/mon.es\/ca\/botiga\/"},{"@type":"ListItem","position":3,"name":"Anti dolor"}]},{"@type":"WebSite","@id":"https:\/\/mon.es\/#website","url":"https:\/\/mon.es\/","name":"MON","description":"Natural cosmetics","publisher":{"@id":"https:\/\/mon.es\/#organization"},"potentialAction":[{"@type":"SearchAction","target":{"@type":"EntryPoint","urlTemplate":"https:\/\/mon.es\/?s={search_term_string}"},"query-input":{"@type":"PropertyValueSpecification","valueRequired":true,"valueName":"search_term_string"}}],"inLanguage":"ca"},{"@type":"Organization","@id":"https:\/\/mon.es\/#organization","name":"MON","url":"https:\/\/mon.es\/","logo":{"@type":"ImageObject","inLanguage":"ca","@id":"https:\/\/mon.es\/#\/schema\/logo\/image\/","url":"https:\/\/mon.es\/wp-content\/uploads\/2018\/11\/logo_mon.png","contentUrl":"https:\/\/mon.es\/wp-content\/uploads\/2018\/11\/logo_mon.png","width":424,"height":132,"caption":"MON"},"image":{"@id":"https:\/\/mon.es\/#\/schema\/logo\/image\/"}}]}},"_links":{"self":[{"href":"https:\/\/mon.es\/ca\/wp-json\/wp\/v2\/product\/46563","targetHints":{"allow":["GET"]}}],"collection":[{"href":"https:\/\/mon.es\/ca\/wp-json\/wp\/v2\/product"}],"about":[{"href":"https:\/\/mon.es\/ca\/wp-json\/wp\/v2\/types\/product"}],"replies":[{"embeddable":true,"href":"https:\/\/mon.es\/ca\/wp-json\/wp\/v2\/comments?post=46563"}],"wp:featuredmedia":[{"embeddable":true,"href":"https:\/\/mon.es\/ca\/wp-json\/wp\/v2\/media\/58079"}],"wp:attachment":[{"href":"https:\/\/mon.es\/ca\/wp-json\/wp\/v2\/media?parent=46563"}],"wp:term":[{"taxonomy":"product_brand","embeddable":true,"href":"https:\/\/mon.es\/ca\/wp-json\/wp\/v2\/product_brand?post=46563"},{"taxonomy":"product_cat","embeddable":true,"href":"https:\/\/mon.es\/ca\/wp-json\/wp\/v2\/product_cat?post=46563"},{"taxonomy":"product_tag","embeddable":true,"href":"https:\/\/mon.es\/ca\/wp-json\/wp\/v2\/product_tag?post=46563"},{"taxonomy":"producte_categoria","embeddable":true,"href":"https:\/\/mon.es\/ca\/wp-json\/wp\/v2\/producte_categoria?post=46563"}],"curies":[{"name":"wp","href":"https:\/\/api.w.org\/{rel}","templated":true}]}}