

{"id":46337,"date":"2021-08-31T06:35:06","date_gmt":"2021-08-31T06:35:06","guid":{"rendered":"https:\/\/mon.es\/producto\/pack-mimat\/"},"modified":"2025-11-18T09:10:06","modified_gmt":"2025-11-18T07:10:06","slug":"pack-mimat","status":"publish","type":"product","link":"https:\/\/mon.es\/ca\/producto\/pack-mimat\/","title":{"rendered":"Pack Mima&#8217;t"},"content":{"rendered":"<p>La mescla de cal\u00e8ndula i la rosa mosqueta \u00e9s una del\u00edcia per a la pell. Amb aquests tres cosm\u00e8tics d&#8217;\u00fas diari, la teva pell i els teus sentits t&#8217;ho agrairan immediatament. Encara no els coneixes? S\u00f3n uns cl\u00e0ssics de MON amb els quals estem molt content@s.<\/p>\n","protected":false},"excerpt":{"rendered":"<p>La mescla de cal\u00e8ndula i la rosa mosqueta \u00e9s una del\u00edcia per a la pell. Amb aquests tres cosm\u00e8tics d&#8217;\u00fas diari, la teva pell i els teus sentits t&#8217;ho agrairan immediatament. Encara no els coneixes? S\u00f3n uns cl\u00e0ssics de MON amb els quals estem molt content@s.<\/p>\n","protected":false},"featured_media":47049,"comment_status":"open","ping_status":"closed","template":"","meta":{"inline_featured_image":false},"product_brand":[],"product_cat":[511,516],"product_tag":[551],"producte_categoria":[],"class_list":{"0":"post-46337","1":"product","2":"type-product","3":"status-publish","4":"has-post-thumbnail","6":"product_cat-productes-naturals-per-al-cos","7":"product_cat-tractaments-corporals","8":"product_tag-cuida-la-teva-pell","10":"first","11":"instock","12":"shipping-taxable","13":"purchasable","14":"product-type-simple"},"yoast_head":"<!-- This site is optimized with the Yoast SEO plugin v27.1.1 - https:\/\/yoast.com\/product\/yoast-seo-wordpress\/ -->\n<title>\u25b7 Pack Mima&#039;t MON. 100% NATURAL. Cal\u00e8ndula i Rosa Mosqueta<\/title>\n<meta name=\"description\" content=\"La mescla de cal\u00e8ndula i la rosa mosqueta \u00e9s una del\u00edcia per a la pell. Amb aquests tres cosm\u00e8tics d&#039;\u00fas diari.\" \/>\n<meta name=\"robots\" content=\"index, follow, max-snippet:-1, max-image-preview:large, max-video-preview:-1\" \/>\n<link rel=\"canonical\" href=\"https:\/\/mon.es\/ca\/producto\/pack-mimat\/\" \/>\n<meta property=\"og:locale\" content=\"ca_ES\" \/>\n<meta property=\"og:type\" content=\"article\" \/>\n<meta property=\"og:title\" content=\"\u25b7 Pack Mima&#039;t MON. 100% NATURAL. Cal\u00e8ndula i Rosa Mosqueta\" \/>\n<meta property=\"og:description\" content=\"La mescla de cal\u00e8ndula i la rosa mosqueta \u00e9s una del\u00edcia per a la pell. Amb aquests tres cosm\u00e8tics d&#039;\u00fas diari.\" \/>\n<meta property=\"og:url\" content=\"https:\/\/mon.es\/ca\/producto\/pack-mimat\/\" \/>\n<meta property=\"og:site_name\" content=\"MON\" \/>\n<meta property=\"article:modified_time\" content=\"2025-11-18T07:10:06+00:00\" \/>\n<meta property=\"og:image\" content=\"http:\/\/mon.es\/wp-content\/uploads\/2021\/08\/pack-rosamosqueta-calendula-ok.jpg\" \/>\n\t<meta property=\"og:image:width\" content=\"683\" \/>\n\t<meta property=\"og:image:height\" content=\"1024\" \/>\n\t<meta property=\"og:image:type\" content=\"image\/jpeg\" \/>\n<meta name=\"twitter:card\" content=\"summary_large_image\" \/>\n<meta name=\"twitter:label1\" content=\"Temps estimat de lectura\" \/>\n\t<meta name=\"twitter:data1\" content=\"1 minut\" \/>\n<script type=\"application\/ld+json\" class=\"yoast-schema-graph\">{\"@context\":\"https:\/\/schema.org\",\"@graph\":[{\"@type\":\"WebPage\",\"@id\":\"https:\/\/mon.es\/ca\/producto\/pack-mimat\/\",\"url\":\"https:\/\/mon.es\/ca\/producto\/pack-mimat\/\",\"name\":\"\u25b7 Pack Mima't MON. 100% NATURAL. Cal\u00e8ndula i Rosa Mosqueta\",\"isPartOf\":{\"@id\":\"https:\/\/mon.es\/#website\"},\"primaryImageOfPage\":{\"@id\":\"https:\/\/mon.es\/ca\/producto\/pack-mimat\/#primaryimage\"},\"image\":{\"@id\":\"https:\/\/mon.es\/ca\/producto\/pack-mimat\/#primaryimage\"},\"thumbnailUrl\":\"https:\/\/mon.es\/wp-content\/uploads\/2021\/08\/pack-rosamosqueta-calendula-ok.jpg\",\"datePublished\":\"2021-08-31T06:35:06+00:00\",\"dateModified\":\"2025-11-18T07:10:06+00:00\",\"description\":\"La mescla de cal\u00e8ndula i la rosa mosqueta \u00e9s una del\u00edcia per a la pell. Amb aquests tres cosm\u00e8tics d'\u00fas diari.\",\"breadcrumb\":{\"@id\":\"https:\/\/mon.es\/ca\/producto\/pack-mimat\/#breadcrumb\"},\"inLanguage\":\"ca\",\"potentialAction\":[{\"@type\":\"ReadAction\",\"target\":[\"https:\/\/mon.es\/ca\/producto\/pack-mimat\/\"]}]},{\"@type\":\"ImageObject\",\"inLanguage\":\"ca\",\"@id\":\"https:\/\/mon.es\/ca\/producto\/pack-mimat\/#primaryimage\",\"url\":\"https:\/\/mon.es\/wp-content\/uploads\/2021\/08\/pack-rosamosqueta-calendula-ok.jpg\",\"contentUrl\":\"https:\/\/mon.es\/wp-content\/uploads\/2021\/08\/pack-rosamosqueta-calendula-ok.jpg\",\"width\":683,\"height\":1024},{\"@type\":\"BreadcrumbList\",\"@id\":\"https:\/\/mon.es\/ca\/producto\/pack-mimat\/#breadcrumb\",\"itemListElement\":[{\"@type\":\"ListItem\",\"position\":1,\"name\":\"Portada\",\"item\":\"https:\/\/mon.es\/ca\/\"},{\"@type\":\"ListItem\",\"position\":2,\"name\":\"Botiga\",\"item\":\"https:\/\/mon.es\/ca\/botiga\/\"},{\"@type\":\"ListItem\",\"position\":3,\"name\":\"Pack Mima&#8217;t\"}]},{\"@type\":\"WebSite\",\"@id\":\"https:\/\/mon.es\/#website\",\"url\":\"https:\/\/mon.es\/\",\"name\":\"MON\",\"description\":\"Natural cosmetics\",\"publisher\":{\"@id\":\"https:\/\/mon.es\/#organization\"},\"potentialAction\":[{\"@type\":\"SearchAction\",\"target\":{\"@type\":\"EntryPoint\",\"urlTemplate\":\"https:\/\/mon.es\/?s={search_term_string}\"},\"query-input\":{\"@type\":\"PropertyValueSpecification\",\"valueRequired\":true,\"valueName\":\"search_term_string\"}}],\"inLanguage\":\"ca\"},{\"@type\":\"Organization\",\"@id\":\"https:\/\/mon.es\/#organization\",\"name\":\"MON\",\"url\":\"https:\/\/mon.es\/\",\"logo\":{\"@type\":\"ImageObject\",\"inLanguage\":\"ca\",\"@id\":\"https:\/\/mon.es\/#\/schema\/logo\/image\/\",\"url\":\"https:\/\/mon.es\/wp-content\/uploads\/2018\/11\/logo_mon.png\",\"contentUrl\":\"https:\/\/mon.es\/wp-content\/uploads\/2018\/11\/logo_mon.png\",\"width\":424,\"height\":132,\"caption\":\"MON\"},\"image\":{\"@id\":\"https:\/\/mon.es\/#\/schema\/logo\/image\/\"}}]}<\/script>\n<!-- \/ Yoast SEO plugin. -->","yoast_head_json":{"title":"\u25b7 Pack Mima't MON. 100% NATURAL. Cal\u00e8ndula i Rosa Mosqueta","description":"La mescla de cal\u00e8ndula i la rosa mosqueta \u00e9s una del\u00edcia per a la pell. Amb aquests tres cosm\u00e8tics d'\u00fas diari.","robots":{"index":"index","follow":"follow","max-snippet":"max-snippet:-1","max-image-preview":"max-image-preview:large","max-video-preview":"max-video-preview:-1"},"canonical":"https:\/\/mon.es\/ca\/producto\/pack-mimat\/","og_locale":"ca_ES","og_type":"article","og_title":"\u25b7 Pack Mima't MON. 100% NATURAL. Cal\u00e8ndula i Rosa Mosqueta","og_description":"La mescla de cal\u00e8ndula i la rosa mosqueta \u00e9s una del\u00edcia per a la pell. Amb aquests tres cosm\u00e8tics d'\u00fas diari.","og_url":"https:\/\/mon.es\/ca\/producto\/pack-mimat\/","og_site_name":"MON","article_modified_time":"2025-11-18T07:10:06+00:00","og_image":[{"width":683,"height":1024,"url":"http:\/\/mon.es\/wp-content\/uploads\/2021\/08\/pack-rosamosqueta-calendula-ok.jpg","type":"image\/jpeg"}],"twitter_card":"summary_large_image","twitter_misc":{"Temps estimat de lectura":"1 minut"},"schema":{"@context":"https:\/\/schema.org","@graph":[{"@type":"WebPage","@id":"https:\/\/mon.es\/ca\/producto\/pack-mimat\/","url":"https:\/\/mon.es\/ca\/producto\/pack-mimat\/","name":"\u25b7 Pack Mima't MON. 100% NATURAL. Cal\u00e8ndula i Rosa Mosqueta","isPartOf":{"@id":"https:\/\/mon.es\/#website"},"primaryImageOfPage":{"@id":"https:\/\/mon.es\/ca\/producto\/pack-mimat\/#primaryimage"},"image":{"@id":"https:\/\/mon.es\/ca\/producto\/pack-mimat\/#primaryimage"},"thumbnailUrl":"https:\/\/mon.es\/wp-content\/uploads\/2021\/08\/pack-rosamosqueta-calendula-ok.jpg","datePublished":"2021-08-31T06:35:06+00:00","dateModified":"2025-11-18T07:10:06+00:00","description":"La mescla de cal\u00e8ndula i la rosa mosqueta \u00e9s una del\u00edcia per a la pell. Amb aquests tres cosm\u00e8tics d'\u00fas diari.","breadcrumb":{"@id":"https:\/\/mon.es\/ca\/producto\/pack-mimat\/#breadcrumb"},"inLanguage":"ca","potentialAction":[{"@type":"ReadAction","target":["https:\/\/mon.es\/ca\/producto\/pack-mimat\/"]}]},{"@type":"ImageObject","inLanguage":"ca","@id":"https:\/\/mon.es\/ca\/producto\/pack-mimat\/#primaryimage","url":"https:\/\/mon.es\/wp-content\/uploads\/2021\/08\/pack-rosamosqueta-calendula-ok.jpg","contentUrl":"https:\/\/mon.es\/wp-content\/uploads\/2021\/08\/pack-rosamosqueta-calendula-ok.jpg","width":683,"height":1024},{"@type":"BreadcrumbList","@id":"https:\/\/mon.es\/ca\/producto\/pack-mimat\/#breadcrumb","itemListElement":[{"@type":"ListItem","position":1,"name":"Portada","item":"https:\/\/mon.es\/ca\/"},{"@type":"ListItem","position":2,"name":"Botiga","item":"https:\/\/mon.es\/ca\/botiga\/"},{"@type":"ListItem","position":3,"name":"Pack Mima&#8217;t"}]},{"@type":"WebSite","@id":"https:\/\/mon.es\/#website","url":"https:\/\/mon.es\/","name":"MON","description":"Natural cosmetics","publisher":{"@id":"https:\/\/mon.es\/#organization"},"potentialAction":[{"@type":"SearchAction","target":{"@type":"EntryPoint","urlTemplate":"https:\/\/mon.es\/?s={search_term_string}"},"query-input":{"@type":"PropertyValueSpecification","valueRequired":true,"valueName":"search_term_string"}}],"inLanguage":"ca"},{"@type":"Organization","@id":"https:\/\/mon.es\/#organization","name":"MON","url":"https:\/\/mon.es\/","logo":{"@type":"ImageObject","inLanguage":"ca","@id":"https:\/\/mon.es\/#\/schema\/logo\/image\/","url":"https:\/\/mon.es\/wp-content\/uploads\/2018\/11\/logo_mon.png","contentUrl":"https:\/\/mon.es\/wp-content\/uploads\/2018\/11\/logo_mon.png","width":424,"height":132,"caption":"MON"},"image":{"@id":"https:\/\/mon.es\/#\/schema\/logo\/image\/"}}]}},"_links":{"self":[{"href":"https:\/\/mon.es\/ca\/wp-json\/wp\/v2\/product\/46337","targetHints":{"allow":["GET"]}}],"collection":[{"href":"https:\/\/mon.es\/ca\/wp-json\/wp\/v2\/product"}],"about":[{"href":"https:\/\/mon.es\/ca\/wp-json\/wp\/v2\/types\/product"}],"replies":[{"embeddable":true,"href":"https:\/\/mon.es\/ca\/wp-json\/wp\/v2\/comments?post=46337"}],"wp:featuredmedia":[{"embeddable":true,"href":"https:\/\/mon.es\/ca\/wp-json\/wp\/v2\/media\/47049"}],"wp:attachment":[{"href":"https:\/\/mon.es\/ca\/wp-json\/wp\/v2\/media?parent=46337"}],"wp:term":[{"taxonomy":"product_brand","embeddable":true,"href":"https:\/\/mon.es\/ca\/wp-json\/wp\/v2\/product_brand?post=46337"},{"taxonomy":"product_cat","embeddable":true,"href":"https:\/\/mon.es\/ca\/wp-json\/wp\/v2\/product_cat?post=46337"},{"taxonomy":"product_tag","embeddable":true,"href":"https:\/\/mon.es\/ca\/wp-json\/wp\/v2\/product_tag?post=46337"},{"taxonomy":"producte_categoria","embeddable":true,"href":"https:\/\/mon.es\/ca\/wp-json\/wp\/v2\/producte_categoria?post=46337"}],"curies":[{"name":"wp","href":"https:\/\/api.w.org\/{rel}","templated":true}]}}