

{"id":46289,"date":"2022-05-19T10:46:40","date_gmt":"2022-05-19T10:46:40","guid":{"rendered":"https:\/\/mon.es\/producto\/gelxampu-de-calendula-i-rosa-de-mosqueta\/"},"modified":"2026-02-06T09:34:56","modified_gmt":"2026-02-06T07:34:56","slug":"gelxampu-de-calendula-i-rosa-de-mosqueta","status":"publish","type":"product","link":"https:\/\/mon.es\/ca\/producto\/gelxampu-de-calendula-i-rosa-de-mosqueta\/","title":{"rendered":"Gel+Xamp\u00fa de Cal\u00e8ndula i Rosa de Mosqueta"},"content":{"rendered":"<p>Un cl\u00e0ssic de MON renovat. Aquest gel xamp\u00fa amb condicionador natural combina la suavitat de la cal\u00e8ndula, la regeneraci\u00f3 de la rosa mosqueta, glicerina vegetal hidratant i sal marina del Delta de l\u2019Ebre, rica en oligoelements per cuidar la pell i el cabell.<\/p>\n<h5><\/h5>\n","protected":false},"excerpt":{"rendered":"<p>Un cl\u00e0ssic de MON renovat. Aquest gel xamp\u00fa amb condicionador natural combina la suavitat de la cal\u00e8ndula, la regeneraci\u00f3 de la rosa mosqueta, glicerina vegetal hidratant i sal marina del Delta de l\u2019Ebre, rica en oligoelements per cuidar la pell i el cabell.<\/p>\n","protected":false},"featured_media":46066,"comment_status":"open","ping_status":"closed","template":"","meta":{"inline_featured_image":false},"product_brand":[],"product_cat":[502,511,515,503],"product_tag":[566],"producte_categoria":[671],"class_list":{"0":"post-46289","1":"product","2":"type-product","3":"status-publish","4":"has-post-thumbnail","6":"product_cat-productes-naturals-per-al-cabell","7":"product_cat-productes-naturals-per-al-cos","8":"product_cat-higiene-corporal-ca","9":"product_cat-xampus","10":"product_tag-hidratant","11":"producte_categoria-frescura-diaria-ca","13":"first","14":"instock","15":"shipping-taxable","16":"purchasable","17":"product-type-simple"},"yoast_head":"<!-- This site is optimized with the Yoast SEO plugin v27.1.1 - https:\/\/yoast.com\/product\/yoast-seo-wordpress\/ -->\n<title>Gel+Xamp\u00fa de Cal\u00e8ndula i Rosa de Mosqueta - Cosm\u00e8tica natural MON<\/title>\n<meta name=\"description\" content=\"Gel de bany de Rosa de Mosqueta i Cal\u00e8ndula ideal per a la cura de la teva pell i la de tota la fam\u00edlia. Procedent de cultiu ecol\u00f2gic.\" \/>\n<meta name=\"robots\" content=\"index, follow, max-snippet:-1, max-image-preview:large, max-video-preview:-1\" \/>\n<link rel=\"canonical\" href=\"https:\/\/mon.es\/ca\/producto\/gelxampu-de-calendula-i-rosa-de-mosqueta\/\" \/>\n<meta property=\"og:locale\" content=\"ca_ES\" \/>\n<meta property=\"og:type\" content=\"article\" \/>\n<meta property=\"og:title\" content=\"Gel+Xamp\u00fa de Cal\u00e8ndula i Rosa de Mosqueta - Cosm\u00e8tica natural MON\" \/>\n<meta property=\"og:description\" content=\"Gel de bany de Rosa de Mosqueta i Cal\u00e8ndula ideal per a la cura de la teva pell i la de tota la fam\u00edlia. Procedent de cultiu ecol\u00f2gic.\" \/>\n<meta property=\"og:url\" content=\"https:\/\/mon.es\/ca\/producto\/gelxampu-de-calendula-i-rosa-de-mosqueta\/\" \/>\n<meta property=\"og:site_name\" content=\"MON\" \/>\n<meta property=\"article:modified_time\" content=\"2026-02-06T07:34:56+00:00\" \/>\n<meta property=\"og:image\" content=\"http:\/\/mon.es\/wp-content\/uploads\/2022\/05\/new-gelcalendula.jpg\" \/>\n\t<meta property=\"og:image:width\" content=\"1500\" \/>\n\t<meta property=\"og:image:height\" content=\"2250\" \/>\n\t<meta property=\"og:image:type\" content=\"image\/jpeg\" \/>\n<meta name=\"twitter:card\" content=\"summary_large_image\" \/>\n<meta name=\"twitter:label1\" content=\"Temps estimat de lectura\" \/>\n\t<meta name=\"twitter:data1\" content=\"1 minut\" \/>\n<script type=\"application\/ld+json\" class=\"yoast-schema-graph\">{\"@context\":\"https:\/\/schema.org\",\"@graph\":[{\"@type\":\"WebPage\",\"@id\":\"https:\/\/mon.es\/ca\/producto\/gelxampu-de-calendula-i-rosa-de-mosqueta\/\",\"url\":\"https:\/\/mon.es\/ca\/producto\/gelxampu-de-calendula-i-rosa-de-mosqueta\/\",\"name\":\"Gel+Xamp\u00fa de Cal\u00e8ndula i Rosa de Mosqueta - Cosm\u00e8tica natural MON\",\"isPartOf\":{\"@id\":\"https:\/\/mon.es\/#website\"},\"primaryImageOfPage\":{\"@id\":\"https:\/\/mon.es\/ca\/producto\/gelxampu-de-calendula-i-rosa-de-mosqueta\/#primaryimage\"},\"image\":{\"@id\":\"https:\/\/mon.es\/ca\/producto\/gelxampu-de-calendula-i-rosa-de-mosqueta\/#primaryimage\"},\"thumbnailUrl\":\"https:\/\/mon.es\/wp-content\/uploads\/2022\/05\/new-gelcalendula.jpg\",\"datePublished\":\"2022-05-19T10:46:40+00:00\",\"dateModified\":\"2026-02-06T07:34:56+00:00\",\"description\":\"Gel de bany de Rosa de Mosqueta i Cal\u00e8ndula ideal per a la cura de la teva pell i la de tota la fam\u00edlia. Procedent de cultiu ecol\u00f2gic.\",\"breadcrumb\":{\"@id\":\"https:\/\/mon.es\/ca\/producto\/gelxampu-de-calendula-i-rosa-de-mosqueta\/#breadcrumb\"},\"inLanguage\":\"ca\",\"potentialAction\":[{\"@type\":\"ReadAction\",\"target\":[\"https:\/\/mon.es\/ca\/producto\/gelxampu-de-calendula-i-rosa-de-mosqueta\/\"]}]},{\"@type\":\"ImageObject\",\"inLanguage\":\"ca\",\"@id\":\"https:\/\/mon.es\/ca\/producto\/gelxampu-de-calendula-i-rosa-de-mosqueta\/#primaryimage\",\"url\":\"https:\/\/mon.es\/wp-content\/uploads\/2022\/05\/new-gelcalendula.jpg\",\"contentUrl\":\"https:\/\/mon.es\/wp-content\/uploads\/2022\/05\/new-gelcalendula.jpg\",\"width\":1500,\"height\":2250},{\"@type\":\"BreadcrumbList\",\"@id\":\"https:\/\/mon.es\/ca\/producto\/gelxampu-de-calendula-i-rosa-de-mosqueta\/#breadcrumb\",\"itemListElement\":[{\"@type\":\"ListItem\",\"position\":1,\"name\":\"Portada\",\"item\":\"https:\/\/mon.es\/ca\/\"},{\"@type\":\"ListItem\",\"position\":2,\"name\":\"Botiga\",\"item\":\"https:\/\/mon.es\/ca\/botiga\/\"},{\"@type\":\"ListItem\",\"position\":3,\"name\":\"Gel+Xamp\u00fa de Cal\u00e8ndula i Rosa de Mosqueta\"}]},{\"@type\":\"WebSite\",\"@id\":\"https:\/\/mon.es\/#website\",\"url\":\"https:\/\/mon.es\/\",\"name\":\"MON\",\"description\":\"Natural cosmetics\",\"publisher\":{\"@id\":\"https:\/\/mon.es\/#organization\"},\"potentialAction\":[{\"@type\":\"SearchAction\",\"target\":{\"@type\":\"EntryPoint\",\"urlTemplate\":\"https:\/\/mon.es\/?s={search_term_string}\"},\"query-input\":{\"@type\":\"PropertyValueSpecification\",\"valueRequired\":true,\"valueName\":\"search_term_string\"}}],\"inLanguage\":\"ca\"},{\"@type\":\"Organization\",\"@id\":\"https:\/\/mon.es\/#organization\",\"name\":\"MON\",\"url\":\"https:\/\/mon.es\/\",\"logo\":{\"@type\":\"ImageObject\",\"inLanguage\":\"ca\",\"@id\":\"https:\/\/mon.es\/#\/schema\/logo\/image\/\",\"url\":\"https:\/\/mon.es\/wp-content\/uploads\/2018\/11\/logo_mon.png\",\"contentUrl\":\"https:\/\/mon.es\/wp-content\/uploads\/2018\/11\/logo_mon.png\",\"width\":424,\"height\":132,\"caption\":\"MON\"},\"image\":{\"@id\":\"https:\/\/mon.es\/#\/schema\/logo\/image\/\"}}]}<\/script>\n<!-- \/ Yoast SEO plugin. -->","yoast_head_json":{"title":"Gel+Xamp\u00fa de Cal\u00e8ndula i Rosa de Mosqueta - Cosm\u00e8tica natural MON","description":"Gel de bany de Rosa de Mosqueta i Cal\u00e8ndula ideal per a la cura de la teva pell i la de tota la fam\u00edlia. Procedent de cultiu ecol\u00f2gic.","robots":{"index":"index","follow":"follow","max-snippet":"max-snippet:-1","max-image-preview":"max-image-preview:large","max-video-preview":"max-video-preview:-1"},"canonical":"https:\/\/mon.es\/ca\/producto\/gelxampu-de-calendula-i-rosa-de-mosqueta\/","og_locale":"ca_ES","og_type":"article","og_title":"Gel+Xamp\u00fa de Cal\u00e8ndula i Rosa de Mosqueta - Cosm\u00e8tica natural MON","og_description":"Gel de bany de Rosa de Mosqueta i Cal\u00e8ndula ideal per a la cura de la teva pell i la de tota la fam\u00edlia. Procedent de cultiu ecol\u00f2gic.","og_url":"https:\/\/mon.es\/ca\/producto\/gelxampu-de-calendula-i-rosa-de-mosqueta\/","og_site_name":"MON","article_modified_time":"2026-02-06T07:34:56+00:00","og_image":[{"width":1500,"height":2250,"url":"http:\/\/mon.es\/wp-content\/uploads\/2022\/05\/new-gelcalendula.jpg","type":"image\/jpeg"}],"twitter_card":"summary_large_image","twitter_misc":{"Temps estimat de lectura":"1 minut"},"schema":{"@context":"https:\/\/schema.org","@graph":[{"@type":"WebPage","@id":"https:\/\/mon.es\/ca\/producto\/gelxampu-de-calendula-i-rosa-de-mosqueta\/","url":"https:\/\/mon.es\/ca\/producto\/gelxampu-de-calendula-i-rosa-de-mosqueta\/","name":"Gel+Xamp\u00fa de Cal\u00e8ndula i Rosa de Mosqueta - Cosm\u00e8tica natural MON","isPartOf":{"@id":"https:\/\/mon.es\/#website"},"primaryImageOfPage":{"@id":"https:\/\/mon.es\/ca\/producto\/gelxampu-de-calendula-i-rosa-de-mosqueta\/#primaryimage"},"image":{"@id":"https:\/\/mon.es\/ca\/producto\/gelxampu-de-calendula-i-rosa-de-mosqueta\/#primaryimage"},"thumbnailUrl":"https:\/\/mon.es\/wp-content\/uploads\/2022\/05\/new-gelcalendula.jpg","datePublished":"2022-05-19T10:46:40+00:00","dateModified":"2026-02-06T07:34:56+00:00","description":"Gel de bany de Rosa de Mosqueta i Cal\u00e8ndula ideal per a la cura de la teva pell i la de tota la fam\u00edlia. Procedent de cultiu ecol\u00f2gic.","breadcrumb":{"@id":"https:\/\/mon.es\/ca\/producto\/gelxampu-de-calendula-i-rosa-de-mosqueta\/#breadcrumb"},"inLanguage":"ca","potentialAction":[{"@type":"ReadAction","target":["https:\/\/mon.es\/ca\/producto\/gelxampu-de-calendula-i-rosa-de-mosqueta\/"]}]},{"@type":"ImageObject","inLanguage":"ca","@id":"https:\/\/mon.es\/ca\/producto\/gelxampu-de-calendula-i-rosa-de-mosqueta\/#primaryimage","url":"https:\/\/mon.es\/wp-content\/uploads\/2022\/05\/new-gelcalendula.jpg","contentUrl":"https:\/\/mon.es\/wp-content\/uploads\/2022\/05\/new-gelcalendula.jpg","width":1500,"height":2250},{"@type":"BreadcrumbList","@id":"https:\/\/mon.es\/ca\/producto\/gelxampu-de-calendula-i-rosa-de-mosqueta\/#breadcrumb","itemListElement":[{"@type":"ListItem","position":1,"name":"Portada","item":"https:\/\/mon.es\/ca\/"},{"@type":"ListItem","position":2,"name":"Botiga","item":"https:\/\/mon.es\/ca\/botiga\/"},{"@type":"ListItem","position":3,"name":"Gel+Xamp\u00fa de Cal\u00e8ndula i Rosa de Mosqueta"}]},{"@type":"WebSite","@id":"https:\/\/mon.es\/#website","url":"https:\/\/mon.es\/","name":"MON","description":"Natural cosmetics","publisher":{"@id":"https:\/\/mon.es\/#organization"},"potentialAction":[{"@type":"SearchAction","target":{"@type":"EntryPoint","urlTemplate":"https:\/\/mon.es\/?s={search_term_string}"},"query-input":{"@type":"PropertyValueSpecification","valueRequired":true,"valueName":"search_term_string"}}],"inLanguage":"ca"},{"@type":"Organization","@id":"https:\/\/mon.es\/#organization","name":"MON","url":"https:\/\/mon.es\/","logo":{"@type":"ImageObject","inLanguage":"ca","@id":"https:\/\/mon.es\/#\/schema\/logo\/image\/","url":"https:\/\/mon.es\/wp-content\/uploads\/2018\/11\/logo_mon.png","contentUrl":"https:\/\/mon.es\/wp-content\/uploads\/2018\/11\/logo_mon.png","width":424,"height":132,"caption":"MON"},"image":{"@id":"https:\/\/mon.es\/#\/schema\/logo\/image\/"}}]}},"_links":{"self":[{"href":"https:\/\/mon.es\/ca\/wp-json\/wp\/v2\/product\/46289","targetHints":{"allow":["GET"]}}],"collection":[{"href":"https:\/\/mon.es\/ca\/wp-json\/wp\/v2\/product"}],"about":[{"href":"https:\/\/mon.es\/ca\/wp-json\/wp\/v2\/types\/product"}],"replies":[{"embeddable":true,"href":"https:\/\/mon.es\/ca\/wp-json\/wp\/v2\/comments?post=46289"}],"wp:featuredmedia":[{"embeddable":true,"href":"https:\/\/mon.es\/ca\/wp-json\/wp\/v2\/media\/46066"}],"wp:attachment":[{"href":"https:\/\/mon.es\/ca\/wp-json\/wp\/v2\/media?parent=46289"}],"wp:term":[{"taxonomy":"product_brand","embeddable":true,"href":"https:\/\/mon.es\/ca\/wp-json\/wp\/v2\/product_brand?post=46289"},{"taxonomy":"product_cat","embeddable":true,"href":"https:\/\/mon.es\/ca\/wp-json\/wp\/v2\/product_cat?post=46289"},{"taxonomy":"product_tag","embeddable":true,"href":"https:\/\/mon.es\/ca\/wp-json\/wp\/v2\/product_tag?post=46289"},{"taxonomy":"producte_categoria","embeddable":true,"href":"https:\/\/mon.es\/ca\/wp-json\/wp\/v2\/producte_categoria?post=46289"}],"curies":[{"name":"wp","href":"https:\/\/api.w.org\/{rel}","templated":true}]}}