

{"id":110544,"date":"2025-10-13T08:45:25","date_gmt":"2025-10-13T06:45:25","guid":{"rendered":"https:\/\/mon.es\/?post_type=product&#038;p=110544"},"modified":"2026-02-09T15:44:01","modified_gmt":"2026-02-09T13:44:01","slug":"llet-corporal-dermatologica","status":"publish","type":"product","link":"https:\/\/mon.es\/ca\/producto\/llet-corporal-dermatologica\/","title":{"rendered":"Llet corporal dermatol\u00f2gica"},"content":{"rendered":"<p>Llet corporal formulada per hidratar i nodrir di\u00e0riament les pells sensibles, reactives, seques o amb tend\u00e8ncia at\u00f2pica. Com a part d\u2019una l\u00ednia dermatol\u00f2gica pionera, certificada per Ecocert, aquesta llet garanteix una alta toler\u00e0ncia cut\u00e0nia i una formulaci\u00f3 segura, efica\u00e7 i respectuosa amb les pells m\u00e9s delicades.<\/p>\n","protected":false},"excerpt":{"rendered":"<p>Llet corporal formulada per hidratar i nodrir di\u00e0riament les pells sensibles, reactives, seques o amb tend\u00e8ncia at\u00f2pica. Com a part d\u2019una l\u00ednia dermatol\u00f2gica pionera, certificada per Ecocert, aquesta llet garanteix una alta toler\u00e0ncia cut\u00e0nia i una formulaci\u00f3 segura, efica\u00e7 i respectuosa amb les pells m\u00e9s delicades.<\/p>\n","protected":false},"featured_media":110542,"comment_status":"open","ping_status":"closed","template":"","meta":{"inline_featured_image":false},"product_brand":[],"product_cat":[513,511,678],"product_tag":[],"producte_categoria":[],"class_list":{"0":"post-110544","1":"product","2":"type-product","3":"status-publish","4":"has-post-thumbnail","6":"product_cat-body-milk-ca-2","7":"product_cat-productes-naturals-per-al-cos","8":"product_cat-productes-dermatologics","10":"first","11":"instock","12":"shipping-taxable","13":"purchasable","14":"product-type-simple"},"yoast_head":"<!-- This site is optimized with the Yoast SEO plugin v27.1.1 - https:\/\/yoast.com\/product\/yoast-seo-wordpress\/ -->\n<title>Llet corporal dermatol\u00f2gica - Cosm\u00e9tica natural y sostenible MON<\/title>\n<meta name=\"robots\" content=\"index, follow, max-snippet:-1, max-image-preview:large, max-video-preview:-1\" \/>\n<link rel=\"canonical\" href=\"https:\/\/mon.es\/ca\/producto\/llet-corporal-dermatologica\/\" \/>\n<meta property=\"og:locale\" content=\"ca_ES\" \/>\n<meta property=\"og:type\" content=\"article\" \/>\n<meta property=\"og:title\" content=\"Llet corporal dermatol\u00f2gica - Cosm\u00e9tica natural y sostenible MON\" \/>\n<meta property=\"og:description\" content=\"Llet corporal formulada per hidratar i nodrir di\u00e0riament les pells sensibles, reactives, seques o amb tend\u00e8ncia at\u00f2pica. Com a part d\u2019una l\u00ednia dermatol\u00f2gica pionera, certificada per Ecocert, aquesta llet garanteix una alta toler\u00e0ncia cut\u00e0nia i una formulaci\u00f3 segura, efica\u00e7 i respectuosa amb les pells m\u00e9s delicades.\" \/>\n<meta property=\"og:url\" content=\"https:\/\/mon.es\/ca\/producto\/llet-corporal-dermatologica\/\" \/>\n<meta property=\"og:site_name\" content=\"MON\" \/>\n<meta property=\"article:modified_time\" content=\"2026-02-09T13:44:01+00:00\" \/>\n<meta property=\"og:image\" content=\"http:\/\/mon.es\/wp-content\/uploads\/2025\/09\/leche-dermo-web.jpg\" \/>\n\t<meta property=\"og:image:width\" content=\"1366\" \/>\n\t<meta property=\"og:image:height\" content=\"2048\" \/>\n\t<meta property=\"og:image:type\" content=\"image\/jpeg\" \/>\n<meta name=\"twitter:card\" content=\"summary_large_image\" \/>\n<meta name=\"twitter:label1\" content=\"Temps estimat de lectura\" \/>\n\t<meta name=\"twitter:data1\" content=\"1 minut\" \/>\n<script type=\"application\/ld+json\" class=\"yoast-schema-graph\">{\"@context\":\"https:\/\/schema.org\",\"@graph\":[{\"@type\":\"WebPage\",\"@id\":\"https:\/\/mon.es\/ca\/producto\/llet-corporal-dermatologica\/\",\"url\":\"https:\/\/mon.es\/ca\/producto\/llet-corporal-dermatologica\/\",\"name\":\"Llet corporal dermatol\u00f2gica - Cosm\u00e9tica natural y sostenible MON\",\"isPartOf\":{\"@id\":\"https:\/\/mon.es\/#website\"},\"primaryImageOfPage\":{\"@id\":\"https:\/\/mon.es\/ca\/producto\/llet-corporal-dermatologica\/#primaryimage\"},\"image\":{\"@id\":\"https:\/\/mon.es\/ca\/producto\/llet-corporal-dermatologica\/#primaryimage\"},\"thumbnailUrl\":\"https:\/\/mon.es\/wp-content\/uploads\/2025\/09\/leche-dermo-web.jpg\",\"datePublished\":\"2025-10-13T06:45:25+00:00\",\"dateModified\":\"2026-02-09T13:44:01+00:00\",\"breadcrumb\":{\"@id\":\"https:\/\/mon.es\/ca\/producto\/llet-corporal-dermatologica\/#breadcrumb\"},\"inLanguage\":\"ca\",\"potentialAction\":[{\"@type\":\"ReadAction\",\"target\":[\"https:\/\/mon.es\/ca\/producto\/llet-corporal-dermatologica\/\"]}]},{\"@type\":\"ImageObject\",\"inLanguage\":\"ca\",\"@id\":\"https:\/\/mon.es\/ca\/producto\/llet-corporal-dermatologica\/#primaryimage\",\"url\":\"https:\/\/mon.es\/wp-content\/uploads\/2025\/09\/leche-dermo-web.jpg\",\"contentUrl\":\"https:\/\/mon.es\/wp-content\/uploads\/2025\/09\/leche-dermo-web.jpg\",\"width\":1366,\"height\":2048},{\"@type\":\"BreadcrumbList\",\"@id\":\"https:\/\/mon.es\/ca\/producto\/llet-corporal-dermatologica\/#breadcrumb\",\"itemListElement\":[{\"@type\":\"ListItem\",\"position\":1,\"name\":\"Portada\",\"item\":\"https:\/\/mon.es\/ca\/\"},{\"@type\":\"ListItem\",\"position\":2,\"name\":\"Botiga\",\"item\":\"https:\/\/mon.es\/ca\/botiga\/\"},{\"@type\":\"ListItem\",\"position\":3,\"name\":\"Llet corporal dermatol\u00f2gica\"}]},{\"@type\":\"WebSite\",\"@id\":\"https:\/\/mon.es\/#website\",\"url\":\"https:\/\/mon.es\/\",\"name\":\"MON\",\"description\":\"Natural cosmetics\",\"publisher\":{\"@id\":\"https:\/\/mon.es\/#organization\"},\"potentialAction\":[{\"@type\":\"SearchAction\",\"target\":{\"@type\":\"EntryPoint\",\"urlTemplate\":\"https:\/\/mon.es\/?s={search_term_string}\"},\"query-input\":{\"@type\":\"PropertyValueSpecification\",\"valueRequired\":true,\"valueName\":\"search_term_string\"}}],\"inLanguage\":\"ca\"},{\"@type\":\"Organization\",\"@id\":\"https:\/\/mon.es\/#organization\",\"name\":\"MON\",\"url\":\"https:\/\/mon.es\/\",\"logo\":{\"@type\":\"ImageObject\",\"inLanguage\":\"ca\",\"@id\":\"https:\/\/mon.es\/#\/schema\/logo\/image\/\",\"url\":\"https:\/\/mon.es\/wp-content\/uploads\/2018\/11\/logo_mon.png\",\"contentUrl\":\"https:\/\/mon.es\/wp-content\/uploads\/2018\/11\/logo_mon.png\",\"width\":424,\"height\":132,\"caption\":\"MON\"},\"image\":{\"@id\":\"https:\/\/mon.es\/#\/schema\/logo\/image\/\"}}]}<\/script>\n<!-- \/ Yoast SEO plugin. -->","yoast_head_json":{"title":"Llet corporal dermatol\u00f2gica - Cosm\u00e9tica natural y sostenible MON","robots":{"index":"index","follow":"follow","max-snippet":"max-snippet:-1","max-image-preview":"max-image-preview:large","max-video-preview":"max-video-preview:-1"},"canonical":"https:\/\/mon.es\/ca\/producto\/llet-corporal-dermatologica\/","og_locale":"ca_ES","og_type":"article","og_title":"Llet corporal dermatol\u00f2gica - Cosm\u00e9tica natural y sostenible MON","og_description":"Llet corporal formulada per hidratar i nodrir di\u00e0riament les pells sensibles, reactives, seques o amb tend\u00e8ncia at\u00f2pica. Com a part d\u2019una l\u00ednia dermatol\u00f2gica pionera, certificada per Ecocert, aquesta llet garanteix una alta toler\u00e0ncia cut\u00e0nia i una formulaci\u00f3 segura, efica\u00e7 i respectuosa amb les pells m\u00e9s delicades.","og_url":"https:\/\/mon.es\/ca\/producto\/llet-corporal-dermatologica\/","og_site_name":"MON","article_modified_time":"2026-02-09T13:44:01+00:00","og_image":[{"width":1366,"height":2048,"url":"http:\/\/mon.es\/wp-content\/uploads\/2025\/09\/leche-dermo-web.jpg","type":"image\/jpeg"}],"twitter_card":"summary_large_image","twitter_misc":{"Temps estimat de lectura":"1 minut"},"schema":{"@context":"https:\/\/schema.org","@graph":[{"@type":"WebPage","@id":"https:\/\/mon.es\/ca\/producto\/llet-corporal-dermatologica\/","url":"https:\/\/mon.es\/ca\/producto\/llet-corporal-dermatologica\/","name":"Llet corporal dermatol\u00f2gica - Cosm\u00e9tica natural y sostenible MON","isPartOf":{"@id":"https:\/\/mon.es\/#website"},"primaryImageOfPage":{"@id":"https:\/\/mon.es\/ca\/producto\/llet-corporal-dermatologica\/#primaryimage"},"image":{"@id":"https:\/\/mon.es\/ca\/producto\/llet-corporal-dermatologica\/#primaryimage"},"thumbnailUrl":"https:\/\/mon.es\/wp-content\/uploads\/2025\/09\/leche-dermo-web.jpg","datePublished":"2025-10-13T06:45:25+00:00","dateModified":"2026-02-09T13:44:01+00:00","breadcrumb":{"@id":"https:\/\/mon.es\/ca\/producto\/llet-corporal-dermatologica\/#breadcrumb"},"inLanguage":"ca","potentialAction":[{"@type":"ReadAction","target":["https:\/\/mon.es\/ca\/producto\/llet-corporal-dermatologica\/"]}]},{"@type":"ImageObject","inLanguage":"ca","@id":"https:\/\/mon.es\/ca\/producto\/llet-corporal-dermatologica\/#primaryimage","url":"https:\/\/mon.es\/wp-content\/uploads\/2025\/09\/leche-dermo-web.jpg","contentUrl":"https:\/\/mon.es\/wp-content\/uploads\/2025\/09\/leche-dermo-web.jpg","width":1366,"height":2048},{"@type":"BreadcrumbList","@id":"https:\/\/mon.es\/ca\/producto\/llet-corporal-dermatologica\/#breadcrumb","itemListElement":[{"@type":"ListItem","position":1,"name":"Portada","item":"https:\/\/mon.es\/ca\/"},{"@type":"ListItem","position":2,"name":"Botiga","item":"https:\/\/mon.es\/ca\/botiga\/"},{"@type":"ListItem","position":3,"name":"Llet corporal dermatol\u00f2gica"}]},{"@type":"WebSite","@id":"https:\/\/mon.es\/#website","url":"https:\/\/mon.es\/","name":"MON","description":"Natural cosmetics","publisher":{"@id":"https:\/\/mon.es\/#organization"},"potentialAction":[{"@type":"SearchAction","target":{"@type":"EntryPoint","urlTemplate":"https:\/\/mon.es\/?s={search_term_string}"},"query-input":{"@type":"PropertyValueSpecification","valueRequired":true,"valueName":"search_term_string"}}],"inLanguage":"ca"},{"@type":"Organization","@id":"https:\/\/mon.es\/#organization","name":"MON","url":"https:\/\/mon.es\/","logo":{"@type":"ImageObject","inLanguage":"ca","@id":"https:\/\/mon.es\/#\/schema\/logo\/image\/","url":"https:\/\/mon.es\/wp-content\/uploads\/2018\/11\/logo_mon.png","contentUrl":"https:\/\/mon.es\/wp-content\/uploads\/2018\/11\/logo_mon.png","width":424,"height":132,"caption":"MON"},"image":{"@id":"https:\/\/mon.es\/#\/schema\/logo\/image\/"}}]}},"_links":{"self":[{"href":"https:\/\/mon.es\/ca\/wp-json\/wp\/v2\/product\/110544","targetHints":{"allow":["GET"]}}],"collection":[{"href":"https:\/\/mon.es\/ca\/wp-json\/wp\/v2\/product"}],"about":[{"href":"https:\/\/mon.es\/ca\/wp-json\/wp\/v2\/types\/product"}],"replies":[{"embeddable":true,"href":"https:\/\/mon.es\/ca\/wp-json\/wp\/v2\/comments?post=110544"}],"wp:featuredmedia":[{"embeddable":true,"href":"https:\/\/mon.es\/ca\/wp-json\/wp\/v2\/media\/110542"}],"wp:attachment":[{"href":"https:\/\/mon.es\/ca\/wp-json\/wp\/v2\/media?parent=110544"}],"wp:term":[{"taxonomy":"product_brand","embeddable":true,"href":"https:\/\/mon.es\/ca\/wp-json\/wp\/v2\/product_brand?post=110544"},{"taxonomy":"product_cat","embeddable":true,"href":"https:\/\/mon.es\/ca\/wp-json\/wp\/v2\/product_cat?post=110544"},{"taxonomy":"product_tag","embeddable":true,"href":"https:\/\/mon.es\/ca\/wp-json\/wp\/v2\/product_tag?post=110544"},{"taxonomy":"producte_categoria","embeddable":true,"href":"https:\/\/mon.es\/ca\/wp-json\/wp\/v2\/producte_categoria?post=110544"}],"curies":[{"name":"wp","href":"https:\/\/api.w.org\/{rel}","templated":true}]}}