

{"id":46974,"date":"2023-02-15T09:40:57","date_gmt":"2023-02-15T09:40:57","guid":{"rendered":"https:\/\/mon.es\/punts-de-venta\/"},"modified":"2023-02-15T09:40:57","modified_gmt":"2023-02-15T09:40:57","slug":"punts-de-venta","status":"publish","type":"page","link":"https:\/\/mon.es\/ca\/punts-de-venta\/","title":{"rendered":"Punts de venta"},"content":{"rendered":"<p>Introdueix la teva localitzaci\u00f3 al nostre cercador i troba la teva botiga m\u00e9s propera on podr\u00e0s trobar tots els nostres productes a la venda (ciutat, codi postal o adre\u00e7a).<\/p>\n","protected":false},"excerpt":{"rendered":"<p>Introdueix la teva localitzaci\u00f3 al nostre cercador i troba la teva botiga m\u00e9s propera on podr\u00e0s trobar tots els nostres productes a la venda (ciutat, codi postal o adre\u00e7a).<\/p>\n","protected":false},"author":1,"featured_media":0,"parent":0,"menu_order":0,"comment_status":"closed","ping_status":"closed","template":"template-puntosdeventa.php","meta":{"inline_featured_image":false,"footnotes":""},"class_list":["post-46974","page","type-page","status-publish","hentry"],"yoast_head":"<!-- This site is optimized with the Yoast SEO plugin v27.1.1 - https:\/\/yoast.com\/product\/yoast-seo-wordpress\/ -->\n<title>Punts de venta - MON<\/title>\n<meta name=\"robots\" content=\"index, follow, max-snippet:-1, max-image-preview:large, max-video-preview:-1\" \/>\n<link rel=\"canonical\" href=\"https:\/\/mon.es\/ca\/punts-de-venta\/\" \/>\n<meta property=\"og:locale\" content=\"ca_ES\" \/>\n<meta property=\"og:type\" content=\"article\" \/>\n<meta property=\"og:title\" content=\"Punts de venta - MON\" \/>\n<meta property=\"og:description\" content=\"Introdueix la teva localitzaci\u00f3 al nostre cercador i troba la teva botiga m\u00e9s propera on podr\u00e0s trobar tots els nostres productes a la venda (ciutat, codi postal o adre\u00e7a).\" \/>\n<meta property=\"og:url\" content=\"https:\/\/mon.es\/ca\/punts-de-venta\/\" \/>\n<meta property=\"og:site_name\" content=\"MON\" \/>\n<meta name=\"twitter:card\" content=\"summary_large_image\" \/>\n<script type=\"application\/ld+json\" class=\"yoast-schema-graph\">{\"@context\":\"https:\/\/schema.org\",\"@graph\":[{\"@type\":\"WebPage\",\"@id\":\"https:\/\/mon.es\/ca\/punts-de-venta\/\",\"url\":\"https:\/\/mon.es\/ca\/punts-de-venta\/\",\"name\":\"Punts de venta - MON\",\"isPartOf\":{\"@id\":\"https:\/\/mon.es\/#website\"},\"datePublished\":\"2023-02-15T09:40:57+00:00\",\"breadcrumb\":{\"@id\":\"https:\/\/mon.es\/ca\/punts-de-venta\/#breadcrumb\"},\"inLanguage\":\"ca\",\"potentialAction\":[{\"@type\":\"ReadAction\",\"target\":[\"https:\/\/mon.es\/ca\/punts-de-venta\/\"]}]},{\"@type\":\"BreadcrumbList\",\"@id\":\"https:\/\/mon.es\/ca\/punts-de-venta\/#breadcrumb\",\"itemListElement\":[{\"@type\":\"ListItem\",\"position\":1,\"name\":\"Portada\",\"item\":\"https:\/\/mon.es\/ca\/\"},{\"@type\":\"ListItem\",\"position\":2,\"name\":\"Punts de venta\"}]},{\"@type\":\"WebSite\",\"@id\":\"https:\/\/mon.es\/#website\",\"url\":\"https:\/\/mon.es\/\",\"name\":\"MON\",\"description\":\"Natural cosmetics\",\"publisher\":{\"@id\":\"https:\/\/mon.es\/#organization\"},\"potentialAction\":[{\"@type\":\"SearchAction\",\"target\":{\"@type\":\"EntryPoint\",\"urlTemplate\":\"https:\/\/mon.es\/?s={search_term_string}\"},\"query-input\":{\"@type\":\"PropertyValueSpecification\",\"valueRequired\":true,\"valueName\":\"search_term_string\"}}],\"inLanguage\":\"ca\"},{\"@type\":\"Organization\",\"@id\":\"https:\/\/mon.es\/#organization\",\"name\":\"MON\",\"url\":\"https:\/\/mon.es\/\",\"logo\":{\"@type\":\"ImageObject\",\"inLanguage\":\"ca\",\"@id\":\"https:\/\/mon.es\/#\/schema\/logo\/image\/\",\"url\":\"https:\/\/mon.es\/wp-content\/uploads\/2018\/11\/logo_mon.png\",\"contentUrl\":\"https:\/\/mon.es\/wp-content\/uploads\/2018\/11\/logo_mon.png\",\"width\":424,\"height\":132,\"caption\":\"MON\"},\"image\":{\"@id\":\"https:\/\/mon.es\/#\/schema\/logo\/image\/\"}}]}<\/script>\n<!-- \/ Yoast SEO plugin. -->","yoast_head_json":{"title":"Punts de venta - MON","robots":{"index":"index","follow":"follow","max-snippet":"max-snippet:-1","max-image-preview":"max-image-preview:large","max-video-preview":"max-video-preview:-1"},"canonical":"https:\/\/mon.es\/ca\/punts-de-venta\/","og_locale":"ca_ES","og_type":"article","og_title":"Punts de venta - MON","og_description":"Introdueix la teva localitzaci\u00f3 al nostre cercador i troba la teva botiga m\u00e9s propera on podr\u00e0s trobar tots els nostres productes a la venda (ciutat, codi postal o adre\u00e7a).","og_url":"https:\/\/mon.es\/ca\/punts-de-venta\/","og_site_name":"MON","twitter_card":"summary_large_image","schema":{"@context":"https:\/\/schema.org","@graph":[{"@type":"WebPage","@id":"https:\/\/mon.es\/ca\/punts-de-venta\/","url":"https:\/\/mon.es\/ca\/punts-de-venta\/","name":"Punts de venta - MON","isPartOf":{"@id":"https:\/\/mon.es\/#website"},"datePublished":"2023-02-15T09:40:57+00:00","breadcrumb":{"@id":"https:\/\/mon.es\/ca\/punts-de-venta\/#breadcrumb"},"inLanguage":"ca","potentialAction":[{"@type":"ReadAction","target":["https:\/\/mon.es\/ca\/punts-de-venta\/"]}]},{"@type":"BreadcrumbList","@id":"https:\/\/mon.es\/ca\/punts-de-venta\/#breadcrumb","itemListElement":[{"@type":"ListItem","position":1,"name":"Portada","item":"https:\/\/mon.es\/ca\/"},{"@type":"ListItem","position":2,"name":"Punts de venta"}]},{"@type":"WebSite","@id":"https:\/\/mon.es\/#website","url":"https:\/\/mon.es\/","name":"MON","description":"Natural cosmetics","publisher":{"@id":"https:\/\/mon.es\/#organization"},"potentialAction":[{"@type":"SearchAction","target":{"@type":"EntryPoint","urlTemplate":"https:\/\/mon.es\/?s={search_term_string}"},"query-input":{"@type":"PropertyValueSpecification","valueRequired":true,"valueName":"search_term_string"}}],"inLanguage":"ca"},{"@type":"Organization","@id":"https:\/\/mon.es\/#organization","name":"MON","url":"https:\/\/mon.es\/","logo":{"@type":"ImageObject","inLanguage":"ca","@id":"https:\/\/mon.es\/#\/schema\/logo\/image\/","url":"https:\/\/mon.es\/wp-content\/uploads\/2018\/11\/logo_mon.png","contentUrl":"https:\/\/mon.es\/wp-content\/uploads\/2018\/11\/logo_mon.png","width":424,"height":132,"caption":"MON"},"image":{"@id":"https:\/\/mon.es\/#\/schema\/logo\/image\/"}}]}},"_links":{"self":[{"href":"https:\/\/mon.es\/ca\/wp-json\/wp\/v2\/pages\/46974","targetHints":{"allow":["GET"]}}],"collection":[{"href":"https:\/\/mon.es\/ca\/wp-json\/wp\/v2\/pages"}],"about":[{"href":"https:\/\/mon.es\/ca\/wp-json\/wp\/v2\/types\/page"}],"author":[{"embeddable":true,"href":"https:\/\/mon.es\/ca\/wp-json\/wp\/v2\/users\/1"}],"replies":[{"embeddable":true,"href":"https:\/\/mon.es\/ca\/wp-json\/wp\/v2\/comments?post=46974"}],"version-history":[{"count":0,"href":"https:\/\/mon.es\/ca\/wp-json\/wp\/v2\/pages\/46974\/revisions"}],"wp:attachment":[{"href":"https:\/\/mon.es\/ca\/wp-json\/wp\/v2\/media?parent=46974"}],"curies":[{"name":"wp","href":"https:\/\/api.w.org\/{rel}","templated":true}]}}