

{"id":46965,"date":"2023-02-15T09:29:06","date_gmt":"2023-02-15T09:29:06","guid":{"rendered":"https:\/\/mon.es\/contacte\/"},"modified":"2023-02-15T10:32:55","modified_gmt":"2023-02-15T10:32:55","slug":"contacte","status":"publish","type":"page","link":"https:\/\/mon.es\/ca\/contacte\/","title":{"rendered":"Contacte"},"content":{"rendered":"\n<div class=\"wpcf7 no-js\" id=\"wpcf7-f47020-o1\" lang=\"es-ES\" dir=\"ltr\" data-wpcf7-id=\"47020\">\n<div class=\"screen-reader-response\"><p role=\"status\" aria-live=\"polite\" aria-atomic=\"true\"><\/p> <ul><\/ul><\/div>\n<form action=\"\/ca\/wp-json\/wp\/v2\/pages\/46965#wpcf7-f47020-o1\" method=\"post\" class=\"wpcf7-form init\" aria-label=\"Formulario de contacto\" novalidate=\"novalidate\" data-status=\"init\">\n<fieldset class=\"hidden-fields-container\"><input type=\"hidden\" name=\"_wpcf7\" value=\"47020\" \/><input type=\"hidden\" name=\"_wpcf7_version\" value=\"6.1.5\" \/><input type=\"hidden\" name=\"_wpcf7_locale\" value=\"es_ES\" \/><input type=\"hidden\" name=\"_wpcf7_unit_tag\" value=\"wpcf7-f47020-o1\" \/><input type=\"hidden\" name=\"_wpcf7_container_post\" value=\"0\" \/><input type=\"hidden\" name=\"_wpcf7_posted_data_hash\" value=\"\" \/><input type=\"hidden\" name=\"_wpcf7_recaptcha_response\" value=\"\" \/>\n<\/fieldset>\n<p><label>Nom<\/label><br \/>\n<span class=\"wpcf7-form-control-wrap\" data-name=\"your-name\"><input size=\"40\" maxlength=\"400\" class=\"wpcf7-form-control wpcf7-text wpcf7-validates-as-required\" aria-required=\"true\" aria-invalid=\"false\" value=\"\" type=\"text\" name=\"your-name\" \/><\/span>\n<\/p>\n<p><label>Email<\/label><br \/>\n<span class=\"wpcf7-form-control-wrap\" data-name=\"your-email\"><input size=\"40\" maxlength=\"400\" class=\"wpcf7-form-control wpcf7-email wpcf7-validates-as-required wpcf7-text wpcf7-validates-as-email\" aria-required=\"true\" aria-invalid=\"false\" value=\"\" type=\"email\" name=\"your-email\" \/><\/span>\n<\/p>\n<p><label>Assumpte<\/label><br \/>\n<span class=\"wpcf7-form-control-wrap\" data-name=\"your-subject\"><input size=\"40\" maxlength=\"400\" class=\"wpcf7-form-control wpcf7-text\" aria-invalid=\"false\" value=\"\" type=\"text\" name=\"your-subject\" \/><\/span>\n<\/p>\n<p><label>Missatge<\/label><br \/>\n<span class=\"wpcf7-form-control-wrap\" data-name=\"your-message\"><textarea cols=\"40\" rows=\"10\" maxlength=\"2000\" class=\"wpcf7-form-control wpcf7-textarea\" aria-invalid=\"false\" name=\"your-message\"><\/textarea><\/span>\n<\/p>\n<p><label class=\"legal\"><span class=\"wpcf7-form-control-wrap\" data-name=\"acceptance-945\"><span class=\"wpcf7-form-control wpcf7-acceptance\"><span class=\"wpcf7-list-item\"><input type=\"checkbox\" name=\"acceptance-945\" value=\"1\" aria-invalid=\"false\" \/><\/span><\/span><\/span> La comunicaci\u00f3 enviada quedar\u00e0 incorporada a un fitxer del qual n'\u00e9s responsable BIOFACTORY S.L. (LOPD) i el Reial Decret 1720\/2007 de desenvolupament de la LOPD), sobre protecci\u00f3 de dades. Les vostres dades no es comunicaran a tercers, excepte per obligaci\u00f3 legal, i es mantindran mentre no sol\u00b7licite la cancel\u00b7laci\u00f3. En qualsevol moment podeu exercir els drets d'acc\u00e9s, rectificaci\u00f3, portabilitat i oposici\u00f3, o si escau, a la limitaci\u00f3 i\/o cancel\u00b7laci\u00f3 del tractament, comunicant-ho per escrit, indicant les vostres dades personals a Cortit 16 08027, Barcelona o mitjan\u00e7ant un email a info@mon.es <\/label>\n<\/p>\n<p><input class=\"wpcf7-form-control wpcf7-submit has-spinner\" type=\"submit\" value=\"Envia\" \/>\n<\/p><input type='hidden' class='wpcf7-pum' value='{\"closepopup\":false,\"closedelay\":0,\"openpopup\":false,\"openpopup_id\":0}' \/><div class=\"wpcf7-response-output\" aria-hidden=\"true\"><\/div>\n<\/form>\n<\/div>\n\n","protected":false},"excerpt":{"rendered":"","protected":false},"author":1,"featured_media":0,"parent":0,"menu_order":0,"comment_status":"closed","ping_status":"closed","template":"template-contacto.php","meta":{"inline_featured_image":false,"footnotes":""},"class_list":["post-46965","page","type-page","status-publish","hentry"],"yoast_head":"<!-- This site is optimized with the Yoast SEO plugin v27.1.1 - https:\/\/yoast.com\/product\/yoast-seo-wordpress\/ -->\n<title>Contacte - MON<\/title>\n<meta name=\"robots\" content=\"noindex, follow\" \/>\n<meta property=\"og:locale\" content=\"ca_ES\" \/>\n<meta property=\"og:type\" content=\"article\" \/>\n<meta property=\"og:title\" content=\"Contacte - MON\" \/>\n<meta property=\"og:url\" content=\"https:\/\/mon.es\/contacto\/\" \/>\n<meta property=\"og:site_name\" content=\"MON\" \/>\n<meta property=\"article:modified_time\" content=\"2023-02-15T10:32:55+00:00\" \/>\n<meta name=\"twitter:card\" content=\"summary_large_image\" \/>\n<meta name=\"twitter:label1\" content=\"Temps estimat de lectura\" \/>\n\t<meta name=\"twitter:data1\" content=\"1 minut\" \/>\n<script type=\"application\/ld+json\" class=\"yoast-schema-graph\">{\"@context\":\"https:\/\/schema.org\",\"@graph\":[{\"@type\":\"WebPage\",\"@id\":\"https:\/\/mon.es\/contacto\/\",\"url\":\"https:\/\/mon.es\/contacto\/\",\"name\":\"Contacte - MON\",\"isPartOf\":{\"@id\":\"https:\/\/mon.es\/#website\"},\"datePublished\":\"2023-02-15T09:29:06+00:00\",\"dateModified\":\"2023-02-15T10:32:55+00:00\",\"breadcrumb\":{\"@id\":\"https:\/\/mon.es\/contacto\/#breadcrumb\"},\"inLanguage\":\"ca\",\"potentialAction\":[{\"@type\":\"ReadAction\",\"target\":[\"https:\/\/mon.es\/contacto\/\"]}]},{\"@type\":\"BreadcrumbList\",\"@id\":\"https:\/\/mon.es\/contacto\/#breadcrumb\",\"itemListElement\":[{\"@type\":\"ListItem\",\"position\":1,\"name\":\"Portada\",\"item\":\"https:\/\/mon.es\/ca\/\"},{\"@type\":\"ListItem\",\"position\":2,\"name\":\"Contacte\"}]},{\"@type\":\"WebSite\",\"@id\":\"https:\/\/mon.es\/#website\",\"url\":\"https:\/\/mon.es\/\",\"name\":\"MON\",\"description\":\"Natural cosmetics\",\"publisher\":{\"@id\":\"https:\/\/mon.es\/#organization\"},\"potentialAction\":[{\"@type\":\"SearchAction\",\"target\":{\"@type\":\"EntryPoint\",\"urlTemplate\":\"https:\/\/mon.es\/?s={search_term_string}\"},\"query-input\":{\"@type\":\"PropertyValueSpecification\",\"valueRequired\":true,\"valueName\":\"search_term_string\"}}],\"inLanguage\":\"ca\"},{\"@type\":\"Organization\",\"@id\":\"https:\/\/mon.es\/#organization\",\"name\":\"MON\",\"url\":\"https:\/\/mon.es\/\",\"logo\":{\"@type\":\"ImageObject\",\"inLanguage\":\"ca\",\"@id\":\"https:\/\/mon.es\/#\/schema\/logo\/image\/\",\"url\":\"https:\/\/mon.es\/wp-content\/uploads\/2018\/11\/logo_mon.png\",\"contentUrl\":\"https:\/\/mon.es\/wp-content\/uploads\/2018\/11\/logo_mon.png\",\"width\":424,\"height\":132,\"caption\":\"MON\"},\"image\":{\"@id\":\"https:\/\/mon.es\/#\/schema\/logo\/image\/\"}}]}<\/script>\n<!-- \/ Yoast SEO plugin. -->","yoast_head_json":{"title":"Contacte - MON","robots":{"index":"noindex","follow":"follow"},"og_locale":"ca_ES","og_type":"article","og_title":"Contacte - MON","og_url":"https:\/\/mon.es\/contacto\/","og_site_name":"MON","article_modified_time":"2023-02-15T10:32:55+00:00","twitter_card":"summary_large_image","twitter_misc":{"Temps estimat de lectura":"1 minut"},"schema":{"@context":"https:\/\/schema.org","@graph":[{"@type":"WebPage","@id":"https:\/\/mon.es\/contacto\/","url":"https:\/\/mon.es\/contacto\/","name":"Contacte - MON","isPartOf":{"@id":"https:\/\/mon.es\/#website"},"datePublished":"2023-02-15T09:29:06+00:00","dateModified":"2023-02-15T10:32:55+00:00","breadcrumb":{"@id":"https:\/\/mon.es\/contacto\/#breadcrumb"},"inLanguage":"ca","potentialAction":[{"@type":"ReadAction","target":["https:\/\/mon.es\/contacto\/"]}]},{"@type":"BreadcrumbList","@id":"https:\/\/mon.es\/contacto\/#breadcrumb","itemListElement":[{"@type":"ListItem","position":1,"name":"Portada","item":"https:\/\/mon.es\/ca\/"},{"@type":"ListItem","position":2,"name":"Contacte"}]},{"@type":"WebSite","@id":"https:\/\/mon.es\/#website","url":"https:\/\/mon.es\/","name":"MON","description":"Natural cosmetics","publisher":{"@id":"https:\/\/mon.es\/#organization"},"potentialAction":[{"@type":"SearchAction","target":{"@type":"EntryPoint","urlTemplate":"https:\/\/mon.es\/?s={search_term_string}"},"query-input":{"@type":"PropertyValueSpecification","valueRequired":true,"valueName":"search_term_string"}}],"inLanguage":"ca"},{"@type":"Organization","@id":"https:\/\/mon.es\/#organization","name":"MON","url":"https:\/\/mon.es\/","logo":{"@type":"ImageObject","inLanguage":"ca","@id":"https:\/\/mon.es\/#\/schema\/logo\/image\/","url":"https:\/\/mon.es\/wp-content\/uploads\/2018\/11\/logo_mon.png","contentUrl":"https:\/\/mon.es\/wp-content\/uploads\/2018\/11\/logo_mon.png","width":424,"height":132,"caption":"MON"},"image":{"@id":"https:\/\/mon.es\/#\/schema\/logo\/image\/"}}]}},"_links":{"self":[{"href":"https:\/\/mon.es\/ca\/wp-json\/wp\/v2\/pages\/46965","targetHints":{"allow":["GET"]}}],"collection":[{"href":"https:\/\/mon.es\/ca\/wp-json\/wp\/v2\/pages"}],"about":[{"href":"https:\/\/mon.es\/ca\/wp-json\/wp\/v2\/types\/page"}],"author":[{"embeddable":true,"href":"https:\/\/mon.es\/ca\/wp-json\/wp\/v2\/users\/1"}],"replies":[{"embeddable":true,"href":"https:\/\/mon.es\/ca\/wp-json\/wp\/v2\/comments?post=46965"}],"version-history":[{"count":1,"href":"https:\/\/mon.es\/ca\/wp-json\/wp\/v2\/pages\/46965\/revisions"}],"predecessor-version":[{"id":47021,"href":"https:\/\/mon.es\/ca\/wp-json\/wp\/v2\/pages\/46965\/revisions\/47021"}],"wp:attachment":[{"href":"https:\/\/mon.es\/ca\/wp-json\/wp\/v2\/media?parent=46965"}],"curies":[{"name":"wp","href":"https:\/\/api.w.org\/{rel}","templated":true}]}}