

{"id":46959,"date":"2023-02-15T09:22:48","date_gmt":"2023-02-15T09:22:48","guid":{"rendered":"https:\/\/mon.es\/cosmetica-natural-responsable-i-pensada-per-a-la-cura-diaria\/"},"modified":"2025-12-16T16:09:26","modified_gmt":"2025-12-16T14:09:26","slug":"cosmetica-natural-responsable-i-pensada-per-a-la-cura-diaria","status":"publish","type":"page","link":"https:\/\/mon.es\/ca\/","title":{"rendered":"Cosm\u00e8tica natural, responsable i pensada per a la cura di\u00e0ria"},"content":{"rendered":"\n<div class=\"wp-block-group black-friday-block\"><div class=\"wp-block-group__inner-container is-layout-flow wp-block-group-is-layout-flow\">\n<h1 class=\"wp-block-heading has-text-align-center has-x-large-font-size\">Bon Nadal<\/h1>\n\n\n\n<h2 class=\"wp-block-heading has-text-align-center has-medium-font-size\">Un regal de benestar pels teus moments m\u00e9s especials<\/h2>\n<\/div><\/div>\n\n\n\n<p><\/p>\n","protected":false},"excerpt":{"rendered":"<p>Bon Nadal Un regal de benestar pels teus moments m\u00e9s especials<\/p>\n","protected":false},"author":1,"featured_media":46218,"parent":0,"menu_order":0,"comment_status":"closed","ping_status":"closed","template":"template-inici.php","meta":{"inline_featured_image":false,"footnotes":""},"class_list":["post-46959","page","type-page","status-publish","has-post-thumbnail","hentry"],"yoast_head":"<!-- This site is optimized with the Yoast SEO plugin v27.1.1 - https:\/\/yoast.com\/product\/yoast-seo-wordpress\/ -->\n<title>Cosm\u00e8tica natural - MON<\/title>\n<meta name=\"description\" content=\"Des de fa m\u00e9s de 20 anys tenim com a \u00fanic objectiu crear la millor cosm\u00e8tica natural. Esperem que la gaudiu tant com nosaltres ho hem fet elaborant-la per a tu.\" \/>\n<meta name=\"robots\" content=\"index, follow, max-snippet:-1, max-image-preview:large, max-video-preview:-1\" \/>\n<link rel=\"canonical\" href=\"https:\/\/mon.es\/ca\/\" \/>\n<meta property=\"og:locale\" content=\"ca_ES\" \/>\n<meta property=\"og:type\" content=\"article\" \/>\n<meta property=\"og:title\" content=\"Cosm\u00e8tica natural - MON\" \/>\n<meta property=\"og:description\" content=\"Des de fa m\u00e9s de 20 anys tenim com a \u00fanic objectiu crear la millor cosm\u00e8tica natural. Esperem que la gaudiu tant com nosaltres ho hem fet elaborant-la per a tu.\" \/>\n<meta property=\"og:url\" content=\"https:\/\/mon.es\/ca\/\" \/>\n<meta property=\"og:site_name\" content=\"MON\" \/>\n<meta property=\"article:modified_time\" content=\"2025-12-16T14:09:26+00:00\" \/>\n<meta property=\"og:image\" content=\"http:\/\/mon.es\/wp-content\/uploads\/2022\/12\/fregancia-Lavender.jpg\" \/>\n\t<meta property=\"og:image:width\" content=\"1500\" \/>\n\t<meta property=\"og:image:height\" content=\"1441\" \/>\n\t<meta property=\"og:image:type\" content=\"image\/jpeg\" \/>\n<meta name=\"twitter:card\" content=\"summary_large_image\" \/>\n<meta name=\"twitter:label1\" content=\"Temps estimat de lectura\" \/>\n\t<meta name=\"twitter:data1\" content=\"1 minut\" \/>\n<script type=\"application\/ld+json\" class=\"yoast-schema-graph\">{\"@context\":\"https:\/\/schema.org\",\"@graph\":[{\"@type\":\"WebPage\",\"@id\":\"https:\/\/mon.es\/ca\/\",\"url\":\"https:\/\/mon.es\/ca\/\",\"name\":\"Cosm\u00e8tica natural - MON\",\"isPartOf\":{\"@id\":\"https:\/\/mon.es\/#website\"},\"primaryImageOfPage\":{\"@id\":\"https:\/\/mon.es\/ca\/#primaryimage\"},\"image\":{\"@id\":\"https:\/\/mon.es\/ca\/#primaryimage\"},\"thumbnailUrl\":\"https:\/\/mon.es\/wp-content\/uploads\/2022\/12\/fregancia-Lavender.jpg\",\"datePublished\":\"2023-02-15T09:22:48+00:00\",\"dateModified\":\"2025-12-16T14:09:26+00:00\",\"description\":\"Des de fa m\u00e9s de 20 anys tenim com a \u00fanic objectiu crear la millor cosm\u00e8tica natural. Esperem que la gaudiu tant com nosaltres ho hem fet elaborant-la per a tu.\",\"breadcrumb\":{\"@id\":\"https:\/\/mon.es\/ca\/#breadcrumb\"},\"inLanguage\":\"ca\",\"potentialAction\":[{\"@type\":\"ReadAction\",\"target\":[\"https:\/\/mon.es\/ca\/\"]}]},{\"@type\":\"ImageObject\",\"inLanguage\":\"ca\",\"@id\":\"https:\/\/mon.es\/ca\/#primaryimage\",\"url\":\"https:\/\/mon.es\/wp-content\/uploads\/2022\/12\/fregancia-Lavender.jpg\",\"contentUrl\":\"https:\/\/mon.es\/wp-content\/uploads\/2022\/12\/fregancia-Lavender.jpg\",\"width\":1500,\"height\":1441},{\"@type\":\"BreadcrumbList\",\"@id\":\"https:\/\/mon.es\/ca\/#breadcrumb\",\"itemListElement\":[{\"@type\":\"ListItem\",\"position\":1,\"name\":\"Portada\",\"item\":\"https:\/\/mon.es\/ca\/\"},{\"@type\":\"ListItem\",\"position\":2,\"name\":\"Cosm\u00e8tica natural, responsable i pensada per a la cura di\u00e0ria\"}]},{\"@type\":\"WebSite\",\"@id\":\"https:\/\/mon.es\/#website\",\"url\":\"https:\/\/mon.es\/\",\"name\":\"MON\",\"description\":\"Natural cosmetics\",\"publisher\":{\"@id\":\"https:\/\/mon.es\/#organization\"},\"potentialAction\":[{\"@type\":\"SearchAction\",\"target\":{\"@type\":\"EntryPoint\",\"urlTemplate\":\"https:\/\/mon.es\/?s={search_term_string}\"},\"query-input\":{\"@type\":\"PropertyValueSpecification\",\"valueRequired\":true,\"valueName\":\"search_term_string\"}}],\"inLanguage\":\"ca\"},{\"@type\":\"Organization\",\"@id\":\"https:\/\/mon.es\/#organization\",\"name\":\"MON\",\"url\":\"https:\/\/mon.es\/\",\"logo\":{\"@type\":\"ImageObject\",\"inLanguage\":\"ca\",\"@id\":\"https:\/\/mon.es\/#\/schema\/logo\/image\/\",\"url\":\"https:\/\/mon.es\/wp-content\/uploads\/2018\/11\/logo_mon.png\",\"contentUrl\":\"https:\/\/mon.es\/wp-content\/uploads\/2018\/11\/logo_mon.png\",\"width\":424,\"height\":132,\"caption\":\"MON\"},\"image\":{\"@id\":\"https:\/\/mon.es\/#\/schema\/logo\/image\/\"}}]}<\/script>\n<!-- \/ Yoast SEO plugin. -->","yoast_head_json":{"title":"Cosm\u00e8tica natural - MON","description":"Des de fa m\u00e9s de 20 anys tenim com a \u00fanic objectiu crear la millor cosm\u00e8tica natural. Esperem que la gaudiu tant com nosaltres ho hem fet elaborant-la per a tu.","robots":{"index":"index","follow":"follow","max-snippet":"max-snippet:-1","max-image-preview":"max-image-preview:large","max-video-preview":"max-video-preview:-1"},"canonical":"https:\/\/mon.es\/ca\/","og_locale":"ca_ES","og_type":"article","og_title":"Cosm\u00e8tica natural - MON","og_description":"Des de fa m\u00e9s de 20 anys tenim com a \u00fanic objectiu crear la millor cosm\u00e8tica natural. Esperem que la gaudiu tant com nosaltres ho hem fet elaborant-la per a tu.","og_url":"https:\/\/mon.es\/ca\/","og_site_name":"MON","article_modified_time":"2025-12-16T14:09:26+00:00","og_image":[{"width":1500,"height":1441,"url":"http:\/\/mon.es\/wp-content\/uploads\/2022\/12\/fregancia-Lavender.jpg","type":"image\/jpeg"}],"twitter_card":"summary_large_image","twitter_misc":{"Temps estimat de lectura":"1 minut"},"schema":{"@context":"https:\/\/schema.org","@graph":[{"@type":"WebPage","@id":"https:\/\/mon.es\/ca\/","url":"https:\/\/mon.es\/ca\/","name":"Cosm\u00e8tica natural - MON","isPartOf":{"@id":"https:\/\/mon.es\/#website"},"primaryImageOfPage":{"@id":"https:\/\/mon.es\/ca\/#primaryimage"},"image":{"@id":"https:\/\/mon.es\/ca\/#primaryimage"},"thumbnailUrl":"https:\/\/mon.es\/wp-content\/uploads\/2022\/12\/fregancia-Lavender.jpg","datePublished":"2023-02-15T09:22:48+00:00","dateModified":"2025-12-16T14:09:26+00:00","description":"Des de fa m\u00e9s de 20 anys tenim com a \u00fanic objectiu crear la millor cosm\u00e8tica natural. Esperem que la gaudiu tant com nosaltres ho hem fet elaborant-la per a tu.","breadcrumb":{"@id":"https:\/\/mon.es\/ca\/#breadcrumb"},"inLanguage":"ca","potentialAction":[{"@type":"ReadAction","target":["https:\/\/mon.es\/ca\/"]}]},{"@type":"ImageObject","inLanguage":"ca","@id":"https:\/\/mon.es\/ca\/#primaryimage","url":"https:\/\/mon.es\/wp-content\/uploads\/2022\/12\/fregancia-Lavender.jpg","contentUrl":"https:\/\/mon.es\/wp-content\/uploads\/2022\/12\/fregancia-Lavender.jpg","width":1500,"height":1441},{"@type":"BreadcrumbList","@id":"https:\/\/mon.es\/ca\/#breadcrumb","itemListElement":[{"@type":"ListItem","position":1,"name":"Portada","item":"https:\/\/mon.es\/ca\/"},{"@type":"ListItem","position":2,"name":"Cosm\u00e8tica natural, responsable i pensada per a la cura di\u00e0ria"}]},{"@type":"WebSite","@id":"https:\/\/mon.es\/#website","url":"https:\/\/mon.es\/","name":"MON","description":"Natural cosmetics","publisher":{"@id":"https:\/\/mon.es\/#organization"},"potentialAction":[{"@type":"SearchAction","target":{"@type":"EntryPoint","urlTemplate":"https:\/\/mon.es\/?s={search_term_string}"},"query-input":{"@type":"PropertyValueSpecification","valueRequired":true,"valueName":"search_term_string"}}],"inLanguage":"ca"},{"@type":"Organization","@id":"https:\/\/mon.es\/#organization","name":"MON","url":"https:\/\/mon.es\/","logo":{"@type":"ImageObject","inLanguage":"ca","@id":"https:\/\/mon.es\/#\/schema\/logo\/image\/","url":"https:\/\/mon.es\/wp-content\/uploads\/2018\/11\/logo_mon.png","contentUrl":"https:\/\/mon.es\/wp-content\/uploads\/2018\/11\/logo_mon.png","width":424,"height":132,"caption":"MON"},"image":{"@id":"https:\/\/mon.es\/#\/schema\/logo\/image\/"}}]}},"_links":{"self":[{"href":"https:\/\/mon.es\/ca\/wp-json\/wp\/v2\/pages\/46959","targetHints":{"allow":["GET"]}}],"collection":[{"href":"https:\/\/mon.es\/ca\/wp-json\/wp\/v2\/pages"}],"about":[{"href":"https:\/\/mon.es\/ca\/wp-json\/wp\/v2\/types\/page"}],"author":[{"embeddable":true,"href":"https:\/\/mon.es\/ca\/wp-json\/wp\/v2\/users\/1"}],"replies":[{"embeddable":true,"href":"https:\/\/mon.es\/ca\/wp-json\/wp\/v2\/comments?post=46959"}],"version-history":[{"count":4,"href":"https:\/\/mon.es\/ca\/wp-json\/wp\/v2\/pages\/46959\/revisions"}],"predecessor-version":[{"id":119976,"href":"https:\/\/mon.es\/ca\/wp-json\/wp\/v2\/pages\/46959\/revisions\/119976"}],"wp:featuredmedia":[{"embeddable":true,"href":"https:\/\/mon.es\/ca\/wp-json\/wp\/v2\/media\/46218"}],"wp:attachment":[{"href":"https:\/\/mon.es\/ca\/wp-json\/wp\/v2\/media?parent=46959"}],"curies":[{"name":"wp","href":"https:\/\/api.w.org\/{rel}","templated":true}]}}